{"id":963,"date":"2021-06-18T20:55:05","date_gmt":"2021-06-18T20:55:05","guid":{"rendered":"https:\/\/www.perihelio.com\/tienda\/?post_type=product&#038;p=963"},"modified":"2024-12-28T14:08:06","modified_gmt":"2024-12-28T14:08:06","slug":"adventure-kit","status":"publish","type":"product","link":"https:\/\/www.perihelio.com\/tienda\/producto\/adventure-kit\/","title":{"rendered":"Adventure Kit"},"content":{"rendered":"<p>Kit solar de aventura ultra compacto:\u00a0 encendedor solar + espejo de se\u00f1alizaci\u00f3n en caso de urgencia.<\/p>\n<p>El encendedor solar FIRECARD es simple y potente. Los rayos del sol se concentran a trav\u00e9s de la lente y forman un punto focal preciso: el encendido es instant\u00e1neo. Ideal para arrancar una hoguera, una barbacoa o hacer pirograf\u00eda solar sobre madera o cuero. Es resistente al agua y al viento.<\/p>\n<p>El espejo SREFLECT, flexible y irrompible, tiene un poder reflector elevado . A parte de poder utilizarlo como un espejo convencional, tambi\u00e9n es un espejo de\u00a0 se\u00f1alizaci\u00f3n en caso de emergencia. Flota sobre el agua y viene acompa\u00f1ado del c\u00f3digo morse.<\/p>\n<p>Y todo bien guardadito en una funda de protecci\u00f3n amarilla, f\u00e1cilmente localizable.<\/p>\n<p>Compacto y s\u00faper ligero (2mm de espesor con 25 gramos),\u00a0 el Adventure Kid ocupa nada en tu bolso. Es el compa\u00f1ero ideal de tus expediciones, trekking y excursiones.<\/p>\n<p><strong>VENTAJAS Y ESPECIFICACIONES:<br \/>\n<\/strong><\/p>\n<hr \/>\n<ul>\n<li>Se entrega con una funda protectora f\u00e1cilmente localizable.<\/li>\n<li>Permite enfrentar muchas situaciones en la naturaleza.<\/li>\n<li>L\u00fadico<\/li>\n<li>Ligero y f\u00e1cilmente transportable.<\/li>\n<li>Irrompible<\/li>\n<\/ul>\n<p><strong>DATOS T\u00c9CNICOS:<br \/>\n<\/strong><\/p>\n<hr \/>\n<ul>\n<li><strong>Peso<\/strong> : 50g<\/li>\n<li><strong>Dimensiones del paquete<\/strong>: 16cm x 17cm x 0,4cm<\/li>\n<li><strong>Dimensiones de la FireCard<\/strong>\u00a0: 9,5cm x 13,5 cm x 0,2cm<\/li>\n<li><strong>Dimensiones del espejo SReflect<\/strong>\u00a0:\u00a09,5cm x 13,5 cm x 0,2cm<\/li>\n<\/ul>\n<h2><\/h2>\n","protected":false},"excerpt":{"rendered":"<h3 class=\"product-title product_title entry-title\">Material de supervivencia solar ADVENTURE KIT \u00ae<\/h3>\n<div class=\"product-short-description\">\n<p>PIROGRABADOR\/ ENCENDEDOR SOLAR<br \/>\nESPEJO DE SUPERVIVENCIA INROMPIBLE<\/p>\n<div align=\"justify\">El Adventure Kit re\u00fane en una funda protectora la Firecard, el pirograbador solar (madera, cuero) y un encendedor solar para barbacoas o fogatas. F\u00e1cil de usar, condensa los rayos del sol en un punto focal preciso para un encendido inmediato. El espejo de supervivencia S.Reflect, flexible e irrompible, sirve de espejo convencional y se puede utilizar en caso de emergencia usando el c\u00f3digo morse internacional que le acompa\u00f1a. Waterproof, flexible y ultra fino, el Adventure Kit es ideal para sus expediciones.<\/div>\n<ul>\n<li>Premiado en el concurso LEPINE 2019<\/li>\n<li>Embalaje cero desecho<strong><br \/>\n<\/strong><\/li>\n<\/ul>\n<\/div>\n","protected":false},"featured_media":961,"template":"","meta":{"iawp_total_views":47},"product_brand":[],"product_cat":[34],"product_tag":[39,36,35],"class_list":{"0":"post-963","1":"product","2":"type-product","3":"status-publish","4":"has-post-thumbnail","6":"product_cat-solar","7":"product_tag-naturaleza","8":"product_tag-solar","9":"product_tag-supervivencia","11":"first","12":"instock","13":"taxable","14":"shipping-taxable","15":"purchasable","16":"product-type-simple"},"acf":[],"_links":{"self":[{"href":"https:\/\/www.perihelio.com\/tienda\/wp-json\/wp\/v2\/product\/963","targetHints":{"allow":["GET"]}}],"collection":[{"href":"https:\/\/www.perihelio.com\/tienda\/wp-json\/wp\/v2\/product"}],"about":[{"href":"https:\/\/www.perihelio.com\/tienda\/wp-json\/wp\/v2\/types\/product"}],"wp:featuredmedia":[{"embeddable":true,"href":"https:\/\/www.perihelio.com\/tienda\/wp-json\/wp\/v2\/media\/961"}],"wp:attachment":[{"href":"https:\/\/www.perihelio.com\/tienda\/wp-json\/wp\/v2\/media?parent=963"}],"wp:term":[{"taxonomy":"product_brand","embeddable":true,"href":"https:\/\/www.perihelio.com\/tienda\/wp-json\/wp\/v2\/product_brand?post=963"},{"taxonomy":"product_cat","embeddable":true,"href":"https:\/\/www.perihelio.com\/tienda\/wp-json\/wp\/v2\/product_cat?post=963"},{"taxonomy":"product_tag","embeddable":true,"href":"https:\/\/www.perihelio.com\/tienda\/wp-json\/wp\/v2\/product_tag?post=963"}],"curies":[{"name":"wp","href":"https:\/\/api.w.org\/{rel}","templated":true}]}}