{"id":951,"date":"2021-06-14T20:29:09","date_gmt":"2021-06-14T20:29:09","guid":{"rendered":"https:\/\/www.perihelio.com\/tienda\/?post_type=product&#038;p=951"},"modified":"2024-09-17T18:33:03","modified_gmt":"2024-09-17T18:33:03","slug":"cocina-solar-plegable-sungood","status":"publish","type":"product","link":"https:\/\/www.perihelio.com\/tienda\/producto\/cocina-solar-plegable-sungood\/","title":{"rendered":"SUNGOOD\u00ae Cocina solar plegable"},"content":{"rendered":"<div>\n<p>Producto ideal para descubrir como cocinar con el sol.<\/p>\n<p>Con esta cocina solar podr\u00e1s cocinar donde quieras: cuidad, camping, playa, bosque, jard\u00edn u incluso el balc\u00f3n de tu casa. Sin llama y sin humo, esta autorizado en todos los lugares: utiliza \u00fanicamente la energ\u00eda del sol, una energ\u00eda gratuita y ecol\u00f3gica.<\/p>\n<\/div>\n<div>Disfruta del sol y cocina sin vigilancia: verduras, arroz, pescado, carne, compotas, pan&#8230;<\/div>\n<div>Con sus 2 posiciones, esta cocina solar calienta de 80\u00baC a 150\u00baC cual sea la temperatura externa, invierno como verano. Su cocci\u00f3n suave respecta el sabor de los alimentos.<\/div>\n<div><\/div>\n<div>Su montaje es simple, sin herramientas y r\u00e1pido: en 1 mn.<\/div>\n<div>Compacto y ligero, 950 g, cabe en cualquier sitio y se lleva c\u00f3modamente dentro de su bolsa.<\/div>\n<div>Dimensiones plegado:\u00a0 34 cm x 26 cm x 3 cm &#8211; color amarillo.<\/div>\n<div>Marca Solar Brother.<\/div>\n<div><\/div>\n<h4><strong>Con Sungood, cocinar con el sol es simple:<br \/>\n<\/strong><\/h4>\n<hr \/>\n<p>La cocina solar SUNGOOD viene con reflectores a pegar antes del primer uso, una bolsa de transporte, dos bolsas de cocci\u00f3n, una rejilla reposa-plato y un libreto de recetas solares.<\/p>\n<ol>\n<li>Desplegadla y colocadla frente al sol<\/li>\n<li>Utilizar un recipiente preferente negro o de color oscuro<\/li>\n<li>\u00a0Posicionadlo al centro sobre la rejilla, y ya empieza a calentar<\/li>\n<\/ol>\n","protected":false},"excerpt":{"rendered":"<div class=\"price-wrapper\">\n<p>COCCI\u00d3N SUAVE 120\u00ba a 150\u00ba<br \/>\nCOMPACTA Y LIGERA solo 950g<\/p>\n<\/div>\n<div class=\"product-short-description\">\n<div align=\"justify\">Plegable y f\u00e1cilmente transportable en su bolsa, la Sungood se abre en 5 mn. Su cocci\u00f3n suave y natural respecta el sabor de los alimentos. Cocina pistos, verduras, arroz, pescados, carnes, postres y panes.\u00a0 Los espejos concentran el calor del sol sobre el recipiente sin humo ni llamas. Tiene la ventaja de poder utilizarse en todos los sitios al aire libre: playas, bosques, jardines, monta\u00f1a, terraza (&#8230;) en toda seguridad.<\/div>\n<ul>\n<li>Premiado en el concurso LEPINE 2018<\/li>\n<li>Fabricaci\u00f3n francesa<\/li>\n<\/ul>\n<p>VENTAJAS:<\/p>\n<ul>\n<li>Energ\u00eda gratuita de por vida<\/li>\n<li>No hay fuego \/ apta para todos los sitios al aire libre<\/li>\n<li>Plegable\/ Ultra ligero 950gr &#8211; paqueta envi\u00f3: 1,5kg<\/li>\n<\/ul>\n<p>&nbsp;<\/p>\n<\/div>\n","protected":false},"featured_media":954,"template":"","meta":{"iawp_total_views":87},"product_brand":[],"product_cat":[34],"product_tag":[120,39,119,36],"class_list":{"0":"post-951","1":"product","2":"type-product","3":"status-publish","4":"has-post-thumbnail","6":"product_cat-solar","7":"product_tag-cocinar","8":"product_tag-naturaleza","9":"product_tag-playa","10":"product_tag-solar","12":"first","13":"instock","14":"taxable","15":"shipping-taxable","16":"purchasable","17":"product-type-simple"},"acf":[],"_links":{"self":[{"href":"https:\/\/www.perihelio.com\/tienda\/wp-json\/wp\/v2\/product\/951","targetHints":{"allow":["GET"]}}],"collection":[{"href":"https:\/\/www.perihelio.com\/tienda\/wp-json\/wp\/v2\/product"}],"about":[{"href":"https:\/\/www.perihelio.com\/tienda\/wp-json\/wp\/v2\/types\/product"}],"wp:featuredmedia":[{"embeddable":true,"href":"https:\/\/www.perihelio.com\/tienda\/wp-json\/wp\/v2\/media\/954"}],"wp:attachment":[{"href":"https:\/\/www.perihelio.com\/tienda\/wp-json\/wp\/v2\/media?parent=951"}],"wp:term":[{"taxonomy":"product_brand","embeddable":true,"href":"https:\/\/www.perihelio.com\/tienda\/wp-json\/wp\/v2\/product_brand?post=951"},{"taxonomy":"product_cat","embeddable":true,"href":"https:\/\/www.perihelio.com\/tienda\/wp-json\/wp\/v2\/product_cat?post=951"},{"taxonomy":"product_tag","embeddable":true,"href":"https:\/\/www.perihelio.com\/tienda\/wp-json\/wp\/v2\/product_tag?post=951"}],"curies":[{"name":"wp","href":"https:\/\/api.w.org\/{rel}","templated":true}]}}