{"id":919,"date":"2021-03-10T09:39:32","date_gmt":"2021-03-10T09:39:32","guid":{"rendered":"https:\/\/www.perihelio.com\/tienda\/?post_type=product&#038;p=919"},"modified":"2025-06-06T09:34:30","modified_gmt":"2025-06-06T09:34:30","slug":"basic-comfort-dormonovo","status":"publish","type":"product","link":"https:\/\/www.perihelio.com\/tienda\/producto\/basic-comfort-dormonovo\/","title":{"rendered":"Set Basic &#038; Confort DORMO NOVO latex\/lana seg\u00fan opci\u00f3n entre"},"content":{"rendered":"<p>Sistema DORMO NOVO Basic &amp; Comfort con colch\u00f3n de l\u00e1tex natural (existe en 3 espesores: 7,5, 10 o 12 cm). El set incluye:<\/p>\n<ul>\n<li>un sistema Basic &amp; Confort de 12 cm de doble densidad con funda de algod\u00f3n org\u00e1nico.<\/li>\n<li>un colch\u00f3n de l\u00e1tex\u00a0 100% natural (elegir el grosor) con funda de algod\u00f3n org\u00e1nico con cremallera para permitir su limpieza.<\/li>\n<li>una funda de lana virgen 100% merina, acabado sat\u00e9n de algod\u00f3n org\u00e1nico que une el sistema con el colch\u00f3n.<\/li>\n<li>Dependiendo de su cama, hay casos que se necesita a\u00f1adir un marco (bastidor) adicional para apoyarlo en la cama. Ejemplo de precios: para una \u00a0cama de 90cm: 175 \u20ac, \u00a0cama de 140cm: 270 \u20ac \u00a0(consultar con la tienda para saber si es necesario o no en su caso, lo mejor es mandarnos una foto para ver los apoyos).<\/li>\n<\/ul>\n<p>Notas:<\/p>\n<ul>\n<li>No incluye la cama, ni el marco.<\/li>\n<li>La m\u00e1xima medida para un solo elemento B&amp;C es de 140 cm.<\/li>\n<li>Para las medidas mayores de 140 cm se necesitan 2 elementos Basic &amp; Confort. Por ejemplo: 2 de 80 cm para la medida 160, \u00a02 de 90 cm para la medida 180 cm, etc. Si se desea se puede realizar con un solo colch\u00f3n y funda.<\/li>\n<li>En caso de querer motorizar el sistema: la medida individual maxima del set es de 120 cm. Para medidas superiores al 140 cm se necesitar\u00edan 2 elementos Basic &amp; Confort (ver punto anterior) pero con 2 colchones y \u00a02 fundas para poder articularlos por separados (consultar con la tienda para esta opci\u00f3n).<\/li>\n<\/ul>\n<p><strong>NUESTROS VALORES:<\/strong><\/p>\n<ul>\n<li><span style=\"color: #dd9933;\"><strong>Adaptacio\u0301n al cuerpo<\/strong>: <\/span>\u00a0El sistema de cama se adapta\u00a0ergono\u0301micamente al cuerpo de manera exacta.<\/li>\n<li><span style=\"color: #dd9933;\"><strong>Ajustable:<\/strong><\/span> Los ajustes individuales se notan en toda la amplitud de la cama igualmente.<\/li>\n<li><strong><span style=\"color: #ff6707;\"><span style=\"color: #dd9933;\">Entorno saludable para el suen\u0303o<\/span>:<\/span><\/strong>\u00a0Materiales ecolo\u0301gicos, normalizados y certificados, pura naturaleza.<\/li>\n<li><span style=\"color: #dd9933;\"><strong>Traspirable:<\/strong><\/span> \u00a0Materiales ligeros y sin tratamientos facilitan un ambiente seco y fresco en la cama.<\/li>\n<li><strong><span style=\"color: #ff6707;\"><span style=\"color: #dd9933;\">Maderas auto\u0301ctonas europeas<\/span>:<\/span><\/strong> de tala de invierno, sin tratamientos, recurso renovable.<\/li>\n<li><span style=\"color: #dd9933;\"><strong>Artesani\u0301a:<\/strong><\/span>\u00a0Todas las camas se fabrican individualmente para cada cliente de manera artesanal.<\/li>\n<li><span style=\"color: #dd9933;\"><strong>Uso de los materiales ma\u0301s nobles<\/strong><\/span> a base de recursos renovables.<\/li>\n<li><span style=\"color: #dd9933;\"><strong>Proteccio\u0301n de los recursos <\/strong><\/span>de nuestro planeta.<\/li>\n<li><span style=\"color: #dd9933;\"><strong>Transporte, montaje y mantenimiento fa\u0301cil.<\/strong><\/span><\/li>\n<li><span style=\"color: #dd9933;\"><strong>Soluciones para personas ale\u0301rgicas.<\/strong><\/span><\/li>\n<li><strong><span style=\"color: #ff6707;\"><span style=\"color: #dd9933;\">Confianza en los productos textiles:<\/span>\u00a0<\/span><\/strong>Productos textiles examinados para que no tengan sustancias nocivas.<\/li>\n<li><span style=\"color: #dd9933;\"><strong>Tejeduri\u0301a austriaca<\/strong><\/span> con propia central de abastecimiento de aguas.<\/li>\n<li><span style=\"color: #dd9933;\"><strong>Certificado ECO:<\/strong>\u00a0<\/span>Con el resultado de la\u0301tex natural 100%.<\/li>\n<li><span style=\"color: #dd9933;\"><strong>Lana virgen merino<\/strong>\u00a0:<\/span> Proviene de cri\u0301a de ganado ecolo\u0301gica controlada (kbT).<\/li>\n<li><span style=\"color: #dd9933;\"><strong>Encajes de madera libres de metal<\/strong><\/span> facilitan el suen\u0303o reposado y libre de radiaciones.<\/li>\n<li><span style=\"color: #dd9933;\"><strong>Camas de madera maciza, sin tratar,<\/strong><\/span> aceitadas garantizan un entorno de suen\u0303o natural.<\/li>\n<li><span style=\"color: #dd9933;\"><strong>Sostenible:<\/strong><\/span> Productos duraderos gracias a la circulacio\u0301n o\u0301ptima y el mantenimiento individual de todas las partes.<\/li>\n<li><span style=\"color: #dd9933;\"><strong>Garanti\u0301a:<\/strong><\/span> Tanto las franjas de la\u0301tex, como todas las piezas de madera tienen 10 an\u0303os de garanti\u0301a.<\/li>\n<li><span style=\"color: #dd9933;\"><strong>Compostable:<\/strong><\/span> Todas las piezas individuales de la cama son compostables de manera respetuosa al medio ambiente y recambiables.<\/li>\n<\/ul>\n<p><img loading=\"lazy\" decoding=\"async\" class=\"alignnone wp-image-1040 size-full\" src=\"https:\/\/www.perihelio.com\/tienda\/wp-content\/uploads\/2021\/03\/Dormo_Comfort_2-scaled.jpg\" alt=\"\" width=\"2560\" height=\"1614\" srcset=\"https:\/\/www.perihelio.com\/tienda\/wp-content\/uploads\/2021\/03\/Dormo_Comfort_2-scaled.jpg 2560w, https:\/\/www.perihelio.com\/tienda\/wp-content\/uploads\/2021\/03\/Dormo_Comfort_2-300x189.jpg 300w, https:\/\/www.perihelio.com\/tienda\/wp-content\/uploads\/2021\/03\/Dormo_Comfort_2-1024x646.jpg 1024w, https:\/\/www.perihelio.com\/tienda\/wp-content\/uploads\/2021\/03\/Dormo_Comfort_2-768x484.jpg 768w, https:\/\/www.perihelio.com\/tienda\/wp-content\/uploads\/2021\/03\/Dormo_Comfort_2-1536x969.jpg 1536w, https:\/\/www.perihelio.com\/tienda\/wp-content\/uploads\/2021\/03\/Dormo_Comfort_2-2048x1291.jpg 2048w, https:\/\/www.perihelio.com\/tienda\/wp-content\/uploads\/2021\/03\/Dormo_Comfort_2-416x262.jpg 416w\" sizes=\"auto, (max-width: 2560px) 100vw, 2560px\" \/><\/p>\n<div class=\"page\" title=\"Page 21\">\n<div class=\"layoutArea\">\n<div class=\"column\">\n<ul>\n<li><\/li>\n<\/ul>\n<\/div>\n<\/div>\n<\/div>\n","protected":false},"excerpt":{"rendered":"<p><span style=\"color: #dd9933;\"><strong>Se compone de 3 PIEZAS: <\/strong><\/span><span style=\"color: #dd9933;\"><strong><span style=\"color: #000000;\">un sistema<\/span><\/strong><\/span> DORMO NOVO <em>Basic &amp; Confort<\/em> con<strong><span style=\"color: #dd9933;\">\u00a0<span style=\"color: #000000;\">un colch\u00f3n 100% l\u00e1tex<\/span><\/span><\/strong><span style=\"color: #000000;\">\u00a0<\/span>natural y \u00a0una <span style=\"color: #000000;\"><strong>funda de lana<\/strong> <\/span>merina virgen que une los 2 elementos anteriores.<\/p>\n<p>Hay <strong><span style=\"color: #dd9933;\">3 tipos de grosor para el colch\u00f3n<\/span><\/strong>: 7,5cm, 10cm o 12 cm, pero para uso y peso normales <strong>recomendamos el de 7,5cm.<\/strong> Con funda de algod\u00f3n org\u00e1nico con cremallera para su limpieza.<\/p>\n<p>La capa final sobre la que se descansa y que cierra todo el conjunto, es una<strong><span style=\"color: #dd9933;\"> funda de lana merina virgen<\/span><\/strong> (500 g por m2), pero disponemos tambi\u00e9n de fundas en Tencel para personas al\u00e9rgicas y lavables (precios y caracter\u00edsticas en el catalogo descargable en documentos).<\/p>\n<ul>\n<li>La medida m\u00e1xima para <strong>un solo elemento Basic &amp; Confort<\/strong>\u00a0es de 140 cm.<\/li>\n<li><strong>Para las medidas mayores de 140 cm se necesitan 2 elementos Basic &amp; Confort.<\/strong> Por ejemplo: 2 de 80 cm para la medida 160, \u00a02 de 90 cm para la medida 180 cm, etc. En este caso hay la opci\u00f3n de un solo colch\u00f3n y funda, o individualmente cada elemento lo suyo.<strong> En la web, para estas medidas lo hemos configurado con 1 solo colch\u00f3n y 1 funda<\/strong> que unen los dos sistemas.<\/li>\n<\/ul>\n<p>Se pueden <strong>fabricar en CUALQUIER MEDIDA. <\/strong>Para otras opciones no presentes en la web, consultar el cat\u00e1logo descargable en \u00abdocumentaci\u00f3n\u00bb o p\u00f3ngase en contacto con nosotros.<\/p>\n<p><strong>Existe la opci\u00f3n de MOTORIZAR <\/strong>nuestro sistema a\u00f1adiendo un marco articulado de solo 8,5 cm de grosor con un motor Suizo \u00a0que dispone de <strong>protecci\u00f3n contra campos electromagn\u00e9ticos<\/strong> mediante un sistema de control de corte de corriente. No dudes en ponerte en contacto con nosotros para m\u00e1s informaci\u00f3n y precios sobre esta opci\u00f3n antes de comprar su sistema Basic &amp; Confort.<\/p>\n<p><span style=\"color: #dd9933;\"><strong>Fabricaci\u00f3n artesanal:<\/strong><em> el tiempo de entrega varia entre 3 y 4 semanas.<\/em><\/span><\/p>\n<p><img loading=\"lazy\" decoding=\"async\" class=\"alignnone size-medium wp-image-1531\" src=\"https:\/\/www.perihelio.com\/tienda\/wp-content\/uploads\/2021\/11\/Logo-Dormonovo-300x300.png\" alt=\"\" width=\"300\" height=\"300\" srcset=\"https:\/\/www.perihelio.com\/tienda\/wp-content\/uploads\/2021\/11\/Logo-Dormonovo-300x300.png 300w, https:\/\/www.perihelio.com\/tienda\/wp-content\/uploads\/2021\/11\/Logo-Dormonovo-150x150.png 150w, https:\/\/www.perihelio.com\/tienda\/wp-content\/uploads\/2021\/11\/Logo-Dormonovo-324x324.png 324w, https:\/\/www.perihelio.com\/tienda\/wp-content\/uploads\/2021\/11\/Logo-Dormonovo-100x100.png 100w, https:\/\/www.perihelio.com\/tienda\/wp-content\/uploads\/2021\/11\/Logo-Dormonovo.png 334w\" sizes=\"auto, (max-width: 300px) 100vw, 300px\" \/><\/p>\n<p>&nbsp;<\/p>\n","protected":false},"featured_media":1039,"template":"","meta":{"iawp_total_views":538},"product_brand":[],"product_cat":[41],"product_tag":[],"class_list":{"0":"post-919","1":"product","2":"type-product","3":"status-publish","4":"has-post-thumbnail","6":"product_cat-camas-dormo-novo","7":"product_shipping_class-dormonovo","9":"first","10":"instock","11":"featured","12":"taxable","13":"shipping-taxable","14":"purchasable","15":"product-type-variable","16":"has-default-attributes"},"acf":[],"_links":{"self":[{"href":"https:\/\/www.perihelio.com\/tienda\/wp-json\/wp\/v2\/product\/919","targetHints":{"allow":["GET"]}}],"collection":[{"href":"https:\/\/www.perihelio.com\/tienda\/wp-json\/wp\/v2\/product"}],"about":[{"href":"https:\/\/www.perihelio.com\/tienda\/wp-json\/wp\/v2\/types\/product"}],"wp:featuredmedia":[{"embeddable":true,"href":"https:\/\/www.perihelio.com\/tienda\/wp-json\/wp\/v2\/media\/1039"}],"wp:attachment":[{"href":"https:\/\/www.perihelio.com\/tienda\/wp-json\/wp\/v2\/media?parent=919"}],"wp:term":[{"taxonomy":"product_brand","embeddable":true,"href":"https:\/\/www.perihelio.com\/tienda\/wp-json\/wp\/v2\/product_brand?post=919"},{"taxonomy":"product_cat","embeddable":true,"href":"https:\/\/www.perihelio.com\/tienda\/wp-json\/wp\/v2\/product_cat?post=919"},{"taxonomy":"product_tag","embeddable":true,"href":"https:\/\/www.perihelio.com\/tienda\/wp-json\/wp\/v2\/product_tag?post=919"}],"curies":[{"name":"wp","href":"https:\/\/api.w.org\/{rel}","templated":true}]}}