{"id":76,"date":"2021-02-10T13:05:52","date_gmt":"2021-02-10T13:05:52","guid":{"rendered":"https:\/\/www.perihelio.com\/tienda\/?post_type=product&#038;p=76"},"modified":"2025-06-23T13:04:00","modified_gmt":"2025-06-23T13:04:00","slug":"encendedor-solar-suncase-gear","status":"publish","type":"product","link":"https:\/\/www.perihelio.com\/tienda\/producto\/encendedor-solar-suncase-gear\/","title":{"rendered":"SUNCASE GEAR\u00ae Encendedor Solar"},"content":{"rendered":"<h4><strong>ENCENDEDOR solar SUNCASE GEAR\u00a0<\/strong><\/h4>\n<p>El Suncase Gear es un encendedor solar ultra-compacto, ligero y r\u00e1pido. Tiene una pinza met\u00e1lica extensible que se adapta a todo tipo de combustibles: madera, tabaco, incienso, papel marr\u00f3n, pr\u00e1ctico para empezar un fuego de campo o barbacoas.<\/p>\n<p>El Suncase es aut\u00f3nomo ya que utiliza la energ\u00eda 100% gratuita del sol. Su dise\u00f1o permite incorporar un mechero de gas (no incluido) para utilizarlo 24h\/24 y con una c\u00e1psula estanca de sobrevivencia.<\/p>\n<p>Waterproof, sus espejos son irrompibles y funcionan incluso cuando hace mucho fr\u00edo o viento. Es todo terreno, compacto, f\u00e1cil de llevar en cualquier sitio y en el bolsillo.<\/p>\n<h4><strong>VENTAJAS DEL PRODUCTO<\/strong><\/h4>\n<p><b>Encendido inmediato<\/b><strong>\u00a0y poderoso<\/strong><br \/>\nEl Suncase Gear utiliza la tecnolog\u00eda del sol concentrado\u00a0 que permite alcanzar altas temperaturas casi instant\u00e1neamente por concentraci\u00f3n de los rayos de sol en un punto focal. Un concentrador solar de bolsillo de verdad, concebido con espejos parab\u00f3licos de alta reflectancia. Con una temperatura que puede alcanzar los 400\u00b0C en el punto focal, enciende\u00a0 inmediatamente por incandescencia todo tipo de combustible.<\/p>\n<p><strong>Multi-combustibles<\/strong><br \/>\nEl Suncase Gear enciende madera, papel marr\u00f3n, yesca, tabaco, incienso, paja, ramita, carb\u00f3n, cart\u00f3n, (&#8230;). Equipado de una pinza met\u00e1lica extensible (x2), se adapta a todo tipo de combustible para encender barbacoa o hoguera.<\/p>\n<p><b>Duradero y ecol\u00f3gico\u00a0<\/b><br \/>\nEl Suncase Gear funciona con energ\u00eda solar, una energ\u00eda disponible en todo el planeta y 100% gratuita. Ni pilas, ni electricidad,\u00a0 permite una total autonom\u00eda y una utilizaci\u00f3n de por vida. Est\u00e1 fabricado con 70% de materia reciclada, el Suncase Gear es un mechero duradero y ecol\u00f3gico.<\/p>\n<p><strong>Todo terreno<\/strong><br \/>\nLe Suncase Gear est\u00e1 equipado de espejos flexibles y irrompibles para una utilizaci\u00f3n todo terreno. Es resistente al agua y al viento, por lo tanto se puede utilizar tanto en tierra como en mar.<\/p>\n<p><strong>Ultra-compacto<\/strong><br \/>\nSu forma ahusada y ergon\u00f3mica le da un buen agarre en mano. Ultra-compacto con sus alas retractables, se lleva f\u00e1cilmente en el bolsillo o bolso.<\/p>\n<p><strong>Bi-energ\u00eda<\/strong><br \/>\nEl Suncase Gear es el 1er encendedor que\u00a0 ofrece la experiencia del bi-energ\u00eda solar y gas. Su dise\u00f1o permite integrar un mechero de gas para un encendido 24h. Es compatible con los mecheros Bic mini \u00ae J25 (no incluido) y formatos equivalentes (62x21x11).<\/p>\n<h4><strong>DETALLES T\u00c9CNICOS<\/strong><\/h4>\n<ul>\n<li>Pinza de metal: 400\u00ba resistente<\/li>\n<li>Pinza extensible X2, adaptable a todo tipo de combustibles<\/li>\n<li>Espejos irrompibles de alta reflectancia<\/li>\n<li>Encendido a todas las temperaturas, incluido gran fr\u00edo<\/li>\n<li>Waterproof<\/li>\n<li>Ultra-compacto<\/li>\n<li>Cuerpo ahumado: protecci\u00f3n de los ojos<\/li>\n<li>Estuche para las dos energ\u00edas<\/li>\n<li>Pl\u00e1stico reciclado a 70%<\/li>\n<li>Fabricado en Francia<\/li>\n<\/ul>\n<p><img decoding=\"async\" class=\"lazy-loaded\" src=\"https:\/\/www.solarbrother.com\/wp-content\/uploads\/2020\/07\/SPECIFICITES-TECHNIQUES2.jpg\" alt=\"PERFORMANCES TECHNIQUES 2\" data-lazy-type=\"image\" data-src=\"https:\/\/www.solarbrother.com\/wp-content\/uploads\/2020\/07\/SPECIFICITES-TECHNIQUES2.jpg\" \/><br \/>\n<img decoding=\"async\" class=\"lazy-loaded\" src=\"https:\/\/www.solarbrother.com\/wp-content\/uploads\/2020\/07\/SPECIFICITES-TECHNIQUES3.jpg\" alt=\"PERFORMANCES TECHNIQUES 3\" data-lazy-type=\"image\" data-src=\"https:\/\/www.solarbrother.com\/wp-content\/uploads\/2020\/07\/SPECIFICITES-TECHNIQUES3.jpg\" \/><\/p>\n<h4><b>UTILIZACI\u00d3N<\/b><\/h4>\n<p>Pleno sol\/No dejar al alcance de los ni\u00f1os\/No fijar de manera prolongada el punto focal sin gafas de sol.<\/p>\n<p><img loading=\"lazy\" decoding=\"async\" class=\"alignnone wp-image-83 size-large\" src=\"https:\/\/www.perihelio.com\/tienda\/wp-content\/uploads\/2021\/02\/Suncase-Gear-use-1-834x1024.jpg\" alt=\"\" width=\"834\" height=\"1024\" srcset=\"https:\/\/www.perihelio.com\/tienda\/wp-content\/uploads\/2021\/02\/Suncase-Gear-use-1-834x1024.jpg 834w, https:\/\/www.perihelio.com\/tienda\/wp-content\/uploads\/2021\/02\/Suncase-Gear-use-1-244x300.jpg 244w, https:\/\/www.perihelio.com\/tienda\/wp-content\/uploads\/2021\/02\/Suncase-Gear-use-1-768x943.jpg 768w, https:\/\/www.perihelio.com\/tienda\/wp-content\/uploads\/2021\/02\/Suncase-Gear-use-1-416x511.jpg 416w, https:\/\/www.perihelio.com\/tienda\/wp-content\/uploads\/2021\/02\/Suncase-Gear-use-1.jpg 1200w\" sizes=\"auto, (max-width: 834px) 100vw, 834px\" \/><\/p>\n<h4><strong>DATOS T\u00c9CNICOS:<\/strong><\/h4>\n<ul>\n<li>Peso unitario : 12 g<\/li>\n<li>Peso unitario con embalaje: 37 g<\/li>\n<li>Dimensi\u00f3n producto: 3 x 7 x 2 cm<\/li>\n<li>Dimensi\u00f3n embalaje : 8 x 14 x 2,5 cm<\/li>\n<li>Materiales: ABS reciclado, Policarbonato reciclado, Espejos S-ReflecT\u00a9<\/li>\n<li>Concepci\u00f3n y dise\u00f1o Franc\u00e9s<\/li>\n<li>Marca: Solar Brother<\/li>\n<li>Fabricado en Francia<\/li>\n<li>REF : SCG<\/li>\n<\/ul>\n","protected":false},"excerpt":{"rendered":"<p><b>NUEVA VERSI\u00d3N 2023 <\/b><\/p>\n<p><b>Mechero<\/b><strong>\u00a0solar ecol\u00f3gico<\/strong> que permite encender en 3 segundos tabaco, madera, incienso, papel marr\u00f3n (&#8230;) usando la energ\u00eda solar. Simplemente se abren las alas del estuche, concentrando los rayos del sol en un punto focal. Es ultraligero (12gr) y compacto, f\u00e1cil de llevar en su bolsillo. Es waterproof y windproof, ideal para los d\u00edas de viento. Y por las noches, se puede acoplar un mechero tipo Bic\u00ae Mini (no incluido) en el cuerpo del estuche.<\/p>\n<p>&nbsp;<\/p>\n<p>&nbsp;<\/p>\n","protected":false},"featured_media":78,"template":"","meta":{"iawp_total_views":45},"product_brand":[],"product_cat":[34],"product_tag":[36,35],"class_list":{"0":"post-76","1":"product","2":"type-product","3":"status-publish","4":"has-post-thumbnail","6":"product_cat-solar","7":"product_tag-solar","8":"product_tag-supervivencia","10":"first","11":"instock","12":"taxable","13":"shipping-taxable","14":"purchasable","15":"product-type-variable"},"acf":[],"_links":{"self":[{"href":"https:\/\/www.perihelio.com\/tienda\/wp-json\/wp\/v2\/product\/76","targetHints":{"allow":["GET"]}}],"collection":[{"href":"https:\/\/www.perihelio.com\/tienda\/wp-json\/wp\/v2\/product"}],"about":[{"href":"https:\/\/www.perihelio.com\/tienda\/wp-json\/wp\/v2\/types\/product"}],"wp:featuredmedia":[{"embeddable":true,"href":"https:\/\/www.perihelio.com\/tienda\/wp-json\/wp\/v2\/media\/78"}],"wp:attachment":[{"href":"https:\/\/www.perihelio.com\/tienda\/wp-json\/wp\/v2\/media?parent=76"}],"wp:term":[{"taxonomy":"product_brand","embeddable":true,"href":"https:\/\/www.perihelio.com\/tienda\/wp-json\/wp\/v2\/product_brand?post=76"},{"taxonomy":"product_cat","embeddable":true,"href":"https:\/\/www.perihelio.com\/tienda\/wp-json\/wp\/v2\/product_cat?post=76"},{"taxonomy":"product_tag","embeddable":true,"href":"https:\/\/www.perihelio.com\/tienda\/wp-json\/wp\/v2\/product_tag?post=76"}],"curies":[{"name":"wp","href":"https:\/\/api.w.org\/{rel}","templated":true}]}}