{"id":662,"date":"2021-03-02T18:13:40","date_gmt":"2021-03-02T18:13:40","guid":{"rendered":"https:\/\/www.perihelio.com\/tienda\/?post_type=product&#038;p=662"},"modified":"2025-02-24T17:26:21","modified_gmt":"2025-02-24T17:26:21","slug":"muvman-aeris-industry","status":"publish","type":"product","link":"https:\/\/www.perihelio.com\/tienda\/producto\/muvman-aeris-industry\/","title":{"rendered":"MUVMAN Aeris Industry"},"content":{"rendered":"<p>Silla activa <strong>Aeris <\/strong>modelo<strong> Muvman Industry.<\/strong><\/p>\n<p>Aeris Muvman Industry aporta la mayor <strong>ergonom\u00eda<\/strong> posible a los puestos de trabajo en los talleres de producci\u00f3n y montaje y tambi\u00e9n <strong>alivia las piernas<\/strong>.Ideal para personas trabajando detr\u00e1s de un mostrador, talleres, laboratorio, etc.<\/p>\n<p>El asiento ajustable con t\u00e9cnologia\u00a0 Flexzone\u00ae asegura una buena circulaci\u00f3n sanguina hasta la punta de los dedos de los pies. Su base estable esta recubierta de caucho antideslizante. As\u00ed asegura una buena estabilidad aunque hay movimientos intensos y protegen el suelo.<\/p>\n<p>Gracias a su ergonom\u00eda y tecnolog\u00eda alemana innovadora esta silla <strong>nos permite estar sentado o de pie,<\/strong><strong> introduciendo el movimiento en el espacia de trabajo de manera activa y din\u00e1mica <\/strong>. Dise\u00f1ada para adaptarse de manera \u00f3ptima a cualquier superficie de trabajo, ajustable en altura, trabaja eficientemente contra los perjuicios de permanecer sentados o de pie durante largos periodos de tiempo, fomentando los cambios de postura, tanto cuando se est\u00e1 sentado como cuando se est\u00e1 de pie.El elemento de movimiento multidimensional en la base estable permite alcanzar los objetos que no est\u00e1n al alcance de la mano, lo que es muy necesario en un taller de producci\u00f3n y montaje.<\/p>\n<p>Los materiales son robustos (asiento de espuma integral y base de aluminio) y con f\u00e1cil limpieza respondiendo a las exigencias elevadas impuestas a los equipamientos de producci\u00f3n industriales.<\/p>\n<p>Ninguna otra silla permite una tan variabilidad en la regulaci\u00f3n de la altura, vale para cualquier estatura de cuerpo y altura de mesa, en posici\u00f3n sentada o de pie, individualmente. Ligera y con su asa integrada se transporta f\u00e1cilmente en cualquier sitio.<\/p>\n<p><strong>Base<\/strong><\/p>\n<ul>\n<li>3 pies para una buena estabilidad<\/li>\n<li>Aluminio robusto<\/li>\n<li>Pat\u00edn de ruedas en TPU<\/li>\n<\/ul>\n<p><strong>Asiento confortable:<\/strong><\/p>\n<ul>\n<li>Espuma integral resistente<\/li>\n<li>Concepto compacto y sin juntas<\/li>\n<li>Tecnolog\u00eda Flexzone patentada en el borde delantero del asiento para eliminar los puntos de presi\u00f3n<\/li>\n<li>Muy f\u00e1cil de limpiar<\/li>\n<li>Resistente a los productos qu\u00edmicos y desinfectantes<\/li>\n<\/ul>\n<p><strong>Soporte del asiento:<\/strong><\/p>\n<ul>\n<li>Sin juntas<\/li>\n<li>Aluminio robusto<\/li>\n<li>Asa integrada sin juntas<\/li>\n<\/ul>\n<p><strong>Columna con funci\u00f3n de rotaci\u00f3n inversa<\/strong><\/p>\n<ul>\n<li>Inclinaci\u00f3n de 4\u00ba hacia delante para une postura de trabajo ergon\u00f3mico<\/li>\n<li>Gran rango de regulaci\u00f3n de altura<\/li>\n<\/ul>\n<p>A<strong>rticulaci\u00f3n en caucho<\/strong><\/p>\n<ul>\n<li>Para poder efectuar gran movimientos y llegar a los objetos fuera de alcance de la mano en todas las direcciones.<\/li>\n<\/ul>\n<p>CARACTER\u00cdSTICAS DEL PRODUCTO<br \/>\nPeso del producto: Est\u00e1ndar: 6,3 kg \u00a0&#8211; Alto (high): 6,5 kg<br \/>\nDi\u00e1metro: 38 cm<br \/>\nPlaca de pie: Pl\u00e1stico reforzado con fibra de vidrio<br \/>\nPeso m\u00e1ximo del usuario: 120 kg<br \/>\nAsiento Soporte del asiento: pl\u00e1stico, tapicer\u00eda: espuma de PU<br \/>\nZona de asientos: 34 x 32 cm<br \/>\nAltura del asiento: Est\u00e1ndar: 51 \u2013 84 cm Alto (high): 60 \u2013 93 cm<\/p>\n<p><strong><span style=\"color: #dd9933;\">M\u00e1s informaci\u00f3n en la\u00a0<span style=\"caret-color: #dd9933;\">documentaci\u00f3n<\/span>\u00a0y el video adjuntados.<\/span><\/strong><\/p>\n<p><img loading=\"lazy\" decoding=\"async\" class=\"alignnone size-medium wp-image-1608\" src=\"https:\/\/www.perihelio.com\/tienda\/wp-content\/uploads\/2021\/02\/EN_Aeris_Authorised_Retailer_Logo_Black-300x55.png\" alt=\"\" width=\"300\" height=\"55\" srcset=\"https:\/\/www.perihelio.com\/tienda\/wp-content\/uploads\/2021\/02\/EN_Aeris_Authorised_Retailer_Logo_Black-300x55.png 300w, https:\/\/www.perihelio.com\/tienda\/wp-content\/uploads\/2021\/02\/EN_Aeris_Authorised_Retailer_Logo_Black-1024x186.png 1024w, https:\/\/www.perihelio.com\/tienda\/wp-content\/uploads\/2021\/02\/EN_Aeris_Authorised_Retailer_Logo_Black-768x140.png 768w, https:\/\/www.perihelio.com\/tienda\/wp-content\/uploads\/2021\/02\/EN_Aeris_Authorised_Retailer_Logo_Black-1536x280.png 1536w, https:\/\/www.perihelio.com\/tienda\/wp-content\/uploads\/2021\/02\/EN_Aeris_Authorised_Retailer_Logo_Black-416x76.png 416w, https:\/\/www.perihelio.com\/tienda\/wp-content\/uploads\/2021\/02\/EN_Aeris_Authorised_Retailer_Logo_Black.png 1911w\" sizes=\"auto, (max-width: 300px) 100vw, 300px\" \/><\/p>\n<p>&nbsp;<\/p>\n<p>&nbsp;<\/p>\n","protected":false},"excerpt":{"rendered":"<p><strong>La productividad comienza cuando las largas horas de pie terminan.<\/strong><\/p>\n<p><strong>Muvman<\/strong> es el primer asiento activo para estar de pie\/sentado que, gracias a una tecnolog\u00eda innovadora y ergonom\u00eda, cumple con todas las demandas del puesto de trabajo sin ning\u00fan compromiso. El taburete muvman establece puntos de referencia con un amplio rango de movimiento, flexibilidad y altura de asiento. <strong>Est\u00e1 modelo esta especialmente pensado para talleres, laboratorios y cadenas de montaje.<\/strong> No solamente es robusta, pero se puede usarse en c\u00e1maras est\u00e9riles.Tambi\u00e9n hace una clara declaraci\u00f3n en dise\u00f1o: estilizada, elegante, distintiva.<\/p>\n<p><span style=\"color: #dd9933;\"><strong><em>Silla fabricada seg\u00fan configuraci\u00f3n del cliente: entrega entre 2 a 3 semanas una vez realizado el pago.<\/em><\/strong><\/span><\/p>\n","protected":false},"featured_media":669,"template":"","meta":{"iawp_total_views":11},"product_brand":[],"product_cat":[50,58],"product_tag":[],"class_list":{"0":"post-662","1":"product","2":"type-product","3":"status-publish","4":"has-post-thumbnail","6":"product_cat-sillas-ergonomicas","7":"product_cat-muvman","8":"product_shipping_class-aeris","10":"first","11":"instock","12":"taxable","13":"shipping-taxable","14":"purchasable","15":"product-type-variable"},"acf":[],"_links":{"self":[{"href":"https:\/\/www.perihelio.com\/tienda\/wp-json\/wp\/v2\/product\/662","targetHints":{"allow":["GET"]}}],"collection":[{"href":"https:\/\/www.perihelio.com\/tienda\/wp-json\/wp\/v2\/product"}],"about":[{"href":"https:\/\/www.perihelio.com\/tienda\/wp-json\/wp\/v2\/types\/product"}],"wp:featuredmedia":[{"embeddable":true,"href":"https:\/\/www.perihelio.com\/tienda\/wp-json\/wp\/v2\/media\/669"}],"wp:attachment":[{"href":"https:\/\/www.perihelio.com\/tienda\/wp-json\/wp\/v2\/media?parent=662"}],"wp:term":[{"taxonomy":"product_brand","embeddable":true,"href":"https:\/\/www.perihelio.com\/tienda\/wp-json\/wp\/v2\/product_brand?post=662"},{"taxonomy":"product_cat","embeddable":true,"href":"https:\/\/www.perihelio.com\/tienda\/wp-json\/wp\/v2\/product_cat?post=662"},{"taxonomy":"product_tag","embeddable":true,"href":"https:\/\/www.perihelio.com\/tienda\/wp-json\/wp\/v2\/product_tag?post=662"}],"curies":[{"name":"wp","href":"https:\/\/api.w.org\/{rel}","templated":true}]}}