{"id":3526,"date":"2025-02-20T12:46:38","date_gmt":"2025-02-20T12:46:38","guid":{"rendered":"https:\/\/www.perihelio.com\/tienda\/?post_type=product&#038;p=3526"},"modified":"2026-04-28T14:50:02","modified_gmt":"2026-04-28T14:50:02","slug":"swopper-aeris-lana-capture-ruedas","status":"publish","type":"product","link":"https:\/\/www.perihelio.com\/tienda\/producto\/swopper-aeris-lana-capture-ruedas\/","title":{"rendered":"SWOPPER Aeris LANA Capture con ruedas"},"content":{"rendered":"<p>Las <strong>sillas activas Aeris<\/strong>, son mucho m\u00e1s que una silla ergon\u00f3mica; gracias a su tecnolog\u00eda \u00fanica suponen una evoluci\u00f3n del concepto sentarse. Su sistema<strong>\u00a0<\/strong>de movimiento 3D, estimula y favorece el libre movimiento mientras se est\u00e1 sentado. Los beneficios son evidentes y numerosos para el usuario:\u00a0<b>una espalda m\u00e1s fuerte mejora la condici\u00f3n f\u00edsica y se traduce en mayor bienestar y mejor rendimiento.<\/b><\/p>\n<p>La silla Swopper multi-premiada destaca a primera vista por su diferencia con otras sillas de oficina y taburetes. El concepto renuncia a los reposabrazos y reposacabezas, ya que estos evitan el movimiento y causan enfermedades a largo plazo.<\/p>\n<p>La tecnolog\u00eda 3D patentada promueve con el asiento activo 3D sentarse sano y en movimiento, cambiando de posici\u00f3n m\u00e1s frecuentemente que en una silla de oficina normal. <strong>La swopper entrena y refuerza tu musculatura mientras te sientas, y su muelle protege los discos de tu columna.\u00a0<\/strong><\/p>\n<p>Por lo tanto, ponemos fin a la tensi\u00f3n y al dolor de espalda y aumentamos tu bienestar, tu salud f\u00edsica para un mayor rendimiento.<\/p>\n<p>El asiento especialmente moldeado promueve la postura erguida y <strong>evita la presi\u00f3n de los muslos gracias a los bordes redondeados. <\/strong>La silla ergon\u00f3mica proporciona un asiento natural, movimientos laterales optimizados de postura, hacia adelante y hacia atr\u00e1s, as\u00ed como vibraciones controladas gracias a su muelle.<br \/>\n<b>Nota:<\/b> para las personas altas (+ de 185 cm) o ligeras (- de 50kg ), o mesas bajas (- de 65cm) disponemos de muelles adecuados a sus necesidades: Hight, Light or Low que podemos sustituir al muelle Est\u00e1ndar. En tal caso le recomendamos ponerse en contacto con nosotros antes de realizar el pedido: tiendaonline@perihelio.com.<\/p>\n<ul>\n<li>Peso: 11 kg<\/li>\n<li>Material y color del asiento: Tejido \u00abCapture\u00bb de la marca Gabriel, \u00a0de lana y ligeramente afiebrado con un look de tweed informal. 10 colores disponibles. Composici\u00f3n: 85% lana de Nueva Zelanda, 15% poliamida &#8211; certificado STANDARD 100 by OEKO-TEX\u00ae \u00a0y EU Ecolabel &#8211; r\u00e9sistance a la abrasi\u00f3n (200.000 ciclos Martindale), antiest\u00e1ticas e ign\u00edfugas.<\/li>\n<li><span class=\"VIiyi\" lang=\"es\"><span class=\"JLqJ4b ChMk0b\" data-language-for-alternatives=\"es\" data-language-to-translate-into=\"en\" data-phrase-index=\"0\">Di\u00e1metro del asiento: 43 cm<\/span><\/span><\/li>\n<li>Base: sin ruedas, color blanco o negro en aluminio fundido a presi\u00f3n y lacado<\/li>\n<li>Dimensiones anillo base: 58 cm de di\u00e1metro con ruedas (55 cm sin ruedas)<\/li>\n<li>Color muelle: blanco o negro, modelo Standard<\/li>\n<li>Rango de peso permitido: entre 50 y 120 kg<\/li>\n<li>Rango de altura silla con carga: 45 &#8211; 59 cm<\/li>\n<li>Rango de altura silla sin carga: 52 &#8211; 66 cm<\/li>\n<li><strong>Garant\u00eda: 3 a\u00f1os<br \/>\n<\/strong><\/li>\n<\/ul>\n<p><strong>M\u00c1S TEJIDOS y COLORES disponibles<\/strong> &#8211; descarga el cat\u00e1logo m\u00e1s abajo en \u00abdocumentaci\u00f3n\u00bb y solicita fotos en alta resoluci\u00f3n de la silla de tu elecci\u00f3n, indicando el tejido y c\u00f3digo color por mail a: \u00a0tiendaonline@perihelio.com.<\/p>\n<p><strong>M\u00e1s informaci\u00f3n y videos <\/strong>en nuestra p\u00e1gina web:\u00a0<strong><span style=\"color: #dd9933;\"><a style=\"color: #dd9933;\" href=\"https:\/\/www.perihelio.com\/index.php\/Aeris-Swopper-Espana\/\" target=\"_blank\" rel=\"noopener\">Swopper Aeris web Perihelio<\/a><\/span><\/strong><\/p>\n<p><img loading=\"lazy\" decoding=\"async\" class=\"alignnone size-medium wp-image-1608\" src=\"https:\/\/www.perihelio.com\/tienda\/wp-content\/uploads\/2021\/02\/EN_Aeris_Authorised_Retailer_Logo_Black-300x55.png\" alt=\"\" width=\"300\" height=\"55\" srcset=\"https:\/\/www.perihelio.com\/tienda\/wp-content\/uploads\/2021\/02\/EN_Aeris_Authorised_Retailer_Logo_Black-300x55.png 300w, https:\/\/www.perihelio.com\/tienda\/wp-content\/uploads\/2021\/02\/EN_Aeris_Authorised_Retailer_Logo_Black-1024x186.png 1024w, https:\/\/www.perihelio.com\/tienda\/wp-content\/uploads\/2021\/02\/EN_Aeris_Authorised_Retailer_Logo_Black-768x140.png 768w, https:\/\/www.perihelio.com\/tienda\/wp-content\/uploads\/2021\/02\/EN_Aeris_Authorised_Retailer_Logo_Black-1536x280.png 1536w, https:\/\/www.perihelio.com\/tienda\/wp-content\/uploads\/2021\/02\/EN_Aeris_Authorised_Retailer_Logo_Black-416x76.png 416w, https:\/\/www.perihelio.com\/tienda\/wp-content\/uploads\/2021\/02\/EN_Aeris_Authorised_Retailer_Logo_Black.png 1911w\" sizes=\"auto, (max-width: 300px) 100vw, 300px\" \/><\/p>\n","protected":false},"excerpt":{"rendered":"<p>Silla activa <strong>Swopper <\/strong>de la marca <strong>Aeris, <\/strong>con<strong> tapicer\u00eda de lana Capture <\/strong>con<strong> 10 colores disponibles<\/strong><strong>, \u00a0<\/strong>con\u00a0ruedas , <strong>base blanca o negra, <\/strong>\u00a0muelle est\u00e1ndar.<\/p>\n<p><strong>Ruedas para suelos duros.<\/strong> (opci\u00f3n suelos blandos: contactar con nosotros para cambiarles el tipo de ruedas).<\/p>\n<p>Su innovadora y lujosa tapicer\u00eda <strong><span style=\"color: #dd9933;\">\u00abCapture\u00bb \u00a0de lana multicolor<\/span><\/strong> y ligeramente afiebrada, le da un <strong><span style=\"color: #dd9933;\">look de tweed informal<\/span> <\/strong>pero sofisticado. La composici\u00f3n de este tejido de alta tecnolog\u00eda en en <strong><span style=\"color: #dd9933;\">85 % lana de Nueva Zelanda y 15 % poliamida<\/span><\/strong>, aporta al coj\u00edn una comodidad de asiento suave como una pluma. \u00a0Su cinco capas de funciones coordinadas aseguran que siente su asiento m\u00f3vil, c\u00f3modo y con presi\u00f3n regulada. Con una <strong><span style=\"color: #dd9933;\">calificaci\u00f3n de 200.000 ciclos Martindale,<\/span> <\/strong>Capture es extremadamente duradero y adecuado para entornos de uso intensivo, con certificaci\u00f3n STANDARD 100 by OEKO-TEX\u00ae \u00a0y\u00a0<strong><span style=\"color: #dd9933;\">EU Ecolabel.<\/span><\/strong><\/p>\n<p><span style=\"color: #dd9933;\"><b>Entrega: 2 a 3 semanas una vez realizado el pago.<\/b><\/span><\/p>\n","protected":false},"featured_media":3548,"template":"","meta":{"iawp_total_views":11},"product_brand":[],"product_cat":[50,56],"product_tag":[],"class_list":{"0":"post-3526","1":"product","2":"type-product","3":"status-publish","4":"has-post-thumbnail","6":"product_cat-sillas-ergonomicas","7":"product_cat-swopper","8":"product_shipping_class-aeris","10":"first","11":"instock","12":"taxable","13":"shipping-taxable","14":"purchasable","15":"product-type-variable"},"acf":[],"_links":{"self":[{"href":"https:\/\/www.perihelio.com\/tienda\/wp-json\/wp\/v2\/product\/3526","targetHints":{"allow":["GET"]}}],"collection":[{"href":"https:\/\/www.perihelio.com\/tienda\/wp-json\/wp\/v2\/product"}],"about":[{"href":"https:\/\/www.perihelio.com\/tienda\/wp-json\/wp\/v2\/types\/product"}],"wp:featuredmedia":[{"embeddable":true,"href":"https:\/\/www.perihelio.com\/tienda\/wp-json\/wp\/v2\/media\/3548"}],"wp:attachment":[{"href":"https:\/\/www.perihelio.com\/tienda\/wp-json\/wp\/v2\/media?parent=3526"}],"wp:term":[{"taxonomy":"product_brand","embeddable":true,"href":"https:\/\/www.perihelio.com\/tienda\/wp-json\/wp\/v2\/product_brand?post=3526"},{"taxonomy":"product_cat","embeddable":true,"href":"https:\/\/www.perihelio.com\/tienda\/wp-json\/wp\/v2\/product_cat?post=3526"},{"taxonomy":"product_tag","embeddable":true,"href":"https:\/\/www.perihelio.com\/tienda\/wp-json\/wp\/v2\/product_tag?post=3526"}],"curies":[{"name":"wp","href":"https:\/\/api.w.org\/{rel}","templated":true}]}}