{"id":3195,"date":"2025-02-10T20:45:25","date_gmt":"2025-02-10T20:45:25","guid":{"rendered":"https:\/\/www.perihelio.com\/tienda\/?post_type=product&#038;p=3195"},"modified":"2026-04-28T15:09:17","modified_gmt":"2026-04-28T15:09:17","slug":"swopper-aeris-microfibra","status":"publish","type":"product","link":"https:\/\/www.perihelio.com\/tienda\/producto\/swopper-aeris-microfibra\/","title":{"rendered":"SWOPPER Aeris Microfibra"},"content":{"rendered":"<p>Las <strong>sillas activas Aeris<\/strong>, son mucho m\u00e1s que una silla ergon\u00f3mica; gracias a su tecnolog\u00eda \u00fanica suponen una evoluci\u00f3n del concepto sentarse. Su sistema<strong>\u00a0<\/strong>de movimiento 3D, estimula y favorece el libre movimiento mientras se est\u00e1 sentado. Los beneficios son evidentes y numerosos para el usuario:\u00a0<b>una espalda m\u00e1s fuerte mejora la condici\u00f3n f\u00edsica y se traduce en mayor bienestar y mejor rendimiento.<\/b><\/p>\n<p>La silla Swopper multi-premiada destaca a primera vista por su diferencia con otras sillas de oficina y taburetes. El concepto renuncia a los reposabrazos y reposacabezas, ya que estos evitan el movimiento y causan enfermedades a largo plazo.<\/p>\n<p>La tecnolog\u00eda 3D patentada promueve con el asiento activo 3D sentarse sano y en movimiento, cambiando de posici\u00f3n m\u00e1s frecuentemente que en una silla de oficina normal. <strong>La swopper entrena y refuerza tu musculatura mientras te sientas, y su muelle protege los discos de tu columna.\u00a0<\/strong><\/p>\n<p>Por lo tanto, ponemos fin a la tensi\u00f3n y al dolor de espalda y aumentamos tu bienestar, tu salud f\u00edsica para un mayor rendimiento.<\/p>\n<p>El asiento especialmente moldeado promueve la postura erguida y <strong>evita la presi\u00f3n de los muslos gracias a los bordes redondeados.<\/strong><\/p>\n<p>La silla ergon\u00f3mica proporciona un asiento natural, movimientos laterales optimizados de postura, hacia adelante y hacia atr\u00e1s, as\u00ed como vibraciones controladas.<\/p>\n<ul>\n<li>Peso: 11 kg<\/li>\n<li>Material y color del asiento: Microfibra (5 colores: azul, rojo, verde, negro y gris), tejido Comfort -Gabriel (88% poli\u00e9ster, 12% poliuretano, \u00a0transpirable, antiest\u00e1ticas e ign\u00edfugas &#8211; Respetuosa del medio ambiante, 37% de las fibras son recicladas y tiene el standard 100 de OEKO-TEX. Resistente: 150.000 ciclos Martindale.<\/li>\n<li><span class=\"VIiyi\" lang=\"es\"><span class=\"JLqJ4b ChMk0b\" data-language-for-alternatives=\"es\" data-language-to-translate-into=\"en\" data-phrase-index=\"0\">Di\u00e1metro asiento: 43 cm<\/span><\/span><\/li>\n<li>Color base anillo: blanco o negro en aluminio fundido a presi\u00f3n y lacado<\/li>\n<li>Dimensiones anillo base: 55 cm de di\u00e1metro sin ruedas<\/li>\n<li>Color muelle: blanco o negro, modelo Est\u00e1ndar<\/li>\n<li>Rango de peso permitido: entre 50 y 120 kg<\/li>\n<li>Rango de altura silla con carga: 45 &#8211; 59 cm<\/li>\n<li>Rango de altura silla sin carga: 52 &#8211; 66 cm<\/li>\n<li><strong>Garant\u00eda: 3 a\u00f1os<br \/>\n<\/strong><\/li>\n<\/ul>\n<p><strong>M\u00e1s informaci\u00f3n y videos <\/strong>en nuestra p\u00e1gina web:\u00a0<strong><span style=\"color: #dd9933;\"><a style=\"color: #dd9933;\" href=\"https:\/\/www.perihelio.com\/index.php\/Aeris-Swopper-Espana\/\" target=\"_blank\" rel=\"noopener\">Swopper Aeris web Perihelio<\/a><\/span><\/strong><\/p>\n<p><img loading=\"lazy\" decoding=\"async\" class=\"alignnone size-medium wp-image-1608\" src=\"https:\/\/www.perihelio.com\/tienda\/wp-content\/uploads\/2021\/02\/EN_Aeris_Authorised_Retailer_Logo_Black-300x55.png\" alt=\"\" width=\"300\" height=\"55\" srcset=\"https:\/\/www.perihelio.com\/tienda\/wp-content\/uploads\/2021\/02\/EN_Aeris_Authorised_Retailer_Logo_Black-300x55.png 300w, https:\/\/www.perihelio.com\/tienda\/wp-content\/uploads\/2021\/02\/EN_Aeris_Authorised_Retailer_Logo_Black-1024x186.png 1024w, https:\/\/www.perihelio.com\/tienda\/wp-content\/uploads\/2021\/02\/EN_Aeris_Authorised_Retailer_Logo_Black-768x140.png 768w, https:\/\/www.perihelio.com\/tienda\/wp-content\/uploads\/2021\/02\/EN_Aeris_Authorised_Retailer_Logo_Black-1536x280.png 1536w, https:\/\/www.perihelio.com\/tienda\/wp-content\/uploads\/2021\/02\/EN_Aeris_Authorised_Retailer_Logo_Black-416x76.png 416w, https:\/\/www.perihelio.com\/tienda\/wp-content\/uploads\/2021\/02\/EN_Aeris_Authorised_Retailer_Logo_Black.png 1911w\" sizes=\"auto, (max-width: 300px) 100vw, 300px\" \/><\/p>\n","protected":false},"excerpt":{"rendered":"<p>Silla activa<strong> Swopper <\/strong>de la marca <strong>Aeris<\/strong>\u00a0con tapicer\u00eda de\u00a0<strong>microfibra \u00a0<\/strong>(tela Comfort de la marca Gabriel),<strong> sin ruedas, <\/strong>con la <strong>base blanca <\/strong>y el<strong> muelle est\u00e1ndar blanco.<\/strong><\/p>\n<p><span class=\"VIiyi\" lang=\"es\"><span class=\"JLqJ4b ChMk0b\" data-language-for-alternatives=\"es\" data-language-to-translate-into=\"auto\" data-phrase-index=\"0\">La tapicer\u00eda de microfibra Comfort, robusto tejido con propiedades antiest\u00e1ticas, es pr\u00e1cticamente indestructible. Su textura suave es agradable al tacto, antideslizante y resistente al abrasi\u00f3n (150.000 ciclos Martindale). Hace que este Aeris Swopper sea f\u00e1cil de limpiar, duradero\u00a0 y vers\u00e1til. Adem\u00e1s tiene propiedades antistatica.<\/span><\/span><\/p>\n<p>5 COLORES DISPONIBLES<\/p>\n<p><strong>M\u00c1S TEJIDOS y opciones disponibles<\/strong> &#8211; descarga el cat\u00e1logo m\u00e1s abajo en \u00abdocumentaci\u00f3n\u00bb y solicita fotos en alta resoluci\u00f3n de la silla de tu elecci\u00f3n, indicando el tejido y c\u00f3digo color por mail a: \u00a0tiendaonline@perihelio.com.<\/p>\n<p><span style=\"color: #dd9933;\"><b>Entrega: 2 a 3\u00a0semanas una vez realizado el pago.<\/b><\/span><\/p>\n","protected":false},"featured_media":2485,"template":"","meta":{"iawp_total_views":42},"product_brand":[],"product_cat":[50,56],"product_tag":[],"class_list":{"0":"post-3195","1":"product","2":"type-product","3":"status-publish","4":"has-post-thumbnail","6":"product_cat-sillas-ergonomicas","7":"product_cat-swopper","8":"product_shipping_class-aeris","10":"first","11":"instock","12":"taxable","13":"shipping-taxable","14":"purchasable","15":"product-type-variable"},"acf":[],"_links":{"self":[{"href":"https:\/\/www.perihelio.com\/tienda\/wp-json\/wp\/v2\/product\/3195","targetHints":{"allow":["GET"]}}],"collection":[{"href":"https:\/\/www.perihelio.com\/tienda\/wp-json\/wp\/v2\/product"}],"about":[{"href":"https:\/\/www.perihelio.com\/tienda\/wp-json\/wp\/v2\/types\/product"}],"wp:featuredmedia":[{"embeddable":true,"href":"https:\/\/www.perihelio.com\/tienda\/wp-json\/wp\/v2\/media\/2485"}],"wp:attachment":[{"href":"https:\/\/www.perihelio.com\/tienda\/wp-json\/wp\/v2\/media?parent=3195"}],"wp:term":[{"taxonomy":"product_brand","embeddable":true,"href":"https:\/\/www.perihelio.com\/tienda\/wp-json\/wp\/v2\/product_brand?post=3195"},{"taxonomy":"product_cat","embeddable":true,"href":"https:\/\/www.perihelio.com\/tienda\/wp-json\/wp\/v2\/product_cat?post=3195"},{"taxonomy":"product_tag","embeddable":true,"href":"https:\/\/www.perihelio.com\/tienda\/wp-json\/wp\/v2\/product_tag?post=3195"}],"curies":[{"name":"wp","href":"https:\/\/api.w.org\/{rel}","templated":true}]}}