{"id":3171,"date":"2024-11-18T19:51:53","date_gmt":"2024-11-18T19:51:53","guid":{"rendered":"https:\/\/www.perihelio.com\/tienda\/?post_type=product&#038;p=3171"},"modified":"2025-02-16T15:07:43","modified_gmt":"2025-02-16T15:07:43","slug":"sarten-fp25-t","status":"publish","type":"product","link":"https:\/\/www.perihelio.com\/tienda\/producto\/sarten-fp25-t\/","title":{"rendered":"SART\u00c9N FP25-T"},"content":{"rendered":"<p><strong>Alta calidad:<\/strong><\/p>\n<p>La sart\u00e9n de hierro fundido de alta calidad de Petromax tiene una excelente distribuci\u00f3n del calor, est\u00e1 lista para usar sin preparaci\u00f3n, gracias a su superficie pretratada (acabado sazonado) y es f\u00e1cil de mantener. Esta sart\u00e9n duradera y robusta tiene un efecto antiadherente natural que mejora con cada cocci\u00f3n, a medida que se forma una p\u00e1tina. El hierro fundido tambi\u00e9n almacena bien el calor, por lo que puedes servir tus platos directamente en la sart\u00e9n o terminar la coci\u00f3n a fuego apagado.<br \/>\nUn producto duradero ayuda a evitar muchas frustraciones. Lo habr\u00e1s experimentado un dia u otro a tener en manos una sart\u00e9n abollada o cuando la sart\u00e9n presente ara\u00f1azos en el revestimiento al poco tiempo.<\/p>\n<p><strong>Valida para todos los fuegos<\/strong><\/p>\n<p>Puede utilizar esta sart\u00e9n no s\u00f3lo en la cocina el\u00e9ctrica, de inducci\u00f3n, de gas, o directamente en el horno, sino tambi\u00e9n al aire libre sobre una hoguera o en una barbacoa adecuada o un horno solar. Estofar, fre\u00edr o asar: en la sart\u00e9n caliente cada plato se convierte en un manjar.<\/p>\n<p><strong>No contiene PFA, ni recubrimiento<\/strong><\/p>\n<p>Nuestras sartenes no contienen PFA y no requieren recubrimiento artificial. Obtienen su efecto antiadherente de forma natural, sin PFA, gracias a la p\u00e1tina. La p\u00e1tina autoformable, sin productos qu\u00edmicos ni recubrimientos artificiales, garantiza un efecto antiadherente que se fortalece con el tiempo y no se ve afectado por las altas temperaturas. Por lo tanto, podr\u00e1s utilizar tus sartenes de hierro fundido o forjado sin problemas al fuego o en el horno y su efecto antiadherente, que no supone ning\u00fan riesgo para la salud, se mantendr\u00e1 intacto.<\/p>\n<p>Ya sea por un recubrimiento o por un efecto antiadherente natural, un lavavajillas es demasiado agresivo en su proceso de limpieza y ataca la superficie. En el caso del hierro fundido, el tratamiento en el lavavajillas tambi\u00e9n puede provocar oxidaci\u00f3n muy r\u00e1pidamente. Es por eso que simplemente necesitas enjuagar tu sart\u00e9n con agua limpia muy caliente; opcionalmente, puedes usar un cepillo para lavavajillas comercial. Para una limpieza \u00f3ptima sin afectar la p\u00e1tina, utilice el limpiador de aros de hierro fundido o el rascador de cacerolas. Limpiar con detergente para lavavajillas puede da\u00f1ar la p\u00e1tina. Pero esto no inutiliza tu sart\u00e9n, porque puedes restaurar la p\u00e1tina cocin\u00e1ndola nuevamente. Si las cuidas bien, tus sartenes de hierro fundido y forjado y su efecto natural antiadherente te durar\u00e1n toda la vida. Para saber exactamente c\u00f3mo proceder cuando su preciosa p\u00e1tina sea atacada, consulte las instrucciones.<\/p>\n<p><img loading=\"lazy\" decoding=\"async\" class=\"alignnone wp-image-3167 size-full\" src=\"https:\/\/www.perihelio.com\/tienda\/wp-content\/uploads\/2021\/02\/P-Instrucciones_hierro_fundido.jpg\" alt=\"\" width=\"595\" height=\"841\" srcset=\"https:\/\/www.perihelio.com\/tienda\/wp-content\/uploads\/2021\/02\/P-Instrucciones_hierro_fundido.jpg 595w, https:\/\/www.perihelio.com\/tienda\/wp-content\/uploads\/2021\/02\/P-Instrucciones_hierro_fundido-212x300.jpg 212w, https:\/\/www.perihelio.com\/tienda\/wp-content\/uploads\/2021\/02\/P-Instrucciones_hierro_fundido-416x588.jpg 416w\" sizes=\"auto, (max-width: 595px) 100vw, 595px\" \/><\/p>\n","protected":false},"excerpt":{"rendered":"<p><strong>Sart\u00e9n de hierro fundido de 25 cm de la marca Petromax:<\/strong><\/p>\n<ul>\n<li>El mejor material para cocinar.<\/li>\n<li>Se puede utilizar sobre todos los fuegos.<\/li>\n<li>Excelente distribuci\u00f3n del calor y efecto antiadherente.<\/li>\n<li>F\u00e1cil de mantener y duradero.<\/li>\n<li>No contiene PFA<\/li>\n<\/ul>\n<p>La sart\u00e9n de hierro fundido Petromax es una herramienta de alta calidad imprescindible en tu cocina. Como son sartenes extremadamente duraderas, tambi\u00e9n las utilizan los profesionales. Una vez la hayas probado, no podr\u00e1s prescindir de ella y de sus m\u00faltiples ventajas.<\/p>\n<p>Lista para un uso inmediato y duradero, gracias a la superficie pretratada. La sart\u00e9n se puede utilizar inmediatamente y, con el cuidado adecuado, seguir\u00e1 siendo su compa\u00f1era de confianza durante toda la vida. El mejor revestimiento es el que no tiene revestimiento: las sartenes de hierro fundido no tienen revestimiento, pero tienen excelentes propiedades antiadherentes. Se lo deben a la preciosa p\u00e1tina que se desarrolla con el tiempo despu\u00e9s de la cocci\u00f3n.<\/p>\n<p>Tiene un mango con una asa opuesta, para que puedas transportarla de forma segura y tambi\u00e9n colgarla. Ya sea comida casera o alta cocina, tendras unas deliciosas patatas fritas o un filete a la plancha perfecto.<\/p>\n<p>Capacidad maxima: 1,6l<br \/>\nDi\u00e1metro desde el borde superior: 25cm<br \/>\nDi\u00e1metro de la base:20cm<br \/>\nAltura: 6,7cm<br \/>\nPeso: 2,5kg<\/p>\n<p>Contenido de la caja:<br \/>\n1 x sart\u00e9n con un mango y una asa<br \/>\n1 x manual de instrucci\u00f3n<\/p>\n","protected":false},"featured_media":3172,"template":"","meta":{"iawp_total_views":131},"product_brand":[],"product_cat":[48],"product_tag":[54,53],"class_list":{"0":"post-3171","1":"product","2":"type-product","3":"status-publish","4":"has-post-thumbnail","6":"product_cat-fuego","7":"product_tag-cocina","8":"product_tag-hierro","9":"product_shipping_class-petromax","11":"first","12":"instock","13":"sold-individually","14":"taxable","15":"shipping-taxable","16":"purchasable","17":"product-type-simple"},"acf":[],"_links":{"self":[{"href":"https:\/\/www.perihelio.com\/tienda\/wp-json\/wp\/v2\/product\/3171","targetHints":{"allow":["GET"]}}],"collection":[{"href":"https:\/\/www.perihelio.com\/tienda\/wp-json\/wp\/v2\/product"}],"about":[{"href":"https:\/\/www.perihelio.com\/tienda\/wp-json\/wp\/v2\/types\/product"}],"wp:featuredmedia":[{"embeddable":true,"href":"https:\/\/www.perihelio.com\/tienda\/wp-json\/wp\/v2\/media\/3172"}],"wp:attachment":[{"href":"https:\/\/www.perihelio.com\/tienda\/wp-json\/wp\/v2\/media?parent=3171"}],"wp:term":[{"taxonomy":"product_brand","embeddable":true,"href":"https:\/\/www.perihelio.com\/tienda\/wp-json\/wp\/v2\/product_brand?post=3171"},{"taxonomy":"product_cat","embeddable":true,"href":"https:\/\/www.perihelio.com\/tienda\/wp-json\/wp\/v2\/product_cat?post=3171"},{"taxonomy":"product_tag","embeddable":true,"href":"https:\/\/www.perihelio.com\/tienda\/wp-json\/wp\/v2\/product_tag?post=3171"}],"curies":[{"name":"wp","href":"https:\/\/api.w.org\/{rel}","templated":true}]}}