{"id":3146,"date":"2024-09-20T18:01:27","date_gmt":"2024-09-20T18:01:27","guid":{"rendered":"https:\/\/www.perihelio.com\/tienda\/?post_type=product&#038;p=3146"},"modified":"2024-10-07T12:34:58","modified_gmt":"2024-10-07T12:34:58","slug":"cojin-ergonomico-aeris","status":"publish","type":"product","link":"https:\/\/www.perihelio.com\/tienda\/producto\/cojin-ergonomico-aeris\/","title":{"rendered":"COJ\u00cdN ergon\u00f3mico AERIS"},"content":{"rendered":"<p><strong><span class=\"HwtZe\" lang=\"es\"><span class=\"jCAhz ChMk0b\"><span class=\"ryNqvb\">Cura<\/span><\/span><\/span><\/strong><span class=\"HwtZe\" lang=\"es\"><span class=\"jCAhz ChMk0b\"><span class=\"ryNqvb\"> (marca Gabriel) <\/span><\/span><\/span><span class=\"HwtZe\" lang=\"es\"><span class=\"jCAhz ChMk0b\"><span class=\"ryNqvb\">es un tejido de tapicer\u00eda <\/span><\/span><\/span><span class=\"HwtZe\" lang=\"es\"><span class=\"jCAhz ChMk0b\"><span class=\"ryNqvb\">fabricado con <\/span><\/span><\/span><strong><span class=\"HwtZe\" lang=\"es\"><span class=\"jCAhz ChMk0b\"><span class=\"ryNqvb\"><span style=\"color: #ff9900;\">100% de poli\u00e9ster reciclado post-consumo, hecho de botellas de pl\u00e1stico usadas<\/span> <\/span><\/span><\/span><\/strong><span class=\"HwtZe\" lang=\"es\"><span class=\"jCAhz ChMk0b\"><span class=\"ryNqvb\">que, de otro modo, podr\u00edan haber terminado en vertederos o en la naturaleza.<\/span><\/span><\/span><\/p>\n<p><strong>Es lavable y resistente al roce.<\/strong><\/p>\n<p><span class=\"HwtZe\" lang=\"es\"><span class=\"jCAhz ChMk0b\"><span class=\"ryNqvb\">Perfecta para oficinas , la tela Cura fabricada con 100% de poli\u00e9ster reciclado fusiona el rendimiento moderno con una est\u00e9tica c\u00e1lida e informal con un toque suave. La textura mate, <strong>\u00a0<\/strong><b>ligeramente jaspeada<\/b> y de aspecto natural del tejido imita la est\u00e9tica de las fibras naturales, a\u00f1adiendo un factor de bienestar.<\/span><\/span>\u00a0<span class=\"jCAhz ChMk0b\"><span class=\"ryNqvb\">El poli\u00e9ster reciclado utilizado para Cura tiene la certificaci\u00f3n GRS (Global Recycle Standard) para verificar el contenido del material reciclado y garantizar la trazabilidad.<\/span><\/span> <span class=\"jCAhz ChMk0b\"><span class=\"ryNqvb\">Como la mayor\u00eda de los tejidos de Gabriel, Cura tambi\u00e9n cuenta con la <strong>certificaci\u00f3n EU Ecolabel y STANDARD 100 by OEKO-TEX\u00ae.<\/strong><\/span><\/span><\/span><\/p>\n<p><strong>Las fibras grises o negras a\u00f1aden un vibrante efecto jaspeado a cada color Cura<\/strong>. Las combinaciones de colores grises \u201cmelange\u201d iluminan la paleta, mientras que las mezclas negras crean alternativas de colores m\u00e1s oscuros y una expresi\u00f3n \u201cmelange\u201d m\u00e1s distintiva. El efecto de mezclar fibras m\u00e1s oscuras y m\u00e1s claras ayuda a camuflar la suciedad y el desgaste incluso en las versiones ligeras, mejorando la durabilidad del tejido y contribuyendo a prolongar la vida de la silla. La tela Cura ha pasado con \u00e9xito todos los test de abrasi\u00f3n, formaci\u00f3n de bolitas, solidez a la luz, solidez al frote en seco\/h\u00famedo y inflamabilidad.<\/p>\n<div class=\"page\" title=\"Page 41\">\n<div class=\"layoutArea\">\n<div class=\"column\">\n<p>&nbsp;<\/p>\n<\/div>\n<\/div>\n<\/div>\n","protected":false},"excerpt":{"rendered":"<p><strong>Coj\u00edn ergon\u00f3mico AERIS antideslizante y muy ligero.<\/strong><\/p>\n<p>Accesorio para silla Aeris Numo o cualquier asiento<strong> <span style=\"color: #ff9900;\">para m\u00e1s confort y ergonom\u00eda.\u00a0<\/span><\/strong><\/p>\n<p>Tama\u00f1o: 35 de ancho x 33 de largo, pesa solo 250 gr.<\/p>\n<p>El coj\u00edn se puede elegir para que combine exactamente con el color de su silla \u00a0o hacer contraste para llamar la atenci\u00f3n en cada variante de la silla Aeris Numo. No s\u00f3lo da el toque colorido, sino que tambi\u00e9n optimiza la postura al sentarse con su forma ligeramente convexa. Un <strong><span style=\"color: #ff9900;\">revestimiento antideslizante<\/span><\/strong> en la parte inferior del coj\u00edn garantiza un ajuste firme sobre la carcasa de la silla o cualquier asiento.<\/p>\n","protected":false},"featured_media":2993,"template":"","meta":{"iawp_total_views":21},"product_brand":[],"product_cat":[146,50],"product_tag":[],"class_list":{"0":"post-3146","1":"product","2":"type-product","3":"status-publish","4":"has-post-thumbnail","6":"product_cat-oficina-activa","7":"product_cat-sillas-ergonomicas","9":"first","10":"instock","11":"taxable","12":"shipping-taxable","13":"purchasable","14":"product-type-variable"},"acf":[],"_links":{"self":[{"href":"https:\/\/www.perihelio.com\/tienda\/wp-json\/wp\/v2\/product\/3146","targetHints":{"allow":["GET"]}}],"collection":[{"href":"https:\/\/www.perihelio.com\/tienda\/wp-json\/wp\/v2\/product"}],"about":[{"href":"https:\/\/www.perihelio.com\/tienda\/wp-json\/wp\/v2\/types\/product"}],"wp:featuredmedia":[{"embeddable":true,"href":"https:\/\/www.perihelio.com\/tienda\/wp-json\/wp\/v2\/media\/2993"}],"wp:attachment":[{"href":"https:\/\/www.perihelio.com\/tienda\/wp-json\/wp\/v2\/media?parent=3146"}],"wp:term":[{"taxonomy":"product_brand","embeddable":true,"href":"https:\/\/www.perihelio.com\/tienda\/wp-json\/wp\/v2\/product_brand?post=3146"},{"taxonomy":"product_cat","embeddable":true,"href":"https:\/\/www.perihelio.com\/tienda\/wp-json\/wp\/v2\/product_cat?post=3146"},{"taxonomy":"product_tag","embeddable":true,"href":"https:\/\/www.perihelio.com\/tienda\/wp-json\/wp\/v2\/product_tag?post=3146"}],"curies":[{"name":"wp","href":"https:\/\/api.w.org\/{rel}","templated":true}]}}