{"id":2910,"date":"2024-05-03T14:46:54","date_gmt":"2024-05-03T14:46:54","guid":{"rendered":"https:\/\/www.perihelio.com\/tienda\/?post_type=product&#038;p=2910"},"modified":"2026-04-28T17:20:43","modified_gmt":"2026-04-28T17:20:43","slug":"muvman-aeris-cura","status":"publish","type":"product","link":"https:\/\/www.perihelio.com\/tienda\/producto\/muvman-aeris-cura\/","title":{"rendered":"MUVMAN Aeris CURA"},"content":{"rendered":"<p>Silla activa Aeris modelo Muvman, asiento tapizado con \u00a0tela CURA (marca Gabriel).<\/p>\n<p>Gracias a su ergonom\u00eda y tecnolog\u00eda alemana innovadora esta silla <strong>nos permite estar sentado o de pie,<\/strong><strong> introduciendo el movimiento en el espacia de trabajo de manera activa y din\u00e1mica <\/strong>. Dise\u00f1ada para adaptarse de manera \u00f3ptima a cualquier superficie de trabajo, ajustable en altura, trabaja eficientemente contra los perjuicios de permanecer sentados o de pie durante largos periodos de tiempo, fomentando los cambios de postura, tanto cuando se est\u00e1 sentado como cuando se est\u00e1 de pie.<\/p>\n<p><strong><span style=\"color: #dd9933;\">Ideal para personas trabajando detr\u00e1s de un mostrador, talleres, laboratorio, etc.<\/span><\/strong><\/p>\n<p>La textura mate del tejido CURA, <strong>\u00a0<\/strong><b>ligeramente jaspeada<\/b> y de aspecto natural del tejido <b>imita la est\u00e9tica de las fibras naturales,<\/b> a\u00f1adiendo un factor de bienestar. <strong>Las fibras grises o negras a\u00f1aden un vibrante efecto jaspeado a cada color Cura<\/strong>. El efecto de mezclar fibras m\u00e1s oscuras y m\u00e1s claras ayuda a camuflar la suciedad y el desgaste incluso en las versiones ligeras, mejorando la durabilidad del tejido y contribuyendo a prolongar la vida de la silla. La tela Cura ha pasado con \u00e9xito todos los test de abrasi\u00f3n, formaci\u00f3n de bolitas, solidez a la luz, solidez al frote en seco\/h\u00famedo y inflamabilidad.<\/p>\n<p>CARACTER\u00cdSTICAS DEL PRODUCTO<br \/>\nPeso del producto: Est\u00e1ndar: 6,3 kg \u00a0&#8211; Alto (high): 6,5 kg<br \/>\nDi\u00e1metro: 38 cm<br \/>\nPlaca de pie: Pl\u00e1stico reforzado con fibra de vidrio<br \/>\nPeso m\u00e1ximo del usuario: 120 kg<br \/>\nAsiento Soporte del asiento: pl\u00e1stico, tapicer\u00eda: espuma de PU<br \/>\nZona de asientos: 34 x 32 cm<br \/>\nAltura del asiento: Est\u00e1ndar: 51 \u2013 84 cm Alto (high): 60 \u2013 93 cm<\/p>\n<p><img loading=\"lazy\" decoding=\"async\" class=\"alignnone size-medium wp-image-1608\" src=\"https:\/\/www.perihelio.com\/tienda\/wp-content\/uploads\/2021\/02\/EN_Aeris_Authorised_Retailer_Logo_Black-300x55.png\" alt=\"\" width=\"300\" height=\"55\" srcset=\"https:\/\/www.perihelio.com\/tienda\/wp-content\/uploads\/2021\/02\/EN_Aeris_Authorised_Retailer_Logo_Black-300x55.png 300w, https:\/\/www.perihelio.com\/tienda\/wp-content\/uploads\/2021\/02\/EN_Aeris_Authorised_Retailer_Logo_Black-1024x186.png 1024w, https:\/\/www.perihelio.com\/tienda\/wp-content\/uploads\/2021\/02\/EN_Aeris_Authorised_Retailer_Logo_Black-768x140.png 768w, https:\/\/www.perihelio.com\/tienda\/wp-content\/uploads\/2021\/02\/EN_Aeris_Authorised_Retailer_Logo_Black-1536x280.png 1536w, https:\/\/www.perihelio.com\/tienda\/wp-content\/uploads\/2021\/02\/EN_Aeris_Authorised_Retailer_Logo_Black-416x76.png 416w, https:\/\/www.perihelio.com\/tienda\/wp-content\/uploads\/2021\/02\/EN_Aeris_Authorised_Retailer_Logo_Black.png 1911w\" sizes=\"auto, (max-width: 300px) 100vw, 300px\" \/><\/p>\n","protected":false},"excerpt":{"rendered":"<p>Silla <strong>MUVMAN<\/strong>\u00a0con asiento tapizado de <strong>tela CURA.<\/strong>\u00a0(marca Gabriel).<\/p>\n<p><strong>La productividad comienza cuando las largas horas de pie terminan.<\/strong><\/p>\n<p><strong>MUVMAN<\/strong>\u00a0es el primer asiento activo <strong>para estar de pie\/sentado<\/strong> que, gracias a una tecnolog\u00eda innovadora y ergonom\u00eda, cumple con todas las demandas del puesto de trabajo sin ning\u00fan compromiso. El taburete MUVMAN establece puntos de referencia con un <strong>amplio rango de movimiento, flexibilidad y altura de asiento. <\/strong><\/p>\n<p>Existen dos rangos de altura a elegir en funci\u00f3n de la estatura de la persona que la va a usar y \/o\u00a0 la altura del plan de trabajo:<\/p>\n<ul>\n<li>Est\u00e1ndar (51 a 84 cm )<\/li>\n<li>Alta (60 a 93 cm )<\/li>\n<\/ul>\n<p>Est\u00e1 pensado<strong> <span style=\"color: #dd9933;\">para un uso en tiendas minorista, <span style=\"caret-color: #dd9933;\">detr\u00e1s<\/span> de un mostrador, en laboratorios, consultorios y talleres de producci\u00f3n. <\/span><\/strong>Tambi\u00e9n hace una clara declaraci\u00f3n en dise\u00f1o: estilizada, elegante, distintiva.<\/p>\n<p>Este modelo\u00a0esta tapizado con la tela CURA de la prestigiosa marca Gabriel. <span class=\"jCAhz ChMk0b\"><span class=\"ryNqvb\"><strong>Cura<\/strong> es un tejido de tapicer\u00eda <b>fabricado con 100% de poli\u00e9ster reciclado post-consumo, hecho de botellas de pl\u00e1stico usadas <\/b>que, de otro modo, podr\u00edan haber terminado en vertederos o en la naturaleza.<\/span><\/span> <span class=\"jCAhz ChMk0b\"><span class=\"ryNqvb\">El poli\u00e9ster reciclado utilizado para Cura tiene la certificaci\u00f3n GRS (Global Recycle Standard) para verificar el contenido del material reciclado y garantizar la trazabilidad.<\/span><\/span> <span class=\"jCAhz ChMk0b\"><span class=\"ryNqvb\">Como la mayor\u00eda de los tejidos de Gabriel, Cura tambi\u00e9n cuenta con la certificaci\u00f3n EU Ecolabel y STANDARD 100 by OEKO-TEX\u00ae. Test de resistencia: 100.000 ciclos Martindale. Se declina en 5 colores: negro (CU01), gris (CU02), gris clarito (CU17), azul (CU4) y verde helecho (CU14 )<\/span><\/span>.<\/p>\n<p><span style=\"color: #dd9933;\"><strong><em>Silla fabricada seg\u00fan configuraci\u00f3n del cliente: entrega entre 2 a 3 semanas una vez realizado el pago.<\/em><\/strong><\/span><\/p>\n","protected":false},"featured_media":2933,"template":"","meta":{"iawp_total_views":10},"product_brand":[],"product_cat":[58,50],"product_tag":[145,179,169],"class_list":{"0":"post-2910","1":"product","2":"type-product","3":"status-publish","4":"has-post-thumbnail","6":"product_cat-muvman","7":"product_cat-sillas-ergonomicas","8":"product_tag-ergonomica","9":"product_tag-officina","10":"product_tag-silla","11":"product_shipping_class-aeris","13":"first","14":"instock","15":"taxable","16":"shipping-taxable","17":"purchasable","18":"product-type-variable"},"acf":[],"_links":{"self":[{"href":"https:\/\/www.perihelio.com\/tienda\/wp-json\/wp\/v2\/product\/2910","targetHints":{"allow":["GET"]}}],"collection":[{"href":"https:\/\/www.perihelio.com\/tienda\/wp-json\/wp\/v2\/product"}],"about":[{"href":"https:\/\/www.perihelio.com\/tienda\/wp-json\/wp\/v2\/types\/product"}],"wp:featuredmedia":[{"embeddable":true,"href":"https:\/\/www.perihelio.com\/tienda\/wp-json\/wp\/v2\/media\/2933"}],"wp:attachment":[{"href":"https:\/\/www.perihelio.com\/tienda\/wp-json\/wp\/v2\/media?parent=2910"}],"wp:term":[{"taxonomy":"product_brand","embeddable":true,"href":"https:\/\/www.perihelio.com\/tienda\/wp-json\/wp\/v2\/product_brand?post=2910"},{"taxonomy":"product_cat","embeddable":true,"href":"https:\/\/www.perihelio.com\/tienda\/wp-json\/wp\/v2\/product_cat?post=2910"},{"taxonomy":"product_tag","embeddable":true,"href":"https:\/\/www.perihelio.com\/tienda\/wp-json\/wp\/v2\/product_tag?post=2910"}],"curies":[{"name":"wp","href":"https:\/\/api.w.org\/{rel}","templated":true}]}}