{"id":2850,"date":"2024-05-01T16:21:28","date_gmt":"2024-05-01T16:21:28","guid":{"rendered":"https:\/\/www.perihelio.com\/tienda\/?post_type=product&#038;p=2850"},"modified":"2025-03-11T17:52:19","modified_gmt":"2025-03-11T17:52:19","slug":"muvman-aeris-select-lana","status":"publish","type":"product","link":"https:\/\/www.perihelio.com\/tienda\/producto\/muvman-aeris-select-lana\/","title":{"rendered":"MUVMAN Aeris LANA 85% Select negra"},"content":{"rendered":"<p>Silla activa Aeris modelo<strong> Muvman, con asiento tapizado color negro de LANA 85% <\/strong>(tela Select, marca Gabriel).<\/p>\n<p>Gracias a su ergonom\u00eda y tecnolog\u00eda alemana innovadora esta silla <strong>nos permite estar sentado o de pie,<\/strong><strong> introduciendo el movimiento en el espacia de trabajo de manera activa y din\u00e1mica <\/strong>. Dise\u00f1ada para adaptarse de manera \u00f3ptima a cualquier superficie de trabajo, ajustable en altura, trabaja eficientemente contra los perjuicios de permanecer sentados o de pie durante largos periodos de tiempo, fomentando los cambios de postura, tanto cuando se est\u00e1 sentado como cuando se est\u00e1 de pie. Ideal para personas trabajando detr\u00e1s de un mostrador, talleres, laboratorio, etc.<\/p>\n<p>CARACTER\u00cdSTICAS DEL PRODUCTO<br \/>\nPeso del producto: Est\u00e1ndar: 6,3 kg \u00a0&#8211; Alto (high): 6,5 kg<br \/>\nDi\u00e1metro: 38 cm<br \/>\nPlaca de pie: Pl\u00e1stico reforzado con fibra de vidrio<br \/>\nPeso m\u00e1ximo del usuario: 120 kg<br \/>\nAsiento Soporte del asiento: pl\u00e1stico, tapicer\u00eda: espuma de PU<br \/>\nZona de asientos: 34 x 32 cm<br \/>\nAltura del asiento: Est\u00e1ndar: 51 \u2013 84 cm Alto (high): 60 \u2013 93 cm<\/p>\n<p><img loading=\"lazy\" decoding=\"async\" class=\"alignnone size-medium wp-image-1608\" src=\"https:\/\/www.perihelio.com\/tienda\/wp-content\/uploads\/2021\/02\/EN_Aeris_Authorised_Retailer_Logo_Black-300x55.png\" alt=\"\" width=\"300\" height=\"55\" srcset=\"https:\/\/www.perihelio.com\/tienda\/wp-content\/uploads\/2021\/02\/EN_Aeris_Authorised_Retailer_Logo_Black-300x55.png 300w, https:\/\/www.perihelio.com\/tienda\/wp-content\/uploads\/2021\/02\/EN_Aeris_Authorised_Retailer_Logo_Black-1024x186.png 1024w, https:\/\/www.perihelio.com\/tienda\/wp-content\/uploads\/2021\/02\/EN_Aeris_Authorised_Retailer_Logo_Black-768x140.png 768w, https:\/\/www.perihelio.com\/tienda\/wp-content\/uploads\/2021\/02\/EN_Aeris_Authorised_Retailer_Logo_Black-1536x280.png 1536w, https:\/\/www.perihelio.com\/tienda\/wp-content\/uploads\/2021\/02\/EN_Aeris_Authorised_Retailer_Logo_Black-416x76.png 416w, https:\/\/www.perihelio.com\/tienda\/wp-content\/uploads\/2021\/02\/EN_Aeris_Authorised_Retailer_Logo_Black.png 1911w\" sizes=\"auto, (max-width: 300px) 100vw, 300px\" \/><\/p>\n","protected":false},"excerpt":{"rendered":"<p><strong>Muvman<\/strong> con asiento tapizado de <strong>tela Select 85% de LANA <\/strong>(marca Gabriel) <strong>color negro<\/strong><\/p>\n<p><strong>La productividad comienza cuando las largas horas de pie terminan.\u00a0<\/strong><strong>Muvman<\/strong> es el primer asiento activo para estar de pie\/sentado que, gracias a una tecnolog\u00eda innovadora y ergonom\u00eda, cumple con todas las demandas del puesto de trabajo sin ning\u00fan compromiso. El taburete muvman establece puntos de referencia con un amplio rango de movimiento, flexibilidad y altura de asiento. <strong>Est\u00e1 pensado para su uso en tiendas minoristas, laboratorios, consultorios m\u00e9dicos y talleres de producci\u00f3n.<\/strong> Tambi\u00e9n hace una clara declaraci\u00f3n en dise\u00f1o: estilizada, elegante, distintiva. Con una calificaci\u00f3n de 200.000 ciclos Martindale, el tapizado de LANA Select es extremadamente duradero y adecuado para entornos de uso intensivo, con certificaci\u00f3n STANDARD 100 by OEKO-TEX\u00ae \u00a0y <strong>EU Ecolabel.<\/strong><\/p>\n","protected":false},"featured_media":805,"template":"","meta":{"iawp_total_views":7},"product_brand":[],"product_cat":[50,58],"product_tag":[141,178,169],"class_list":{"0":"post-2850","1":"product","2":"type-product","3":"status-publish","4":"has-post-thumbnail","6":"product_cat-sillas-ergonomicas","7":"product_cat-muvman","8":"product_tag-ergonomia","9":"product_tag-oficina","10":"product_tag-silla","11":"product_shipping_class-aeris","13":"first","14":"instock","15":"taxable","16":"shipping-taxable","17":"purchasable","18":"product-type-variable"},"acf":[],"_links":{"self":[{"href":"https:\/\/www.perihelio.com\/tienda\/wp-json\/wp\/v2\/product\/2850","targetHints":{"allow":["GET"]}}],"collection":[{"href":"https:\/\/www.perihelio.com\/tienda\/wp-json\/wp\/v2\/product"}],"about":[{"href":"https:\/\/www.perihelio.com\/tienda\/wp-json\/wp\/v2\/types\/product"}],"wp:featuredmedia":[{"embeddable":true,"href":"https:\/\/www.perihelio.com\/tienda\/wp-json\/wp\/v2\/media\/805"}],"wp:attachment":[{"href":"https:\/\/www.perihelio.com\/tienda\/wp-json\/wp\/v2\/media?parent=2850"}],"wp:term":[{"taxonomy":"product_brand","embeddable":true,"href":"https:\/\/www.perihelio.com\/tienda\/wp-json\/wp\/v2\/product_brand?post=2850"},{"taxonomy":"product_cat","embeddable":true,"href":"https:\/\/www.perihelio.com\/tienda\/wp-json\/wp\/v2\/product_cat?post=2850"},{"taxonomy":"product_tag","embeddable":true,"href":"https:\/\/www.perihelio.com\/tienda\/wp-json\/wp\/v2\/product_tag?post=2850"}],"curies":[{"name":"wp","href":"https:\/\/api.w.org\/{rel}","templated":true}]}}