{"id":2683,"date":"2024-02-23T22:24:54","date_gmt":"2024-02-23T22:24:54","guid":{"rendered":"https:\/\/www.perihelio.com\/tienda\/?post_type=product&#038;p=2683"},"modified":"2024-12-07T20:28:33","modified_gmt":"2024-12-07T20:28:33","slug":"secadora-deshidratador-solar-omy-s","status":"publish","type":"product","link":"https:\/\/www.perihelio.com\/tienda\/producto\/secadora-deshidratador-solar-omy-s\/","title":{"rendered":"SECADORA deshidratador solar OMY \u2013 S"},"content":{"rendered":"<h4><strong>Secadora y deshidratador solar OMY<\/strong><\/h4>\n<p>Secar y deshidratar alimentos y plantas para conservar lo mejor de ellos es un m\u00e9todo antiguo, eficaz y saludable.<\/p>\n<p><strong>Ventajas y caracter\u00edsticas de la secadora solar OMY<\/strong><\/p>\n<ul>\n<li>Temperatura de secado de 40 \u00b0C a 60 \u00b0C.<\/li>\n<li>Potencia: 200 vatios.<\/li>\n<li>Volumen de secado: de 1 a 4 kg.<\/li>\n<li>Tipo de secado: frutas, verduras, plantas arom\u00e1ticas y medicinales.<\/li>\n<li>Tiempo de secado: de 6 h a 48 h seg\u00fan los alimentos.<\/li>\n<li>Conserva el sabor y los nutrientes de los alimentos, as\u00ed como las propiedades de las plantas.<\/li>\n<li>Reflector de espejo S.R\u00e9flect para una cobertura m\u00e1xima.<\/li>\n<li>Sistema de ventilaci\u00f3n: el\u00e9ctrico, alimentado por panel solar de 1 vatio.<\/li>\n<li>Term\u00f3metro integrado en la carcasa.<\/li>\n<li>Bandejas modulares: 3 bandejas intercambiables (ampliable a 7 bandejas).<\/li>\n<li>Colocaci\u00f3n de los alimentos: en rejillas de acero inoxidable o pinchos de madera<\/li>\n<li>Puede utilizarse en cualquier latitud y en cualquier estaci\u00f3n del a\u00f1o.<\/li>\n<li>Transportable: asas de transporte.<\/li>\n<li>Estable y compacta: carcasa piramidal.<\/li>\n<li>Secado sostenible y respetuoso con el medio ambiente: funciona \u00fanicamente con energ\u00eda solar, uso de por vida.<\/li>\n<li>Fabricaci\u00f3n francesa, madera procedente de bosques autogestionados.<\/li>\n<\/ul>\n<p><strong><span style=\"font-size: 1.41575em;\">Utilizaci\u00f3n de la secadora<\/span><span style=\"font-size: 1.41575em;\"> s<\/span><span style=\"font-size: 1.41575em;\">olar<\/span><span style=\"font-size: 1.41575em;\"> OMY<\/span><\/strong><\/p>\n<p><strong>Principio<\/strong><\/p>\n<p>La secadora solar OMY\u00ae funciona con energ\u00eda solar. El espejo reflector devuelve la radiaci\u00f3n solar captada al interior de la caja, a un absorbedor negro, para convertirla en calor.<br \/>\nEste calor, preservado por un cristal, sube gradualmente. A medida que sube la temperatura, un sistema de corrientes naturales de aire caliente unido a un sistema el\u00e9ctrico de ventilaci\u00f3n (alimentado por un panel solar) elimina la humedad de los alimentos en las rejillas para deshidratarlos.<\/p>\n<p><strong>\u00bfQu\u00e9 tiempo se necesita?<\/strong><\/p>\n<p>Es necesario que haya \u201cpleno sol\u201d para captar los rayos solares necesarios para elevar la temperatura.<br \/>\nOMY es ideal para su uso en verano, cuando hay mucha producci\u00f3n o sobreproducci\u00f3n de frutas y hortalizas en el huerto o el jard\u00edn.<br \/>\nEs la \u00e9poca en que el sol est\u00e1 disponible, es el momento ideal para aprovechar la actividad de secado solar.<\/p>\n<p><strong>\u00bfQu\u00e9 alimentos deben secarse?<\/strong><\/p>\n<p>La secadora solar OMY puede utilizarse para secar frutas, verduras, flores y plantas arom\u00e1ticas y medicinales.<br \/>\nSecar los alimentos a bajas temperaturas, entre 40\u00b0C y 60\u00b0C, preserva la calidad nutricional de los alimentos (los minerales y las vitaminas se conservan en gran medida, con un sabor m\u00e1s concentrado), as\u00ed como los beneficios y propiedades de las plantas.<br \/>\nIncluso en invierno, puede disfrutar de calabazas, tomates, setas, fresas, albaricoques, mangos, caquis, kiwis, pl\u00e1tanos, peras, higos, manzanas, c\u00e1scaras de c\u00edtricos y mucho m\u00e1s.<br \/>\nSe puede incluso a\u00f1adir algunos p\u00e9talos de rosa, de capuchinas, etc. a ensaladas y pasteles.<br \/>\nRecoj\u00e1moslos y conserv\u00e9moslos a largo plazo para disfrutar de todos sus sabores y beneficios: perejil, azafr\u00e1n, mejorana, or\u00e9gano, romero, estrag\u00f3n, tomillo, albahaca, perifollo, cilantro, cebollino, manzanilla, sa\u00faco, salvia, etc.<\/p>\n<p><strong>\u00bfD\u00f3nde puedo utilizarlo?<\/strong><\/p>\n<p>La secadora solar OMY es ideal para utilizarla en su jard\u00edn, huerto o huerta.<br \/>\nEs f\u00e1cil de transportar gracias a sus asas, y su forma piramidal le confiere una gran estabilidad en el suelo.<br \/>\nCompacta, tiene un espejo que se despliega, un espacio para el panel solar (que alimenta el sistema de ventilaci\u00f3n) y un conjunto de bandejas ajustables.<\/p>\n<p><strong>En la pr\u00e1ctica<\/strong><\/p>\n<p>1\u00b0\/ Preparar los alimentos para un secado \u00f3ptimo: escurra los alimentos jugosos, corte la fruta y la verdura muy fina, etc. Consulta el manual OMY para informaci\u00f3n mas detallada.<br \/>\n2\u00b0\/ Colocar los alimentos o las plantas en una o varias rejillas (sobre una rejilla o asador). Importante: el tiempo de secado depender\u00e1 del n\u00famero de rejillas instaladas y del tipo de alimento a deshidratar. Consulta el manual OMY.<br \/>\n3\u00b0\/ Cerrar la parte superior de la caja con la cuerda para aislar y mantener el calor en la secadora.<br \/>\n4\u00ba\/ Colocar la secadora Omy orientada hacia el sol y despliegua el espejo reflector.<br \/>\n5\u00b0\/ Encender la ventilaci\u00f3n despu\u00e9s de colocar el cargador solar orientado hacia el sol.<br \/>\n6\u00b0\/ Dejar secar el tiempo necesario para deshidratar los alimentos.<\/p>\n<p><strong>Incluido en la <\/strong><strong>secadora solar OMY<\/strong><\/p>\n<p>\u2013 1 reflector S.Reflect\u00ae: espejo adhesivo.<br \/>\n\u2013 1 ventilador.<br \/>\n\u2013 1 panel solar de 1 vatio para alimentar el ventilador.<br \/>\n\u2013 1 term\u00f3metro.<br \/>\n\u2013 1 caja de madera.<br \/>\n\u2013 3 bandejas de madera.<br \/>\n\u2013 3 rejillas de acero inoxidable.<br \/>\n\u2013 1 rejilla protectora de acero inoxidable.<br \/>\n\u2013 Una placa de aluminio negra.<br \/>\n\u2013 Una ventana de plexigl\u00e1s.<br \/>\n\u2013 30 brochetas de madera.<\/p>\n<p><strong>Datos t\u00e9cnicos<\/strong><\/p>\n<p>\u2013 Dimensiones del producto montado: 70x50x35 cm.<br \/>\n\u2013 Tama\u00f1o y peso caja para OMY: 52x42x20,8 cm y 11,15 kg<br \/>\n\u2013 Materiales: madera de bosques autogestionados sin tratar, chapa de aluminio negra, acero inoxidable, espejo S-Reflect.<br \/>\n\u2013 Garant\u00eda: 2 a\u00f1os.<br \/>\n\u2013 Fabricado en Francia.<br \/>\n\u2013 Referencia : OMY-S.<\/p>\n<p><strong>NOTA: \u00a0La secadora OMY se entrega en kit de montaje.<\/strong><\/p>\n<p>&nbsp;<\/p>\n","protected":false},"excerpt":{"rendered":"<p>SECADO 40\u00b0C a 60\u00b0C<br \/>\nMODULABLE Y COMPACTO<\/p>\n<p><strong>Nota: para hacer el pedido contactar con nosotros para hacer la reserva.<\/strong><\/p>\n<p>Con la secadora y deshidratadora solar OMY, que se vende en kit de montaje, podr\u00e1s secar y conservar tus frutas, verduras, hierbas y plantas medicinales a largo plazo. Modular, est\u00e1 dise\u00f1ada con un sistema de 3 bandejas intercambiables (ampliable a 7 bandejas). Los alimentos se colocan sobre una rejilla para un secado ideal. Omy est\u00e1 equipado con un reflector orientable para adaptarlos a todas las latitudes y en todas las \u00e9pocas del a\u00f1o, as\u00ed como con un sistema de ventilaci\u00f3n el\u00e9ctrica alimentado por un panel solar. \u00a1Aprovecha los excedentes de tu huerta y frutales !<\/p>\n<p>BENEFICIOS:<br \/>\n\u2013 Energ\u00eda solar gratuita para toda la vida<br \/>\n\u2013 Sistema de ventilaci\u00f3n<br \/>\n\u2013 Ecoconcepto<\/p>\n<p>&nbsp;<\/p>\n<p>&nbsp;<\/p>\n","protected":false},"featured_media":2695,"template":"","meta":{"iawp_total_views":237},"product_brand":[],"product_cat":[34],"product_tag":[],"class_list":{"0":"post-2683","1":"product","2":"type-product","3":"status-publish","4":"has-post-thumbnail","6":"product_cat-solar","8":"first","9":"onbackorder","10":"sold-individually","11":"taxable","12":"shipping-taxable","13":"purchasable","14":"product-type-simple"},"acf":[],"_links":{"self":[{"href":"https:\/\/www.perihelio.com\/tienda\/wp-json\/wp\/v2\/product\/2683","targetHints":{"allow":["GET"]}}],"collection":[{"href":"https:\/\/www.perihelio.com\/tienda\/wp-json\/wp\/v2\/product"}],"about":[{"href":"https:\/\/www.perihelio.com\/tienda\/wp-json\/wp\/v2\/types\/product"}],"wp:featuredmedia":[{"embeddable":true,"href":"https:\/\/www.perihelio.com\/tienda\/wp-json\/wp\/v2\/media\/2695"}],"wp:attachment":[{"href":"https:\/\/www.perihelio.com\/tienda\/wp-json\/wp\/v2\/media?parent=2683"}],"wp:term":[{"taxonomy":"product_brand","embeddable":true,"href":"https:\/\/www.perihelio.com\/tienda\/wp-json\/wp\/v2\/product_brand?post=2683"},{"taxonomy":"product_cat","embeddable":true,"href":"https:\/\/www.perihelio.com\/tienda\/wp-json\/wp\/v2\/product_cat?post=2683"},{"taxonomy":"product_tag","embeddable":true,"href":"https:\/\/www.perihelio.com\/tienda\/wp-json\/wp\/v2\/product_tag?post=2683"}],"curies":[{"name":"wp","href":"https:\/\/api.w.org\/{rel}","templated":true}]}}