{"id":2570,"date":"2023-06-25T18:05:24","date_gmt":"2023-06-25T18:05:24","guid":{"rendered":"https:\/\/www.perihelio.com\/tienda\/?post_type=product&#038;p=2570"},"modified":"2023-06-25T18:07:41","modified_gmt":"2023-06-25T18:07:41","slug":"numo-aeris-amarilla","status":"publish","type":"product","link":"https:\/\/www.perihelio.com\/tienda\/producto\/numo-aeris-amarilla\/","title":{"rendered":"NUMO Aeris amarilla"},"content":{"rendered":"<p>Base Numo de 4 estrellas giratoria con ruedas<br \/>\nAluminio fundido a presi\u00f3n, pulido.<br \/>\nPeso (con ruedas): 8,5 kg<br \/>\nDimensiones (con ruedas): 57 x 55 cm<br \/>\nAltura: 80 cm<br \/>\nCinem\u00e1tica: Aluminio fundido a presi\u00f3n, pulido.<\/p>\n","protected":false},"excerpt":{"rendered":"<p><strong>Silla Numo 4 stars de Aeris, amarilla con ruedas\u00a0<\/strong>dise\u00f1ada por Andreas Ostwald.<\/p>\n<p>Sea cual sea la versi\u00f3n, la Aeris Numo ofrece una forma de movimiento \u00fanica. La silla de dise\u00f1o no s\u00f3lo se balancea hacia atr\u00e1s, sino tambi\u00e9n hacia adelante, creando una experiencia de asiento completamente nueva: al comer, trabajar o relajarse.La particularidad de esta variante del armaz\u00f3n es que la carcasa del asiento puede girar 360\u00b0, de modo que puede girar f\u00e1cilmente para mirar a sus interlocutores en la mesa.<\/p>\n<p>Para la Aeris Numo se puede elegir un coj\u00edn de asiento de forma ergon\u00f3mica: en el mismo color o como elemento de contraste (coj\u00edn no incluido)<\/p>\n","protected":false},"featured_media":2571,"template":"","meta":{"iawp_total_views":32},"product_brand":[],"product_cat":[49],"product_tag":[145,169],"class_list":{"0":"post-2570","1":"product","2":"type-product","3":"status-publish","4":"has-post-thumbnail","6":"product_cat-outlet","7":"product_tag-ergonomica","8":"product_tag-silla","10":"first","11":"instock","12":"sale","13":"taxable","14":"shipping-taxable","15":"purchasable","16":"product-type-simple"},"acf":[],"_links":{"self":[{"href":"https:\/\/www.perihelio.com\/tienda\/wp-json\/wp\/v2\/product\/2570","targetHints":{"allow":["GET"]}}],"collection":[{"href":"https:\/\/www.perihelio.com\/tienda\/wp-json\/wp\/v2\/product"}],"about":[{"href":"https:\/\/www.perihelio.com\/tienda\/wp-json\/wp\/v2\/types\/product"}],"wp:featuredmedia":[{"embeddable":true,"href":"https:\/\/www.perihelio.com\/tienda\/wp-json\/wp\/v2\/media\/2571"}],"wp:attachment":[{"href":"https:\/\/www.perihelio.com\/tienda\/wp-json\/wp\/v2\/media?parent=2570"}],"wp:term":[{"taxonomy":"product_brand","embeddable":true,"href":"https:\/\/www.perihelio.com\/tienda\/wp-json\/wp\/v2\/product_brand?post=2570"},{"taxonomy":"product_cat","embeddable":true,"href":"https:\/\/www.perihelio.com\/tienda\/wp-json\/wp\/v2\/product_cat?post=2570"},{"taxonomy":"product_tag","embeddable":true,"href":"https:\/\/www.perihelio.com\/tienda\/wp-json\/wp\/v2\/product_tag?post=2570"}],"curies":[{"name":"wp","href":"https:\/\/api.w.org\/{rel}","templated":true}]}}