{"id":257,"date":"2021-02-12T18:55:57","date_gmt":"2021-02-12T18:55:57","guid":{"rendered":"https:\/\/www.perihelio.com\/tienda\/?post_type=product&#038;p=257"},"modified":"2026-04-28T17:18:43","modified_gmt":"2026-04-28T17:18:43","slug":"muvman-cuero-artificial","status":"publish","type":"product","link":"https:\/\/www.perihelio.com\/tienda\/producto\/muvman-cuero-artificial\/","title":{"rendered":"MUVMAN Aeris piel sint\u00e9tica"},"content":{"rendered":"<p><strong>La productividad comienza cuando las largas horas de pie terminan.<\/strong><\/p>\n<p><strong>Muvman<\/strong> es el primer asiento activo para estar de pie\/sentado que, gracias a una tecnolog\u00eda innovadora y ergonom\u00eda, cumple con todas las demandas del puesto de trabajo sin ning\u00fan compromiso. El taburete muvman establece puntos de referencia con un amplio rango de movimiento, flexibilidad y altura de asiento. <strong>Est\u00e1 pensado para su uso en tiendas minoristas, laboratorios, consultorios m\u00e9dicos y talleres de producci\u00f3n.<\/strong> Tambi\u00e9n hace una clara declaraci\u00f3n en dise\u00f1o: estilizada, elegante, distintiva.<\/p>\n<p>Composici\u00f3n tapizado del asiento: Cuero artificial (Poro, ATN): 86% de cloruro de polivinilo, 9% de poli\u00e9ster, 5% de algod\u00f3n Resistencia a la abrasi\u00f3n: 120.000 Martindale<\/p>\n<div class=\"sc-3fi1by-0 hlEuXW\">CARACTER\u00cdSTICAS DEL PRODUCTO<br \/>\nPeso del producto: Est\u00e1ndar: 6,3 kg \u00a0&#8211; Alto (high): 6,5 kg<br \/>\nDi\u00e1metro: 38 cm<br \/>\nPlaca de pie: Pl\u00e1stico reforzado con fibra de vidrio<br \/>\nPeso m\u00e1ximo del usuario: 120 kg<br \/>\nAsiento Soporte del asiento: pl\u00e1stico, tapicer\u00eda: espuma de PU<br \/>\nZona de asientos: 34 x 32 cm<br \/>\nAltura del asiento: Est\u00e1ndar: 51 \u2013 84 cm Alto (high): 60 \u2013 93 cm<\/div>\n<div><\/div>\n<p>M\u00e1s informaci\u00f3n en la documentaci\u00f3n y el video.<\/p>\n<p><img loading=\"lazy\" decoding=\"async\" class=\"alignnone size-medium wp-image-1608\" src=\"https:\/\/www.perihelio.com\/tienda\/wp-content\/uploads\/2021\/02\/EN_Aeris_Authorised_Retailer_Logo_Black-300x55.png\" alt=\"\" width=\"300\" height=\"55\" srcset=\"https:\/\/www.perihelio.com\/tienda\/wp-content\/uploads\/2021\/02\/EN_Aeris_Authorised_Retailer_Logo_Black-300x55.png 300w, https:\/\/www.perihelio.com\/tienda\/wp-content\/uploads\/2021\/02\/EN_Aeris_Authorised_Retailer_Logo_Black-1024x186.png 1024w, https:\/\/www.perihelio.com\/tienda\/wp-content\/uploads\/2021\/02\/EN_Aeris_Authorised_Retailer_Logo_Black-768x140.png 768w, https:\/\/www.perihelio.com\/tienda\/wp-content\/uploads\/2021\/02\/EN_Aeris_Authorised_Retailer_Logo_Black-1536x280.png 1536w, https:\/\/www.perihelio.com\/tienda\/wp-content\/uploads\/2021\/02\/EN_Aeris_Authorised_Retailer_Logo_Black-416x76.png 416w, https:\/\/www.perihelio.com\/tienda\/wp-content\/uploads\/2021\/02\/EN_Aeris_Authorised_Retailer_Logo_Black.png 1911w\" sizes=\"auto, (max-width: 300px) 100vw, 300px\" \/><\/p>\n","protected":false},"excerpt":{"rendered":"<p><strong>Silla activa Aeris <\/strong>modelo <strong>Muvman<\/strong>, con asiento de piel sint\u00e9tica color negro (tela Poro, ATN)<\/p>\n<p>Gracias a su ergonom\u00eda y tecnolog\u00eda alemana innovadora esta silla <strong>nos permite estar sentado o de pie,<\/strong><b> introduciendo el movimiento en el espacia de trabajo de manera activa y din\u00e1mica <\/b>. Dise\u00f1ada para adaptarse de manera \u00f3ptima a cualquier superficie de trabajo, ajustable en altura, trabaja eficientemente contra los perjuicios de permanecer sentados o de pie durante largos periodos de tiempo, fomentando los cambios de postura, tanto cuando se est\u00e1 sentado como cuando se est\u00e1 de pie. Ideal para personas trabajando detr\u00e1s de un mostrador, talleres, laboratorio, etc.<\/p>\n<p>Existen dos rangos de altura a elegir en funci\u00f3n de la estatura de la persona que la va a usar y \/o\u00a0 la altura del plan de trabajo:<\/p>\n<ul>\n<li>Est\u00e1ndar (51 a 84 cm )<\/li>\n<li>Alta (60 a 93 cm )<\/li>\n<\/ul>\n<p><span style=\"color: #dd9933;\"><strong><em>Silla fabricada seg\u00fan configuraci\u00f3n del cliente: entrega entre 2 a 3 semanas una vez realizado el pago.<\/em><\/strong><\/span><\/p>\n<p>&nbsp;<\/p>\n","protected":false},"featured_media":269,"template":"","meta":{"iawp_total_views":19},"product_brand":[],"product_cat":[58,50],"product_tag":[141,178,169],"class_list":{"0":"post-257","1":"product","2":"type-product","3":"status-publish","4":"has-post-thumbnail","6":"product_cat-muvman","7":"product_cat-sillas-ergonomicas","8":"product_tag-ergonomia","9":"product_tag-oficina","10":"product_tag-silla","11":"product_shipping_class-aeris","13":"first","14":"instock","15":"taxable","16":"shipping-taxable","17":"purchasable","18":"product-type-variable"},"acf":[],"_links":{"self":[{"href":"https:\/\/www.perihelio.com\/tienda\/wp-json\/wp\/v2\/product\/257","targetHints":{"allow":["GET"]}}],"collection":[{"href":"https:\/\/www.perihelio.com\/tienda\/wp-json\/wp\/v2\/product"}],"about":[{"href":"https:\/\/www.perihelio.com\/tienda\/wp-json\/wp\/v2\/types\/product"}],"wp:featuredmedia":[{"embeddable":true,"href":"https:\/\/www.perihelio.com\/tienda\/wp-json\/wp\/v2\/media\/269"}],"wp:attachment":[{"href":"https:\/\/www.perihelio.com\/tienda\/wp-json\/wp\/v2\/media?parent=257"}],"wp:term":[{"taxonomy":"product_brand","embeddable":true,"href":"https:\/\/www.perihelio.com\/tienda\/wp-json\/wp\/v2\/product_brand?post=257"},{"taxonomy":"product_cat","embeddable":true,"href":"https:\/\/www.perihelio.com\/tienda\/wp-json\/wp\/v2\/product_cat?post=257"},{"taxonomy":"product_tag","embeddable":true,"href":"https:\/\/www.perihelio.com\/tienda\/wp-json\/wp\/v2\/product_tag?post=257"}],"curies":[{"name":"wp","href":"https:\/\/api.w.org\/{rel}","templated":true}]}}