{"id":2547,"date":"2023-06-25T12:40:43","date_gmt":"2023-06-25T12:40:43","guid":{"rendered":"https:\/\/www.perihelio.com\/tienda\/?post_type=product&#038;p=2547"},"modified":"2024-03-01T18:05:52","modified_gmt":"2024-03-01T18:05:52","slug":"linterna-sunsun-con-bateria","status":"publish","type":"product","link":"https:\/\/www.perihelio.com\/tienda\/producto\/linterna-sunsun-con-bateria\/","title":{"rendered":"LINTERNA SunSun con BATER\u00cdA"},"content":{"rendered":"<p><strong>LINTERNA SunSun<\/strong><\/p>\n<p>La linterna SunSun proporciona una iluminaci\u00f3n potente y una gran reserva de energ\u00eda en un dise\u00f1o compacto: \u00a1cargue r\u00e1pidamente todos sus dispositivos m\u00f3viles e ilumine cualquier lugar!<\/p>\n<p><strong>Resistente al agua IP65<\/strong><br \/>\nEsta bater\u00eda externa ha sido dise\u00f1ada y probada para ser <strong><span style=\"color: #dd9933;\">resistente al agua IP65<\/span><\/strong>, por lo que no tiene que preocuparse por las condiciones clim\u00e1ticas impredecibles o dejar caer accidentalmente la fuente de alimentaci\u00f3n en aguas poco profundas. \u00a1Perfecto para cualquier situaci\u00f3n de exploraci\u00f3n al aire libre!<img loading=\"lazy\" decoding=\"async\" class=\"alignnone wp-image-2565 \" src=\"https:\/\/www.perihelio.com\/tienda\/wp-content\/uploads\/2023\/06\/Sunsun_caidas-1-150x150.png\" alt=\"\" width=\"132\" height=\"132\" srcset=\"https:\/\/www.perihelio.com\/tienda\/wp-content\/uploads\/2023\/06\/Sunsun_caidas-1-150x150.png 150w, https:\/\/www.perihelio.com\/tienda\/wp-content\/uploads\/2023\/06\/Sunsun_caidas-1-324x324.png 324w, https:\/\/www.perihelio.com\/tienda\/wp-content\/uploads\/2023\/06\/Sunsun_caidas-1-100x100.png 100w\" sizes=\"auto, (max-width: 132px) 100vw, 132px\" \/><strong>Carga tu tel\u00e9fono 4 veces<\/strong><br \/>\nNo dejes que el dise\u00f1o compacto te enga\u00f1e, esta fuente de alimentaci\u00f3n contiene una potente bater\u00eda de 10.000 mAh para cargar tu tel\u00e9fono <strong><span style=\"color: #dd9933;\">hasta 4 veces<\/span><\/strong>.<\/p>\n<p><img loading=\"lazy\" decoding=\"async\" class=\"alignnone  wp-image-2566\" src=\"https:\/\/www.perihelio.com\/tienda\/wp-content\/uploads\/2023\/06\/Sunsun_carga-1-300x152.png\" alt=\"\" width=\"191\" height=\"97\" srcset=\"https:\/\/www.perihelio.com\/tienda\/wp-content\/uploads\/2023\/06\/Sunsun_carga-1-300x152.png 300w, https:\/\/www.perihelio.com\/tienda\/wp-content\/uploads\/2023\/06\/Sunsun_carga-1-416x210.png 416w, https:\/\/www.perihelio.com\/tienda\/wp-content\/uploads\/2023\/06\/Sunsun_carga-1.png 692w\" sizes=\"auto, (max-width: 191px) 100vw, 191px\" \/><\/p>\n<p><strong>Carga r\u00e1pidamente cualquier dispositivo.<\/strong><br \/>\nLa bater\u00eda tiene un puerto de alimentaci\u00f3n USB-C capaz de 18 W de entrada\/salida, as\u00ed como un puerto USB est\u00e1ndar. Esto significa que puedes cargar r\u00e1pidamente casi cualquier smartphone. <strong><span style=\"color: #dd9933;\">La bater\u00eda se carga por completo en solo 3 horas.<\/span><\/strong><\/p>\n<p><img loading=\"lazy\" decoding=\"async\" class=\"alignnone  wp-image-2567\" src=\"https:\/\/www.perihelio.com\/tienda\/wp-content\/uploads\/2023\/06\/Sunsun_taille-1-300x226.png\" alt=\"\" width=\"174\" height=\"131\" srcset=\"https:\/\/www.perihelio.com\/tienda\/wp-content\/uploads\/2023\/06\/Sunsun_taille-1-300x226.png 300w, https:\/\/www.perihelio.com\/tienda\/wp-content\/uploads\/2023\/06\/Sunsun_taille-1-1024x771.png 1024w, https:\/\/www.perihelio.com\/tienda\/wp-content\/uploads\/2023\/06\/Sunsun_taille-1-768x578.png 768w, https:\/\/www.perihelio.com\/tienda\/wp-content\/uploads\/2023\/06\/Sunsun_taille-1-416x313.png 416w, https:\/\/www.perihelio.com\/tienda\/wp-content\/uploads\/2023\/06\/Sunsun_taille-1.png 1028w\" sizes=\"auto, (max-width: 174px) 100vw, 174px\" \/><\/p>\n<p><strong>Potente linterna integrada<\/strong><br \/>\nCon una potente linterna integrada, siempre tendr\u00e1s una l\u00e1mpara a mano cuando la necesites. La linterna tiene incluso una <strong><span style=\"color: #dd9933;\">funci\u00f3n de se\u00f1al SOS<\/span><\/strong> que puedes utilizar en caso de problemas.<\/p>\n<p><img loading=\"lazy\" decoding=\"async\" class=\"alignnone  wp-image-2568\" src=\"https:\/\/www.perihelio.com\/tienda\/wp-content\/uploads\/2023\/06\/Sunsun_tienda-1-300x156.png\" alt=\"\" width=\"196\" height=\"102\" srcset=\"https:\/\/www.perihelio.com\/tienda\/wp-content\/uploads\/2023\/06\/Sunsun_tienda-1-300x156.png 300w, https:\/\/www.perihelio.com\/tienda\/wp-content\/uploads\/2023\/06\/Sunsun_tienda-1-416x216.png 416w, https:\/\/www.perihelio.com\/tienda\/wp-content\/uploads\/2023\/06\/Sunsun_tienda-1.png 700w\" sizes=\"auto, (max-width: 196px) 100vw, 196px\" \/><\/p>\n<p><strong>Ventajas y caracter\u00edsticas<\/strong><\/p>\n<p>&#8211; \u00a02 puertos: USB-C y USB-A<br \/>\n&#8211; \u00a0Carga r\u00e1pida: puerto USB 3.0<br \/>\n&#8211; \u00a01 linterna integrada (<strong><span style=\"color: #dd9933;\">16 LED) de 3W \/ 10h de gran autonom\u00eda<\/span><\/strong><br \/>\n&#8211; \u00a0Capacidad de la bater\u00eda: <strong><span style=\"color: #dd9933;\">en 30 minutos, el 50% de la carga de la\u00a0<\/span><\/strong><strong><span style=\"color: #dd9933;\">bater\u00eda de un tel\u00e9fono<\/span><\/strong><br \/>\n&#8211; \u00a0N\u00famero de recargas: hasta <strong><span style=\"color: #dd9933;\">4 recargas completas del tel\u00e9fono<\/span><\/strong><br \/>\n&#8211; \u00a0Horas de bater\u00eda extra: hasta <strong><span style=\"color: #dd9933;\">46 horas de autonom\u00eda extra en el tel\u00e9fono o 12 horas para la tableta<\/span><\/strong><br \/>\n&#8211; \u00a0Indicador de carga: LED para indicar la capacidad restante de la bater\u00eda (en incrementos del 25%)<br \/>\n&#8211; \u00a0Port\u00e1til: <strong><span style=\"color: #dd9933;\">ultraligero 270 g<\/span><\/strong><br \/>\n&#8211; \u00a0Adecuado para acampadas y festivales<br \/>\n&#8211; \u00a0Resistente al agua y al polvo <strong><span style=\"color: #dd9933;\">(IP67)<\/span><\/strong><br \/>\n&#8211; \u00a0Compatible con cualquier dispositivo USB: smartphone (Apple, Android), tableta, c\u00e1mara del coche, etc.<br \/>\n&#8211; \u00a0<strong><span style=\"color: #dd9933;\">Protecci\u00f3n el\u00e9ctrica<\/span><\/strong> contra sobrecarga, sobrecorriente, sobrecarga, sobre-calentamiento, cortocircuito.<\/p>\n<p><b>UTILIZACI\u00d3N<\/b><strong>\u00a0de la linterna SunSun<\/strong><\/p>\n<p><strong>Principio<\/strong><br \/>\nLa bater\u00eda <strong><span style=\"color: #dd9933;\">se recarga mediante un cargador solar<\/span><\/strong>, como el SUNMOOOVE disponible en nuestra p\u00e1gina web, o simplemente <strong><span style=\"color: #dd9933;\">enchuf\u00e1ndola a una toma de corriente con cualquier cargador USB.<\/span> <\/strong>Una vez cargada completamente, puede tener hasta 46 horas de autonom\u00eda.<\/p>\n<p><strong>\u00bfCon qu\u00e9 fin?<\/strong><br \/>\nEs ideal si quieres poder capturar tus recuerdos mientras est\u00e1s fuera o en casa sin riesgo de quedarte sin bater\u00eda si no hay un enchufe cerca.<\/p>\n<p><strong>Algunos detalles<\/strong><br \/>\nLa bater\u00eda externa no se carga sola: necesita un cargador para funcionar. Debes cargarla antes de usarla.<\/p>\n<p><strong>En la pr\u00e1ctica<\/strong><br \/>\n1\u00b0\/ Saque su l\u00e1mpara SunSun\/bater\u00eda, as\u00ed como el cable para cargar su tel\u00e9fono<br \/>\n2\u00b0\/ Aseg\u00farese de que la bater\u00eda se ha cargado: una luz indica el nivel de bater\u00eda restante.<br \/>\n3\u00b0\/ Conecte el cable entre la bater\u00eda y el objeto que desea cargar y \u00a1listo!<br \/>\n4\u00b0\/ Repita este procedimiento conectando hasta 2 dispositivos simult\u00e1neamente<\/p>\n<p><strong>Instrucciones de seguridad que hay que conocer<\/strong><br \/>\n&#8211; \u00a0No lo expongas al sol durante mucho tiempo y evita los cambios bruscos de temperatura (da\u00f1a la bater\u00eda).<br \/>\n&#8211; \u00a0Evite el uso prolongado de su bater\u00eda en un ambiente h\u00famedo<br \/>\n&#8211; \u00a0No queme ni incinere la bater\u00eda.<br \/>\n&#8211; \u00a0No cubra la bater\u00eda (compromete la disipaci\u00f3n del calor)<br \/>\n&#8211; \u00a0No tire, agite, deje caer, aplaste o golpee la bater\u00eda.<br \/>\n&#8211; \u00a0Mantener fuera del alcance de los ni\u00f1os<br \/>\n&#8211; \u00a0Desenchufe cuando no lo utilice y no deje la bater\u00eda sin vigilancia.<br \/>\n&#8211; \u00a0Evitar el contacto con productos qu\u00edmicos<\/p>\n<p><strong>\u00a1Incluido en el producto!<\/strong><\/p>\n<p>&#8211; Bater\u00eda externa de 10.000 mAh con linterna LED de 3 W<br \/>\n&#8211; Cable de carga USB-A\/USB-C<br \/>\n&#8211; Mosquet\u00f3n<br \/>\n&#8211; Instrucciones de uso<\/p>\n<p><strong>Datos t\u00e9cnicos<\/strong><\/p>\n<p>&#8211; Linterna 3W \/ 16 leds \/ 200 lm<br \/>\n&#8211; Capacidad: 10050 mAh @ 3,7V (37Wh)<br \/>\n&#8211; Dimensiones del producto: 9,7 x 9,7 x 2,85 cm<br \/>\n&#8211; Tipo de celda: Litio-ion 3350mAh x 3<br \/>\n&#8211; Garant\u00eda: 2 a\u00f1os<br \/>\n&#8211; Potencia de salida de los 2 puertos: 18 vatios<br \/>\n&#8211; Entrada USB-C: 5V\/2,5A &#8211; 9V\/2A (18W m\u00e1x.)<br \/>\n&#8211; Salida USB-A: 5V\/9V\/12V 18W<br \/>\n&#8211; Salida USB-C: 5V\/9V\/12V 18W<br \/>\n&#8211; Potencia de entrada: 18 vatios<br \/>\n&#8211; Tiempo de carga: 4 horas<br \/>\n&#8211; Peso del producto: 270 g<br \/>\n&#8211; Resistente al agua y al polvo (IP67)<br \/>\n&#8211; N\u00famero medio de cargas para un smartphone: 4<br \/>\n&#8211; Tiempo medio de carga de una tableta: 1,5<br \/>\n&#8211; Color: negro \/ amarillo<br \/>\n&#8211; Ref : SS10<\/p>\n","protected":false},"excerpt":{"rendered":"<div class=\"product-short-description\">\n<p>La linterna SunSun es<strong><span style=\"color: #dd9933;\"> a la vez una bater\u00eda USB de 10.000 mAh y una potente linterna LED<\/span><\/strong>, compacta, <strong><span style=\"color: #dd9933;\">resistente al agua (IP67)<\/span> <\/strong>y port\u00e1til. Con el SunSun, cargue r\u00e1pidamente todos sus dispositivos m\u00f3viles est\u00e9 donde est\u00e9: c\u00e1mara de fotos, smartphone, c\u00e1mara de fotos, etc. La linterna SunSun est\u00e1 dise\u00f1ada para acompa\u00f1arle en los viajes m\u00e1s extremos gracias a su robustez y a su gran reserva de energ\u00eda.<\/p>\n<p><strong>Beneficios<\/strong><\/p>\n<ul>\n<li><strong><span style=\"color: #dd9933;\">RESISTENTE AL AGUA Y AL POLVO<\/span><\/strong><\/li>\n<li><strong><span style=\"color: #dd9933;\">RESERVA DE ENERG\u00cdA E ILUMINACI\u00d3N: UTILIZABLES EN TODAS PARTES<\/span><\/strong><\/li>\n<li><strong><span style=\"color: #dd9933;\">PORT\u00c1TIL Y LIGERO 270gr<\/span><\/strong><\/li>\n<\/ul>\n<\/div>\n","protected":false},"featured_media":2561,"template":"","meta":{"iawp_total_views":18},"product_brand":[],"product_cat":[34],"product_tag":[181,131,36,35],"class_list":{"0":"post-2547","1":"product","2":"type-product","3":"status-publish","4":"has-post-thumbnail","6":"product_cat-solar","7":"product_tag-bateria","8":"product_tag-cargador","9":"product_tag-solar","10":"product_tag-supervivencia","12":"first","13":"instock","14":"taxable","15":"shipping-taxable","16":"purchasable","17":"product-type-simple"},"acf":[],"_links":{"self":[{"href":"https:\/\/www.perihelio.com\/tienda\/wp-json\/wp\/v2\/product\/2547","targetHints":{"allow":["GET"]}}],"collection":[{"href":"https:\/\/www.perihelio.com\/tienda\/wp-json\/wp\/v2\/product"}],"about":[{"href":"https:\/\/www.perihelio.com\/tienda\/wp-json\/wp\/v2\/types\/product"}],"wp:featuredmedia":[{"embeddable":true,"href":"https:\/\/www.perihelio.com\/tienda\/wp-json\/wp\/v2\/media\/2561"}],"wp:attachment":[{"href":"https:\/\/www.perihelio.com\/tienda\/wp-json\/wp\/v2\/media?parent=2547"}],"wp:term":[{"taxonomy":"product_brand","embeddable":true,"href":"https:\/\/www.perihelio.com\/tienda\/wp-json\/wp\/v2\/product_brand?post=2547"},{"taxonomy":"product_cat","embeddable":true,"href":"https:\/\/www.perihelio.com\/tienda\/wp-json\/wp\/v2\/product_cat?post=2547"},{"taxonomy":"product_tag","embeddable":true,"href":"https:\/\/www.perihelio.com\/tienda\/wp-json\/wp\/v2\/product_tag?post=2547"}],"curies":[{"name":"wp","href":"https:\/\/api.w.org\/{rel}","templated":true}]}}