{"id":2527,"date":"2023-05-15T21:12:27","date_gmt":"2023-05-15T21:12:27","guid":{"rendered":"https:\/\/www.perihelio.com\/tienda\/?post_type=product&#038;p=2527"},"modified":"2023-06-25T11:40:16","modified_gmt":"2023-06-25T11:40:16","slug":"cocina-solar-sunglobe","status":"publish","type":"product","link":"https:\/\/www.perihelio.com\/tienda\/producto\/cocina-solar-sunglobe\/","title":{"rendered":"COCINA SOLAR SUNGLOBE"},"content":{"rendered":"<p>La cocina solar SUNGLOBE\u00ae es un <a href=\"https:\/\/www.solarbrother.com\/es\/como-elegir-su-horno-solar\/todo-sobre-las-cocinas-solares\/\">horno solar parab\u00f3lico<\/a> que ofrece una cocci\u00f3n potente y r\u00e1pida para obtener recetas sabrosas y radiantes. \u00a1Ponga el sol en su jard\u00edn!<\/p>\n<p><strong>Ventajas y especificaciones de SUNGLOBE<\/strong><\/p>\n<p>&#8211; Temperatura de cocci\u00f3n: de 200\u00b0C a 240\u00b0C<br \/>\n&#8211; Potencia: 850 vatios<br \/>\n&#8211; Capacidad: de 2 a 5 personas<br \/>\n&#8211; Volumen de cocci\u00f3n: de 2 a 4 litros<br \/>\n&#8211; Tiempo de cocci\u00f3n: calentamiento r\u00e1pido (10 minutos)<br \/>\n&#8211; Tipos de cocci\u00f3n: cocina en olla, wok, plancha<br \/>\n&#8211; S\u00f3lido: estructura de acero inoxidable<br \/>\n&#8211; Reflectores flexibles e irrompibles<br \/>\n&#8211; Sistema de orientaci\u00f3n de la antena parab\u00f3lica hacia el sol<br \/>\n&#8211; Sistema de rotaci\u00f3n on\/off de la parab\u00f3lica<br \/>\n&#8211; Cocina sana: sin llamas ni humo<br \/>\n&#8211; Cocina ecol\u00f3gica, sin emisiones de CO2, uso sostenible<br \/>\n&#8211; Fabricado en Francia<\/p>\n<p><strong>Uso de la cocina solar SUNGLOBE<\/strong><\/p>\n<p><em><strong>Principio<\/strong><\/em><\/p>\n<p>La cocina solar SUNGLOBE\u00ae utiliza la tecnolog\u00eda solar concentrada para cocinar de forma eficiente, sana y ecol\u00f3gica. Gracias a su forma parab\u00f3lica de 100 cm de di\u00e1metro, los rayos del sol se concentran r\u00e1pidamente en el centro de la par\u00e1bola y calientan los alimentos de manera uniforme.<\/p>\n<p><em><strong>\u00bfQu\u00e9 tipo de clima?<\/strong><\/em><\/p>\n<p>Para cocinar de forma \u00f3ptima, es necesario que haya una buena luz solar, es decir, que las sombras de las personas y los objetos se dibujen en el suelo. Funciona en invierno y en verano, independientemente de la temperatura exterior. El sistema de rotaci\u00f3n de la par\u00e1bola ofrece una gran flexibilidad de orientaci\u00f3n al sol para una cocci\u00f3n \u00f3ptima durante todo el d\u00eda, con una reorientaci\u00f3n de la par\u00e1bola aproximadamente cada 25 minutos. En caso de lluvia y entre dos cocciones, la par\u00e1bola puede girarse con un solo movimiento hacia el modo \u00aboff\u00bb.<\/p>\n<p><em><strong>\u00bfQu\u00e9 recetas?<\/strong><\/em><\/p>\n<p>El horno solar SUNGLOBE\u00ae permite una gran variedad de recetas gracias a su soporte que se adapta a cualquier tipo de plato para cocinar en modo \u00abcocotte\u00bb, \u00abwok\u00bb, \u00absart\u00e9n\u00bb, \u00abplancha\u00bb (carne, pescado, pisto, pan, pizza, pasteles, mermeladas, etc.). Sin llama ni humo, el horno solar SUNGLOBE\u00ae cocina alimentos sanos y resalta su sabor.<\/p>\n<p><em><strong>\u00bfD\u00f3nde utilizarlo?<\/strong><\/em><\/p>\n<p>La cocina solar SUNGLOBE\u00ae est\u00e1 fabricada en acero inoxidable para un uso duradero. Es ideal para cocinar con energ\u00eda solar en terrazas, campings, casas de campo y jardines. La par\u00e1bola se separa f\u00e1cilmente de su estructura met\u00e1lica para un almacenamiento optimizado en el interior despu\u00e9s de su uso (no est\u00e1 dise\u00f1ado para permanecer en el exterior).<\/p>\n<p><strong>Como usarla:\u00a0<\/strong><\/p>\n<p>1\u00b0\/ Colocar los ingredientes en un recipiente<br \/>\n2\u00b0\/ Montar la par\u00e1bola y coloque su recipiente en el soporte<br \/>\n3\u00b0\/ Oriente la par\u00e1bola de la barbacoa SUNGLOBE\u00ae hacia el sol utilizando la mirilla.<br \/>\n4\u00b0\/ Reajuste la cocina cada 25 minutos seg\u00fan el movimiento del sol.<br \/>\n5\u00b0\/ Terminar la cocci\u00f3n cerrando la par\u00e1bola hacia el suelo<br \/>\n6\u00b0\/ \u00a1Disfruta!<\/p>\n<p><strong>* A saber<\/strong><br \/>\n&#8211; Los espejos permanecen fr\u00edos, la zona caliente est\u00e1 en el centro de la estructura del horno SUNGLOBE\u00ae.<br \/>\n&#8211; Utiliza gafas de sol para proteger tus ojos<br \/>\n&#8211; Utilice una fuente de horno fina, negra o de color oscuro (no utilice recipientes blancos, de acero inoxidable) sin partes de madera o pl\u00e1stico.<br \/>\nRecomendamos las diferentes ollas disponibles en nuestra p\u00e1gina web.<\/p>\n<p><strong>Incluido en la caja<br \/>\n<\/strong>Entregado en kit: montaje inicial: 2h con un destornillador (incluido)<br \/>\n&#8211; 20 tiras de espejo S.Reflect\u00ae.<br \/>\n&#8211; 20 lamas de polipropileno reciclado<br \/>\n&#8211; 1 estructura de acero inoxidable con soporte plano<br \/>\n&#8211; 1 mirilla para orientar la par\u00e1bola<br \/>\n&#8211; 1 destornillador<br \/>\n&#8211; 1 agarradera<br \/>\n&#8211; 1 pa\u00f1o suave<br \/>\n&#8211; 1 manual<\/p>\n<p><strong>Datos t\u00e9cnicos de la barbacoa solar SUNGLOBE<\/strong><\/p>\n<p>&#8211; Peso : 5 kg \/ Peso del paquete : 6 kg<br \/>\n&#8211; Dimensiones del paquete : 90 x 12 X 22 cm<br \/>\n&#8211; Dimensiones abiertas : \u00f8 100 cm<br \/>\n&#8211; Profundidad de la par\u00e1bola : 30cm<br \/>\n&#8211; Dimensiones de la base : 120cm<br \/>\n&#8211; Soporte de cocci\u00f3n : para plato de 28cm de di\u00e1metro m\u00e1ximo<\/p>\n<p>Materiales :<br \/>\n&#8211; Estructura de acero inoxidable<br \/>\n&#8211; Espejo reflector S.Reflect de aluminio adhesivo<br \/>\n&#8211; Soporte de espejo en polipropileno reciclado<\/p>\n<p>&#8211; F\u00e1cil mantenimiento con un pa\u00f1o suave o h\u00famedo<br \/>\n&#8211; Garant\u00eda: 2 a\u00f1os<br \/>\n&#8211; Fabricado en Francia<\/p>\n","protected":false},"excerpt":{"rendered":"<p>HORNEADO con temperaturas de 200\u00b0C a 240\u00b0C<br \/>\nPOTENTE &#8211; GIRATORIO<\/p>\n<p>Con una temperatura de cocci\u00f3n de 200\u00b0C a 240\u00b0C, la cocina solar SUNGLOBE\u00ae le permite elaborar todo tipo de recetas con una olla, un wok o sobre una plancha (pollo, pisto, pan, pizza, pasteles, etc.). Con su cocina ecol\u00f3gica y saludable redescubrira el sabor de la comida y el placer de cocinar al aire libre . Su parabola est\u00e1 equipada con un sistema de rotaci\u00f3n \u00abon\/off\u00bb para una cocci\u00f3n segura. S\u00f3lida y ligera, colorida y eficiente, la barbacoa y cocina solar SUNGLOBE\u00ae es un verdadero sol en su jard\u00edn.<\/p>\n<p>Beneficios:<br \/>\n&#8211; ENERG\u00cdA GRATUITA PARA TODA LA VIDA<br \/>\n&#8211; POTENTE<br \/>\n&#8211; NO HAY RESISTENCIA AL VIENTO<\/p>\n<p>Entrega: 4 \u00a0a 6 d\u00edas habiles<\/p>\n","protected":false},"featured_media":2530,"template":"","meta":{"iawp_total_views":61},"product_brand":[],"product_cat":[34],"product_tag":[54,121,151,183,36],"class_list":{"0":"post-2527","1":"product","2":"type-product","3":"status-publish","4":"has-post-thumbnail","6":"product_cat-solar","7":"product_tag-cocina","8":"product_tag-ecologico","9":"product_tag-horno","10":"product_tag-outdoor","11":"product_tag-solar","12":"product_shipping_class-dropshipping-sun","14":"first","15":"instock","16":"sold-individually","17":"taxable","18":"shipping-taxable","19":"purchasable","20":"product-type-simple"},"acf":[],"_links":{"self":[{"href":"https:\/\/www.perihelio.com\/tienda\/wp-json\/wp\/v2\/product\/2527","targetHints":{"allow":["GET"]}}],"collection":[{"href":"https:\/\/www.perihelio.com\/tienda\/wp-json\/wp\/v2\/product"}],"about":[{"href":"https:\/\/www.perihelio.com\/tienda\/wp-json\/wp\/v2\/types\/product"}],"wp:featuredmedia":[{"embeddable":true,"href":"https:\/\/www.perihelio.com\/tienda\/wp-json\/wp\/v2\/media\/2530"}],"wp:attachment":[{"href":"https:\/\/www.perihelio.com\/tienda\/wp-json\/wp\/v2\/media?parent=2527"}],"wp:term":[{"taxonomy":"product_brand","embeddable":true,"href":"https:\/\/www.perihelio.com\/tienda\/wp-json\/wp\/v2\/product_brand?post=2527"},{"taxonomy":"product_cat","embeddable":true,"href":"https:\/\/www.perihelio.com\/tienda\/wp-json\/wp\/v2\/product_cat?post=2527"},{"taxonomy":"product_tag","embeddable":true,"href":"https:\/\/www.perihelio.com\/tienda\/wp-json\/wp\/v2\/product_tag?post=2527"}],"curies":[{"name":"wp","href":"https:\/\/api.w.org\/{rel}","templated":true}]}}