{"id":2391,"date":"2023-02-09T22:56:33","date_gmt":"2023-02-09T22:56:33","guid":{"rendered":"https:\/\/www.perihelio.com\/tienda\/?post_type=product&#038;p=2391"},"modified":"2025-02-23T22:51:47","modified_gmt":"2025-02-23T22:51:47","slug":"aeris-active-office","status":"publish","type":"product","link":"https:\/\/www.perihelio.com\/tienda\/producto\/aeris-active-office\/","title":{"rendered":"ESCRITORIO de oficina Aeris Active Office"},"content":{"rendered":"<p><img loading=\"lazy\" decoding=\"async\" class=\"alignnone wp-image-2403 size-full\" src=\"https:\/\/www.perihelio.com\/tienda\/wp-content\/uploads\/2023\/02\/AO-06-S.jpg\" alt=\"\" width=\"2000\" height=\"1333\" srcset=\"https:\/\/www.perihelio.com\/tienda\/wp-content\/uploads\/2023\/02\/AO-06-S.jpg 2000w, https:\/\/www.perihelio.com\/tienda\/wp-content\/uploads\/2023\/02\/AO-06-S-300x200.jpg 300w, https:\/\/www.perihelio.com\/tienda\/wp-content\/uploads\/2023\/02\/AO-06-S-1024x682.jpg 1024w, https:\/\/www.perihelio.com\/tienda\/wp-content\/uploads\/2023\/02\/AO-06-S-768x512.jpg 768w, https:\/\/www.perihelio.com\/tienda\/wp-content\/uploads\/2023\/02\/AO-06-S-1536x1024.jpg 1536w, https:\/\/www.perihelio.com\/tienda\/wp-content\/uploads\/2023\/02\/AO-06-S-416x277.jpg 416w\" sizes=\"auto, (max-width: 2000px) 100vw, 2000px\" \/><\/p>\n<p>El escritorio Aeris Active Office es convincente:<br \/>\n* Tama\u00f1o: (ancho) 200 cm x (profundidad) 93 cm.<br \/>\n* Rango de ajuste de altura el\u00e9ctrico: aprox. 70 &#8211; 129 cm (el asiento y la mesa alta solo pueden ajustarse en altura juntos).<br \/>\n* Altura de pie: 103,5 &#8211; 129 cm (tablero incluido).<br \/>\n* Altura del asiento: 70 &#8211; 95 cm (tablero incluido).<br \/>\n* Ancho del tablero de la mesa para trabajar de pie o sentado: 106 cm.<br \/>\n* Ancho del asiento de la mesa: 122 cm.<br \/>\n* Tableros de aglomerado resistente, revestido con melamina.<br \/>\n* Base de mesa de acero.<br \/>\n* El motor silencioso incorporado permite un ajuste de altura r\u00e1pido y simult\u00e1neo de ambas superficies de la mesa.<br \/>\n* Todo en orden: con las bandejas de cables (incluidas en el kit) en el asiento y la mesa alta, los cables necesarios para el monitor y el ordenador casi desaparecen, haci\u00e9ndose invisibles pero siguen siendo f\u00e1cilmente accesibles.<\/p>\n<p>DISPONIBLES COMO EXTRA <strong>(no incluido en el kit):<\/strong><br \/>\n* Un set el\u00e9ctrico (blanco o negro): dos regletas (UE) + un cable de conexi\u00f3n + un cable de alimentaci\u00f3n, se pueden colocar en las bandejas porta-cables y aseguran un suministro el\u00e9ctrico \u00f3ptimo en el lugar de trabajo.<br \/>\n*Un sistema de gesti\u00f3n de cables (blanco o negro): gu\u00eda discretamente los cables a lo largo de la pata de la mesa hasta los dispositivos.<br \/>\n* El escritorio Aeris Active Office \u00a0se combina perfectamente con otros productos Aeris: escritorios simples o dobles, asientos, alfombras activas, etc.<\/p>\n<p><strong>Nota importante:<\/strong>\u00a0El env\u00edo se realiza en 4 paquetes (posiblemente entregas parciales). Proporcione su n\u00famero de tel\u00e9fono al finalizar la compra para obtener m\u00e1s informaci\u00f3n sobre la entrega. Peso total de los paquetes: 81kg.<br \/>\nInformaci\u00f3n legal: N\u00famero de registro WEEE DE19387110 Aeris GmbH<\/p>\n","protected":false},"excerpt":{"rendered":"<p><span style=\"color: #dd9933;\"><strong>Cuando el escritorio regulable en altura se convierte en tu entrenador personal.<\/strong><\/span><\/p>\n<p><strong>Escritorio de oficina Aeris Active Office<\/strong> blanco, aspecto de madera de roble, mesa alta a la izquierda.<\/p>\n<p>El <strong><span style=\"color: #dd9933;\">escritorio doble <\/span><\/strong><span style=\"color: #000000;\">Active Office Desk,<\/span><strong><span style=\"color: #dd9933;\"> ajustable en altura<\/span><\/strong>\u00a0de la marca Aeris \u00a0impresiona con su forma org\u00e1nica \u00fanica y sus numerosas combinaciones de colores (existen m\u00e1s opciones y colores en nuestra tienda).\u00a0Con \u00e9l se desarroll\u00f3 la idea de trabajar <strong><span style=\"color: #dd9933;\">alternando entre estar de pie y sentado.<\/span><\/strong><\/p>\n<p>El escritorio de pie\/sentado dividido permite un <strong><span style=\"color: #dd9933;\">cambio de posici\u00f3n r\u00e1pido e intuitivo <\/span><\/strong>durante el trabajo, sin tener que operar el ajuste el\u00e9ctrico de altura. Con uno solo, la gente al final se olvida de subir y bajarlo. El escritorio doble favorece as\u00ed un mayor movimiento durante el trabajo en la oficina o en casa.<\/p>\n<p>El producto se entrega con manual de montaje y viene en 4 paquetes.<\/p>\n<p>Cat\u00e1logo descargable en la pesta\u00f1a \u00abDocumentaci\u00f3n\u00bb.<\/p>\n<p><strong><span style=\"color: #dd9933;\">Entrega: 2 a 3\u00a0<span style=\"caret-color: #dd9933;\">semanas<\/span>\u00a0tras realizar el pago.<\/span><\/strong><br \/>\n<strong><span style=\"color: #dd9933;\">Env\u00edo gratuito.<\/span><\/strong><\/p>\n","protected":false},"featured_media":2397,"template":"","meta":{"iawp_total_views":14},"product_brand":[],"product_cat":[146,50],"product_tag":[],"class_list":{"0":"post-2391","1":"product","2":"type-product","3":"status-publish","4":"has-post-thumbnail","6":"product_cat-oficina-activa","7":"product_cat-sillas-ergonomicas","8":"product_shipping_class-aeris","10":"first","11":"instock","12":"taxable","13":"shipping-taxable","14":"purchasable","15":"product-type-simple"},"acf":[],"_links":{"self":[{"href":"https:\/\/www.perihelio.com\/tienda\/wp-json\/wp\/v2\/product\/2391","targetHints":{"allow":["GET"]}}],"collection":[{"href":"https:\/\/www.perihelio.com\/tienda\/wp-json\/wp\/v2\/product"}],"about":[{"href":"https:\/\/www.perihelio.com\/tienda\/wp-json\/wp\/v2\/types\/product"}],"wp:featuredmedia":[{"embeddable":true,"href":"https:\/\/www.perihelio.com\/tienda\/wp-json\/wp\/v2\/media\/2397"}],"wp:attachment":[{"href":"https:\/\/www.perihelio.com\/tienda\/wp-json\/wp\/v2\/media?parent=2391"}],"wp:term":[{"taxonomy":"product_brand","embeddable":true,"href":"https:\/\/www.perihelio.com\/tienda\/wp-json\/wp\/v2\/product_brand?post=2391"},{"taxonomy":"product_cat","embeddable":true,"href":"https:\/\/www.perihelio.com\/tienda\/wp-json\/wp\/v2\/product_cat?post=2391"},{"taxonomy":"product_tag","embeddable":true,"href":"https:\/\/www.perihelio.com\/tienda\/wp-json\/wp\/v2\/product_tag?post=2391"}],"curies":[{"name":"wp","href":"https:\/\/api.w.org\/{rel}","templated":true}]}}