{"id":2270,"date":"2022-06-18T10:24:58","date_gmt":"2022-06-18T10:24:58","guid":{"rendered":"https:\/\/www.perihelio.com\/tienda\/?post_type=product&#038;p=2270"},"modified":"2024-02-02T11:24:01","modified_gmt":"2024-02-02T11:24:01","slug":"trampa-mosquitos-aqualab","status":"publish","type":"product","link":"https:\/\/www.perihelio.com\/tienda\/producto\/trampa-mosquitos-aqualab\/","title":{"rendered":"TRAMPA Mosquitos AQUALAB"},"content":{"rendered":"<p><b>Caracter\u00edsticas:<\/b> trampa para larvas con dispositivo especial para la puesta de mosquitos tigre. Principio patentado: controlar el ciclo de multiplicaci\u00f3n exponencial de los mosquitos en un jard\u00edn, atrayendo y concentrando a las hembras hacia la(s) trampa(s), ofreci\u00e9ndoles un sitio \u201cideal\u201d para la puesta de huevos. A continuaci\u00f3n, las larvas quedan atrapadas en un dispositivo de doble compartimento, sin poder salir de la trampa despu\u00e9s de la eclosi\u00f3n.<\/p>\n<p><strong>Periodo de uso recomendado:<\/strong> de primavera a oto\u00f1o, sin interrupci\u00f3n.<\/p>\n<p><strong>Seguro:<\/strong> La composici\u00f3n de este suplemento nutricional es completamente natural y sin ning\u00fan peligro para las personas, las mascotas o el ecosistema del jard\u00edn. No hay peligro de que venga un perro, por ejemplo, a beber el agua de la trampa&#8230;.<\/p>\n<p>Colocar una trampa Aqualab aproximadamente cada diez metros alrededor de la zona a proteger, a una distancia m\u00ednima de 5 m de la vivienda o de las personas, en un lugar sombreado pero sin una cubierta vegetal que la oculte.<\/p>\n<p>No enmascare la luz lateral: por ejemplo NO esconderla dentro de una mata \u00a0de plantas, porque esta fuente de luz lateral es parte del mecanismo de la trampa. De hecho, las larvas tienen 2 reflejos permanentes: bajar al fondo para alimentarse y luego subir a la superficie para acercarse al ox\u00edgeno. La luz es as\u00ed un marcador que los atraer\u00e1 hacia un lado, para luego subir hacia el compartimento de la trampa, en lugar de ir hacia el centro, que est\u00e1 oscuro.<\/p>\n<p>Llena el recipiente con agua hasta el l\u00edmite de desbordamiento y disuelve en \u00e9l un sobre de suplemento nutricional, que enriquecer\u00e1 inmediatamente el agua con hidratos de carbono y prote\u00ednas. De hecho, los mosquitos \u00abanalizan\u00bb la calidad del agua antes de poner huevos (mediante su evaporaci\u00f3n), y debe ser lo suficientemente \u00abnutritiva\u00bb para el desarrollo de sus larvas (el agua del grifo es demasiado pura).<\/p>\n<p>Luego coloque la pieza de Masonite en el cono negro, una de las caras cortada en tri\u00e1ngulo tocando la parte inferior del cono, la parte \u00e1spera hacia el cielo. Este dispositivo est\u00e1 destinado a los mosquitos \u00abTigre\u00bb que no ponen huevos en la superficie del agua, sino en trozos de madera o plantas en contacto con el agua.\u00a0Verifique de vez en cuando que el nivel del agua se haya mantenido estable y agregue m\u00e1s si se ha evaporado. Normalmente, si la trampa ha sido bien colocada en un \u00e1rea sombreada y fresca, la necesidad de agua adicional solo es necesaria cada dos semanas.<br \/>\nSi la diluci\u00f3n del agua no ha sido demasiado grande por lluvia o evaporaci\u00f3n, el c\u00edrculo es \u00abvirtuoso\u00bb: los desarrollos larvarios y sus residuos mantienen la calidad nutricional del agua, y atraen nuevas puestas de huevos sin necesidad de a\u00f1adir suplemento nutricional. tabletasNo obstante, si la trampa se ha volcado, o si el ciclo larvario no es regular, renovar el enriquecimiento con una pastilla de cebo.<br \/>\nSi la concentraci\u00f3n de residuos obstruye todos los circuitos del aparato, haga correr el agua sobre una superficie seca, luego dentro de una bolsa transparente cerrada, desm\u00f3ntela, aplaste cualquier mosquito vivo, luego lave el aparato antes de volver a colocarlo, \u00a0y a\u00f1adir unas tabletas de suplementos nutricionales.<br \/>\nNormalmente, si la trampa ha sido bien colocada y alimentada, el ciclo larvario ser\u00e1 constante desde la primavera hasta el oto\u00f1o, con la \u00fanica necesidad de a\u00f1adir un poco de agua peri\u00f3dicamente.<\/p>\n<p>En general, las primeras larvas ser\u00e1n \u00abvisibles\u00bb a simple vista solamente despu\u00e9s de quince d\u00edas, incluso si se han desarrollado desde los primeros d\u00edas: \u00a1son microsc\u00f3picas durante unos d\u00edas! Luego, renov\u00e1ndose constantemente el ciclo, observaremos constantemente larvas en diferentes etapas de su desarrollo, muriendo la mayor\u00eda antes de su t\u00e9rmino, pero algunas llegando a la etapa de eclosi\u00f3n de mosquitos adultos que morir\u00e1n r\u00e1pidamente por agotamiento.<\/p>\n","protected":false},"excerpt":{"rendered":"<h4><strong>AQUALAB<\/strong> Trampa para <strong>larvas de mosquitos<\/strong><\/h4>\n<p><strong>Aqualab<\/strong> es una trampa para la <span style=\"color: #dd9933;\"><strong>captura de larvas de todas las especies de mosquitos<\/strong><\/span>, en especial \u00abel Tigre\u00bb \u00a0con dispositivo especial para la puesta de huevos de mosquito tigre.<\/p>\n<p>El kit incluye el <span style=\"color: #dd9933;\"><strong>recipiente de captura y 3 pastillas de atrayente nutricional Aqualab<\/strong><\/span> (cada una de 1 mes de duraci\u00f3n aprox. ). Se puede comprar m\u00e1s pastillas de recambio aparte.<\/p>\n<p><strong>Aqualab<\/strong> es una trampa para la <strong><span style=\"color: #dd9933;\">captura de larvas de mosquitos de todas las especies\u00a0y e<\/span><\/strong><span style=\"color: #dd9933;\"><strong>n particular el \u201cTigre\u201d, c<\/strong><\/span>on\u00a0dispositivo especial para la puesta de huevos de mosquito tigre.<\/p>\n<p>Sistema patentado de control del ciclo exponencial de multiplicaci\u00f3n de mosquitos en sus zonas de puesta, ofreciendo un sitio ideal para la oviposici\u00f3n. Las larvas se quedan encerradas en un dispositivo de doble compartimiento sin poder salir de la trampa.<\/p>\n<p>Las trampas deben colocarse a nivel del suelo, a la sombra alrededor del \u00e1rea a proteger, a unos 10 metros la una de la otra y a una distancia de al menos 5 metros del espacio habitable.<\/p>\n<ul>\n<li><strong><span style=\"color: #dd9933;\">Favorece el control del ciclo de los mosquitos, respetando el ecosistema.<\/span><\/strong><\/li>\n<li><span style=\"color: #dd9933;\"><strong>Sin riesgos para los animales dom\u00e9sticos<\/strong>.<\/span> Es un sistema a base de agua, natural y seguro.<\/li>\n<li>Ideal para el jard\u00edn: protege los espacios donde se hace vida, como las terrazas o inmediaciones de la piscina.<\/li>\n<li>Medidas: 20x20cm<\/li>\n<li>Peso: 0,5<\/li>\n<\/ul>\n<p><strong>Aqualab se compone de:<\/strong><\/p>\n<ul>\n<li>Recipiente de captur<\/li>\n<li><span style=\"color: #dd9933;\"><strong>3 pastillas de atrayente nutricional Aqualab<\/strong>,<\/span> cada una de 1 mes de duraci\u00f3n (se puede adquirir el atrayente de recambio a parte).<\/li>\n<\/ul>\n","protected":false},"featured_media":2276,"template":"","meta":{"iawp_total_views":41},"product_brand":[],"product_cat":[15],"product_tag":[214,215],"class_list":{"0":"post-2270","1":"product","2":"type-product","3":"status-publish","4":"has-post-thumbnail","6":"product_cat-otros","7":"product_tag-mosquitos","8":"product_tag-trampa","10":"first","11":"instock","12":"taxable","13":"shipping-taxable","14":"purchasable","15":"product-type-simple"},"acf":[],"_links":{"self":[{"href":"https:\/\/www.perihelio.com\/tienda\/wp-json\/wp\/v2\/product\/2270","targetHints":{"allow":["GET"]}}],"collection":[{"href":"https:\/\/www.perihelio.com\/tienda\/wp-json\/wp\/v2\/product"}],"about":[{"href":"https:\/\/www.perihelio.com\/tienda\/wp-json\/wp\/v2\/types\/product"}],"wp:featuredmedia":[{"embeddable":true,"href":"https:\/\/www.perihelio.com\/tienda\/wp-json\/wp\/v2\/media\/2276"}],"wp:attachment":[{"href":"https:\/\/www.perihelio.com\/tienda\/wp-json\/wp\/v2\/media?parent=2270"}],"wp:term":[{"taxonomy":"product_brand","embeddable":true,"href":"https:\/\/www.perihelio.com\/tienda\/wp-json\/wp\/v2\/product_brand?post=2270"},{"taxonomy":"product_cat","embeddable":true,"href":"https:\/\/www.perihelio.com\/tienda\/wp-json\/wp\/v2\/product_cat?post=2270"},{"taxonomy":"product_tag","embeddable":true,"href":"https:\/\/www.perihelio.com\/tienda\/wp-json\/wp\/v2\/product_tag?post=2270"}],"curies":[{"name":"wp","href":"https:\/\/api.w.org\/{rel}","templated":true}]}}