{"id":2257,"date":"2022-05-25T00:04:27","date_gmt":"2022-05-25T00:04:27","guid":{"rendered":"https:\/\/www.perihelio.com\/tienda\/?post_type=product&#038;p=2257"},"modified":"2025-06-23T13:03:56","modified_gmt":"2025-06-23T13:03:56","slug":"go-mini-horno-solar","status":"publish","type":"product","link":"https:\/\/www.perihelio.com\/tienda\/producto\/go-mini-horno-solar\/","title":{"rendered":"GOSUN GO mini horno solar"},"content":{"rendered":"<ul>\n<li><strong>Horno multifuncional:<\/strong> asa, calienta, guisa y tambi\u00e9n hierve o esteriiza agua.<\/li>\n<li><strong>Seguro:<\/strong> no hay riesgo de incendio.<\/li>\n<li><strong>Sin supervisi\u00f3n:<\/strong> simplemente abre el panel reflector y d\u00e9jelo solo. No hay riesgo de que la comida se queme y es seguro si hay ni\u00f1os alrededor.<\/li>\n<li><strong>Deliciosa:<\/strong> \u00a0la cocci\u00f3n es uniforme y conserva los sabores, sin riesgo de quemar la comida.<\/li>\n<li><strong>Limpieza:<\/strong> Muy f\u00e1cil de limpiar con un pa\u00f1o.<\/li>\n<li><strong>R\u00e1pido:<\/strong> Cocina la mayor\u00eda de los platos en 20 \/30 minutos y hierve 40cl de agua en 30 minutos.<\/li>\n<li><strong>Cocinar entre las nubes<\/strong>: \u00a1no hace falta ver el sol para cocinar! El GoSun GO es tan eficaz a la hora de capturar la energ\u00eda del sol que lo \u00fanico que necesita para empezar a cocinar es ver su sombra definida en el suelo.<\/li>\n<li><strong>Port\u00e1til:<\/strong> se instala en segundos. Ligero y robusto, se puede transportar f\u00e1cilmente para que puedas cocinar en cualquier parte.<\/li>\n<li><strong>No hay combustible:<\/strong> Sin da\u00f1os, sin llamas, sin transporte de combustible, sin gas, sin electricidad, sin humos cancer\u00edgenos&#8230;. y sin costes adicionales.<\/li>\n<li><strong>Garant\u00eda:<\/strong> 2 a\u00f1os<\/li>\n<\/ul>\n<p>COMO FUNCIONA:<\/p>\n<p>Los dos reflectores desplegados captar\u00e1n los rayos del sol y los concentrar\u00e1n en el tubo de vac\u00edo, que se calentar\u00e1 r\u00e1pidamente.Gracias a su forma parab\u00f3lica, el horno no tendr\u00e1 problemas para captar la m\u00e1xima cantidad de luz solar, minimizando la necesidad de reajustar el horno para orientarlo hacia el sol.<\/p>\n<p>El coraz\u00f3n de la tecnolog\u00eda de cocci\u00f3n de Go reside en su c\u00e1mara de cocci\u00f3n y su tubo de vac\u00edo. Cuando est\u00e1 lleno de alimentos, el tubo absorbe la luz y act\u00faa como aislante, haciendo que cocinar en condiciones de fr\u00edo y viento sea un juego de ni\u00f1os.<\/p>\n<p>Los reflectores parab\u00f3licos del horno captan tanto la luz directa como la difusa. Esto significa que la cocina solar no requiere pr\u00e1cticamente ning\u00fan reajuste en funci\u00f3n del sol, lo que permite cocinar f\u00e1cilmente durante todo el a\u00f1o.<\/p>\n<p>Trabajando juntos, los reflectores parab\u00f3licos de Go y el tubo de vac\u00edo convierten casi el 80% de toda la luz solar que llega a los reflectores en calor utilizable. El aislamiento del tubo de vac\u00edo mantiene este calor, haciendo que todas sus comidas est\u00e9n calientes, durante horas, durante todo el a\u00f1o.<\/p>\n<p>CARACTERISTICAS:<\/p>\n<ul>\n<li>Temperatura m\u00e1xima: 260\u00b0C<\/li>\n<li>Peso neto: 1,0 kg<\/li>\n<li>Capacidad: 0,4 L<\/li>\n<li>Dimensiones del recipiente de cocci\u00f3n: \u00d8 4,4 cm; L 29cm<\/li>\n<li>Tama\u00f1o del producto : <em>Abierto 36 x 17,8 x 25 cm <\/em>\/ <em>Cerrado 36 x 17,8 x 8,5 cm<\/em><\/li>\n<li>Tama\u00f1o del paquete:<em> 44 x 24 x 14 cm<\/em><\/li>\n<li>Fabricado en China<\/li>\n<\/ul>\n","protected":false},"excerpt":{"rendered":"<p>Gosun GO, el <strong>MINI HORNO SOLAR:<\/strong><br \/>\nEl horno solar m\u00e1s port\u00e1til del mundo, <strong>pesa solo 1kg,\u00a0<\/strong>\u00a0En solo 20 mn tienes tu comida lista, tambi\u00e9n hierve liquido y esteriliza el agua utilizando \u00fanicamente la energ\u00eda del sol. Ideal para camping, playa, senderismo, eventos y supervivencia. \u00a0Incluida bolsa anti-choque para protegerle durante el transporte.<\/p>\n","protected":false},"featured_media":2258,"template":"","meta":{"iawp_total_views":67},"product_brand":[],"product_cat":[34],"product_tag":[54,151,36],"class_list":{"0":"post-2257","1":"product","2":"type-product","3":"status-publish","4":"has-post-thumbnail","6":"product_cat-solar","7":"product_tag-cocina","8":"product_tag-horno","9":"product_tag-solar","11":"first","12":"instock","13":"sold-individually","14":"taxable","15":"shipping-taxable","16":"purchasable","17":"product-type-simple"},"acf":[],"_links":{"self":[{"href":"https:\/\/www.perihelio.com\/tienda\/wp-json\/wp\/v2\/product\/2257","targetHints":{"allow":["GET"]}}],"collection":[{"href":"https:\/\/www.perihelio.com\/tienda\/wp-json\/wp\/v2\/product"}],"about":[{"href":"https:\/\/www.perihelio.com\/tienda\/wp-json\/wp\/v2\/types\/product"}],"wp:featuredmedia":[{"embeddable":true,"href":"https:\/\/www.perihelio.com\/tienda\/wp-json\/wp\/v2\/media\/2258"}],"wp:attachment":[{"href":"https:\/\/www.perihelio.com\/tienda\/wp-json\/wp\/v2\/media?parent=2257"}],"wp:term":[{"taxonomy":"product_brand","embeddable":true,"href":"https:\/\/www.perihelio.com\/tienda\/wp-json\/wp\/v2\/product_brand?post=2257"},{"taxonomy":"product_cat","embeddable":true,"href":"https:\/\/www.perihelio.com\/tienda\/wp-json\/wp\/v2\/product_cat?post=2257"},{"taxonomy":"product_tag","embeddable":true,"href":"https:\/\/www.perihelio.com\/tienda\/wp-json\/wp\/v2\/product_tag?post=2257"}],"curies":[{"name":"wp","href":"https:\/\/api.w.org\/{rel}","templated":true}]}}