{"id":1858,"date":"2022-02-26T12:30:25","date_gmt":"2022-02-26T12:30:25","guid":{"rendered":"https:\/\/www.perihelio.com\/tienda\/?post_type=product&#038;p=1858"},"modified":"2024-09-17T17:34:35","modified_gmt":"2024-09-17T17:34:35","slug":"sunplicity-cocina-solar-plegable","status":"publish","type":"product","link":"https:\/\/www.perihelio.com\/tienda\/producto\/sunplicity-cocina-solar-plegable\/","title":{"rendered":"Eq=inox Sunplicity Cocina solar plegable"},"content":{"rendered":"<h3><span style=\"color: #000000;\">MEJORAS DEL \u00a0EQ=INOXE:<\/span><\/h3>\n<p>El nuevo modelo de <strong>SUNplicity \u00a0Eq=inoxe <\/strong>tiene todos los puntos fuertes de los hornos solares SUNplicity, pero <strong>se han modificado algunos detalles:<\/strong><\/p>\n<ul>\n<li><b style=\"color: #dd9933;\">El pie y las bisagras <\/b><span style=\"color: #000000;\">est\u00e1n fabricados en <b style=\"color: #dd9933;\">inox,<\/b>\u00a0ahora a\u00fan m\u00e1s resistentes y <\/span><span style=\"caret-color: #dd9933;\"><span style=\"color: #000000;\">no se oxidan.<\/span><\/span><\/li>\n<li><strong><span style=\"color: #dd9933;\">Los pies est\u00e1n reforzados<\/span><\/strong> para aumentar su resistencia y reducir su flexibilidad.<\/li>\n<li><strong><span style=\"color: #dd9933;\"><span style=\"caret-color: #dd9933;\">Totalmente<\/span> met\u00e1lico: <\/span><\/strong>Por lo tanto saludable y duradero, para un uso diario intensivo.<\/li>\n<li>El peque\u00f1o trapo de microfibra ha sido sustituido por una <strong><span style=\"color: #dd9933;\">gran bayeta de puro algod\u00f3n<\/span>,<\/strong> perfecta para limpiar el espejo y recoger los platos calientes.<\/li>\n<li><strong><span style=\"color: #dd9933;\">La barra de orientaci\u00f3n ahora se puede instalar de cualquier lado,<\/span><\/strong> simplificando as\u00ed el montaje y evitando errores de montaje.<\/li>\n<li><strong><span style=\"color: #dd9933;\">Las instrucciones de montaje han sido redise\u00f1adas<\/span><\/strong> y dibujadas con un estilo nuevo y m\u00e1s claro.<\/li>\n<li><strong><span style=\"color: #dd9933;\">Los clips se han eliminados<\/span> <\/strong>porque m\u00e1s engorrosos que \u00fatiles. Pero se ha a\u00f1adido una nota que explica c\u00f3mo obtenerlos y c\u00f3mo usarlos.<\/li>\n<li>Tiene como accesorio un peque\u00f1o <strong><span style=\"color: #dd9933;\">tr\u00e9bede plegable <\/span><\/strong>para poner encima un recipiente un poco m\u00e1s grande o \u00a0una cafetera o tetera.<\/li>\n<li>Este modelo tiene una potencia de 400 vatios y cocina para 2 a 3 personas (o m\u00e1s, si prolongamos el tiempo de cocci\u00f3n).<\/li>\n<li>Su peso = 2,8 kg.<\/li>\n<li>Dimensi\u00f3n : abierto \u00d8 85 cm (parabola), cerrado es ultra plano 55 x 30 x 5 cm.<\/li>\n<li>Completamente met\u00e1lico, as\u00ed que sano y durable, para una utilizaci\u00f3n cotidiana intensiva.<\/li>\n<li>Su espejo reflejante es de la mejor calidad europea, un puro aluminio anodizado recubierto de 2 nano capas tipo cer\u00e1mico, para reforzar la luz y limitar los ara\u00f1azos.<\/li>\n<li>Su tiempo de montaje o desmontaje despu\u00e9s de uso = 1 minuto.<\/li>\n<li>Su sistema de visor \u00fanico, indica el tiempo de cocci\u00f3n y permite anticiparlo sobre la trayectoria del sol.<\/li>\n<li>Gracias a ello, su tiempo de autonom\u00eda sin vigilancia es casi de 3 horas (con una tapa negra).<\/li>\n<\/ul>\n<h3>SEGURIDAD :<\/h3>\n<ul>\n<li>La chapa del horno se queda fr\u00eda, solamente se calienta el recipiente.<\/li>\n<li>En caso de viento el espejo puede voltearse sin volcar ni desramar nada.<\/li>\n<li>El fondo del z\u00f3calo esta previsto para poner lastre con el fin de asegurar la estabilidad.<\/li>\n<li>Todas las intervenciones se realizan desde la parte trasera, sin jam\u00e1s mirar el sol, prescindiendo de llevar gafas de sol.<\/li>\n<\/ul>\n<h3>COCI\u00d3N:<\/h3>\n<ul>\n<li>La cocina solar en vaci\u00f3 sube a 230\u00b0C en 10 minutos de media.<\/li>\n<li>El calor es mejor repartido que sobre una par\u00e1bola plana, cuece sin quemar, ni pegarse al fondo del recipiente.<\/li>\n<li>A\u00f1adir \u00bc de hora por hora de tiempo de cocci\u00f3n cl\u00e1sica para un resultado sabroso.<\/li>\n<li>1 litro de agua en ebullici\u00f3n = \u00bd hora.<\/li>\n<li>Para una funci\u00f3n optima se necesita un bonito cielo azul.<\/li>\n<\/ul>\n<h3>UNA PRODUCCI\u00d3N ECO-SOLIDARIA:<\/h3>\n<p>El horno solar de SUNplicity se fabrica con un enfoque eco-responsable en Francia. Al trabajar con dos centros ESAT, con talleres protegidos donde trabajan personas con discapacidad, estamos fortaleciendo nuestro enfoque <strong><span style=\"color: #dd9933;\">eco-solidario<\/span><\/strong>. Ha recibido el label Solar Impulse Efficient Solution en 2019 y <strong><span style=\"color: #dd9933;\">medalla de oro<\/span><\/strong>\u00a0del concurso L\u00e9pine en 2011.<\/p>\n<p><img loading=\"lazy\" decoding=\"async\" class=\"wp-image-2113 alignleft\" src=\"https:\/\/www.perihelio.com\/tienda\/wp-content\/uploads\/2022\/04\/Logo_Lepine-e1650018381661-300x274.png\" alt=\"\" width=\"171\" height=\"156\" srcset=\"https:\/\/www.perihelio.com\/tienda\/wp-content\/uploads\/2022\/04\/Logo_Lepine-e1650018381661-300x274.png 300w, https:\/\/www.perihelio.com\/tienda\/wp-content\/uploads\/2022\/04\/Logo_Lepine-e1650018381661.png 391w\" sizes=\"auto, (max-width: 171px) 100vw, 171px\" \/><img loading=\"lazy\" decoding=\"async\" class=\"wp-image-2114 alignleft\" src=\"https:\/\/www.perihelio.com\/tienda\/wp-content\/uploads\/2022\/04\/Logo_solar-impulse-300x239.jpg\" alt=\"\" width=\"180\" height=\"144\" srcset=\"https:\/\/www.perihelio.com\/tienda\/wp-content\/uploads\/2022\/04\/Logo_solar-impulse-300x239.jpg 300w, https:\/\/www.perihelio.com\/tienda\/wp-content\/uploads\/2022\/04\/Logo_solar-impulse-768x612.jpg 768w, https:\/\/www.perihelio.com\/tienda\/wp-content\/uploads\/2022\/04\/Logo_solar-impulse-416x332.jpg 416w, https:\/\/www.perihelio.com\/tienda\/wp-content\/uploads\/2022\/04\/Logo_solar-impulse.jpg 1000w\" sizes=\"auto, (max-width: 180px) 100vw, 180px\" \/><\/p>\n<p>&nbsp;<\/p>\n","protected":false},"excerpt":{"rendered":"<p><strong>\u00a0<span style=\"color: #dd9933;\"><span style=\"caret-color: #dd9933;\">Eq=inox<\/span>\u00a0es la versi\u00f3n mejorada de la SUNplicity.<\/span>\u00a0<\/strong><\/p>\n<p>Tiene m\u00e1s elementos de acero inoxidable para aumentar su vida \u00fatil.<span class=\"Y2IQFc\" lang=\"es\"> Los elementos de acero inoxidable son: las bisagras de la parabola, los pies, el soporte del recipiente, la varilla de orientaci\u00f3n magn\u00e9tica.<\/span><\/p>\n<p>Los pies han sido reforzados, incluye un trapo para limpiar los espejos y coger los platos calientes, u otros peque\u00f1os detalles.<\/p>\n<p>Cocina solar plegable muy potente, pero a la vez muy segura y f\u00e1cil de montar y desmontar, sin herramientas en 1 mn. Alcanza la temperatura de 230\u00ba en 10 mn, y permite\u00a0 cocinar una gran variedad de recetas: estofados, en modo \u00abhorno\u00bb o \u00abbarbacoa\u00bb: todo tipo de carnes, pescados, verduras, pasteles, \u00a0pizza, etc. Realza los sabores y aromas y respeta los nutrientes, el aceite y la sal se pueden reducir significativamente o incluso eliminar.<\/p>\n<p><span class=\"Y2IQFc\" lang=\"es\">Este modelo tiene una potencia de 400 vatios y cocina para 2 a 3 personas (o m\u00e1s, si alargas el tiempo).<\/span><\/p>\n[video width=\"848\" height=\"480\" mp4=\"https:\/\/www.perihelio.com\/tienda\/wp-content\/uploads\/2021\/06\/Sunplicity_nieve.mp4\"][\/video]\n<p>&nbsp;<\/p>\n","protected":false},"featured_media":2589,"template":"","meta":{"iawp_total_views":210},"product_brand":[],"product_cat":[34],"product_tag":[120,121,36],"class_list":{"0":"post-1858","1":"product","2":"type-product","3":"status-publish","4":"has-post-thumbnail","6":"product_cat-solar","7":"product_tag-cocinar","8":"product_tag-ecologico","9":"product_tag-solar","10":"product_shipping_class-dropshipping-sun","12":"first","13":"instock","14":"sold-individually","15":"taxable","16":"shipping-taxable","17":"purchasable","18":"product-type-simple"},"acf":[],"_links":{"self":[{"href":"https:\/\/www.perihelio.com\/tienda\/wp-json\/wp\/v2\/product\/1858","targetHints":{"allow":["GET"]}}],"collection":[{"href":"https:\/\/www.perihelio.com\/tienda\/wp-json\/wp\/v2\/product"}],"about":[{"href":"https:\/\/www.perihelio.com\/tienda\/wp-json\/wp\/v2\/types\/product"}],"wp:featuredmedia":[{"embeddable":true,"href":"https:\/\/www.perihelio.com\/tienda\/wp-json\/wp\/v2\/media\/2589"}],"wp:attachment":[{"href":"https:\/\/www.perihelio.com\/tienda\/wp-json\/wp\/v2\/media?parent=1858"}],"wp:term":[{"taxonomy":"product_brand","embeddable":true,"href":"https:\/\/www.perihelio.com\/tienda\/wp-json\/wp\/v2\/product_brand?post=1858"},{"taxonomy":"product_cat","embeddable":true,"href":"https:\/\/www.perihelio.com\/tienda\/wp-json\/wp\/v2\/product_cat?post=1858"},{"taxonomy":"product_tag","embeddable":true,"href":"https:\/\/www.perihelio.com\/tienda\/wp-json\/wp\/v2\/product_tag?post=1858"}],"curies":[{"name":"wp","href":"https:\/\/api.w.org\/{rel}","templated":true}]}}