{"id":1831,"date":"2021-12-18T22:55:51","date_gmt":"2021-12-18T22:55:51","guid":{"rendered":"https:\/\/www.perihelio.com\/tienda\/?post_type=product&#038;p=1831"},"modified":"2024-06-17T12:56:28","modified_gmt":"2024-06-17T12:56:28","slug":"suntaste-200-plus-horno-solar","status":"publish","type":"product","link":"https:\/\/www.perihelio.com\/tienda\/producto\/suntaste-200-plus-horno-solar\/","title":{"rendered":"SUNTASTE 200 Large &#8211; Horno solar"},"content":{"rendered":"<div class=\"description\">\n<p><strong>Un horno tradicional, pero solar:<\/strong><br \/>\n&#8211; Cocci\u00f3n suave y con poca vigilancia<br \/>\n&#8211; Cocci\u00f3n hasta 200\u00b0C<br \/>\n&#8211; Listo para usar<\/p>\n<\/div>\n<p>El horno solar <strong>SunTaste 200 Large <\/strong>funciona con energ\u00eda solar. Los rayos se concentran en el interior del horno, el calor sube gradualmente y calienta su preparaci\u00f3n. El aumento gradual de la temperatura permite una cocci\u00f3n suave y no necesita mucha atenci\u00f3n.<\/p>\n<p>El <strong>SunTaste 200 Large viene con una olla y una fuente<\/strong> <strong>rectangular<\/strong> de color negro, ambas<strong> ideales para cocinar con energ\u00eda solar<\/strong>.<\/p>\n<p><strong>Otra ventaja:<\/strong> Se puede utilizar para secar los alimentos. En una determinada configuraci\u00f3n el SunTaste 200 Large puede actuar como secador solar. Para secar los alimentos es necesario que est\u00e9n a una temperatura entre 35\u00b0 y 60\u00b0C, \u00a0Para controlar la temperatura y que tu horno solar no se caliente demasiado, tienes estas siguientes opciones:<br \/>\n&#8211; No orientar el panel reflectante en su posici\u00f3n \u00f3ptima<br \/>\n&#8211; Dejar la puerta trasera entreabierta<br \/>\n&#8211; Colocar la cocina solar en una zona ligeramente sombreada<br \/>\nEn cualquier caso, es importante controlar la temperatura, lo que puede hacer con un term\u00f3metro.<\/p>\n<p><strong>VENTAJAS Y ESPECIFICIDADES:<\/strong><\/p>\n<ul>\n<li>Rendimiento de un horno tradicional<\/li>\n<li>Dise\u00f1o ecol\u00f3gico, hecho de corcho<\/li>\n<li>Ligero, transportable: asas laterales<\/li>\n<li>Capacidad para 5 a 6 personas<\/li>\n<li>Orientaci\u00f3n simple<\/li>\n<li>Tipo de cocci\u00f3n: al horno, a fuego lento o al vapor \u00a0(excepto freir).<\/li>\n<li>Ejemplos de cocci\u00f3n: sopa de verduras (120 mn), pescado (30-45 mn), chuletas de cerdo (20-30 mn), pollo al curry (90-120 mn), pastel de nueces (60-75 mn).<\/li>\n<li>F\u00e1cil de limpiar con un pa\u00f1o h\u00famedo<\/li>\n<\/ul>\n<p><strong>DATOS T\u00c9CNICOS:<\/strong><\/p>\n<ul>\n<li>Peso: 11,8 kg \/ Peso del paquete: 16,5 kg<\/li>\n<li>Materiales: Corcho, vidrio, aluminio<\/li>\n<li>Tama\u00f1o del paquete: 72 x 50 x 37 cm<\/li>\n<li>Dimensiones exteriores del producto: 66 x 43 x 32 cm (Altura: 32 cm cerrado, \u00a071 cm abierto)<\/li>\n<li>Dimensiones interiores para cocinar: 50 cm x 30 cm &#8211; Altura: 13 cm m\u00edn., 17 cm de media.<\/li>\n<li>Fabricado en Europa<\/li>\n<li>Garant\u00eda: 2 a\u00f1os<\/li>\n<\/ul>\n<p><strong>INCLUIDOS EN EL PAQUETE:<\/strong><\/p>\n<ul>\n<li>1 Suntaste 200 Plus<\/li>\n<li>1 Olla negra de 20cm de di\u00e1metro<\/li>\n<li>1 Fuente negra para asar de 30&#215;28 cm<\/li>\n<li>1 Manual de instrucciones (idiomas: espa\u00f1ol\/franc\u00e9s\/ingles\/portugu\u00e9s\/ japon\u00e9s)<\/li>\n<\/ul>\n","protected":false},"excerpt":{"rendered":"<p><strong>SE PUEDE RESERVAR &#8211; 1 a 2 semanas para la entrega.<\/strong><\/p>\n<p><span style=\"color: #dd9933;\"><span style=\"caret-color: #dd9933;\"><b>HORNO SOLAR para cocinar para 5 a 6 personas o con dos recipientes a la vez.\u00a0<\/b><\/span><\/span><\/p>\n<p><span style=\"color: #dd9933;\"><strong>El horno solar SUNTASTE 200 Large, lo mejor que la naturaleza te puede dar:<\/strong><\/span><br \/>\nEst\u00e1 dise\u00f1ado para cocinar todo tipo de alimentos y recetas <strong>para 5 a 6 personas<\/strong>. Aislado t\u00e9rmicamente y compacto, puede llevarlo a donde quiera.Con el SunTaste 200 Large, <strong>podr\u00e1 cocinar las mismas recetas que hace con su horno tradicional:<\/strong> pescado, carne, verduras, sopas, pero tambi\u00e9n pan, pizzas, tartas o pasteles. Al igual que un horno tradicional, es necesario un tiempo de precalentamiento de entre 20 y 30 minutos.<\/p>\n<div class=\"module--translations-translatedtext js-module--translations-translatedtext\" data-size=\"s\"><span style=\"color: #dd9933;\"><b>MUY F\u00c1CIL DE USAR:<\/b><\/span><\/div>\n<div class=\"module--translations-translatedtext js-module--translations-translatedtext\" data-size=\"s\">Es aut\u00f3nomo y no necesitas atenderlo porque nunca se quema la comida. Cocinar sin combustible, sin cenizas, sin humo y sin quemaduras hace parte de su atractivo.<\/div>\n<div class=\"module--translations-translatedtext js-module--translations-translatedtext\" data-size=\"s\"><span style=\"color: #dd9933;\"><b>TAN SABROSO:<\/b><\/span><\/div>\n<div class=\"module--translations-translatedtext js-module--translations-translatedtext\" data-size=\"s\">La cocci\u00f3n lenta, que toma hasta el doble de tiempo que los m\u00e9todos de cocci\u00f3n tradicionales, da como resultado alimentos m\u00e1s sabrosos, jugosos, nutritivos y saludables.<\/div>\n<div class=\"module--translations-translatedtext js-module--translations-translatedtext\" data-size=\"s\"><span style=\"color: #dd9933;\"><b>TAN FIABLE:<\/b><\/span><\/div>\n<div class=\"module--translations-translatedtext js-module--translations-translatedtext\" data-size=\"s\">Un dise\u00f1o simple y materiales de primera clase de los principales fabricantes del mundo contribuyen a una vida larga y sin problemas.<\/div>\n<div class=\"module--translations-translatedtext js-module--translations-translatedtext\" data-size=\"s\"><span style=\"color: #dd9933;\"><b>TODO EL A\u00d1O:<\/b><\/span><\/div>\n<div class=\"module--translations-translatedtext js-module--translations-translatedtext\" data-size=\"s\">Tanto la \u00f3ptica avanzada como el aislamiento efectivo permiten cocinar con temperaturas negativas y sin necesidad de reenfocar. Todo lo que necesitas es un cielo despejado.<\/div>\n<h3><\/h3>\n","protected":false},"featured_media":1840,"template":"","meta":{"iawp_total_views":71},"product_brand":[],"product_cat":[34],"product_tag":[],"class_list":{"0":"post-1831","1":"product","2":"type-product","3":"status-publish","4":"has-post-thumbnail","6":"product_cat-solar","8":"first","9":"onbackorder","10":"taxable","11":"shipping-taxable","12":"purchasable","13":"product-type-simple"},"acf":[],"_links":{"self":[{"href":"https:\/\/www.perihelio.com\/tienda\/wp-json\/wp\/v2\/product\/1831","targetHints":{"allow":["GET"]}}],"collection":[{"href":"https:\/\/www.perihelio.com\/tienda\/wp-json\/wp\/v2\/product"}],"about":[{"href":"https:\/\/www.perihelio.com\/tienda\/wp-json\/wp\/v2\/types\/product"}],"wp:featuredmedia":[{"embeddable":true,"href":"https:\/\/www.perihelio.com\/tienda\/wp-json\/wp\/v2\/media\/1840"}],"wp:attachment":[{"href":"https:\/\/www.perihelio.com\/tienda\/wp-json\/wp\/v2\/media?parent=1831"}],"wp:term":[{"taxonomy":"product_brand","embeddable":true,"href":"https:\/\/www.perihelio.com\/tienda\/wp-json\/wp\/v2\/product_brand?post=1831"},{"taxonomy":"product_cat","embeddable":true,"href":"https:\/\/www.perihelio.com\/tienda\/wp-json\/wp\/v2\/product_cat?post=1831"},{"taxonomy":"product_tag","embeddable":true,"href":"https:\/\/www.perihelio.com\/tienda\/wp-json\/wp\/v2\/product_tag?post=1831"}],"curies":[{"name":"wp","href":"https:\/\/api.w.org\/{rel}","templated":true}]}}