{"id":1812,"date":"2021-12-12T13:25:25","date_gmt":"2021-12-12T13:25:25","guid":{"rendered":"https:\/\/www.perihelio.com\/tienda\/?post_type=product&#038;p=1812"},"modified":"2021-12-12T22:55:29","modified_gmt":"2021-12-12T22:55:29","slug":"powerstation-kaise-s88","status":"publish","type":"product","link":"https:\/\/www.perihelio.com\/tienda\/producto\/powerstation-kaise-s88\/","title":{"rendered":"POWERSTATION port\u00e1til KAISE S88"},"content":{"rendered":"<ul>\n<li><strong>Tama\u00f1o(mm):<\/strong> 173x152x31<\/li>\n<li><strong>Peso:<\/strong> 0,84 Kg<\/li>\n<li><strong>Capacidad:<\/strong> 88.8 Wh, 8 Ah \/ 11.1 V (24000 mAh, 3.7 V), bater\u00eda Litio-Ion<\/li>\n<li><strong>Potencia AC Max.: <\/strong>80W<\/li>\n<li><strong>Potencia DC Max.: <\/strong>100W<\/li>\n<li><strong>Tiempo de carga completa:<\/strong> DC15V\/1A: 8~9 Horas<\/li>\n<li><strong>Recarga:<\/strong> Adaptador 15 V\/ 1A<\/li>\n<li><strong>Carga solar<\/strong>: panel DC 13.5V-24V\/1A Max<\/li>\n<li><strong>Salida USB:<\/strong><br \/>\n2 x USB 5V-2.1A Total:3.4A Max<br \/>\n1 x USB 5-9V\/2.1A Qualcomm QuickCharge3.0<br \/>\n1 x USB C 5-9V\/2.1A Qualcomm QuickCharge3.0<\/li>\n<li><strong>Temperatura de uso:<\/strong> -10 \u00baC \u00a040 \u00baC<\/li>\n<li><strong>Vida \u00fatil:<\/strong> &gt;500 ciclos<\/li>\n<li><strong>Indicador de encendido:<\/strong> Luz LED<\/li>\n<li><strong>Valido para interior de cabina de avi\u00f3n<\/strong><\/li>\n<li><strong>Certificaciones<\/strong><br \/>\n<img loading=\"lazy\" decoding=\"async\" class=\"wp-image-8545 jetpack-lazy-image jetpack-lazy-image--handled\" src=\"https:\/\/www.tempelgroup.com\/wp-content\/uploads\/2021\/06\/image_2021_06_04t11_23_06_452z.png\" sizes=\"auto, (max-width: 595px) 100vw, 595px\" srcset=\"https:\/\/i2.wp.com\/www.tempelgroup.com\/wp-content\/uploads\/2021\/06\/image_2021_06_04t11_23_06_452z.png?w=595&amp;ssl=1 595w, https:\/\/i2.wp.com\/www.tempelgroup.com\/wp-content\/uploads\/2021\/06\/image_2021_06_04t11_23_06_452z.png?resize=300%2C21&amp;ssl=1 300w\" alt=\"\" width=\"595\" height=\"41\" data-attachment-id=\"8545\" data-permalink=\"https:\/\/www.tempelgroup.com\/productos-consumo\/portable-power-station\/s88\/image_2021_06_04t11_23_06_452z\/\" data-orig-file=\"https:\/\/www.tempelgroup.com\/wp-content\/uploads\/2021\/06\/image_2021_06_04t11_23_06_452z.png\" data-orig-size=\"595,41\" data-comments-opened=\"0\" data-image-meta=\"{&quot;aperture&quot;:&quot;0&quot;,&quot;credit&quot;:&quot;&quot;,&quot;camera&quot;:&quot;&quot;,&quot;caption&quot;:&quot;&quot;,&quot;created_timestamp&quot;:&quot;0&quot;,&quot;copyright&quot;:&quot;&quot;,&quot;focal_length&quot;:&quot;0&quot;,&quot;iso&quot;:&quot;0&quot;,&quot;shutter_speed&quot;:&quot;0&quot;,&quot;title&quot;:&quot;&quot;,&quot;orientation&quot;:&quot;0&quot;}\" data-image-title=\"image_2021_06_04t11_23_06_452z\" data-image-description=\"\" data-medium-file=\"https:\/\/www.tempelgroup.com\/wp-content\/uploads\/2021\/06\/image_2021_06_04t11_23_06_452z-300x21.png\" data-large-file=\"https:\/\/www.tempelgroup.com\/wp-content\/uploads\/2021\/06\/image_2021_06_04t11_23_06_452z-1024x1024.png\" data-lazy-loaded=\"1\" \/><\/li>\n<\/ul>\n<p><strong>INCLUYE EN EL PAQUETE:<\/strong><\/p>\n<div class=\"page\" title=\"Page 1\">\n<div class=\"section\">\n<div class=\"layoutArea\">\n<div class=\"column\">\n<ul>\n<li>1 Bater\u00eda port\u00e1til Kaise S88<\/li>\n<li>1 Fuente de alimentaci\u00f3n con adaptador<\/li>\n<li>1 Manuel de usuario<\/li>\n<\/ul>\n<\/div>\n<\/div>\n<\/div>\n<\/div>\n<p><img loading=\"lazy\" decoding=\"async\" class=\"alignnone wp-image-1816 size-full\" src=\"https:\/\/www.perihelio.com\/tienda\/wp-content\/uploads\/2021\/12\/Kaise_S88_t.png\" alt=\"\" width=\"580\" height=\"995\" srcset=\"https:\/\/www.perihelio.com\/tienda\/wp-content\/uploads\/2021\/12\/Kaise_S88_t.png 580w, https:\/\/www.perihelio.com\/tienda\/wp-content\/uploads\/2021\/12\/Kaise_S88_t-175x300.png 175w, https:\/\/www.perihelio.com\/tienda\/wp-content\/uploads\/2021\/12\/Kaise_S88_t-416x714.png 416w\" sizes=\"auto, (max-width: 580px) 100vw, 580px\" \/><\/p>\n","protected":false},"excerpt":{"rendered":"<p><span style=\"color: #dd9933;\"><b>BATERIA PORTATIL DE LITIO 24000 mAh\u00a0 KAISE S88<\/b><\/span><\/p>\n<p>Con un dise\u00f1o ultra compacto y ligero, este modelo de bater\u00eda port\u00e1til\u00a0<strong>es ideal para poderla llevar dentro del avi\u00f3n, trenes o \u00a0barcos, \u00a0<\/strong>ya que se permite hasta 100 wh.<br \/>\nTe acompa\u00f1ara en tus vacaciones, viajes de trabajo, para conectar el ordenador, el ventilador el\u00e9ctrico, etc.<\/p>\n<div class=\"page\" title=\"Page 1\">\n<div class=\"section\">\n<div class=\"layoutArea\">\n<div class=\"column\">\n<p>La unidad proporciona una salida de onda sinusoidal modificada y puede ser compatible con un aparato ele\u0301ctrico de CA que funciona con una forma de onda sinusoidal (potencia &lt;80 W).<\/p>\n<\/div>\n<\/div>\n<\/div>\n<\/div>\n","protected":false},"featured_media":1813,"template":"","meta":{"iawp_total_views":36},"product_brand":[],"product_cat":[34],"product_tag":[181,189,188,36],"class_list":{"0":"post-1812","1":"product","2":"type-product","3":"status-publish","4":"has-post-thumbnail","6":"product_cat-solar","7":"product_tag-bateria","8":"product_tag-electrico","9":"product_tag-generador","10":"product_tag-solar","12":"first","13":"instock","14":"taxable","15":"shipping-taxable","16":"purchasable","17":"product-type-simple"},"acf":[],"_links":{"self":[{"href":"https:\/\/www.perihelio.com\/tienda\/wp-json\/wp\/v2\/product\/1812","targetHints":{"allow":["GET"]}}],"collection":[{"href":"https:\/\/www.perihelio.com\/tienda\/wp-json\/wp\/v2\/product"}],"about":[{"href":"https:\/\/www.perihelio.com\/tienda\/wp-json\/wp\/v2\/types\/product"}],"wp:featuredmedia":[{"embeddable":true,"href":"https:\/\/www.perihelio.com\/tienda\/wp-json\/wp\/v2\/media\/1813"}],"wp:attachment":[{"href":"https:\/\/www.perihelio.com\/tienda\/wp-json\/wp\/v2\/media?parent=1812"}],"wp:term":[{"taxonomy":"product_brand","embeddable":true,"href":"https:\/\/www.perihelio.com\/tienda\/wp-json\/wp\/v2\/product_brand?post=1812"},{"taxonomy":"product_cat","embeddable":true,"href":"https:\/\/www.perihelio.com\/tienda\/wp-json\/wp\/v2\/product_cat?post=1812"},{"taxonomy":"product_tag","embeddable":true,"href":"https:\/\/www.perihelio.com\/tienda\/wp-json\/wp\/v2\/product_tag?post=1812"}],"curies":[{"name":"wp","href":"https:\/\/api.w.org\/{rel}","templated":true}]}}