{"id":1805,"date":"2021-12-11T12:23:27","date_gmt":"2021-12-11T12:23:27","guid":{"rendered":"https:\/\/www.perihelio.com\/tienda\/?post_type=product&#038;p=1805"},"modified":"2024-03-23T14:55:53","modified_gmt":"2024-03-23T14:55:53","slug":"rascador-dientes","status":"publish","type":"product","link":"https:\/\/www.perihelio.com\/tienda\/producto\/rascador-dientes\/","title":{"rendered":"RASCADOR con dientes"},"content":{"rendered":"<p><span style=\"color: #000000;\"><strong>Dientes adecuados<\/strong><\/span><br \/>\nLa estructura de las ranuras \u00a0se adapta perfectamente a todos los productos de hierro fundido de la marca Petromax con una superficie ranurada. Por lo tanto, puede limpiar f\u00e1cilmente las superficies de parrilla entre las cavidades y ahorrar mucho tiempo al limpiar y mantener sus productos ranurados limpios. Es <strong><span style=\"color: #dd9933;\">resistente al calor, \u00a0<\/span><\/strong>hasta 120 \u00b0 C, lo que le permite limpiar las piezas en caliente con agua muy caliente. Esta est\u00e1 hecha de pl\u00e1stico de calidad alimentaria.<\/p>\n<p><strong>Como limpiar:<\/strong><br \/>\nDeje enfriar la sart\u00e9n o cacerola, dejarlos en remoje con agua caliente, luego retire los restos quemados con el rascador. Por supuesto, no usar liquido lavavajillas para limpiarlos. Despu\u00e9s de limpiar, enjuague bien nuevamente. Antes de volver a guardar tu recipiente de hierro fundido en el armario, s\u00e9calo bien y engrasa como de costumbre.<\/p>\n<p><strong>Caracter\u00edsticas t\u00e9cnicas:\u00a0<\/strong><br \/>\nMaterial: polipropileno. <strong><span style=\"color: #dd9933;\">Apto para contacto con alimentos.<\/span><\/strong><br \/>\nEl polipropileno para alimentos\u00a0es un tipo de pl\u00e1stico que no contiene BPA ni ftalatos. Tambi\u00e9n es resistente a la corrosi\u00f3n y soporta altas temperaturas.<\/p>\n<p><strong>Material incluido:<\/strong><br \/>\n1 x Rascador con dientes<\/p>\n","protected":false},"excerpt":{"rendered":"<p><span style=\"color: #dd9933;\"><b>Rascador<\/b>\u00a0<strong>con dientes\u00a0<\/strong><b>para ollas y sartenes de hierro fundido.<\/b><\/span><br \/>\nHerramienta de limpieza practica y precisa para limpiar restos de comida, incluso en los lugares dif\u00edciles de alcanzar. Se adapta perfectamente a la\u00a0pared interior de ollas, sartenes y cacerolas,<b> limpia el hierro fundido y el hierro forjado sin da\u00f1ar la preciosa p\u00e1tina.<\/b><\/p>\n<p>Las pr\u00e1cticas ranuras del rascador eliminan las fuertes incrustaciones en casi todos los productos de la marca Petromax. La curva en la parte inferior coincide exactamente con la curvatura de las ollas y sartenes de hierro fundido, por lo que los residuos rebeldes tras cocinar o fre\u00edr se pueden quitar f\u00e1cilmente respetando a su vez la preciosa p\u00e1tina que tienen. Con sus ranuras se convierte en un herramienta <strong>indispensable para limpiar todas las parrillas.<\/strong> Las propiedades de su material tambi\u00e9n la hace\u00a0vers\u00e1til en su cocina: es <strong>resistente al calor hasta \u00a0120 \u00b0 C<\/strong> y est\u00e1 fabricado en pl\u00e1stico apto para el contacto con alimentos.<\/p>\n","protected":false},"featured_media":1799,"template":"","meta":{"iawp_total_views":14},"product_brand":[],"product_cat":[48],"product_tag":[],"class_list":{"0":"post-1805","1":"product","2":"type-product","3":"status-publish","4":"has-post-thumbnail","6":"product_cat-fuego","8":"first","9":"outofstock","10":"taxable","11":"shipping-taxable","12":"purchasable","13":"product-type-simple"},"acf":[],"_links":{"self":[{"href":"https:\/\/www.perihelio.com\/tienda\/wp-json\/wp\/v2\/product\/1805","targetHints":{"allow":["GET"]}}],"collection":[{"href":"https:\/\/www.perihelio.com\/tienda\/wp-json\/wp\/v2\/product"}],"about":[{"href":"https:\/\/www.perihelio.com\/tienda\/wp-json\/wp\/v2\/types\/product"}],"wp:featuredmedia":[{"embeddable":true,"href":"https:\/\/www.perihelio.com\/tienda\/wp-json\/wp\/v2\/media\/1799"}],"wp:attachment":[{"href":"https:\/\/www.perihelio.com\/tienda\/wp-json\/wp\/v2\/media?parent=1805"}],"wp:term":[{"taxonomy":"product_brand","embeddable":true,"href":"https:\/\/www.perihelio.com\/tienda\/wp-json\/wp\/v2\/product_brand?post=1805"},{"taxonomy":"product_cat","embeddable":true,"href":"https:\/\/www.perihelio.com\/tienda\/wp-json\/wp\/v2\/product_cat?post=1805"},{"taxonomy":"product_tag","embeddable":true,"href":"https:\/\/www.perihelio.com\/tienda\/wp-json\/wp\/v2\/product_tag?post=1805"}],"curies":[{"name":"wp","href":"https:\/\/api.w.org\/{rel}","templated":true}]}}