{"id":1798,"date":"2021-12-11T11:46:02","date_gmt":"2021-12-11T11:46:02","guid":{"rendered":"https:\/\/www.perihelio.com\/tienda\/?post_type=product&#038;p=1798"},"modified":"2024-11-23T19:28:22","modified_gmt":"2024-11-23T19:28:22","slug":"rascador-plano","status":"publish","type":"product","link":"https:\/\/www.perihelio.com\/tienda\/producto\/rascador-plano\/","title":{"rendered":"RASCADOR plano"},"content":{"rendered":"<p><strong>Como limpiar:<\/strong><br \/>\nDeje enfriar la sart\u00e9n o cacerola, dejarlos en remoje con agua caliente, luego retire los restos quemados con el rascador. Por supuesto, no usar liquido lavavajillas para limpiarlos. Despu\u00e9s de limpiar, enjuague bien nuevamente. Antes de volver a guardar tu recipiente de hierro fundido en el armario, s\u00e9calo bien y engrasa como de costumbre.<\/p>\n<p><strong>Caracter\u00edsticas t\u00e9cnicas:\u00a0<\/strong><br \/>\nMaterial: polipropileno. Apto para contacto con alimentos.<br \/>\nEl polipropileno para alimentos\u00a0es un tipo de pl\u00e1stico que no contiene BPA ni ftalatos. Tambi\u00e9n es resistente a la corrosi\u00f3n y soporta altas temperaturas.<\/p>\n<p><strong>Material incluido:<\/strong><br \/>\n1 x Rascador sin dientes<\/p>\n","protected":false},"excerpt":{"rendered":"<p><span style=\"color: #dd9933;\"><strong>Rascador<\/strong> <strong>para ollas y sartenes de hierro fundido.<\/strong><\/span><br \/>\nHerramienta de limpieza practica y precisa para limpiar restos de comida, incluso en los lugares dif\u00edciles de alcanzar. Se adapta perfectamente a la\u00a0pared interior de ollas, sartenes y cacerolas,<span style=\"color: #000000;\"><strong> limpia el hierro fundido y el hierro forjado sin da\u00f1ar la preciosa p\u00e1tina.<\/strong><\/span><\/p>\n<p><strong><span style=\"color: #dd9933;\">Vers\u00e1til en forma y funci\u00f3n<\/span><\/strong><br \/>\nLa forma de este rascador no solo se adapta perfectamente a sus envases Petromax, sino que las propiedades de su material tambi\u00e9n la hacen especialmente vers\u00e1til en su cocina: es resistente al calor hasta \u00a0120 \u00b0 C y est\u00e1 fabricado en pl\u00e1stico apto para el contacto con alimentos. Por eso tambi\u00e9n puedes usarlo como esp\u00e1tula \u00a0o para dividir la masa en porciones.<\/p>\n","protected":false},"featured_media":1804,"template":"","meta":{"iawp_total_views":12},"product_brand":[],"product_cat":[48],"product_tag":[201,202],"class_list":{"0":"post-1798","1":"product","2":"type-product","3":"status-publish","4":"has-post-thumbnail","6":"product_cat-fuego","7":"product_tag-limpiador","8":"product_tag-rascador","10":"first","11":"instock","12":"taxable","13":"shipping-taxable","14":"purchasable","15":"product-type-simple"},"acf":[],"_links":{"self":[{"href":"https:\/\/www.perihelio.com\/tienda\/wp-json\/wp\/v2\/product\/1798","targetHints":{"allow":["GET"]}}],"collection":[{"href":"https:\/\/www.perihelio.com\/tienda\/wp-json\/wp\/v2\/product"}],"about":[{"href":"https:\/\/www.perihelio.com\/tienda\/wp-json\/wp\/v2\/types\/product"}],"wp:featuredmedia":[{"embeddable":true,"href":"https:\/\/www.perihelio.com\/tienda\/wp-json\/wp\/v2\/media\/1804"}],"wp:attachment":[{"href":"https:\/\/www.perihelio.com\/tienda\/wp-json\/wp\/v2\/media?parent=1798"}],"wp:term":[{"taxonomy":"product_brand","embeddable":true,"href":"https:\/\/www.perihelio.com\/tienda\/wp-json\/wp\/v2\/product_brand?post=1798"},{"taxonomy":"product_cat","embeddable":true,"href":"https:\/\/www.perihelio.com\/tienda\/wp-json\/wp\/v2\/product_cat?post=1798"},{"taxonomy":"product_tag","embeddable":true,"href":"https:\/\/www.perihelio.com\/tienda\/wp-json\/wp\/v2\/product_tag?post=1798"}],"curies":[{"name":"wp","href":"https:\/\/api.w.org\/{rel}","templated":true}]}}