{"id":176,"date":"2021-02-13T16:10:52","date_gmt":"2021-02-13T16:10:52","guid":{"rendered":"https:\/\/www.perihelio.com\/tienda\/?post_type=product&#038;p=176"},"modified":"2026-04-28T15:01:08","modified_gmt":"2026-04-28T15:01:08","slug":"swopper-piel","status":"publish","type":"product","link":"https:\/\/www.perihelio.com\/tienda\/producto\/swopper-piel\/","title":{"rendered":"SWOPPER Aeris PIEL negra"},"content":{"rendered":"<p><img loading=\"lazy\" decoding=\"async\" class=\"alignleft wp-image-504 size-full\" src=\"https:\/\/www.perihelio.com\/tienda\/wp-content\/uploads\/2021\/02\/Eleccio\u0301n-muelle.jpg\" alt=\"\" width=\"2133\" height=\"587\" srcset=\"https:\/\/www.perihelio.com\/tienda\/wp-content\/uploads\/2021\/02\/Eleccio\u0301n-muelle.jpg 2133w, https:\/\/www.perihelio.com\/tienda\/wp-content\/uploads\/2021\/02\/Eleccio\u0301n-muelle-300x83.jpg 300w, https:\/\/www.perihelio.com\/tienda\/wp-content\/uploads\/2021\/02\/Eleccio\u0301n-muelle-1024x282.jpg 1024w, https:\/\/www.perihelio.com\/tienda\/wp-content\/uploads\/2021\/02\/Eleccio\u0301n-muelle-768x211.jpg 768w, https:\/\/www.perihelio.com\/tienda\/wp-content\/uploads\/2021\/02\/Eleccio\u0301n-muelle-1536x423.jpg 1536w, https:\/\/www.perihelio.com\/tienda\/wp-content\/uploads\/2021\/02\/Eleccio\u0301n-muelle-2048x564.jpg 2048w, https:\/\/www.perihelio.com\/tienda\/wp-content\/uploads\/2021\/02\/Eleccio\u0301n-muelle-416x114.jpg 416w\" sizes=\"auto, (max-width: 2133px) 100vw, 2133px\" \/><\/p>\n<p>Las <strong>sillas activas Aeris<\/strong>, son mucho m\u00e1s que una silla ergon\u00f3mica; gracias a su tecnolog\u00eda \u00fanica suponen una evoluci\u00f3n del concepto sentarse. Su sistema<strong>\u00a0<\/strong>de movimiento 3D, estimula y favorece el libre movimiento mientras se est\u00e1 sentado. Los beneficios son evidentes y numerosos para el usuario:\u00a0<b>una espalda m\u00e1s fuerte mejora la condici\u00f3n f\u00edsica y se traduce en mayor bienestar y mejor rendimiento.<\/b><\/p>\n<p>La silla Swopper multi-premiada destaca a primera vista por su diferencia con otras sillas de oficina y taburetes. El concepto renuncia a los reposabrazos y reposacabezas, ya que estos evitan el movimiento y causan enfermedades a largo plazo.<\/p>\n<p>La tecnolog\u00eda 3D patentada promueve con el asiento activo 3D sentarse sano y en movimiento, cambiando de posici\u00f3n m\u00e1s frecuentemente que en una silla de oficina normal. <strong>La swopper entrena y refuerza tu musculatura mientras te sientas, y su muelle protege los discos de tu columna.\u00a0<\/strong><\/p>\n<p>Por lo tanto, ponemos fin a la tensi\u00f3n y al dolor de espalda y aumentamos tu bienestar, tu salud f\u00edsica para un mayor rendimiento.<\/p>\n<p>El asiento especialmente moldeado promueve la postura erguida y <strong>evita la presi\u00f3n de los muslos gracias a los bordes redondeados.<\/strong><\/p>\n<p>La silla ergon\u00f3mica proporciona un asiento natural, movimientos laterales optimizados de postura, hacia adelante y hacia atr\u00e1s, as\u00ed como vibraciones controladas.<\/p>\n<ul>\n<li>Peso: 11 kg<\/li>\n<li>Color base anillo: blanco o gris metalizado o negro\u00a0 en aluminio fundido a presi\u00f3n y lacado<\/li>\n<li>Dimensiones anillo base: 55 cm de di\u00e1metro sin ruedas, 58 cm con ruedas.<\/li>\n<li>Material y color del asiento: tapizar\u00eda piel negro, asiento multi capas para un confort m\u00e1ximo.<\/li>\n<li><span class=\"VIiyi\" lang=\"es\"><span class=\"JLqJ4b ChMk0b\" data-language-for-alternatives=\"es\" data-language-to-translate-into=\"en\" data-phrase-index=\"0\">Soporte del asiento: pl\u00e1stico, \u00a0di\u00e1metro: 43 cm<\/span><\/span><\/li>\n<li>Color muelle: igual que base o asiento.<\/li>\n<li>Rango peso usuario: 50 &#8211; 120 kg<\/li>\n<li>Altura silla cargada: 45 &#8211; 59 cm<\/li>\n<li>Altura silla sin carga: seg\u00fan la opci\u00f3n del muelle elegido (ver cuadro \u00abcomo elegir el muelle\u00bb)<\/li>\n<li><strong>Garant\u00eda: 3 a\u00f1os<br \/>\n<\/strong><\/li>\n<\/ul>\n<p>M\u00e1s informaci\u00f3n y videos en nuestra p\u00e1gina web:\u00a0<strong><span style=\"color: #dd9933;\"><a style=\"color: #dd9933;\" href=\"https:\/\/www.perihelio.com\/index.php\/Aeris-Swopper-Espana\/\" target=\"_blank\" rel=\"noopener\">Swopper Aeris web Perihelio<\/a><\/span><\/strong><\/p>\n<p><img loading=\"lazy\" decoding=\"async\" class=\"alignnone size-medium wp-image-1608\" src=\"https:\/\/www.perihelio.com\/tienda\/wp-content\/uploads\/2021\/02\/EN_Aeris_Authorised_Retailer_Logo_Black-300x55.png\" alt=\"\" width=\"300\" height=\"55\" srcset=\"https:\/\/www.perihelio.com\/tienda\/wp-content\/uploads\/2021\/02\/EN_Aeris_Authorised_Retailer_Logo_Black-300x55.png 300w, https:\/\/www.perihelio.com\/tienda\/wp-content\/uploads\/2021\/02\/EN_Aeris_Authorised_Retailer_Logo_Black-1024x186.png 1024w, https:\/\/www.perihelio.com\/tienda\/wp-content\/uploads\/2021\/02\/EN_Aeris_Authorised_Retailer_Logo_Black-768x140.png 768w, https:\/\/www.perihelio.com\/tienda\/wp-content\/uploads\/2021\/02\/EN_Aeris_Authorised_Retailer_Logo_Black-1536x280.png 1536w, https:\/\/www.perihelio.com\/tienda\/wp-content\/uploads\/2021\/02\/EN_Aeris_Authorised_Retailer_Logo_Black-416x76.png 416w, https:\/\/www.perihelio.com\/tienda\/wp-content\/uploads\/2021\/02\/EN_Aeris_Authorised_Retailer_Logo_Black.png 1911w\" sizes=\"auto, (max-width: 300px) 100vw, 300px\" \/><\/p>\n<p>&nbsp;<\/p>\n","protected":false},"excerpt":{"rendered":"<p>Fant\u00e1stica silla ergon\u00f3mica Swopper con el asiento de<strong><span style=\"color: #dd9933;\"> PIEL color NEGRO modelo Atlantic<\/span><\/strong><\/p>\n<p><span class=\"VIiyi\" lang=\"es\"><span class=\"JLqJ4b ChMk0b\" data-language-for-alternatives=\"es\" data-language-to-translate-into=\"auto\" data-phrase-index=\"0\">Ideal para la oficina: el<strong> cuero Atlantic<\/strong> de la prestigiosa marca Heller-Leder, no solo impresiona por su alta calidad y su hermoso relieve en la superficie, sino que tambi\u00e9n ofrece una comodidad de asiento \u00f3ptima.<\/span> <span class=\"JLqJ4b ChMk0b\" data-language-for-alternatives=\"es\" data-language-to-translate-into=\"auto\" data-phrase-index=\"1\">La piel suave es de f\u00e1cil cuidado, transpirable y se caracteriza por sus propiedades antiest\u00e1ticas.<\/span><\/span><\/p>\n<p><strong><span style=\"color: #dd9933;\"><em>Silla fabricada seg\u00fan configuraci\u00f3n del cliente: entrega en 2\/3 semanas una vez realizado el pago.<\/em><\/span><\/strong><\/p>\n","protected":false},"featured_media":256,"template":"","meta":{"iawp_total_views":106},"product_brand":[],"product_cat":[50,56],"product_tag":[79,80,78],"class_list":{"0":"post-176","1":"product","2":"type-product","3":"status-publish","4":"has-post-thumbnail","6":"product_cat-sillas-ergonomicas","7":"product_cat-swopper","8":"product_tag-cuero","9":"product_tag-negro","10":"product_tag-piel","11":"product_shipping_class-aeris","13":"first","14":"instock","15":"taxable","16":"shipping-taxable","17":"purchasable","18":"product-type-variable"},"acf":[],"_links":{"self":[{"href":"https:\/\/www.perihelio.com\/tienda\/wp-json\/wp\/v2\/product\/176","targetHints":{"allow":["GET"]}}],"collection":[{"href":"https:\/\/www.perihelio.com\/tienda\/wp-json\/wp\/v2\/product"}],"about":[{"href":"https:\/\/www.perihelio.com\/tienda\/wp-json\/wp\/v2\/types\/product"}],"wp:featuredmedia":[{"embeddable":true,"href":"https:\/\/www.perihelio.com\/tienda\/wp-json\/wp\/v2\/media\/256"}],"wp:attachment":[{"href":"https:\/\/www.perihelio.com\/tienda\/wp-json\/wp\/v2\/media?parent=176"}],"wp:term":[{"taxonomy":"product_brand","embeddable":true,"href":"https:\/\/www.perihelio.com\/tienda\/wp-json\/wp\/v2\/product_brand?post=176"},{"taxonomy":"product_cat","embeddable":true,"href":"https:\/\/www.perihelio.com\/tienda\/wp-json\/wp\/v2\/product_cat?post=176"},{"taxonomy":"product_tag","embeddable":true,"href":"https:\/\/www.perihelio.com\/tienda\/wp-json\/wp\/v2\/product_tag?post=176"}],"curies":[{"name":"wp","href":"https:\/\/api.w.org\/{rel}","templated":true}]}}