{"id":1700,"date":"2021-11-24T22:04:06","date_gmt":"2021-11-24T22:04:06","guid":{"rendered":"https:\/\/www.perihelio.com\/tienda\/?post_type=product&#038;p=1700"},"modified":"2025-03-11T17:44:13","modified_gmt":"2025-03-11T17:44:13","slug":"3dee-piel","status":"publish","type":"product","link":"https:\/\/www.perihelio.com\/tienda\/producto\/3dee-piel\/","title":{"rendered":"3DEE Aeris PIEL"},"content":{"rendered":"<h4><b>La silla de oficina Aeris 3Dee, la m\u00e1s innovadora del mundo.<\/b><\/h4>\n<p>Las sillas de oficina son innumerables, pero el desarrollo de Aeris ha destacado de nuevo con la silla activa de oficina\u00a0<strong>Aeris 3Dee<\/strong>\u00a0es \u00fanica en su \u00e1mbito. Su sistema nos permite el movimiento natural que nuestro cuerpo necesita y el cual hemos perdido debido a nuestra actual vida laboral. El secreto es relativamente sencillo, la silla Aeris 3Dee est\u00e1 dise\u00f1ada sin limitaciones y con el foco en el funcionamiento biomec\u00e1nico natural del ser humano.<\/p>\n<p>Tecnolog\u00eda pionera, ergonom\u00eda sin compromisos, dise\u00f1o atemporal: la esencia de la Aeris 3Dee. El n\u00facleo de esta innovadora silla de oficina es la tecnolog\u00eda 3D patentada, ya presente en el modelo\u00a0<a href=\"https:\/\/www.perihelio.com\/index.php\/Aeris-Swopper-Espana\/\">A<span style=\"color: #000000;\">eris Swopper<\/span><\/a><span style=\"color: #000000;\">, e<\/span>l cual permite un movimiento natural en tres dimensiones. Adem\u00e1s, el respaldo ergon\u00f3micamente formado con tecnolog\u00eda laminar proporciona soporte sin restringir la libertad de movimiento.<\/p>\n<p><strong>Articulaci\u00f3n m\u00f3vil 3D<\/strong><br \/>\nAqu\u00ed es donde el rebote vertical se encuentra con una articulaci\u00f3n innovadora de alta tecnolog\u00eda que es responsable del movimiento lateral, as\u00ed como del movimiento hacia atr\u00e1s y hacia adelante. Puede ajustar la flexibilidad del movimiento de forma individual, para ejercitar m\u00e1s o menos sus m\u00fasculos.<\/p>\n<div class=\"et_pb_module et_pb_text et_pb_text_2 et_pb_text_align_left et_pb_bg_layout_light\">\n<div class=\"et_pb_text_inner\">\n<p><strong>Muelle e hidr\u00e1ulico de alta tecnolog\u00eda<\/strong>Elemento central del mecanismo\u00a0altamente sofisticado para el movimiento 3D. El soporte\u00a0aeris en swopper, swoppster y 3Dee permite el movimiento \u00fanico de rebote vertical.<\/p>\n<p><strong>Asiento\u00a0<\/strong><br \/>\nAmortiguaci\u00f3n especial de alta tecnolog\u00eda, con una nueva cubierta clim\u00e1ticamente activa para un\u00a0confortable asiento suave como una pluma. Cinco capas funcionales que combinan perfectamente y proporcionan una sesi\u00f3n transpirable, reguladora de la presi\u00f3n y del calor.<\/p>\n<p><strong>Respaldo arqueado<\/strong><br \/>\nSoporte c\u00f3modo sin restricci\u00f3n de movimiento. Perfecto para todas las formas de la espalda gracias a la contrapresi\u00f3n ajustable del respaldo y al soporte lumbar.<\/p>\n<p><strong>Datos t\u00e9cnicos:<\/strong><br \/>\n<strong>Peso<\/strong>: 20 kg \/\u00a0<strong>Base:<\/strong>\u00a075 cm de di\u00e1metro &#8211; aluminium \u00a0fundido \/\u00a0<strong>Asiento:<\/strong>\u00a0soporte de aluminio fundido y tapizado de espuma de poliuretano \/\u00a0<strong>Altura asiento\u00a0<\/strong>con carga: regulable de 42 a 56 cm \/\u00a0<strong>Ruedas:<\/strong>\u00a0para todos los suelos seg\u00fan norma DIN EN 12529<\/p>\n<p><strong>M\u00e1s informaci\u00f3n en documentaci\u00f3n o nuestra web<\/strong>:<span style=\"color: #dd9933;\"><strong>\u00a0<a style=\"color: #dd9933;\" href=\"https:\/\/www.perihelio.com\/index.php\/silla-oficina-aeris-3dee\/\" target=\"_blank\" rel=\"noopener\">www.perihelio.com (silla 3Dee Aeris)<\/a><\/strong><\/span><\/p>\n<p><img loading=\"lazy\" decoding=\"async\" class=\"alignnone size-medium wp-image-1608\" src=\"https:\/\/www.perihelio.com\/tienda\/wp-content\/uploads\/2021\/02\/EN_Aeris_Authorised_Retailer_Logo_Black-300x55.png\" alt=\"\" width=\"300\" height=\"55\" srcset=\"https:\/\/www.perihelio.com\/tienda\/wp-content\/uploads\/2021\/02\/EN_Aeris_Authorised_Retailer_Logo_Black-300x55.png 300w, https:\/\/www.perihelio.com\/tienda\/wp-content\/uploads\/2021\/02\/EN_Aeris_Authorised_Retailer_Logo_Black-1024x186.png 1024w, https:\/\/www.perihelio.com\/tienda\/wp-content\/uploads\/2021\/02\/EN_Aeris_Authorised_Retailer_Logo_Black-768x140.png 768w, https:\/\/www.perihelio.com\/tienda\/wp-content\/uploads\/2021\/02\/EN_Aeris_Authorised_Retailer_Logo_Black-1536x280.png 1536w, https:\/\/www.perihelio.com\/tienda\/wp-content\/uploads\/2021\/02\/EN_Aeris_Authorised_Retailer_Logo_Black-416x76.png 416w, https:\/\/www.perihelio.com\/tienda\/wp-content\/uploads\/2021\/02\/EN_Aeris_Authorised_Retailer_Logo_Black.png 1911w\" sizes=\"auto, (max-width: 300px) 100vw, 300px\" \/><\/p>\n<p><strong>Premios y recomendaciones:<\/strong><\/p>\n<p><img loading=\"lazy\" decoding=\"async\" class=\"alignnone wp-image-1727 size-large\" src=\"https:\/\/www.perihelio.com\/tienda\/wp-content\/uploads\/2021\/11\/3dee-premios-1024x229.png\" alt=\"\" width=\"980\" height=\"219\" srcset=\"https:\/\/www.perihelio.com\/tienda\/wp-content\/uploads\/2021\/11\/3dee-premios-1024x229.png 1024w, https:\/\/www.perihelio.com\/tienda\/wp-content\/uploads\/2021\/11\/3dee-premios-300x67.png 300w, https:\/\/www.perihelio.com\/tienda\/wp-content\/uploads\/2021\/11\/3dee-premios-768x172.png 768w, https:\/\/www.perihelio.com\/tienda\/wp-content\/uploads\/2021\/11\/3dee-premios-1536x344.png 1536w, https:\/\/www.perihelio.com\/tienda\/wp-content\/uploads\/2021\/11\/3dee-premios-2048x458.png 2048w, https:\/\/www.perihelio.com\/tienda\/wp-content\/uploads\/2021\/11\/3dee-premios-416x93.png 416w\" sizes=\"auto, (max-width: 980px) 100vw, 980px\" \/><\/p>\n<\/div>\n<\/div>\n<div class=\"et_pb_module et_pb_text et_pb_text_2 et_pb_text_align_left et_pb_bg_layout_light\">\n<div class=\"et_pb_text_inner\"><\/div>\n<\/div>\n","protected":false},"excerpt":{"rendered":"<p>Silla activa\u00a0<strong>3DEE de AERIS,<\/strong>\u00a0modelo con\u00a0asiento y respaldo de <strong>PIEL<\/strong>\u00a0Atlantic de <strong>color negro<\/strong> (100% piel de alta calidad de la prestigiosa marca Alemana Heller-Leder). En cuanto a su estructura y base, se declina en dos acabados: negro o alto brillo.<\/p>\n<p><strong><span style=\"color: #dd9933;\">Se recomienda para las personas que miden m\u00e1s de 1,85 metros elegir el modelo \u00abmuelle alto\u00bb (High).\u00a0<\/span><\/strong><\/p>\n<p>Peso permitido: desde 50 hasta 120 kg \/ altura silla con carga: 45 -59 cm \/altura silla sin carga: 52-66 cm<\/p>\n<p><strong><span style=\"color: #dd9933;\">Plazo de fabricaci\u00f3n y entrega: 3 a 4 semanas una vez realizado el pago.<\/span><\/strong><\/p>\n","protected":false},"featured_media":1715,"template":"","meta":{"iawp_total_views":27},"product_brand":[],"product_cat":[57],"product_tag":[141,78,169,187],"class_list":{"0":"post-1700","1":"product","2":"type-product","3":"status-publish","4":"has-post-thumbnail","6":"product_cat-3dee-aeris","7":"product_tag-ergonomia","8":"product_tag-piel","9":"product_tag-silla","10":"product_tag-teletrabajo","11":"product_shipping_class-aeris","13":"first","14":"instock","15":"taxable","16":"shipping-taxable","17":"purchasable","18":"product-type-variable"},"acf":[],"_links":{"self":[{"href":"https:\/\/www.perihelio.com\/tienda\/wp-json\/wp\/v2\/product\/1700","targetHints":{"allow":["GET"]}}],"collection":[{"href":"https:\/\/www.perihelio.com\/tienda\/wp-json\/wp\/v2\/product"}],"about":[{"href":"https:\/\/www.perihelio.com\/tienda\/wp-json\/wp\/v2\/types\/product"}],"wp:featuredmedia":[{"embeddable":true,"href":"https:\/\/www.perihelio.com\/tienda\/wp-json\/wp\/v2\/media\/1715"}],"wp:attachment":[{"href":"https:\/\/www.perihelio.com\/tienda\/wp-json\/wp\/v2\/media?parent=1700"}],"wp:term":[{"taxonomy":"product_brand","embeddable":true,"href":"https:\/\/www.perihelio.com\/tienda\/wp-json\/wp\/v2\/product_brand?post=1700"},{"taxonomy":"product_cat","embeddable":true,"href":"https:\/\/www.perihelio.com\/tienda\/wp-json\/wp\/v2\/product_cat?post=1700"},{"taxonomy":"product_tag","embeddable":true,"href":"https:\/\/www.perihelio.com\/tienda\/wp-json\/wp\/v2\/product_tag?post=1700"}],"curies":[{"name":"wp","href":"https:\/\/api.w.org\/{rel}","templated":true}]}}