{"id":166,"date":"2021-02-12T14:38:02","date_gmt":"2021-02-12T14:38:02","guid":{"rendered":"https:\/\/www.perihelio.com\/tienda\/?post_type=product&#038;p=166"},"modified":"2021-12-05T18:23:11","modified_gmt":"2021-12-05T18:23:11","slug":"bolsa-transporte-olla-petromax","status":"publish","type":"product","link":"https:\/\/www.perihelio.com\/tienda\/producto\/bolsa-transporte-olla-petromax\/","title":{"rendered":"BOLSA transporte Olla Petromax ft4,5 o ft4,5-t"},"content":{"rendered":"<div class=\"product-view nested-container\">\n<div class=\"product-lower-primary-column box-additional grid12-12\">\n<div class=\"collateral-container box-tabs\">\n<div id=\"product-tabs\" class=\"gen-tabs gen-tabs--style1 gen-tabs--style1-small\">\n<div class=\"tabs-panels\">\n<p class=\"std\">Excelente bolsa de transporte para guardar o transportar las Ollas Petromax de tama\u00f1o FT4,5 con o sin pastas. As\u00ed resulta f\u00e1cil transportarla para ir de vacaciones, en camping o casa de amigos o guardarla a salvo.<\/p>\n<p class=\"std\"><strong>Grande estabilidad gracias a su tratamiento de calidad. <\/strong><br \/>\nLa tela ripstop de gran calidad y irrompible da a esta bolsa una gran resistencia. El confort optimo para el transporte lo aportan sus dobles asas cosidas. Gracias a la tela reforzada y su fondo amovible doblemente reforzado, la bolsa tiene una acabado de primer calidad y una estabilidad optima. El fondo amovible puede limpiarse con un trapo h\u00famido en caso de necesidad.<\/p>\n<p class=\"std\"><strong>Espacio de almacenamiento adicional en la tapa de la bolsa<\/strong><br \/>\nLa tapa de la bosa tiene un bolsillo espacioso con una cremallera y una funda de redecilla. Los accesorios practicos tal como el Zunder Petromax, el soplete de gaz hf1 o hf2 Petromax pueden guardarse all\u00ed y transportarse con facilidad. El tradicional logo Petromax esta cosido en la parte superior de la bolsa. Sin\u00f3nimo desde siempre de calidad y excelencia, hace de este bolso un accesorio autentico y elegante.<\/p>\n<\/div>\n<\/div>\n<\/div>\n<\/div>\n<\/div>\n<div><\/div>\n<div><strong>Caracter\u00edsticas t\u00e9cnicas<\/strong><\/div>\n<div>Material: nylon<\/div>\n<div>Color: negro<\/div>\n<div><\/div>\n<div><strong>Piezas incluidas<\/strong><\/div>\n<div>1 x Bolsa de transporte para las ollas de tama\u00f1o ft4,5 o ft4,5-t<\/div>\n<div><\/div>\n<div>No esta incluido la olla<\/div>\n<div class=\"product-view nested-container\">\n<div class=\"product-lower-primary-column box-additional grid12-12\">\n<div class=\"collateral-container box-tabs\">\n<div id=\"product-tabs\" class=\"gen-tabs gen-tabs--style1 gen-tabs--style1-small\">\n<div class=\"tabs-panels\">\n<div><\/div>\n<\/div>\n<\/div>\n<\/div>\n<\/div>\n<\/div>\n","protected":false},"excerpt":{"rendered":"<p>Bolsa de transporte y almacenamiento para la olla de hierro PETROMAX del modelo FT4,5 o FT4,5-T<\/p>\n<p>Nota: la olla no esta incluida. Existen m\u00e1s tama\u00f1os de bolsa<\/p>\n","protected":false},"featured_media":167,"template":"","meta":{"iawp_total_views":3},"product_brand":[],"product_cat":[48],"product_tag":[],"class_list":{"0":"post-166","1":"product","2":"type-product","3":"status-publish","4":"has-post-thumbnail","6":"product_cat-fuego","8":"first","9":"instock","10":"taxable","11":"shipping-taxable","12":"purchasable","13":"product-type-simple"},"acf":[],"_links":{"self":[{"href":"https:\/\/www.perihelio.com\/tienda\/wp-json\/wp\/v2\/product\/166","targetHints":{"allow":["GET"]}}],"collection":[{"href":"https:\/\/www.perihelio.com\/tienda\/wp-json\/wp\/v2\/product"}],"about":[{"href":"https:\/\/www.perihelio.com\/tienda\/wp-json\/wp\/v2\/types\/product"}],"wp:featuredmedia":[{"embeddable":true,"href":"https:\/\/www.perihelio.com\/tienda\/wp-json\/wp\/v2\/media\/167"}],"wp:attachment":[{"href":"https:\/\/www.perihelio.com\/tienda\/wp-json\/wp\/v2\/media?parent=166"}],"wp:term":[{"taxonomy":"product_brand","embeddable":true,"href":"https:\/\/www.perihelio.com\/tienda\/wp-json\/wp\/v2\/product_brand?post=166"},{"taxonomy":"product_cat","embeddable":true,"href":"https:\/\/www.perihelio.com\/tienda\/wp-json\/wp\/v2\/product_cat?post=166"},{"taxonomy":"product_tag","embeddable":true,"href":"https:\/\/www.perihelio.com\/tienda\/wp-json\/wp\/v2\/product_tag?post=166"}],"curies":[{"name":"wp","href":"https:\/\/api.w.org\/{rel}","templated":true}]}}