{"id":1656,"date":"2021-11-18T18:02:34","date_gmt":"2021-11-18T18:02:34","guid":{"rendered":"https:\/\/www.perihelio.com\/tienda\/?post_type=product&#038;p=1656"},"modified":"2023-04-29T16:35:40","modified_gmt":"2023-04-29T16:35:40","slug":"funda-rocket-rf33","status":"publish","type":"product","link":"https:\/\/www.perihelio.com\/tienda\/producto\/funda-rocket-rf33\/","title":{"rendered":"BOLSA de transporte para Rocket rf33"},"content":{"rendered":"<div class=\"fusion-text fusion-text-1\">\n<p><strong>Bolsa de transporte para la estufa Rocket rf33.<\/strong> Decorada con el logo bordado de Petromax, sus paredes y base est\u00e1n reforzadas para ofrecer una soluci\u00f3n segura al transporte de su estufa. La tela Ripstop, robusta y acolchonada, aporta una estabilidad a\u00f1adida a esta funda. Incluye dos asas, as\u00ed como una correo de hombro desmontable reforzadas para una mayor comodidad de uso. Los accesorios pueden guardarse dentro del bolsillo interior y de los dos compartimentos de malla, o en los laterales en un bolsillo con velcro para transportar, yesca, encendedores u otros accesorios para cocinar.<\/p>\n<div>\n<p><strong>CARACTER\u00cdSTICAS:<\/strong><\/p>\n<p><strong>Material<\/strong>: nylon.<br \/>\n<strong>Color:<\/strong> negro.<br \/>\n<strong>Medidas embalado<\/strong>: 8 x 27 x 32 cm.<br \/>\n<strong>Dimensiones desplegado:<\/strong> L x H x P : 32 x 34,5 x 28 cm<br \/>\n<strong>Peso<\/strong>: 980 g.<br \/>\n<span style=\"color: #000000;\"><strong>Peso con embalaje:<\/strong><\/span> 1000 g.<br \/>\n<strong><span style=\"color: #000000;\">Marca<\/span><\/strong>: Petromax<br \/>\n<strong>Modo de llevar<\/strong>: corra de hombro y asas de transporte<br \/>\n<span style=\"color: #dd9933;\"><strong>No incluye la estufa, ni los accesorios.<\/strong><\/span><\/p>\n<\/div>\n<\/div>\n","protected":false},"excerpt":{"rendered":"<p><strong>Funda<\/strong> para transportar la estufa Rocket rf33 de Petromax <span style=\"color: #dd9933;\"><span style=\"color: #000000;\"><br \/>\nSe puede llevar con sus dos asas o su correa de hombro, bolsillos en el interior y lateral.\u00a0<\/span><\/span><br \/>\n<span style=\"color: #dd9933;\"><em>(estufa no incluida).\u00a0<\/em><\/span><\/p>\n<p>Dimensiones: L x H x P : 32 x 34,5 x 28 cm<\/p>\n<div class=\"fusion-layout-column fusion_builder_column fusion-builder-column-1 fusion_builder_column_1_3 1_3 fusion-one-third fusion-column-last\">\n<div class=\"fusion-column-wrapper fusion-flex-column-wrapper-legacy\">\n<div class=\"fusion-content-boxes content-boxes columns row fusion-columns-1 fusion-columns-total-1 fusion-content-boxes-1 content-boxes-icon-with-title content-left\" data-animationoffset=\"top-into-view\">\n<div class=\"fusion-clearfix\"><\/div>\n<\/div>\n<div class=\"fusion-clearfix\"><\/div>\n<\/div>\n<\/div>\n<div class=\"portfolio-sep\"><\/div>\n<section class=\"related-posts single-related-posts\">\n<div class=\"fusion-title fusion-title-size-two sep-single sep-dashed\"><\/div>\n<\/section>\n","protected":false},"featured_media":1658,"template":"","meta":{"iawp_total_views":7},"product_brand":[],"product_cat":[48],"product_tag":[185,186],"class_list":{"0":"post-1656","1":"product","2":"type-product","3":"status-publish","4":"has-post-thumbnail","6":"product_cat-fuego","7":"product_tag-bolsa","8":"product_tag-funda","10":"first","11":"outofstock","12":"taxable","13":"shipping-taxable","14":"purchasable","15":"product-type-simple"},"acf":[],"_links":{"self":[{"href":"https:\/\/www.perihelio.com\/tienda\/wp-json\/wp\/v2\/product\/1656","targetHints":{"allow":["GET"]}}],"collection":[{"href":"https:\/\/www.perihelio.com\/tienda\/wp-json\/wp\/v2\/product"}],"about":[{"href":"https:\/\/www.perihelio.com\/tienda\/wp-json\/wp\/v2\/types\/product"}],"wp:featuredmedia":[{"embeddable":true,"href":"https:\/\/www.perihelio.com\/tienda\/wp-json\/wp\/v2\/media\/1658"}],"wp:attachment":[{"href":"https:\/\/www.perihelio.com\/tienda\/wp-json\/wp\/v2\/media?parent=1656"}],"wp:term":[{"taxonomy":"product_brand","embeddable":true,"href":"https:\/\/www.perihelio.com\/tienda\/wp-json\/wp\/v2\/product_brand?post=1656"},{"taxonomy":"product_cat","embeddable":true,"href":"https:\/\/www.perihelio.com\/tienda\/wp-json\/wp\/v2\/product_cat?post=1656"},{"taxonomy":"product_tag","embeddable":true,"href":"https:\/\/www.perihelio.com\/tienda\/wp-json\/wp\/v2\/product_tag?post=1656"}],"curies":[{"name":"wp","href":"https:\/\/api.w.org\/{rel}","templated":true}]}}