{"id":1643,"date":"2021-11-18T18:06:28","date_gmt":"2021-11-18T18:06:28","guid":{"rendered":"https:\/\/www.perihelio.com\/tienda\/?post_type=product&#038;p=1643"},"modified":"2023-04-29T16:34:15","modified_gmt":"2023-04-29T16:34:15","slug":"rocket-estufa-lena","status":"publish","type":"product","link":"https:\/\/www.perihelio.com\/tienda\/producto\/rocket-estufa-lena\/","title":{"rendered":"ROCKET Estufa de le\u00f1a"},"content":{"rendered":"<p><strong>La estufa<\/strong>\u00a0<strong>Rocke<\/strong>t rf33 de Petromax combina con eficiencia, gracias a una llegada de aire optimal, el efecto de chimenea y el principio de horno de madera, consiguiendo as\u00ed\u00a0<strong>elevadas temperaturas <\/strong>con un <strong>consumo de biomasa muy reducido. <\/strong>Es\u00a0una <strong>cocina de exterior de alta eficiencia.<\/strong><br \/>\nEl dise\u00f1o en forma de\u00a0L de la c\u00e1mara de combustion y el conducto de la chimenea son capitales. Gracias al efecto chimenea, la estufa Rocket quema de manera tan eficiente que puedes encender un fuego ardiente con ramitas, pi\u00f1as o cortezas reunidas etc&#8230; que se a\u00f1aden a medida que se consumen gracias al practico soporte, lo que permite regular el fuego de manera \u00f3ptima.<br \/>\nEl calor esta limitado a un peque\u00f1o espacio protegido por el cuerpo aislante dentro de la c\u00e1mara de combustion. As\u00ed, el calor retenido se escapa del conducto por la rejilla de ventilaci\u00f3n \u00a0situada en la parte superior. Esta rejilla hecha de hiero fundido esta \u00a0dise\u00f1ada para poder cocinar encima. Mientras tanto, los residuos de combusti\u00f3n caen a trav\u00e9s de la rejilla incorporada en la caja de cenizas extra\u00edble. Esto facilita el suministro \u00f3ptimo de ox\u00edgeno.<br \/>\nEl hornillo Rocket rf33 es la herramienta perfecta para cocinar al aire libre, es resistente y tiene una<strong> combustion muy eficiente . <\/strong>Es <strong>robusto, duradero y f\u00e1cil de manipular gracias a sus asas.<\/strong><\/p>\n<p><strong>COMO FUNCIONA:<\/strong><\/p>\n<p>\u00bfCu\u00e1l es el proceso? pues el aire fr\u00edo que entra en la c\u00e1mara de combusti\u00f3n se calienta. Como este aire caliente tiene una densidad m\u00e1s baja, se eleva autom\u00e1ticamente hacia arriba y emite a trav\u00e9s de la abertura vertical hac\u00eda el lugar de cocci\u00f3n. Por lo tanto, se desarrolla una presi\u00f3n negativa que genera autom\u00e1ticamente una entrada de aire constante, as\u00ed como la emisi\u00f3n de aire. Por esa raz\u00f3n, la estufa rocket quema de manera efectiva y caliente con poco combustible. El ox\u00edgeno adicional se absorbe continuamente en la c\u00e1mara de combusti\u00f3n a trav\u00e9s de las aberturas de aire colocadas en la parte inferior exterior.\u00a0Esto facilita el suministro \u00f3ptimo de ox\u00edgeno.<\/p>\n<p>La carcasa aislada del horno es de doble pared, lo que hace que la estufa cohete Petromax sea resistente. No se uso arcilla como componente de aislamiento justo para evitar los riesgos de rotura durante su transporte y que sea m\u00e1s ligera. La pieza superior de hierro fundido le proporciona una ventaja adicional, ya que conduce el calor de manera uniforme a sus utensilios de cocina y los almacena durante mucho tiempo.<\/p>\n<p><strong>COMO USARLO:<\/strong><\/p>\n<p>Cuando se desembala, la estufa Rocket est\u00e1 casi lista para su uso. Solo se necesita un destornillador para fijar las asas de madera a trav\u00e9s de las bisagras de la estufa. Despu\u00e9s puedes encender el fuego y comenzar a cocinar.<\/p>\n<p>Para eso se necesita poco: primero preparas tu combustible (por ejemplo, ramitas, ramas, pi\u00f1as). A continuaci\u00f3n, coloque el soporte de combustible en la caja de cenizas y abra completamente la puerta de alimentaci\u00f3n. La forma m\u00e1s f\u00e1cil de encender es colocando un kit de fuego Petromax dentro de la c\u00e1mara de combusti\u00f3n a trav\u00e9s de la abertura superior y encendi\u00e9ndolo a partir de entonces (alternativamente, puede construir un fuego piramidal por medio de ramitas). Ahora solo necesita insertar peque\u00f1as ramitas desde arriba y luego su estufa est\u00e1 lista para funcionar. Despu\u00e9s solo necesitas a\u00f1adir peque\u00f1as ramas en el soporte de combustible a medida que se vaya consumiendo. \u00a0Al abrir y cerrar la puerta de alimentaci\u00f3n, se regula el suministro de aire.<\/p>\n<p>La limpieza se realiza en un instante: retire la caja de cenizas de su estufa Rocket una vez fr\u00edas y vac\u00edela. Puede limpiar la c\u00e1mara de combusti\u00f3n y la chimenea con un cepillo de mano y limpiar el cuerpo, as\u00ed como la pieza superior de hierro fundido con un pa\u00f1o h\u00famedo. Secar bien todo con un pa\u00f1o seco despu\u00e9s. Le recomendamos para conservar la pieza superior de hierro fundido en buen estado untarla con Petromax Care Conditioner para hierro fundido y forjado de forma regular o con una finita capa de aceite.<\/p>\n<p>Para cocinar o asar es mejor utilizar sartenes de hierro fundido o forjado (el di\u00e1metro de sus utensilios de cocina tiene que ser m\u00ednimo de 12 cm, se pueden comprar adaptadores a parte). La pieza superior de hierro fundido le proporciona una ventaja adicional,\u00a0ya que el hierro conduce el calor de manera uniforme, lo almacena y lo pasa a los utensilios de cocina, \u00a0permitiendo guardar el calor durante m\u00e1s tiempo con poco combustible. Las sartenes con revestimiento antiadherente o mangos de pl\u00e1stico no suelen resistir las altas temperaturas.<\/p>\n<p>Las asas de madera facilitan el transporte de un sitio a otro. Aunque la Rocket pesa solamente 6,5kg, existe una bolsa de transporte que se puede comprar aparte,\u00a0especialmente dise\u00f1ada para ella, hecha de tela robusta y resistente a las chispas, donde podr\u00e1s transportarla c\u00f3modamente una vez enfriada por completo.<\/p>\n<p><strong>CARACTERISTICAS T\u00c9CNICAS:<\/strong><\/p>\n<p>Marca: Petromax<br \/>\nMaterial: acero inoxidable, hierro fundido, madera.<br \/>\nMedidas: 30 x 25 x 33 cm.<br \/>\nMedidas con la caja: 36 x 29,5 x 35 cm.<br \/>\nPeso: 6,5 kg.<br \/>\nPeso con el embalaje: 7,4 kg.<br \/>\nDi\u00e1metro exterior (sin las asas y la chimenea) : 23,5 cm.<br \/>\nDi\u00e1metro interior de la chimenea: 9,4 cm.<br \/>\nDimensiones del clapet al combustible : 7 x 12 cm.<br \/>\nPeso: 6,5 kg.<br \/>\nPeso con el embalaje: 7,4 kg.<\/p>\n<p><strong>PIEZAS INCLUIDAS<\/strong><br \/>\n1x Hornillo Rocket rf33<br \/>\nManual en ingles, alem\u00e1n y franc\u00e9s.<\/p>\n<p>&nbsp;<\/p>\n","protected":false},"excerpt":{"rendered":"<p>Con la\u00a0<strong>estufa Rocket Rf33 de Petromax<\/strong>\u00a0podr\u00e1s cocinar en el exterior de forma segura y controlada con le\u00f1a. Esta estufa es un quemador de le\u00f1a muy eficiente, dise\u00f1ada para alcanzar r\u00e1pidamente altas temperaturas. Es posible cocinar en casi cualquier lugar con muy poco combustible. La estufa es, a excepci\u00f3n del anillo superior de hierro fundido y las asas de madera, completamente de acero inoxidable relleno de material aislante.\u00a0Puedes empezar inmediatamente a cocinar, hornear, asar y tambi\u00e9n realizar una barbacoa. Perfecta con un horno holand\u00e9s o sartenes de hierro fundido o forjado e incluso una parrilla.<\/p>\n","protected":false},"featured_media":1648,"template":"","meta":{"iawp_total_views":235},"product_brand":[],"product_cat":[48],"product_tag":[182,151,184,183],"class_list":{"0":"post-1643","1":"product","2":"type-product","3":"status-publish","4":"has-post-thumbnail","6":"product_cat-fuego","7":"product_tag-fuego","8":"product_tag-horno","9":"product_tag-lena","10":"product_tag-outdoor","11":"product_shipping_class-petromax","13":"first","14":"instock","15":"sold-individually","16":"taxable","17":"shipping-taxable","18":"purchasable","19":"product-type-simple"},"acf":[],"_links":{"self":[{"href":"https:\/\/www.perihelio.com\/tienda\/wp-json\/wp\/v2\/product\/1643","targetHints":{"allow":["GET"]}}],"collection":[{"href":"https:\/\/www.perihelio.com\/tienda\/wp-json\/wp\/v2\/product"}],"about":[{"href":"https:\/\/www.perihelio.com\/tienda\/wp-json\/wp\/v2\/types\/product"}],"wp:featuredmedia":[{"embeddable":true,"href":"https:\/\/www.perihelio.com\/tienda\/wp-json\/wp\/v2\/media\/1648"}],"wp:attachment":[{"href":"https:\/\/www.perihelio.com\/tienda\/wp-json\/wp\/v2\/media?parent=1643"}],"wp:term":[{"taxonomy":"product_brand","embeddable":true,"href":"https:\/\/www.perihelio.com\/tienda\/wp-json\/wp\/v2\/product_brand?post=1643"},{"taxonomy":"product_cat","embeddable":true,"href":"https:\/\/www.perihelio.com\/tienda\/wp-json\/wp\/v2\/product_cat?post=1643"},{"taxonomy":"product_tag","embeddable":true,"href":"https:\/\/www.perihelio.com\/tienda\/wp-json\/wp\/v2\/product_tag?post=1643"}],"curies":[{"name":"wp","href":"https:\/\/api.w.org\/{rel}","templated":true}]}}