{"id":1639,"date":"2021-11-21T21:36:13","date_gmt":"2021-11-21T21:36:13","guid":{"rendered":"https:\/\/www.perihelio.com\/tienda\/?post_type=product&#038;p=1639"},"modified":"2024-11-23T12:01:39","modified_gmt":"2024-11-23T12:01:39","slug":"loki2-estufa-lena","status":"publish","type":"product","link":"https:\/\/www.perihelio.com\/tienda\/producto\/loki2-estufa-lena\/","title":{"rendered":"LOKI2 estufa y cocina de le\u00f1a"},"content":{"rendered":"<div class=\"main-container col1-layout\">\n<div class=\"main container\">\n<div class=\"inner-container\">\n<div id=\"page-columns\" class=\"columns\">\n<div class=\"column-main\">\n<div class=\"product-view nested-container\">\n<div class=\"product-lower-primary-column box-additional grid12-12\">\n<div class=\"collateral-container box-tabs\">\n<div id=\"product-tabs\" class=\"gen-tabs gen-tabs--style1 gen-tabs--style1-small\">\n<div class=\"tabs-panels\">\n<div class=\"panel\">\n<div class=\"std\">La <strong>Loki2<\/strong> de la marca \u00a9 PETROMAX es su compa\u00f1ero m\u00e1s fiable para calentar su tienda de campa\u00f1a durante sus viajes o campamentos. <strong>Permite no solamente calentarse, sino cocinar<\/strong> al exterior, tanto encima de su placa de coci\u00f3n como dentro, como un horno.<\/div>\n<div class=\"std\">\n<p>Gracias a su ingeniosa concepci\u00f3n, se puede plegar las patas y almacenar las partes del conducto dentro del cuerpo, ocupando as\u00ed poco espacio para guardarla. As\u00ed esta combinaci\u00f3n de estufa y calentador les puede acompa\u00f1ar a todas partes.<\/p>\n<p><span style=\"color: #dd9933;\"><strong>Transmite \u00a0el calor en poco tiempo <\/strong><\/span><br \/>\nLa intensidad del calor emitido por la Loki2 depende de ti. El regulador de aire en la puerta de la estufa permite tener pleno control del fuego. Mirando por la ventana, podr\u00e1 controlar cuando haya que reponer m\u00e1s le\u00f1a dentro de la c\u00e1mara de combusti\u00f3n. El caj\u00f3n de cenizas debajo protege el suelo de la tiendo de lo restos de brasas que puedan caerse. La Loki2 transfiere eficientemente el calor de combusti\u00f3n a su alrededor a trav\u00e9s de su cuerpo semicircular y permite calentar tu tienda en poco tiempo. \u00a0.<\/p>\n<p><span style=\"color: #dd9933;\"><strong>Dise\u00f1ada para transportarla\u00a0<\/strong><b>facilement<\/b><\/span><br \/>\nLa estufa Loki2 para tienda convence por su sofisticada construcci\u00f3n: gracias a un sistema de pasadores el\u00e1sticos, los pies una vez desplegados son fijos y garantizan una gran estabilidad. El cenicero amovible facilita la limpieza antes del transporte o almacenamiento de la estufa. \u00a0Con un peso solo de 10,50 kilos, es muy port\u00e1til, hace parte de las estufas de tienda m\u00e1s ligeras\u00a0\u00a0que se puede encontrar. Una vez guardados dentro de su cuerpo las 3 patas plegadas y las 5 piezas del conducto de la chimenea, la Loki 2 ocupa poco espacio:\u00a052 x 33 x 33 cm. La bolsa de transporte, especialmente dise\u00f1ada para ella se puede comprar a parte. Existe tambi\u00e9n varios accesorios, como rejillas, anti-chispas, codos para la chimenea, adaptaci\u00f3n para tipis etc..<\/p>\n<p><span style=\"color: #dd9933;\"><strong>Cocina multiuso para todos los tipos de tiendas de campana\u00a0<\/strong><\/span><br \/>\nCon la Loki, cocinar una comida deliciosa mientras acampa es tan f\u00e1cil como cocinar con la estufa de tu casa: enci\u00e9ndala y coloque una olla o sart\u00e9n sobre la <strong>superficie de cocci\u00f3n (40 x 25 cm)<\/strong>. \u00a0Si quieres conservar esta sensaci\u00f3n de fogata, es posible quitar la placa de cocci\u00f3n redonda de la superficie de cocci\u00f3n y cocinar directamente a fuego abierto.<\/p>\n<p><span style=\"color: #dd9933;\"><strong>Para los\u00a0tipis,\u00a0hurta, tiendas y m\u00e1s\u00a0<\/strong><\/span><br \/>\nLa estufa Lok12 es <strong>adecuada para varios tipos de tienda\u00a0de campa\u00f1a o similares,<\/strong> siempre que se completa con los diferentes adaptadores opcionales. Para ello, Petromax ofrece los accesorios correspondiente para\u00a0ajustar la Loki a tu tienda de campa\u00f1a. ya sea tienda de campana, tipis, cobertizos etc&#8230;Siempre <strong>recomendamos utilizar la Loki2 con un anti-chispas<\/strong>, con el fin de proteger la tienda de las chispas.<\/p>\n<p><span style=\"color: #dd9933;\"><strong>Detalles t\u00e9cnicos:\u00a0<\/strong><\/span><br \/>\nMarca: Petromax<br \/>\nCombustible: Le\u00f1a o carbon.<br \/>\nDi\u00e1metro del conducto: 6 cm.<br \/>\nDimensiones una vez montada : 247 x 87 x 55 cm.<br \/>\nDimensiones para el transporte: \u00a052 x 33 x 33 cm.<br \/>\nMaterial: acero revestido, cristal.<br \/>\nPeso : 10,5 kg.<br \/>\nAltura hasta la placa de cocci\u00f3n: 51 cm.<\/p>\n<p><span style=\"color: #dd9933;\"><strong>Piezas incluidas:\u00a0<\/strong><\/span><br \/>\n1 x Estufa de camping Petromax Loki2<br \/>\n4 x Tubos conductores de estufa<br \/>\n1 x Conducto con clapet de a\u00e9racion<br \/>\n1 x Colector o recogedor de brazas<br \/>\n1 x Recogedor de cenizas<br \/>\n1 x Manuel de instrucciones (idiomas: ingl\u00e9s, Frances, alem\u00e1n)<\/p>\n<\/div>\n<\/div>\n<\/div>\n<\/div>\n<\/div>\n<\/div>\n<\/div>\n<\/div>\n<\/div>\n<\/div>\n<\/div>\n<\/div>\n","protected":false},"excerpt":{"rendered":"<p>La <strong>Loki2<\/strong> de la marca Petromax es una estufa y horno de le\u00f1a para cocinar tanto al exterior como dentro de una tienda. Con el horno Loki <strong>no solo puedes calentar, sino tambi\u00e9n cocinar.<\/strong> La pr\u00e1ctica placa de cocci\u00f3n se puede utilizar en combinaci\u00f3n con las ollas y sartenes Petromax.\u00a0En pocos minutos puedes calentar tu tienda a una temperatura agradable.<\/p>\n<p>Existen multiples accesorios que se pueden comprar a parte como: bolsa de transporte, rejillas, anti-chispas, codos para la chimenea, adaptaci\u00f3n para tipis etc.. Contactar con nosotros para m\u00e1s informaci\u00f3n y precios.<\/p>\n","protected":false},"featured_media":1641,"template":"","meta":{"iawp_total_views":347},"product_brand":[],"product_cat":[48],"product_tag":[],"class_list":{"0":"post-1639","1":"product","2":"type-product","3":"status-publish","4":"has-post-thumbnail","6":"product_cat-fuego","8":"first","9":"instock","10":"sold-individually","11":"taxable","12":"shipping-taxable","13":"purchasable","14":"product-type-simple"},"acf":[],"_links":{"self":[{"href":"https:\/\/www.perihelio.com\/tienda\/wp-json\/wp\/v2\/product\/1639","targetHints":{"allow":["GET"]}}],"collection":[{"href":"https:\/\/www.perihelio.com\/tienda\/wp-json\/wp\/v2\/product"}],"about":[{"href":"https:\/\/www.perihelio.com\/tienda\/wp-json\/wp\/v2\/types\/product"}],"wp:featuredmedia":[{"embeddable":true,"href":"https:\/\/www.perihelio.com\/tienda\/wp-json\/wp\/v2\/media\/1641"}],"wp:attachment":[{"href":"https:\/\/www.perihelio.com\/tienda\/wp-json\/wp\/v2\/media?parent=1639"}],"wp:term":[{"taxonomy":"product_brand","embeddable":true,"href":"https:\/\/www.perihelio.com\/tienda\/wp-json\/wp\/v2\/product_brand?post=1639"},{"taxonomy":"product_cat","embeddable":true,"href":"https:\/\/www.perihelio.com\/tienda\/wp-json\/wp\/v2\/product_cat?post=1639"},{"taxonomy":"product_tag","embeddable":true,"href":"https:\/\/www.perihelio.com\/tienda\/wp-json\/wp\/v2\/product_tag?post=1639"}],"curies":[{"name":"wp","href":"https:\/\/api.w.org\/{rel}","templated":true}]}}