{"id":1633,"date":"2021-11-14T11:42:33","date_gmt":"2021-11-14T11:42:33","guid":{"rendered":"https:\/\/www.perihelio.com\/tienda\/?post_type=product&#038;p=1633"},"modified":"2023-10-25T20:34:54","modified_gmt":"2023-10-25T20:34:54","slug":"powerstation-kaise-s710","status":"publish","type":"product","link":"https:\/\/www.perihelio.com\/tienda\/producto\/powerstation-kaise-s710\/","title":{"rendered":"POWERSTATION port\u00e1til Kaise S710"},"content":{"rendered":"<p><span style=\"color: #dd9933;\"><strong>FICHA T\u00c9CNICA:<\/strong><\/span><\/p>\n<ul>\n<li>Tecnolog\u00eda<strong> Litio Pol\u00edmero<\/strong> (Li-Po)<\/li>\n<li>Potente bater\u00eda de Litio I\u00f3n de 444Wh 40Ah a 12V (120000mAh a 3,7V).<\/li>\n<li>Capacidad nominal 444Wh (40Ah)<\/li>\n<li>Potencia AC m\u00e1xima 450W<\/li>\n<li>Potencia DC m\u00e1xima 150W<\/li>\n<li>Tipo de onda Onda senoidal pura<\/li>\n<li>Tensi\u00f3n de salida 220\/240V AC\u00b110%<\/li>\n<li>Frecuencia de salida 50\/60Hz\u00b110%<\/li>\n<li>Puerto USB \u00ab1 x USB-A 5~9V\/2.1A Qualcomm Carga R\u00e1pida3.0<\/li>\n<li>2 x USB-A 5V 2,1A Total 3.5A m\u00e1ximo<\/li>\n<li>2 x USB-C 5~9V\/2.1A Qualcomm Carga R\u00e1pida 3.0&#8243;<\/li>\n<li>Display LCD SI<\/li>\n<li>Indicador de nivel de carga de la bater\u00eda en la pantalla.<\/li>\n<li>Enchufe AC 1 schuko (enchufe normal europeo)<\/li>\n<li>Salida DC 12V 3 x 5,5mm DC 9-12,6V 10A (15A m\u00e1ximo)<\/li>\n<li>Toma Mechero SI<\/li>\n<li>Linterna NO<\/li>\n<li>Carga con panel solar SI, por entrada DC 13~25V 4A m\u00e1ximo<\/li>\n<li>Tiempo de carga 10-11 h<\/li>\n<li>Dimensiones 296x94x196 mm<\/li>\n<li>Peso 4,7 Kg<\/li>\n<li>Rango de temperatura de funcionamiento de -10\u00b0C a +40\u00b0C<\/li>\n<li>Vida \u00fatil m\u00e1s de 500 ciclos<\/li>\n<li>Garant\u00eda 2 a\u00f1os<\/li>\n<\/ul>\n<p><span style=\"color: #dd9933;\"><strong>CONTENIDO DEL PAQUETE:<\/strong><\/span><\/p>\n<ul>\n<li>Fuente de alimentaci\u00f3n con bater\u00eda recargable.<\/li>\n<li>Cargador de 220\/240V.<\/li>\n<li>Cable de carga para conexi\u00f3n a toma de mechero de 12V en el coche.<\/li>\n<li>Manual de instrucciones.<\/li>\n<\/ul>\n<p><img loading=\"lazy\" decoding=\"async\" class=\"alignnone wp-image-1638\" src=\"https:\/\/www.perihelio.com\/tienda\/wp-content\/uploads\/2021\/11\/Kaiser-tabla.jpeg\" alt=\"\" width=\"500\" height=\"673\" srcset=\"https:\/\/www.perihelio.com\/tienda\/wp-content\/uploads\/2021\/11\/Kaiser-tabla.jpeg 668w, https:\/\/www.perihelio.com\/tienda\/wp-content\/uploads\/2021\/11\/Kaiser-tabla-223x300.jpeg 223w, https:\/\/www.perihelio.com\/tienda\/wp-content\/uploads\/2021\/11\/Kaiser-tabla-416x560.jpeg 416w\" sizes=\"auto, (max-width: 500px) 100vw, 500px\" \/><\/p>\n","protected":false},"excerpt":{"rendered":"<p><b>POWERBANK PORT\u00c1TIL KAISE S710 DE LITIO 120.000 mAh\u00a0<\/b><\/p>\n<p><span style=\"color: #dd9933;\"><strong>Energ\u00eda port\u00e1til all\u00ed donde vayas durante muchas horas:<\/strong><\/span><\/p>\n<p>Estaci\u00f3n de energ\u00eda port\u00e1til de gran formato con una potente bater\u00eda recargable de<strong> litio pol\u00edmero de 440Wh\/40Ah.<\/strong>\u00a0Con este banco de energ\u00eda port\u00e1til puede: <strong>cargar o conectar sus dispositivos en cualquier lugar.<\/strong> Conectar aparatos con consumos m\u00e1ximos de 450W y m\u00faltiples dispositivos a trav\u00e9s de sus puertos USB.<\/p>\n<p><strong>Ofrece diversas posibilidades de conexi\u00f3n,<\/strong> como enchufe normal EU (schuko) 220\/240V, 3 salidas DC (5,5&#215;2,1mm) de 9V a 12V, toma de mechero 12V y puertos USB-A y USB-C, para recargar los dispositivos electr\u00f3nicos m\u00e1s comunes, permitiendo tener siempre suficientes reservas de energ\u00eda, tanto para el uso al aire libre o en caso de fallo de corriente en el hogar.<\/p>\n<p>Esta fuente de alimentaci\u00f3n port\u00e1til es una <strong>alternativa silenciosa y ecol\u00f3gica a los generadores de corriente con motores<\/strong> de combusti\u00f3n y puede recargarse a 220\/240V (cargador incluido), en toma de mechero de 12V de su veh\u00edculo y con panel solar (no incluido)<\/p>\n<p>Estaci\u00f3n de energ\u00eda port\u00e1til 444Wh con 1 enchufe AC (450W m\u00e1x.), 2xUSB-C, 3xUSB-A, 3 salidas DC (150W m\u00e1x.) y toma de mechero<\/p>\n<p>&nbsp;<\/p>\n<p>&nbsp;<\/p>\n","protected":false},"featured_media":1735,"template":"","meta":{"iawp_total_views":116},"product_brand":[],"product_cat":[34],"product_tag":[181,131,188,190,36],"class_list":{"0":"post-1633","1":"product","2":"type-product","3":"status-publish","4":"has-post-thumbnail","6":"product_cat-solar","7":"product_tag-bateria","8":"product_tag-cargador","9":"product_tag-generador","10":"product_tag-linterna","11":"product_tag-solar","13":"first","14":"instock","15":"downloadable","16":"taxable","17":"shipping-taxable","18":"purchasable","19":"product-type-simple"},"acf":[],"_links":{"self":[{"href":"https:\/\/www.perihelio.com\/tienda\/wp-json\/wp\/v2\/product\/1633","targetHints":{"allow":["GET"]}}],"collection":[{"href":"https:\/\/www.perihelio.com\/tienda\/wp-json\/wp\/v2\/product"}],"about":[{"href":"https:\/\/www.perihelio.com\/tienda\/wp-json\/wp\/v2\/types\/product"}],"wp:featuredmedia":[{"embeddable":true,"href":"https:\/\/www.perihelio.com\/tienda\/wp-json\/wp\/v2\/media\/1735"}],"wp:attachment":[{"href":"https:\/\/www.perihelio.com\/tienda\/wp-json\/wp\/v2\/media?parent=1633"}],"wp:term":[{"taxonomy":"product_brand","embeddable":true,"href":"https:\/\/www.perihelio.com\/tienda\/wp-json\/wp\/v2\/product_brand?post=1633"},{"taxonomy":"product_cat","embeddable":true,"href":"https:\/\/www.perihelio.com\/tienda\/wp-json\/wp\/v2\/product_cat?post=1633"},{"taxonomy":"product_tag","embeddable":true,"href":"https:\/\/www.perihelio.com\/tienda\/wp-json\/wp\/v2\/product_tag?post=1633"}],"curies":[{"name":"wp","href":"https:\/\/api.w.org\/{rel}","templated":true}]}}