{"id":1572,"date":"2021-11-09T20:57:55","date_gmt":"2021-11-09T20:57:55","guid":{"rendered":"https:\/\/www.perihelio.com\/tienda\/?post_type=product&#038;p=1572"},"modified":"2025-06-08T13:35:51","modified_gmt":"2025-06-08T13:35:51","slug":"freisitz-silla","status":"publish","type":"product","link":"https:\/\/www.perihelio.com\/tienda\/producto\/freisitz-silla\/","title":{"rendered":"FREISITZ silla"},"content":{"rendered":"<div class=\"column\">\n<p>Para su movimiento se creo un mecanismo de\u00a0carbono.\u00a0La tecnologi\u0301a de\u00a0carbono, gracias\u00a0a su ligereza y estabilidad, se usa en la ingenieri\u0301a aerona\u0301utica y la\u00a0tecnologi\u0301a me\u0301dica. Es el resultado de un feliz encuentro entre finura te\u0301cnica y disen\u0303o.\u00a0<strong><span style=\"color: #dd9933;\">Su meca\u0301nica u\u0301nica carbono-motion patentada<\/span><\/strong>, posibilita estar sentado de manera dina\u0301mica, con movimiento en todas las direcciones y ofreciendo asi\u0301 una sensacio\u0301n especial al estar sentado. Se vende en diferentes niveles de resistencia, elijan ustedes segu\u0301n su vivacidad y necesidades de movimiento.<\/p>\n<p>Al sentarse, \u00a0el carbono- motion le recibe al primer instante con una <strong>suave y agradable amortiguacio\u0301n<\/strong>. Gracias a una construccio\u0301n asime\u0301trica de tres hojas, se nota una solidez y libertad de movimiento en todas las direcciones. Por supuesto <strong>FREISITZ gira 360 grados<\/strong> y tambie\u0301n <strong>se puede usar hacia atra\u0301s<\/strong>, lo cual es beneficioso para la espalda.<\/p>\n<\/div>\n<p><strong><span style=\"color: #dd9933;\">3 Posiciones:<\/span><\/strong><\/p>\n<div class=\"column\">\n<div class=\"page\" title=\"Page 5\">\n<div class=\"layoutArea\">\n<div class=\"column\">\n<ul>\n<li><span style=\"color: #000000;\">Posicio\u0301n de asiento cla\u0301sica con los codos en el respaldo <strong>: <\/strong><\/span><span style=\"color: #dd9933;\"><span style=\"color: #000000;\">estira la columna y alivia los discos intervertebrales<\/span><\/span><\/li>\n<li><span style=\"color: #000000;\">Posicio\u0301n de lado\u00a0casual, con apoyo y movimiento<\/span><\/li>\n<li><span style=\"color: #000000;\">Posicio\u0301n sentado hacia atra\u0301s con los codos en el respaldo<\/span><\/li>\n<\/ul>\n<div class=\"page\" title=\"Page 5\">\n<p><img loading=\"lazy\" decoding=\"async\" class=\"alignnone wp-image-1606 size-full\" src=\"https:\/\/www.perihelio.com\/tienda\/wp-content\/uploads\/2021\/11\/Freisitz-posiciones-scaled.jpg\" alt=\"\" width=\"2560\" height=\"954\" srcset=\"https:\/\/www.perihelio.com\/tienda\/wp-content\/uploads\/2021\/11\/Freisitz-posiciones-scaled.jpg 2560w, https:\/\/www.perihelio.com\/tienda\/wp-content\/uploads\/2021\/11\/Freisitz-posiciones-300x112.jpg 300w, https:\/\/www.perihelio.com\/tienda\/wp-content\/uploads\/2021\/11\/Freisitz-posiciones-1024x382.jpg 1024w, https:\/\/www.perihelio.com\/tienda\/wp-content\/uploads\/2021\/11\/Freisitz-posiciones-768x286.jpg 768w, https:\/\/www.perihelio.com\/tienda\/wp-content\/uploads\/2021\/11\/Freisitz-posiciones-1536x572.jpg 1536w, https:\/\/www.perihelio.com\/tienda\/wp-content\/uploads\/2021\/11\/Freisitz-posiciones-2048x763.jpg 2048w, https:\/\/www.perihelio.com\/tienda\/wp-content\/uploads\/2021\/11\/Freisitz-posiciones-416x155.jpg 416w\" sizes=\"auto, (max-width: 2560px) 100vw, 2560px\" \/><\/p>\n<\/div>\n<div class=\"page\" title=\"Page 5\">\n<div class=\"layoutArea\">\n<div class=\"column\">\n<div class=\"page\" title=\"Page 5\">\n<div class=\"layoutArea\">\n<div class=\"column\">\n<p>M\u00e1s informaci\u00f3n en nuestra p\u00e1gina:<strong>\u00a0<a href=\"https:\/\/www.perihelio.com\/index.php\/freisitz\/\" target=\"_blank\" rel=\"noopener\"><span style=\"color: #dd9933;\">www.perihelio.com<\/span><\/a><\/strong><\/p>\n<\/div>\n<\/div>\n<\/div>\n<\/div>\n<\/div>\n<\/div>\n<\/div>\n<\/div>\n<\/div>\n<\/div>\n<div class=\"column\">\n<p>&nbsp;<\/p>\n<\/div>\n","protected":false},"excerpt":{"rendered":"<p><strong>FREISITZ Silla dina\u0301mica<\/strong> \u2013 Sentado en movimiento<\/p>\n<p>La silla FREISITZ ha sido concebida como <strong><span style=\"color: #dd9933;\">silla de comedor y para oficina en casa.<\/span><\/strong> Su noble construccio\u0301n de madera se adapta armo\u0301nicamente al ambiente y puede ser tapizada con diferentes tejidos, tambie\u0301n con telas aportadas por el prop\u00edo cliente.<br \/>\n<span style=\"font-weight: bold; color: #dd9933;\">Fabricaci\u00f3n y entrega: <\/span><span style=\"color: #333333;\">3 semanas\u00a0<span style=\"caret-color: #dd9933;\">tras<\/span>\u00a0realizar el pago.\u00a0<\/span><\/p>\n<p><strong><span style=\"color: #dd9933;\">Opciones para los patas:<\/span> <\/strong>madera maciza de <strong>haya, roble o nogal<\/strong><br \/>\n<strong><span style=\"color: #dd9933;\">Opciones de\u00a0<\/span><span style=\"color: #dd9933;\">tapicer\u00eda:<\/span>\u00a0 lanas, telas o pieles<\/strong> de nuestro catalogo (ver CATALOGO DE MUESTRAS en la parte documentaci\u00f3n), o tejido que nos aporta el cliente para personalizarla \u00a0(elegir casilla \u00abcliente\u00bb).<\/p>\n<ul>\n<li><strong>Lana \/ Loden:<\/strong> \u00abManufaktur Steiner 1888\u00bb \/ Mandling &#8211; AUSTRIA. 100% Lana natural.<\/li>\n<li><strong>HOT MADISON<\/strong> de Chivasso \/ JAB &#8211; UNI-Tela-Allrounder 63% Algodo\u0301n y 37% lino.<\/li>\n<li><strong>GRAND SLAM<\/strong> de Carlucci \/ JAB &#8211; telas estampadas. 85% Viscosa y 15% polie\u0301ster.<\/li>\n<li><strong>Cuero de \u00abGerberei Ritsch\u00bb<\/strong> \/ Mittersill, AUSTRIA -510 g\/lfm &#8211; 37000 T 510 g\/lfm &#8211; 37000 T &#8211; 410 g\/lfm &#8211; 100000 T. Ritsch es una curtiduri\u0301a tradicional desde siglos que produce uno de los cueros ma\u0301s respetuosos con el medio ambiente del mundo.<\/li>\n<li><strong>Tela exclusiva del cliente<\/strong>. Necesitamos por cada FREISITZ 1,0 lfm tela con ca. 140cm de ancho. Antes de empezar la fabricacio\u0301n necesitamos una muestra de la tela de su elecci\u00f3n.<\/li>\n<\/ul>\n","protected":false},"featured_media":1603,"template":"","meta":{"iawp_total_views":66},"product_brand":[],"product_cat":[170,50],"product_tag":[145,158,169],"class_list":{"0":"post-1572","1":"product","2":"type-product","3":"status-publish","4":"has-post-thumbnail","6":"product_cat-freisitz","7":"product_cat-sillas-ergonomicas","8":"product_tag-ergonomica","9":"product_tag-madera","10":"product_tag-silla","11":"product_shipping_class-dormonovo","13":"first","14":"instock","15":"taxable","16":"shipping-taxable","17":"purchasable","18":"product-type-variable"},"acf":[],"_links":{"self":[{"href":"https:\/\/www.perihelio.com\/tienda\/wp-json\/wp\/v2\/product\/1572","targetHints":{"allow":["GET"]}}],"collection":[{"href":"https:\/\/www.perihelio.com\/tienda\/wp-json\/wp\/v2\/product"}],"about":[{"href":"https:\/\/www.perihelio.com\/tienda\/wp-json\/wp\/v2\/types\/product"}],"wp:featuredmedia":[{"embeddable":true,"href":"https:\/\/www.perihelio.com\/tienda\/wp-json\/wp\/v2\/media\/1603"}],"wp:attachment":[{"href":"https:\/\/www.perihelio.com\/tienda\/wp-json\/wp\/v2\/media?parent=1572"}],"wp:term":[{"taxonomy":"product_brand","embeddable":true,"href":"https:\/\/www.perihelio.com\/tienda\/wp-json\/wp\/v2\/product_brand?post=1572"},{"taxonomy":"product_cat","embeddable":true,"href":"https:\/\/www.perihelio.com\/tienda\/wp-json\/wp\/v2\/product_cat?post=1572"},{"taxonomy":"product_tag","embeddable":true,"href":"https:\/\/www.perihelio.com\/tienda\/wp-json\/wp\/v2\/product_tag?post=1572"}],"curies":[{"name":"wp","href":"https:\/\/api.w.org\/{rel}","templated":true}]}}