{"id":1532,"date":"2021-11-09T12:43:41","date_gmt":"2021-11-09T12:43:41","guid":{"rendered":"https:\/\/www.perihelio.com\/tienda\/?post_type=product&#038;p=1532"},"modified":"2025-06-03T18:35:38","modified_gmt":"2025-06-03T18:35:38","slug":"mesilla-pino","status":"publish","type":"product","link":"https:\/\/www.perihelio.com\/tienda\/producto\/mesilla-pino\/","title":{"rendered":"MESILLA de noche en pino"},"content":{"rendered":"<ul>\n<li>Alto 45 cm<\/li>\n<li>Ancho 50 cm<\/li>\n<li>Profundidad 45 cm<\/li>\n<\/ul>\n<p>Posibilidad de fabricar la mesilla con cajones one-touch.<\/p>\n","protected":false},"excerpt":{"rendered":"<p>Mesilla de noche Dormo Novo, sin caj\u00f3n, de pi\u00f1o pi\u00f1onero Pinus Cembra para compaginar con tu cama Manu o Kiss.<\/p>\n<p>Se puede realizar en otras maderas europeas certificadas como<strong> el nogal, el haya, el cerezo o el roble.\u00a0<\/strong><\/p>\n<p>Se puede fabricar con cajones (ver ejemplo en nogal).<\/p>\n","protected":false},"featured_media":1533,"template":"","meta":{"iawp_total_views":6},"product_brand":[],"product_cat":[41],"product_tag":[158,161,162],"class_list":{"0":"post-1532","1":"product","2":"type-product","3":"status-publish","4":"has-post-thumbnail","6":"product_cat-camas-dormo-novo","7":"product_tag-madera","8":"product_tag-mesilla","9":"product_tag-mesita","10":"product_shipping_class-dormonovo","12":"first","13":"instock","14":"taxable","15":"shipping-taxable","16":"purchasable","17":"product-type-variable"},"acf":[],"_links":{"self":[{"href":"https:\/\/www.perihelio.com\/tienda\/wp-json\/wp\/v2\/product\/1532","targetHints":{"allow":["GET"]}}],"collection":[{"href":"https:\/\/www.perihelio.com\/tienda\/wp-json\/wp\/v2\/product"}],"about":[{"href":"https:\/\/www.perihelio.com\/tienda\/wp-json\/wp\/v2\/types\/product"}],"wp:featuredmedia":[{"embeddable":true,"href":"https:\/\/www.perihelio.com\/tienda\/wp-json\/wp\/v2\/media\/1533"}],"wp:attachment":[{"href":"https:\/\/www.perihelio.com\/tienda\/wp-json\/wp\/v2\/media?parent=1532"}],"wp:term":[{"taxonomy":"product_brand","embeddable":true,"href":"https:\/\/www.perihelio.com\/tienda\/wp-json\/wp\/v2\/product_brand?post=1532"},{"taxonomy":"product_cat","embeddable":true,"href":"https:\/\/www.perihelio.com\/tienda\/wp-json\/wp\/v2\/product_cat?post=1532"},{"taxonomy":"product_tag","embeddable":true,"href":"https:\/\/www.perihelio.com\/tienda\/wp-json\/wp\/v2\/product_tag?post=1532"}],"curies":[{"name":"wp","href":"https:\/\/api.w.org\/{rel}","templated":true}]}}