{"id":152,"date":"2021-02-12T12:22:11","date_gmt":"2021-02-12T12:22:11","guid":{"rendered":"https:\/\/www.perihelio.com\/tienda\/?post_type=product&#038;p=152"},"modified":"2025-10-16T16:50:30","modified_gmt":"2025-10-16T16:50:30","slug":"olla-petromax","status":"publish","type":"product","link":"https:\/\/www.perihelio.com\/tienda\/producto\/olla-petromax\/","title":{"rendered":"OLLA Petromax hierro fundido"},"content":{"rendered":"<div id=\"product-short-descripton-collapse\" class=\"product-block__body product-block__teaser f-collapse collapse is-open\" aria-expanded=\"true\">\n<div class=\"content\">\n<p><img loading=\"lazy\" decoding=\"async\" class=\"alignnone wp-image-1792 size-full\" src=\"https:\/\/www.perihelio.com\/tienda\/wp-content\/uploads\/2021\/02\/P-ollas-tabla.png\" alt=\"\" width=\"1492\" height=\"412\" srcset=\"https:\/\/www.perihelio.com\/tienda\/wp-content\/uploads\/2021\/02\/P-ollas-tabla.png 1492w, https:\/\/www.perihelio.com\/tienda\/wp-content\/uploads\/2021\/02\/P-ollas-tabla-300x83.png 300w, https:\/\/www.perihelio.com\/tienda\/wp-content\/uploads\/2021\/02\/P-ollas-tabla-1024x283.png 1024w, https:\/\/www.perihelio.com\/tienda\/wp-content\/uploads\/2021\/02\/P-ollas-tabla-768x212.png 768w, https:\/\/www.perihelio.com\/tienda\/wp-content\/uploads\/2021\/02\/P-ollas-tabla-416x115.png 416w\" sizes=\"auto, (max-width: 1492px) 100vw, 1492px\" \/><\/p>\n<p>Este original <b>Horno Holand\u00e9s Petromax <\/b>\u00a0es perfecto <strong>para cocinar tanto en uso en exteriores <\/strong>en la barbacoa, <strong>que para guisar o hornear en su casa o con su chimenea.<\/strong> Debido a las excelentes cualidades del hierro fundido, el calor es distribuido uniformemente y retenido. En el exterior se puede utilizar esta olla sobre una hoguera con carb\u00f3n o briquetas. El borde en relieve de la tapa permite a\u00f1adir carb\u00f3n o briquetas en la parte superior del horno holand\u00e9s. Como resultado, se calienta por todos los lados y funcionar\u00e1 como un horno. Tambi\u00e9n puedes colocar la olla sobre una hoguera o utilizarla en el horno.<\/p>\n<p>El horno holand\u00e9s Petromax ha sido mejorado con detalles ingeniosos para una experiencia culinaria incre\u00edble. El peque\u00f1o hueco para poner un term\u00f3metro es ideal. Esto te permite comprobar la temperatura dentro de la olla sin tener que quitar la tapa. Gracias a la s\u00f3lida asa se puede levantar la olla con seguridad. El modelo sin patas, con la base plana permite <strong>utilizarla con cualquier fuego en casa o al exterior.<\/strong> Otro detalle destacable es que, si pones la tapa al rev\u00e9s, puedes utilizarla de molde para hornear una tarta o como una salten para hacer a la plancha un filete, tortitas o un huevo frito. En este horno holand\u00e9s se pueden preparar f\u00e1cilmente sopas, platos de carne, guisos, pero tambi\u00e9n pasteles y panes.<\/p>\n<p>Las ollas y sartenes de hierro fundido existen desde el siglo XVIII. Ya entonces se apreciaban las caracter\u00edsticas \u00fanicas del hierro fundido. Con el horno holand\u00e9s, Petromax retoma esta tradici\u00f3n y ofrece una multitud de detalles refinados.<\/p>\n<\/div>\n<\/div>\n<p><b>La calidad Petromax de hierro fundido<\/b><br \/>\nDebido a las excelentes cualidades del hierro fundido y la estructura de su superficie, el calor es retenido y distribuido uniformemente con eficacia. La superficie pre-tratada (curada) hace innecesario el curado, esta robusta olla de hierro puede utilizarse inmediatamente. Al aire libre, se utiliza sobre un fuego o con carb\u00f3n o briquetas. Si el carb\u00f3n o las brasas se colocan sobre la tapa, la olla se calienta de todos los lados y permite as\u00ed, por ejemplo, hacer pan.<\/p>\n<p><strong>Unos detalles pulidos para un\u00a0 gran placer culinario: <\/strong><br \/>\nLa olla viene equipada con elementos refinados que facilitan su manejo y te reserva una magnifica experiencia culinaria. Una solida asa permite levantar la olla en toda seguridad y un agujero para el term\u00f3metro te permite verificar la temperatura sin tener que levantar la tapa. Si quieres levantar la tapa caliente, nada m\u00e1s fac\u00edl que utilisar la herramienta Elevador de tapa de Petromax. El hecho que la tapa pueda utilizarse tambi\u00e9n como sart\u00e9n es muy original y practico (excepto el modelo m\u00e1s peque\u00f1o ft1). La olla respeta el dise\u00f1o Petromax cl\u00e1sico con la tapa decorada del elegante logo con dragones, que anuncia desde siempre la calidad superior de los productos de alta gama. Sopas, guisos de carnes, potes, pasteles, incluso panes, todo se prepara fenomenal en esta olla de hiero.<\/p>\n<p><b>Disponible en diferentes tallas y puede ser completado con pr\u00e1cticos accesorios:\u00a0<\/b><br \/>\nLa olla Petromax existe en varias tallas, con o sin patas, a elegir en funci\u00f3n de la receta o del numero de comensales. Mirar la table de los tama\u00f1os y capacidades m\u00e1s arriba. Existen accesorios para completar la olla, tal la herramienta para levantar su tapa, una bolsa de transporte, una pasta protectora y tambi\u00e9n accesorios para limpiarlas. Adem\u00e1s podemos proponerles un rejilla que se puede poner dentro y permite fre\u00edr primero los alimentos o guisar sin que se quemen los alimentos (se puede usar a partir del tama\u00f1o f4,5).<\/p>\n<p><b>Caracter\u00edsticas t\u00e9cnicas olla tama\u00f1a<\/b><br \/>\nMaterial : hierro fundido<\/p>\n<p><strong>Vienen incluidos: <\/strong><br \/>\n1 x Olla de hierro fundido<br \/>\n1 x Manual de instrucciones (alem\u00e1n\/ingl\u00e9s\/franc\u00e9s)<\/p>\n<p><a href=\"https:\/\/www.perihelio.com\/tienda\/wp-content\/uploads\/2021\/02\/P-15-consejos_hierro-fundido.pdf\">15 consejos para usar una olla de hierro fundido<\/a><\/p>\n<p><img loading=\"lazy\" decoding=\"async\" class=\"alignnone wp-image-3167 size-full\" src=\"https:\/\/www.perihelio.com\/tienda\/wp-content\/uploads\/2021\/02\/P-Instrucciones_hierro_fundido.jpg\" alt=\"Instrucciones de uso\" width=\"595\" height=\"841\" srcset=\"https:\/\/www.perihelio.com\/tienda\/wp-content\/uploads\/2021\/02\/P-Instrucciones_hierro_fundido.jpg 595w, https:\/\/www.perihelio.com\/tienda\/wp-content\/uploads\/2021\/02\/P-Instrucciones_hierro_fundido-212x300.jpg 212w, https:\/\/www.perihelio.com\/tienda\/wp-content\/uploads\/2021\/02\/P-Instrucciones_hierro_fundido-416x588.jpg 416w\" sizes=\"auto, (max-width: 595px) 100vw, 595px\" \/><\/p>\n<p>&nbsp;<\/p>\n","protected":false},"excerpt":{"rendered":"<p>OLLAS llamadas <strong><span style=\"color: #dd9933;\">hornos holand\u00e9s (Dutch Oven)<\/span> <\/strong>de hierro fundido de la marca PETROMAX. Pesadas, negras y robustas, lo ideal para cocinar encima del fuego.<br \/>\nElegir acabado y tama\u00f1o seg\u00fan la capacidad necesitada o el numero de comensales (consultar la tabla en la descripci\u00f3n).<\/p>\n<ul>\n<li>La tapa se puede utilizar como sart\u00e9n (excepto la ft1-t\/ft1)<\/li>\n<li>Las ollas se pueden apilar una encima de la otra<\/li>\n<li>Hay un agujero para poner un term\u00f3metro<\/li>\n<li>Asa con muesca para una suspensi\u00f3n segura<\/li>\n<\/ul>\n<p>&nbsp;<\/p>\n","protected":false},"featured_media":1793,"template":"","meta":{"iawp_total_views":253},"product_brand":[],"product_cat":[48],"product_tag":[54,53,52],"class_list":{"0":"post-152","1":"product","2":"type-product","3":"status-publish","4":"has-post-thumbnail","6":"product_cat-fuego","7":"product_tag-cocina","8":"product_tag-hierro","9":"product_tag-olla","11":"first","12":"instock","13":"taxable","14":"shipping-taxable","15":"purchasable","16":"product-type-variable"},"acf":[],"_links":{"self":[{"href":"https:\/\/www.perihelio.com\/tienda\/wp-json\/wp\/v2\/product\/152","targetHints":{"allow":["GET"]}}],"collection":[{"href":"https:\/\/www.perihelio.com\/tienda\/wp-json\/wp\/v2\/product"}],"about":[{"href":"https:\/\/www.perihelio.com\/tienda\/wp-json\/wp\/v2\/types\/product"}],"wp:featuredmedia":[{"embeddable":true,"href":"https:\/\/www.perihelio.com\/tienda\/wp-json\/wp\/v2\/media\/1793"}],"wp:attachment":[{"href":"https:\/\/www.perihelio.com\/tienda\/wp-json\/wp\/v2\/media?parent=152"}],"wp:term":[{"taxonomy":"product_brand","embeddable":true,"href":"https:\/\/www.perihelio.com\/tienda\/wp-json\/wp\/v2\/product_brand?post=152"},{"taxonomy":"product_cat","embeddable":true,"href":"https:\/\/www.perihelio.com\/tienda\/wp-json\/wp\/v2\/product_cat?post=152"},{"taxonomy":"product_tag","embeddable":true,"href":"https:\/\/www.perihelio.com\/tienda\/wp-json\/wp\/v2\/product_tag?post=152"}],"curies":[{"name":"wp","href":"https:\/\/api.w.org\/{rel}","templated":true}]}}