{"id":1484,"date":"2021-11-07T21:01:48","date_gmt":"2021-11-07T21:01:48","guid":{"rendered":"https:\/\/www.perihelio.com\/tienda\/?post_type=product&#038;p=1484"},"modified":"2025-06-06T09:37:56","modified_gmt":"2025-06-06T09:37:56","slug":"manu-cama-nogal","status":"publish","type":"product","link":"https:\/\/www.perihelio.com\/tienda\/producto\/manu-cama-nogal\/","title":{"rendered":"MANU CAMA Dormo Novo nogal"},"content":{"rendered":"<p>Cama de madera maciza de nogal tratada con aceite:<\/p>\n<ul>\n<li>Altura hasta borde de la cama: 37 cm<\/li>\n<li>Altura cabecero: 100 cm<\/li>\n<li>Anchura exterior: +3 cm<\/li>\n<li>Longitud exterior: + 6cm<\/li>\n<li>Apoyo interior: 6 cm<\/li>\n<li>Apoyo central incluido a partir del tama\u00f1o 140 de ancho.<\/li>\n<\/ul>\n<p>Posibilidad de cambio de altura con un suplemento de 73,50\u20ac .<\/p>\n<p>Transporte incluido en el precio. La cama viene<strong> sin el sistema de descanso<\/strong> \u00a0Basic &amp; Comfort Dormo Novo y <strong>sin el colch\u00f3n.<\/strong><\/p>\n<p><span style=\"color: #dd9933;\"><strong><em>Fabricaci\u00f3n artesanal a petici\u00f3n del cliente, entrega entre 4 a 5 semanas.\u00a0<\/em><\/strong><\/span><\/p>\n<p>&nbsp;<\/p>\n","protected":false},"excerpt":{"rendered":"<p><strong>Cama Dormo Novo<\/strong> modelo\u00a0<strong>MANU\u00a0<span style=\"color: #dd9933;\">con o sin cabecero<\/span><\/strong>, de madera maciza de nogal tratada con aceite, <strong><span style=\"color: #dd9933;\">sin metal<\/span><\/strong>, uniones madera\/madera,<strong><span style=\"color: #dd9933;\"> sin barnices, ni toxicos.<\/span><\/strong><\/p>\n<p><strong><span style=\"color: #dd9933;\">Se realiza en cualquier medida<\/span><\/strong>\u00a0y especialmente \u00a0indicadas para nuestro sistema de descanso Normo Dovo\u00a0(sistema no incluido en el precio de cama).<\/p>\n<p>Tambi\u00e9n se puede fabricar en otras maderas europeas certificadas como<strong><span style=\"color: #dd9933;\"><span style=\"color: #000000;\">\u00a0el roble, el haya y el cerezo <\/span><\/span><\/strong><span style=\"color: #dd9933;\"><span style=\"color: #000000;\">(pedir presupuesto).\u00a0<\/span><\/span><\/p>\n<p>Si no encuentras la medida que buscas o necesitas m\u00e1s informaci\u00f3n, <strong>puedes consultar y descargar la hoja de precio y cat\u00e1logos m\u00e1s abajo en \u00abdocumentaci\u00f3n\u00bb<\/strong> o no dudes en contactar con nosotros para ofrecerte la mejor soluci\u00f3n.<\/p>\n<p>OJO: El video esta grabado con la cama MANU fabricada en pino, pero el montaje de la cama es el mismo.<\/p>\n","protected":false},"featured_media":1473,"template":"","meta":{"iawp_total_views":121},"product_brand":[],"product_cat":[41],"product_tag":[157],"class_list":{"0":"post-1484","1":"product","2":"type-product","3":"status-publish","4":"has-post-thumbnail","6":"product_cat-camas-dormo-novo","7":"product_tag-cama","8":"product_shipping_class-dormonovo","10":"first","11":"instock","12":"taxable","13":"shipping-taxable","14":"purchasable","15":"product-type-variable"},"acf":[],"_links":{"self":[{"href":"https:\/\/www.perihelio.com\/tienda\/wp-json\/wp\/v2\/product\/1484","targetHints":{"allow":["GET"]}}],"collection":[{"href":"https:\/\/www.perihelio.com\/tienda\/wp-json\/wp\/v2\/product"}],"about":[{"href":"https:\/\/www.perihelio.com\/tienda\/wp-json\/wp\/v2\/types\/product"}],"wp:featuredmedia":[{"embeddable":true,"href":"https:\/\/www.perihelio.com\/tienda\/wp-json\/wp\/v2\/media\/1473"}],"wp:attachment":[{"href":"https:\/\/www.perihelio.com\/tienda\/wp-json\/wp\/v2\/media?parent=1484"}],"wp:term":[{"taxonomy":"product_brand","embeddable":true,"href":"https:\/\/www.perihelio.com\/tienda\/wp-json\/wp\/v2\/product_brand?post=1484"},{"taxonomy":"product_cat","embeddable":true,"href":"https:\/\/www.perihelio.com\/tienda\/wp-json\/wp\/v2\/product_cat?post=1484"},{"taxonomy":"product_tag","embeddable":true,"href":"https:\/\/www.perihelio.com\/tienda\/wp-json\/wp\/v2\/product_tag?post=1484"}],"curies":[{"name":"wp","href":"https:\/\/api.w.org\/{rel}","templated":true}]}}