{"id":1385,"date":"2021-11-03T19:17:48","date_gmt":"2021-11-03T19:17:48","guid":{"rendered":"https:\/\/www.perihelio.com\/tienda\/?post_type=product&#038;p=1385"},"modified":"2026-04-01T11:52:40","modified_gmt":"2026-04-01T11:52:40","slug":"gosun-fusion-horno-solar","status":"publish","type":"product","link":"https:\/\/www.perihelio.com\/tienda\/producto\/gosun-fusion-horno-solar\/","title":{"rendered":"GOSUN FUSION Horno solar"},"content":{"rendered":"<ul>\n<li><strong>Solar de d\u00eda, el\u00e9ctrico de noche.<\/strong><\/li>\n<li>Con cualquier tiempo: lluvia, nubes y nieve, si ves una sombra en el suelo, funciona el solar.<\/li>\n<li>Port\u00e1til: se despliega en segundos y se pliega en un formato duradero.<\/li>\n<li>Perfecto para una familia<\/li>\n<\/ul>\n<p>ESPECIFICACIONES T\u00c9CNICAS<\/p>\n<ul>\n<li>Dimensiones: 60 x 33 x 33 cm<\/li>\n<li>Peso: 6,3 kilos<\/li>\n<li>Capacidad de cocci\u00f3n : 4,2 litros<\/li>\n<li>Temperatura m\u00e1xima : 270 \u00b0C<\/li>\n<li>Fabricado en China<\/li>\n<\/ul>\n","protected":false},"excerpt":{"rendered":"<h3>SIMPLE A UTILIZAR , POTENTE Y SIEMPRE\u00a0EFECTIVO DE DIA COMO NOCHE<\/h3>\n<p>El GoSun Fusion es un horno solar que permite asar, cocer a fuego lento, fre\u00edr o cocer al vapor para<strong> 5 a 8 personas<\/strong>, lo que supone 4 veces m\u00e1s que el ya muy r\u00e1pido GoSun Sport y siempre utilizando s\u00f3lo energ\u00eda solar.<\/p>\n<p>Con una temperatura de 200\u00b0C, pone el list\u00f3n muy alto en la gama de cocci\u00f3n solar.<\/p>\n<p>Si se queda sin energ\u00eda y sin luz solar, el GoSun Fusion puede ser alimentado por su coche, barco, furgoneta de acampada o <strong>cualquier otra fuente de energ\u00eda de 12V.<\/strong><\/p>\n","protected":false},"featured_media":1389,"template":"","meta":{"iawp_total_views":77},"product_brand":[],"product_cat":[34],"product_tag":[120,151,36],"class_list":{"0":"post-1385","1":"product","2":"type-product","3":"status-publish","4":"has-post-thumbnail","6":"product_cat-solar","7":"product_tag-cocinar","8":"product_tag-horno","9":"product_tag-solar","10":"product_shipping_class-dropshipping-sun","12":"first","13":"outofstock","14":"taxable","15":"shipping-taxable","16":"purchasable","17":"product-type-simple"},"acf":[],"_links":{"self":[{"href":"https:\/\/www.perihelio.com\/tienda\/wp-json\/wp\/v2\/product\/1385","targetHints":{"allow":["GET"]}}],"collection":[{"href":"https:\/\/www.perihelio.com\/tienda\/wp-json\/wp\/v2\/product"}],"about":[{"href":"https:\/\/www.perihelio.com\/tienda\/wp-json\/wp\/v2\/types\/product"}],"wp:featuredmedia":[{"embeddable":true,"href":"https:\/\/www.perihelio.com\/tienda\/wp-json\/wp\/v2\/media\/1389"}],"wp:attachment":[{"href":"https:\/\/www.perihelio.com\/tienda\/wp-json\/wp\/v2\/media?parent=1385"}],"wp:term":[{"taxonomy":"product_brand","embeddable":true,"href":"https:\/\/www.perihelio.com\/tienda\/wp-json\/wp\/v2\/product_brand?post=1385"},{"taxonomy":"product_cat","embeddable":true,"href":"https:\/\/www.perihelio.com\/tienda\/wp-json\/wp\/v2\/product_cat?post=1385"},{"taxonomy":"product_tag","embeddable":true,"href":"https:\/\/www.perihelio.com\/tienda\/wp-json\/wp\/v2\/product_tag?post=1385"}],"curies":[{"name":"wp","href":"https:\/\/api.w.org\/{rel}","templated":true}]}}