{"id":1384,"date":"2021-11-03T19:20:59","date_gmt":"2021-11-03T19:20:59","guid":{"rendered":"https:\/\/www.perihelio.com\/tienda\/?post_type=product&#038;p=1384"},"modified":"2023-10-02T09:33:50","modified_gmt":"2023-10-02T09:33:50","slug":"sunchef-horno-solar","status":"publish","type":"product","link":"https:\/\/www.perihelio.com\/tienda\/producto\/sunchef-horno-solar\/","title":{"rendered":"SUNCHEF Horno solar"},"content":{"rendered":"<p>La barbacoa solar SUNCHEF utiliza el principio de la tecnolog\u00eda solar concentrada. Gracias a sus dos alas parab\u00f3licas, toda la energ\u00eda del sol se concentra en el interior del tubo de vac\u00edo en el que se cocinar\u00e1n sus alimentos.<\/p>\n<ul>\n<li>Multifunci\u00f3n: asar, fre\u00edr, cocinar al vapor, cocer a fuego lento&#8230;<\/li>\n<li>Seguro: Sin llama, sin humo, sin riesgo de incendio. Perfecto para cocinar con ni\u00f1os alrededor.<\/li>\n<li>Sin supervisi\u00f3n: simplemente abre las dos alas del reflector, de cara al sol, y deja que ocurra.<\/li>\n<li>Deliciosa: cocci\u00f3n uniforme y conservaci\u00f3n de los sabores, sin riesgo de quemar la comida.<\/li>\n<li>Limpieza: Muy f\u00e1cil de limpiar con un pa\u00f1o.<\/li>\n<li>R\u00e1pido: Cocina un plato en s\u00f3lo 20 minutos, alcanzando temperaturas de hasta 250\u00b0C.<\/li>\n<li>Cocinar entre las nubes: \u00a1no hace falta ver el sol para cocinar! El SUNCHEF es tan eficiente en la captaci\u00f3n de la energ\u00eda del sol que basta con ver su sombra bien definida en el suelo para empezar a cocinar.<\/li>\n<li>Port\u00e1til: Se instala en segundos. Es perfecto para autocaravanas, barcos, jardines, la playa, el camping o simplemente en su terraza. Cocine donde quiera<\/li>\n<li>No hay combustible : Sin da\u00f1os, sin llamas, sin transporte de combustible, sin gas, sin electricidad, sin humos cancer\u00edgenos&#8230;. y sin costes adicionales.<\/li>\n<\/ul>\n<p><span style=\"font-size: 1.41575em;\">VENTAJAS Y ESPECIFICIDADES :<\/span><\/p>\n<hr \/>\n<ul>\n<li style=\"list-style-type: none;\">\n<ul>\n<li>Transportable<\/li>\n<li>Cocinar sin vigilancia<\/li>\n<li>250\u00b0C instant\u00e1neos<\/li>\n<li>Cocci\u00f3n &gt; 200\u00b0C<\/li>\n<li>Capacidad: para 5 a 20 personas<\/li>\n<li>Tipo de cocci\u00f3n: al horno, a fuego lento, al vapor<\/li>\n<li>El tubo de vac\u00edo mantiene el calor de la cocci\u00f3n incluso con tiempo nublado<\/li>\n<\/ul>\n<\/li>\n<\/ul>\n<p><span style=\"font-size: 1.41575em;\">SE COMPONE DE :<\/span><\/p>\n<hr \/>\n<ul>\n<li>un tubo de vac\u00edo de vidrio de borosilicato de gran volumen<\/li>\n<li>dos reflectores parab\u00f3licos plegables de PET de alta reflexi\u00f3n<\/li>\n<li>una bandeja de horno<\/li>\n<li>Un tr\u00e9bol para la bandeja de horno<\/li>\n<li>un asa para facilitar el transporte<\/li>\n<\/ul>\n<p>El tubo de vidrio evacuado es un aislante casi perfecto que hace posible la cocci\u00f3n solar en las condiciones m\u00e1s dif\u00edciles. Al captar eficazmente la luz desde una amplia gama de \u00e1ngulos, la SUNCHEF no requiere un reajuste frecuente durante el disparo.<\/p>\n<p><span style=\"font-size: 1.41575em;\">DATOS T\u00c9CNICOS:<\/span><\/p>\n<hr \/>\n<ul>\n<li style=\"list-style-type: none;\">\n<ul>\n<li style=\"list-style-type: none;\">\n<ul>\n<li>Peso : 12 kg \/ Peso del paquete : 13 kg<\/li>\n<li>Materiales: Vidrio, Acero cromado, PET metalizado altamente reflectante, Pl\u00e1stico<\/li>\n<li>Dimensiones del producto plegado: 65cm x 50cm x 20 cm<\/li>\n<li>Dimensiones del producto abierto: 65cm x 80cm x 95 cm<\/li>\n<li>Toma de suelo: 80 x 80 cm<\/li>\n<li>La bandeja del horno tiene una capacidad de 5L<\/li>\n<li>F\u00e1cil de limpiar con un pa\u00f1o h\u00famedo<\/li>\n<li>Garant\u00eda: 1 a\u00f1o<\/li>\n<\/ul>\n<\/li>\n<\/ul>\n<\/li>\n<\/ul>\n","protected":false},"excerpt":{"rendered":"<h3>Potente y robusto, ideal como cocina solar colectiva<\/h3>\n<p>La barbacoa solar SUNCHEF puede alcanzar temperaturas de hasta 250\u00baC. Es\u00a0port\u00e1til y <strong>puede llevarse a cualquier lugar<\/strong>: En un jard\u00edn o en una terraza para un uso familiar pero tambi\u00e9n es ideal para una actividad colectiva, evento, restaurante.<\/p>\n<p>Su volumen interior es de 5 litros.\u00a0Rendimiento de un horno tradicional hasta 250\u00b0C.\u00a0Listo para usar, extiende sus dos alas donde quieras.\u00a0No hay humo, \u00a1se utiliza energ\u00eda gratuita y ecol\u00f3gica!<\/p>\n","protected":false},"featured_media":1392,"template":"","meta":{"iawp_total_views":27},"product_brand":[],"product_cat":[34],"product_tag":[54,120,151,36],"class_list":{"0":"post-1384","1":"product","2":"type-product","3":"status-publish","4":"has-post-thumbnail","6":"product_cat-solar","7":"product_tag-cocina","8":"product_tag-cocinar","9":"product_tag-horno","10":"product_tag-solar","12":"first","13":"onbackorder","14":"taxable","15":"shipping-taxable","16":"purchasable","17":"product-type-simple"},"acf":[],"_links":{"self":[{"href":"https:\/\/www.perihelio.com\/tienda\/wp-json\/wp\/v2\/product\/1384","targetHints":{"allow":["GET"]}}],"collection":[{"href":"https:\/\/www.perihelio.com\/tienda\/wp-json\/wp\/v2\/product"}],"about":[{"href":"https:\/\/www.perihelio.com\/tienda\/wp-json\/wp\/v2\/types\/product"}],"wp:featuredmedia":[{"embeddable":true,"href":"https:\/\/www.perihelio.com\/tienda\/wp-json\/wp\/v2\/media\/1392"}],"wp:attachment":[{"href":"https:\/\/www.perihelio.com\/tienda\/wp-json\/wp\/v2\/media?parent=1384"}],"wp:term":[{"taxonomy":"product_brand","embeddable":true,"href":"https:\/\/www.perihelio.com\/tienda\/wp-json\/wp\/v2\/product_brand?post=1384"},{"taxonomy":"product_cat","embeddable":true,"href":"https:\/\/www.perihelio.com\/tienda\/wp-json\/wp\/v2\/product_cat?post=1384"},{"taxonomy":"product_tag","embeddable":true,"href":"https:\/\/www.perihelio.com\/tienda\/wp-json\/wp\/v2\/product_tag?post=1384"}],"curies":[{"name":"wp","href":"https:\/\/api.w.org\/{rel}","templated":true}]}}