{"id":1364,"date":"2021-11-03T12:49:00","date_gmt":"2021-11-03T12:49:00","guid":{"rendered":"https:\/\/www.perihelio.com\/tienda\/?post_type=product&#038;p=1364"},"modified":"2026-04-28T17:46:27","modified_gmt":"2026-04-28T17:46:27","slug":"muvmat-aeris-con-funda","status":"publish","type":"product","link":"https:\/\/www.perihelio.com\/tienda\/producto\/muvmat-aeris-con-funda\/","title":{"rendered":"MUVMAT Alfombra anti-fatiga Aeris CON Funda"},"content":{"rendered":"<p>Incluye con la alfombra Muvmat una funda protectora a elegir entre estos 7 modelos:<\/p>\n<p><img loading=\"lazy\" decoding=\"async\" class=\"alignnone wp-image-2640 size-medium\" src=\"https:\/\/www.perihelio.com\/tienda\/wp-content\/uploads\/2023\/02\/Muvmat_fundas-300x280.jpg\" alt=\"\" width=\"300\" height=\"280\" srcset=\"https:\/\/www.perihelio.com\/tienda\/wp-content\/uploads\/2023\/02\/Muvmat_fundas-300x280.jpg 300w, https:\/\/www.perihelio.com\/tienda\/wp-content\/uploads\/2023\/02\/Muvmat_fundas-1024x957.jpg 1024w, https:\/\/www.perihelio.com\/tienda\/wp-content\/uploads\/2023\/02\/Muvmat_fundas-768x718.jpg 768w, https:\/\/www.perihelio.com\/tienda\/wp-content\/uploads\/2023\/02\/Muvmat_fundas-416x389.jpg 416w, https:\/\/www.perihelio.com\/tienda\/wp-content\/uploads\/2023\/02\/Muvmat_fundas.jpg 1361w\" sizes=\"auto, (max-width: 300px) 100vw, 300px\" \/><\/p>\n<p>La naturaleza es el artista m\u00e1s creativo. Por eso, el dise\u00f1ador Jos\u00e9 Perico de Mortar Pestle Studio se inspir\u00f3 de ella para los nuevos dise\u00f1os de las fundas Aeris Muvmat, en el mismo lugar donde cada paso trae nuevas ideas: los largos paseos por la naturaleza. <em>\u201cPaseos por bosques y senderos naturales, sobre monta\u00f1as, piedras y ra\u00edces: quiero llevar todas estas texturas org\u00e1nicas a las cubiertas de Aeris Muvmat con mis dise\u00f1os\u201d<\/em>, dice el artista portugu\u00e9s. Sus conceptos vegetales se basan en la flora b\u00e1vara y las especies del bosque b\u00e1varo. Jos\u00e9 mezcla as\u00ed la aleatoriedad con el arte preciso: <em>\u201cSiempre me he centrado en patrones y texturas que combinan movimiento y cercan\u00eda a la naturaleza\u201d.<\/em> Exactamente lo que representa el Aeris Muvmat. Otras posibilidades en negro puro, o delicadas hojas blancas y topograf\u00eda sobre fundo negro.<\/p>\n<p>Mas informaci\u00f3n en nuestra web:\u00a0<span style=\"color: #000000;\"><strong><a style=\"color: #000000;\" href=\"https:\/\/www.perihelio.com\/index.php\/Alfombra-Aeris-muvmat\/\">Alfombra MUVMAT en www.perihelio.com<\/a><\/strong><\/span><\/p>\n<p><img loading=\"lazy\" decoding=\"async\" class=\"alignnone wp-image-1363 size-full\" src=\"https:\/\/www.perihelio.com\/tienda\/wp-content\/uploads\/2021\/11\/Muvmat-cut-flyer.png\" alt=\"\" width=\"1677\" height=\"1509\" srcset=\"https:\/\/www.perihelio.com\/tienda\/wp-content\/uploads\/2021\/11\/Muvmat-cut-flyer.png 1677w, https:\/\/www.perihelio.com\/tienda\/wp-content\/uploads\/2021\/11\/Muvmat-cut-flyer-300x270.png 300w, https:\/\/www.perihelio.com\/tienda\/wp-content\/uploads\/2021\/11\/Muvmat-cut-flyer-1024x921.png 1024w, https:\/\/www.perihelio.com\/tienda\/wp-content\/uploads\/2021\/11\/Muvmat-cut-flyer-768x691.png 768w, https:\/\/www.perihelio.com\/tienda\/wp-content\/uploads\/2021\/11\/Muvmat-cut-flyer-1536x1382.png 1536w, https:\/\/www.perihelio.com\/tienda\/wp-content\/uploads\/2021\/11\/Muvmat-cut-flyer-416x374.png 416w\" sizes=\"auto, (max-width: 1677px) 100vw, 1677px\" \/><\/p>\n<p><img loading=\"lazy\" decoding=\"async\" class=\"alignnone size-medium wp-image-1608\" src=\"https:\/\/www.perihelio.com\/tienda\/wp-content\/uploads\/2021\/02\/EN_Aeris_Authorised_Retailer_Logo_Black-300x55.png\" alt=\"\" width=\"300\" height=\"55\" srcset=\"https:\/\/www.perihelio.com\/tienda\/wp-content\/uploads\/2021\/02\/EN_Aeris_Authorised_Retailer_Logo_Black-300x55.png 300w, https:\/\/www.perihelio.com\/tienda\/wp-content\/uploads\/2021\/02\/EN_Aeris_Authorised_Retailer_Logo_Black-1024x186.png 1024w, https:\/\/www.perihelio.com\/tienda\/wp-content\/uploads\/2021\/02\/EN_Aeris_Authorised_Retailer_Logo_Black-768x140.png 768w, https:\/\/www.perihelio.com\/tienda\/wp-content\/uploads\/2021\/02\/EN_Aeris_Authorised_Retailer_Logo_Black-1536x280.png 1536w, https:\/\/www.perihelio.com\/tienda\/wp-content\/uploads\/2021\/02\/EN_Aeris_Authorised_Retailer_Logo_Black-416x76.png 416w, https:\/\/www.perihelio.com\/tienda\/wp-content\/uploads\/2021\/02\/EN_Aeris_Authorised_Retailer_Logo_Black.png 1911w\" sizes=\"auto, (max-width: 300px) 100vw, 300px\" \/><\/p>\n","protected":false},"excerpt":{"rendered":"<p><strong>Alfombra activa MUVMAT de Aeris CON funda a elegir entre 7 modelos.<\/strong><\/p>\n<p><strong><span style=\"color: #dd9933;\">Andas como en el bosque en medio metro cuadrado.<\/span><\/strong><\/p>\n<p><strong>\u00a1Mejor estar de pie natural y activamente! <\/strong>Estar quietos en un suelo duro es un esfuerzo extenuante. Las alfombras planas de espuma convencionales aportan poco alivio. Con la alfombra activa <b>Aeris Muvmat<\/b>\u00a0se est\u00e1 de pie naturalmente, activo y relajado y siempre en movimiento, como pararse en el suelo del bosque.<\/p>\n<p>La alfombra suave, resistente y proactiva alivia el estr\u00e9s de todo el cuerpo, protege las articulaciones y ayuda a prevenir el cansancio de las piernas. Se puede usar descalzos o con zapatos planos, en tu casa, en la oficina o cualquier puesto de trabajo donde se trabaja de pie.<\/p>\n<p><strong><span style=\"color: #dd9933;\">Zona de confort:<\/span><\/strong> hecho de material amortiguador de espuma m\u00e9dica antifatiga.<\/p>\n<p><strong><span style=\"color: #dd9933;\">Zona activa:<\/span> <\/strong>con una estructura en 3d<span class=\"Apple-converted-space\">\u00a0 <\/span>similar en monta\u00f1as y valle, que activa zonas reflejas y estimula el sistema sensorial, fomentando el movimiento para mantenerte mentalmente y f\u00edsicamente en forma.<span class=\"Apple-converted-space\">\u00a0<\/span><\/p>\n<p>Tiene el sello de calidad de la AGR ( Asociaci\u00f3n Alemana para Espaldas Saludables \u00abAction Gesunder R\u00fccken\u00bb), que certifica que los productos ayudan a prevenir los dolores de espalda y a fortalecer esta parte del cuerpo.<\/p>\n<p>La alfombra pesa 2,7 kg y mide 91,5 cm x 48 cm x 3,5 cm.<\/p>\n<p>Tiempo de entrega 1 a 2 semanas una vez realizado el pago.<\/p>\n","protected":false},"featured_media":2643,"template":"","meta":{"iawp_total_views":19},"product_brand":[],"product_cat":[146,50],"product_tag":[],"class_list":{"0":"post-1364","1":"product","2":"type-product","3":"status-publish","4":"has-post-thumbnail","6":"product_cat-oficina-activa","7":"product_cat-sillas-ergonomicas","8":"product_shipping_class-aeris","10":"first","11":"instock","12":"taxable","13":"shipping-taxable","14":"purchasable","15":"product-type-variable"},"acf":[],"_links":{"self":[{"href":"https:\/\/www.perihelio.com\/tienda\/wp-json\/wp\/v2\/product\/1364","targetHints":{"allow":["GET"]}}],"collection":[{"href":"https:\/\/www.perihelio.com\/tienda\/wp-json\/wp\/v2\/product"}],"about":[{"href":"https:\/\/www.perihelio.com\/tienda\/wp-json\/wp\/v2\/types\/product"}],"wp:featuredmedia":[{"embeddable":true,"href":"https:\/\/www.perihelio.com\/tienda\/wp-json\/wp\/v2\/media\/2643"}],"wp:attachment":[{"href":"https:\/\/www.perihelio.com\/tienda\/wp-json\/wp\/v2\/media?parent=1364"}],"wp:term":[{"taxonomy":"product_brand","embeddable":true,"href":"https:\/\/www.perihelio.com\/tienda\/wp-json\/wp\/v2\/product_brand?post=1364"},{"taxonomy":"product_cat","embeddable":true,"href":"https:\/\/www.perihelio.com\/tienda\/wp-json\/wp\/v2\/product_cat?post=1364"},{"taxonomy":"product_tag","embeddable":true,"href":"https:\/\/www.perihelio.com\/tienda\/wp-json\/wp\/v2\/product_tag?post=1364"}],"curies":[{"name":"wp","href":"https:\/\/api.w.org\/{rel}","templated":true}]}}