{"id":1196,"date":"2021-10-29T16:27:19","date_gmt":"2021-10-29T16:27:19","guid":{"rendered":"https:\/\/www.perihelio.com\/tienda\/?post_type=product&#038;p=1196"},"modified":"2026-04-28T17:31:57","modified_gmt":"2026-04-28T17:31:57","slug":"silla-ninos-swoopster-aeris-blanca","status":"publish","type":"product","link":"https:\/\/www.perihelio.com\/tienda\/producto\/silla-ninos-swoopster-aeris-blanca\/","title":{"rendered":"Silla ni\u00f1os SWOOPSTER Aeris base blanca"},"content":{"rendered":"<div class=\"page\" title=\"Page 4\">\n<div class=\"section\">\n<div class=\"layoutArea\">\n<div class=\"column\">\n<p><strong>La Swoppster<\/strong> esta\u0301 disen\u0303ada especialmente para nin\u0303os de edades pre-escolares y primaria, es decir, para los <strong>nin\u0303os de 4 an\u0303os en adelante y hasta un peso de 50 kg,\u00a0<\/strong><span class=\"a-list-item\">especialmente para aquellos a los que les afecta<\/span><strong><span class=\"a-list-item\"> el TDA.<\/span><\/strong>\u00a0El u\u0301nico taburete activo giratorio 3D del mundo que permite un ajuste individual en altura, peso y movimientos laterales. Promueve una buena postura sentada, fortalece la espalda y sus m\u00fasculos principales. Tambi\u00e9n, la Swoppster es una silla muy divertida, los ni\u00f1os permanecen alertos y centrados, en resumen m\u00e1s sanos y felices.<\/p>\n<p>La Swoppster se fabrica en<strong> 4 colores<\/strong>, es robusta y fa\u0301cil de limpiar. Puede ser usada con ruedas (recomendado para nin\u0303os mayores) o sin (ideal para nin\u0303os ma\u0301s pequen\u0303os). \u00a0<span class=\"a-list-item\">El dise\u00f1o del asiento fomenta el movimiento \u2013 botar, girar, rodar \u2013 para mejorar la salud, la postura, el equilibrio, el aprendi<\/span><span class=\"a-list-item\">zaje y la creatividad.\u00a0<\/span><span class=\"a-list-item\">El anillo de pie con ruedas proporciona un lugar para que su hijo descanse sus pies mientras practica su sentado activo.<\/span><\/p>\n<\/div>\n<\/div>\n<\/div>\n<\/div>\n<p>MOVIMIENTOS EN CADA DETALLE:<\/p>\n<div class=\"page\" title=\"Page 4\">\n<div class=\"section\">\n<div class=\"layoutArea\">\n<div class=\"column\">\n<ol>\n<li><strong>Asiento convexo<\/strong>: El asiento adaptable y flexible evita los puntos de presio\u0301n debajo de los muslos. Su coj\u00edn suave<span class=\"a-list-item\">\u00a0permite a su hijo permanecer sentado c\u00f3modamente.\u00a0<\/span><\/li>\n<li><strong>Altura ajustable:\u00a0<\/strong>Fa\u0301cilmente accesible directamente debajo del asiento. Cada nin\u0303o puede ajustar el asiento a su altura favorita entre 32cm y 47.5cm.<\/li>\n<li><strong>Movimientos verticales:\u00a0<\/strong>Estimula la circulacio\u0301n sangui\u0301nea, asegurando una o\u0301ptima aportacio\u0301n de oxi\u0301geno a todas las partes del cuerpo mientras esta\u0301 sentado.<\/li>\n<li><strong>Movimiento del mecanismo 3D:\u00a0<\/strong>Permite movimientos atra\u0301s, adelante y a ambos lados, ofreciendo una flexibilidad ilimitada, incita y ayuda al cambio constante de postura. Puede ajustarse individualmente, acorde al peso de cada nin\u0303o y su necesidad de movimiento.<\/li>\n<li><strong>Base segura:<\/strong> Estable e incluye a la vez ruedas y patas fijas.<\/li>\n<\/ol>\n<p>DETALLES T\u00c9CNICOS:<\/p>\n<ul>\n<li>Peso: 5,7 kg<\/li>\n<li>Altura asiento ajustable: entre 34 y 47,5 cm.<\/li>\n<li>Di\u00e1metro de la base: 52 cm con patas fijas, 48 cm con ruedas<\/li>\n<li>Di\u00e1metro asiento: 34 cm aprox.<\/li>\n<li>Componente base: pl\u00e1stico reforzado con fibra de vidrio.<\/li>\n<li>Asiento: tejido Harlequin (Gabriel) 100% Polyester, muy resistente, transpirable y resistante al fuego.<\/li>\n<li>Color del muelle: blanco, regulable entre 15 kg hasta un m\u00e1ximo de 50 kg.<\/li>\n<li>Limite peso de carga: 50 kg.<\/li>\n<\/ul>\n<p><img loading=\"lazy\" decoding=\"async\" class=\"alignnone size-medium wp-image-1608\" src=\"https:\/\/www.perihelio.com\/tienda\/wp-content\/uploads\/2021\/02\/EN_Aeris_Authorised_Retailer_Logo_Black-300x55.png\" alt=\"\" width=\"300\" height=\"55\" srcset=\"https:\/\/www.perihelio.com\/tienda\/wp-content\/uploads\/2021\/02\/EN_Aeris_Authorised_Retailer_Logo_Black-300x55.png 300w, https:\/\/www.perihelio.com\/tienda\/wp-content\/uploads\/2021\/02\/EN_Aeris_Authorised_Retailer_Logo_Black-1024x186.png 1024w, https:\/\/www.perihelio.com\/tienda\/wp-content\/uploads\/2021\/02\/EN_Aeris_Authorised_Retailer_Logo_Black-768x140.png 768w, https:\/\/www.perihelio.com\/tienda\/wp-content\/uploads\/2021\/02\/EN_Aeris_Authorised_Retailer_Logo_Black-1536x280.png 1536w, https:\/\/www.perihelio.com\/tienda\/wp-content\/uploads\/2021\/02\/EN_Aeris_Authorised_Retailer_Logo_Black-416x76.png 416w, https:\/\/www.perihelio.com\/tienda\/wp-content\/uploads\/2021\/02\/EN_Aeris_Authorised_Retailer_Logo_Black.png 1911w\" sizes=\"auto, (max-width: 300px) 100vw, 300px\" \/><\/p>\n<\/div>\n<\/div>\n<\/div>\n<\/div>\n","protected":false},"excerpt":{"rendered":"<div class=\"page\" title=\"Page 2\">\n<div class=\"layoutArea\">\n<div class=\"column\">\n<p><strong>Silla giratoria y activa para ni\u00f1os\u00a0con tecnolog\u00eda 3D<\/strong><\/p>\n<p>La <strong>Swoppster de Aeris<\/strong> fue disen\u0303ada especialmente para atender la necesidad de los nin\u0303os de edades pre-escolares y primaria. Gracias a su tecnologi\u0301a 3D los nin\u0303os pueden dar rienda suelta a su necesidad natural de moverse mientras esta\u0301n sentados. La silla activa esponta\u0301neamente incita y anima a constantes cambios de postura e intuitivos movimientos en todas las direcciones. <strong>Esto previene activamente los dan\u0303os posturales, fortalece la espalda de los nin\u0303os e incrementa su concentracio\u0301n.<\/strong><\/p>\n<p><span style=\"color: #dd9933;\"><strong><em>Silla fabricada seg\u00fan configuraci\u00f3n del cliente: entrega entre 2 a 3 semanas una vez realizado el pago.<\/em><\/strong><\/span><\/p>\n<\/div>\n<\/div>\n<\/div>\n","protected":false},"featured_media":1208,"template":"","meta":{"iawp_total_views":23},"product_brand":[],"product_cat":[133],"product_tag":[139,169],"class_list":{"0":"post-1196","1":"product","2":"type-product","3":"status-publish","4":"has-post-thumbnail","6":"product_cat-swoppster","7":"product_tag-ninos","8":"product_tag-silla","9":"product_shipping_class-aeris","11":"first","12":"instock","13":"taxable","14":"shipping-taxable","15":"purchasable","16":"product-type-variable"},"acf":[],"_links":{"self":[{"href":"https:\/\/www.perihelio.com\/tienda\/wp-json\/wp\/v2\/product\/1196","targetHints":{"allow":["GET"]}}],"collection":[{"href":"https:\/\/www.perihelio.com\/tienda\/wp-json\/wp\/v2\/product"}],"about":[{"href":"https:\/\/www.perihelio.com\/tienda\/wp-json\/wp\/v2\/types\/product"}],"wp:featuredmedia":[{"embeddable":true,"href":"https:\/\/www.perihelio.com\/tienda\/wp-json\/wp\/v2\/media\/1208"}],"wp:attachment":[{"href":"https:\/\/www.perihelio.com\/tienda\/wp-json\/wp\/v2\/media?parent=1196"}],"wp:term":[{"taxonomy":"product_brand","embeddable":true,"href":"https:\/\/www.perihelio.com\/tienda\/wp-json\/wp\/v2\/product_brand?post=1196"},{"taxonomy":"product_cat","embeddable":true,"href":"https:\/\/www.perihelio.com\/tienda\/wp-json\/wp\/v2\/product_cat?post=1196"},{"taxonomy":"product_tag","embeddable":true,"href":"https:\/\/www.perihelio.com\/tienda\/wp-json\/wp\/v2\/product_tag?post=1196"}],"curies":[{"name":"wp","href":"https:\/\/api.w.org\/{rel}","templated":true}]}}