{"id":1165,"date":"2021-10-29T09:30:33","date_gmt":"2021-10-29T09:30:33","guid":{"rendered":"https:\/\/www.perihelio.com\/tienda\/?post_type=product&#038;p=1165"},"modified":"2025-06-01T15:33:04","modified_gmt":"2025-06-01T15:33:04","slug":"cargador-solar-sunmoove-16-w","status":"publish","type":"product","link":"https:\/\/www.perihelio.com\/tienda\/producto\/cargador-solar-sunmoove-16-w\/","title":{"rendered":"SUNMOOVE 16 W Cargador Solar"},"content":{"rendered":"<p>DONDE UTILIZARLO:<\/p>\n<p>El cargador solar SUNMOOVE\u00a0<sup>\u00ae<\/sup>\u00a0 16W, con un peso de 490 g. y un formato ultra compacto, es ideal para todas tus salidas al aire libre (monta\u00f1a, mar, camping, etc.) con el fin de mantener cargados tus aparatos el\u00e9ctricos, sin ninguna red, solo con el sol. Lo puedes quitar, fijar o suspender mediante mosquetones seg\u00fan tus necesidades: mochila, equipaje de bicicleta, salpicadero de coche, tabla de remo, etc.\u00a0Su panel robusto e impermeable se adapta a todas las condiciones exteriores.<\/p>\n<p>COMO FUNCIONA:<\/p>\n<p>Los paneles solares convierten la luz solar directamente en un voltaje el\u00e9ctrico de 5 V, no almacenan energ\u00eda.\u00a0La energ\u00eda producida por el panel solar se almacena en una bater\u00eda (tel\u00e9fono inteligente, banco de energ\u00eda, c\u00e1mara, altavoz, tableta, microc\u00e1mara, etc.).\u00a0Para obtener la m\u00e1xima eficiencia, los cargadores solares SUNMOOVE\u00a0<sup>\u00ae<\/sup>\u00a0est\u00e1n dise\u00f1ados con c\u00e9lulas monocristalinas \u201cSUNPOWER\u00a0<sup>TM<\/sup>\u00a0\u201d que proporcionan entre un 25 y un 35% m\u00e1s de producci\u00f3n de energ\u00eda que las c\u00e9lulas convencionales.\u00a0Un indicador de carga LED, integrado en el panel solar asegura que el dispositivo est\u00e9 correctamente cargado.<\/p>\n<p>USO ACORDE AL TIEMPO:<\/p>\n<p>\u2013 El sol brilla: es el momento perfecto para la carga solar.\u00a0Conecte su dispositivo y despliegue completamente los 4 paneles solares SUNMOOVE\u00a0<sup>\u00ae<\/sup>\u00a0hacia el sol, la carga comienza inmediatamente.\u00a0Para una carga \u00f3ptima, es recomendable orientar los paneles perpendiculares a los rayos del sol.<br \/>\n\u2013 Si el tiempo est\u00e1 nublado: es necesario el uso de una bater\u00eda powerbank (bater\u00eda de reserva entre el cargador solar y el dispositivo).<br \/>\n\u2013 En tiempo lluvioso: los paneles solares SUNMOOVE\u00a0<sup>\u00ae<\/sup>\u00a0est\u00e1n dise\u00f1ados con materiales impermeables para uso en exteriores.\u00a0La salida USB ubicada en la parte posterior del panel est\u00e1, por lo tanto, protegida en caso de lluvia (ojo: la salida USB no es estanca: no la deje en el agua).\u00a0Secar el cargador solar SUNMOOVE<sup>\u00ae<\/sup>\u00a0despu\u00e9s de su uso antes de doblarlo y guardarlo en un lugar seco.<br \/>\n\u2013 Si la luz es demasiado d\u00e9bil o su dispositivo requiere mucha carga: mejor usar una bater\u00eda de b\u00fafer powerbank entre el panel solar y su dispositivo.<\/p>\n<p>COMPATIBILIDAD:<\/p>\n<p>El cargador solar SUNMOOVE\u00a0<sup>\u00ae<\/sup>\u00a0es compatible con todos los cables del cargador USB, se suministra con un cable USB-C \/ Micro USB \/ iPhone.\u00a0Puede cargar tel\u00e9fonos inteligentes, mini c\u00e1maras de acci\u00f3n, tel\u00e9fonos SAT y otros dispositivos de 5 V. Para verificar si su dispositivo se est\u00e1 cargando, el cargador solar SUNMOOVE\u00a0<sup>\u00ae<\/sup>\u00a06.5 Watts est\u00e1 equipado con un indicador de carga en el puerto USB del panel solar.\u00a0Para una carga \u00f3ptima de sus dispositivos, oriente y estabilice los paneles perpendiculares a los rayos del sol.<\/p>\n<p>PUESTA EN MARCHA:<\/p>\n<ol>\n<li>Desplegar el panel solar SUNMOOVE 16 Watts<\/li>\n<li>Conectar su dispositivo con la ayuda del cable USB incluido (connexiones a USB-C\/micro USB\/iPhone)<\/li>\n<li>Orientar el panel en direcci\u00f3n del sol, los paneles perpendiculares a los rayos del sol<\/li>\n<li>Verificar con la ayuda del indicador de carga LED que el aparato funciona.<\/li>\n<li>Aprovecha el sol, carga solo.<\/li>\n<li>A saber: el panel solar esta equipado de un diodo de no-retorno que impide el panel de descargar su bateria por la noche. La corriente a la salida del panel se ajusta a la carga de la bater\u00eda de su aparato.<\/li>\n<\/ol>\n<p>VENTAJAS Y ESPECIFICACIONES:<\/p>\n<ul>\n<li>Potencia: 16 Watts<\/li>\n<li>C\u00e9lulas microcristalines SUNPOWER TM<\/li>\n<li>3 paneles solares plegables ultra-finos<\/li>\n<li>Indicador de carga LED<\/li>\n<li>Intensidad : 3 200 mA<\/li>\n<li>Tiempo de carga indicativo: 2 000 a 10 000 mAh &gt; 1h a 5h<\/li>\n<li>Aparatos en carga de \u00a0500 a 5 000 mAh : smartphone, powerbank, c\u00e1mara de foto, tablet, altavoz, (\u2026)<\/li>\n<li>2 Mosquetones de fijaciones<\/li>\n<li>Cable USB-C \/ Micro USB \/ iPhone<\/li>\n<li>Robusto, plegable y compacto<\/li>\n<li>Paneles impermeables, \u00a0indice XPX4<\/li>\n<\/ul>\n<p>DATOS T\u00c9CNICOS:<\/p>\n<ul>\n<li>Dimensiones cerrado: 26,2 x 16,9 x 2,5 cm.<\/li>\n<li>Dimensiones abierto: 49,1 x 26,1 x 1 cm.<\/li>\n<li>Peso aproximativo: 490 g.<\/li>\n<li>Salida: 5V &#8211; USB<\/li>\n<li>Intensidad: 3200 mA<\/li>\n<li>Potencia: 16 Watts<\/li>\n<li>CE \/ ISO 9001 \/ ROHS \/ FCC<\/li>\n<li>Garant\u00eda: 2 a\u00f1os<\/li>\n<li>Ref. SMV16<\/li>\n<li>Marca SOLARBROTHER<\/li>\n<li>Limpieza f\u00e1cil con una esponja humeda.<\/li>\n<\/ul>\n<p>INCLUIDOS EN EL PAQUETE:<\/p>\n<p>\u2022\u00a0 3 paneles plegable ultra-finos con c\u00e9lulas de SUNPOWER\u00a0<sup>TM<\/sup><br \/>\n\u2022\u00a0 1 cable con 3 salidas : USB-C \/ Micro USB \/ iPhone<\/p>\n","protected":false},"excerpt":{"rendered":"<p>El cargador solar\u00a0<strong>SUNMOOVE\u00ae de 16 Watts<\/strong>\u00a0dise\u00f1ado con c\u00e9lulas \u201cSUNPOWER\u00a0<sup>TM<\/sup>\u201d de alto rendimiento (25 a 35 % m\u00e1s potentes que las convencionales) es el compa\u00f1ero indispensable para tus salidas al aire libre. Su panel robusto e impermeable se adapta a todas las condiciones exteriores. Gracias a sus mosquetones, \u00a0es muy versatile, se fija o suspende f\u00e1cilmente a tu bicicleta, salpicadero de coche, mochila, etc.<\/p>\n<p>Esta equipado de un indicador de carga y es compatible con todos los cables del cargador USB\u00a0<strong>(incluye un cable USB-C\/micro USB\/iPhone).<\/strong>\u00a0Con \u00e9l podr\u00e1s cargar tus dispositivos electr\u00f3nicos: m\u00f3vil, tablet, c\u00e1mara, y otros dispositivos de 5V.<\/p>\n<p>Marca SolarBrother<\/p>\n","protected":false},"featured_media":1182,"template":"","meta":{"iawp_total_views":35},"product_brand":[],"product_cat":[34],"product_tag":[],"class_list":{"0":"post-1165","1":"product","2":"type-product","3":"status-publish","4":"has-post-thumbnail","6":"product_cat-solar","8":"first","9":"instock","10":"taxable","11":"shipping-taxable","12":"purchasable","13":"product-type-simple"},"acf":[],"_links":{"self":[{"href":"https:\/\/www.perihelio.com\/tienda\/wp-json\/wp\/v2\/product\/1165","targetHints":{"allow":["GET"]}}],"collection":[{"href":"https:\/\/www.perihelio.com\/tienda\/wp-json\/wp\/v2\/product"}],"about":[{"href":"https:\/\/www.perihelio.com\/tienda\/wp-json\/wp\/v2\/types\/product"}],"wp:featuredmedia":[{"embeddable":true,"href":"https:\/\/www.perihelio.com\/tienda\/wp-json\/wp\/v2\/media\/1182"}],"wp:attachment":[{"href":"https:\/\/www.perihelio.com\/tienda\/wp-json\/wp\/v2\/media?parent=1165"}],"wp:term":[{"taxonomy":"product_brand","embeddable":true,"href":"https:\/\/www.perihelio.com\/tienda\/wp-json\/wp\/v2\/product_brand?post=1165"},{"taxonomy":"product_cat","embeddable":true,"href":"https:\/\/www.perihelio.com\/tienda\/wp-json\/wp\/v2\/product_cat?post=1165"},{"taxonomy":"product_tag","embeddable":true,"href":"https:\/\/www.perihelio.com\/tienda\/wp-json\/wp\/v2\/product_tag?post=1165"}],"curies":[{"name":"wp","href":"https:\/\/api.w.org\/{rel}","templated":true}]}}