{"id":114,"date":"2021-02-10T14:32:31","date_gmt":"2021-02-10T14:32:31","guid":{"rendered":"https:\/\/www.perihelio.com\/tienda\/?post_type=product&#038;p=114"},"modified":"2025-06-06T09:36:00","modified_gmt":"2025-06-06T09:36:00","slug":"almohada-lana-40x60cm","status":"publish","type":"product","link":"https:\/\/www.perihelio.com\/tienda\/producto\/almohada-lana-40x60cm\/","title":{"rendered":"ALMOHADA bioactiva Dormo Novo 40x60cm"},"content":{"rendered":"<div class=\"page\" title=\"Page 17\">\n<div class=\"layoutArea\">\n<div class=\"column\">\n<p><strong>L<\/strong><strong>a re<\/strong><strong>lajacio\u0301n empieza en la cabeza<\/strong><\/p>\n<p>Respire profundamente e inhale la alegri\u0301a de vivir durante la noche. Porque las almohadas reposacuellos de DORMO NOVO, no solamente tienen un funcionamiento de soporte extraordinario gracias a sus dos canales ergono\u0301micos, sino que la lana o espelta, como relleno, estimulan la circulacio\u0301n de la sangre, bajan la frecuencia cardi\u0301aca y regulan el ambiente. Existen diferentes tipos de almohadas, elija entre muchos materiales de relleno o combi\u0301nalos entre ellos. Nosotros adaptamos la cantidad de relleno para que su almohada individual tenga el soporte ideal. Pero gracias a su cremallera puede regular individualmente la cantidad de relleno seg\u00fan mejor le conviene. Adem\u00e1s, todos los cojines son muy f\u00e1ciles de cuidar.<\/p>\n<div class=\"page\" title=\"Page 17\">\n<div class=\"layoutArea\">\n<div class=\"column\">\n<div class=\"column\"><img loading=\"lazy\" decoding=\"async\" class=\"wp-image-124 alignleft\" src=\"https:\/\/www.perihelio.com\/tienda\/wp-content\/uploads\/2021\/02\/DN-almohada-posiciones-1-113x300.jpg\" alt=\"\" width=\"158\" height=\"420\" srcset=\"https:\/\/www.perihelio.com\/tienda\/wp-content\/uploads\/2021\/02\/DN-almohada-posiciones-1-113x300.jpg 113w, https:\/\/www.perihelio.com\/tienda\/wp-content\/uploads\/2021\/02\/DN-almohada-posiciones-1-385x1024.jpg 385w, https:\/\/www.perihelio.com\/tienda\/wp-content\/uploads\/2021\/02\/DN-almohada-posiciones-1-577x1536.jpg 577w, https:\/\/www.perihelio.com\/tienda\/wp-content\/uploads\/2021\/02\/DN-almohada-posiciones-1-416x1107.jpg 416w, https:\/\/www.perihelio.com\/tienda\/wp-content\/uploads\/2021\/02\/DN-almohada-posiciones-1.jpg 693w\" sizes=\"auto, (max-width: 158px) 100vw, 158px\" \/><\/div>\n<p><strong>Boca <\/strong><strong>arri<\/strong><strong>ba<\/strong><\/p>\n<\/div>\n<p>La almohada mantiene la curvatura natural de la columna cervical. La cabeza no cae hacia atra\u0301s (como pasa con una almohada demasiado fina), ni esta\u0301 apoyada demasiado alta.<\/p>\n<div class=\"page\" title=\"Page 17\">\n<div class=\"layoutArea\">\n<div class=\"column\">\n<p><strong>De lado<\/strong><\/p>\n<p>La almohada se rellena con una cantidad suficiente que permita que la cabeza y la columna cervical se encuentren en una li\u0301- nea horizontal formando una misma entidad con la columna vertebral.<\/p>\n<div class=\"page\" title=\"Page 17\">\n<div class=\"layoutArea\">\n<div class=\"column\">\n<p><strong>Coji\u0301n doble<\/strong><\/p>\n<p>Desde almohada al coji\u0301n multiuso, para leer, para las rodillas o de soporte para otros usos.<\/p>\n<\/div>\n<\/div>\n<\/div>\n<\/div>\n<\/div>\n<\/div>\n<\/div>\n<\/div>\n<\/div>\n<\/div>\n<\/div>\n","protected":false},"excerpt":{"rendered":"<div class=\"page\" title=\"Page 13\">\n<div class=\"layoutArea\">\n<div class=\"column\">\n<p><strong><span style=\"color: #dd9933;\">OFERTA WEB: \u00a0Almohada Cervicales Marca DORMO NOVO de 60 x 40 cm.\u00a0<\/span><\/strong><\/p>\n<p>Aviso: nos hemos quedado sin stock de lana, pronto volver\u00e1, disculpen las molestias.<\/p>\n<p><strong>M\u00e1s opciones en nuestro cat\u00e1logo, <\/strong>pod\u00e9is consultar\u00a0m\u00e1s abajo en \u00abdocumentaci\u00f3n\u00bb la tabla de precios y tama\u00f1os.<\/p>\n<p><strong>Especial CERVICALES:<\/strong> coj\u00edn doble, uno de ello contiene granos de lana virgen pura, y el otro se rellena a su elecci\u00f3n entre los siguientes materiales (se puede hacer los dos en latex tambi\u00e9n):<\/p>\n<ul>\n<li>Granos de pura\u00a0<strong>lana virgen merino<\/strong> 100%<\/li>\n<li>Espaguetis de <strong>l\u00e1tex natural<\/strong> 100%<\/li>\n<li>C\u00e1scaras de <strong>espelta org\u00e1nica<\/strong> previamente lavada y desempolvada.<\/li>\n<li>Virutas de <strong>pino suizo<\/strong><\/li>\n<li>Opci\u00f3n vegana: los dos cojines \u00a0se llenan\u00a0<strong>solo<\/strong> de espaguetis de<strong> l\u00e1tex natural<\/strong> 100%<\/li>\n<\/ul>\n<p>Funda de la almohada con cremallera:<br \/>\nSat\u00e9n de algod\u00f3n \u2013 lavable a 40\u00ba &#8211;\u00a0Gramaje: entre 500 y 950 g \u00a0dependiente de la opci\u00f3n elegida.<\/p>\n<p>Mantenimiento:<br \/>\nLas fundas se pueden lavar a 40\u00ba despu\u00e9s de vaciarlas de su relleno abriendo la cremallera. Airear los gr\u00e1nulos de lana de oveja y el granulado de l\u00e1tex unas veces al a\u00f1o y sustituirlos despu\u00e9s de unos 2 a\u00f1os aproximadamente. Reemplazar las c\u00e1scaras de espelta anualmente.<\/p>\n<\/div>\n<\/div>\n<\/div>\n","protected":false},"featured_media":2536,"template":"","meta":{"iawp_total_views":177},"product_brand":[],"product_cat":[41],"product_tag":[42,46,44,45,47,43],"class_list":{"0":"post-114","1":"product","2":"type-product","3":"status-publish","4":"has-post-thumbnail","6":"product_cat-camas-dormo-novo","7":"product_tag-almohada","8":"product_tag-espelta","9":"product_tag-lana","10":"product_tag-latex","11":"product_tag-pino-suizo","12":"product_tag-ropa-de-cama","13":"product_shipping_class-almohada","15":"first","16":"instock","17":"taxable","18":"shipping-taxable","19":"purchasable","20":"product-type-variable"},"acf":[],"_links":{"self":[{"href":"https:\/\/www.perihelio.com\/tienda\/wp-json\/wp\/v2\/product\/114","targetHints":{"allow":["GET"]}}],"collection":[{"href":"https:\/\/www.perihelio.com\/tienda\/wp-json\/wp\/v2\/product"}],"about":[{"href":"https:\/\/www.perihelio.com\/tienda\/wp-json\/wp\/v2\/types\/product"}],"wp:featuredmedia":[{"embeddable":true,"href":"https:\/\/www.perihelio.com\/tienda\/wp-json\/wp\/v2\/media\/2536"}],"wp:attachment":[{"href":"https:\/\/www.perihelio.com\/tienda\/wp-json\/wp\/v2\/media?parent=114"}],"wp:term":[{"taxonomy":"product_brand","embeddable":true,"href":"https:\/\/www.perihelio.com\/tienda\/wp-json\/wp\/v2\/product_brand?post=114"},{"taxonomy":"product_cat","embeddable":true,"href":"https:\/\/www.perihelio.com\/tienda\/wp-json\/wp\/v2\/product_cat?post=114"},{"taxonomy":"product_tag","embeddable":true,"href":"https:\/\/www.perihelio.com\/tienda\/wp-json\/wp\/v2\/product_tag?post=114"}],"curies":[{"name":"wp","href":"https:\/\/api.w.org\/{rel}","templated":true}]}}