{"id":3366,"date":"2025-02-17T11:20:14","date_gmt":"2025-02-17T11:20:14","guid":{"rendered":"https:\/\/www.perihelio.com\/tienda\/?page_id=3366"},"modified":"2025-02-20T22:39:04","modified_gmt":"2025-02-20T22:39:04","slug":"sobre-nosotros-contacto","status":"publish","type":"page","link":"https:\/\/www.perihelio.com\/tienda\/sobre-nosotros-contacto\/","title":{"rendered":"Sobre nosotros &#8211; contacto"},"content":{"rendered":"\n<div class=\"wp-block-group\"><div class=\"wp-block-group__inner-container is-layout-constrained wp-block-group-is-layout-constrained\">\n<p class=\"has-luminous-vivid-orange-color has-text-color has-link-color wp-elements-fe9505a304485fabffaec9b2ea6f7e61\"><strong>LARUTANATURAL<\/strong> de Chinch\u00f3n (tienda f\u00edsica y online)<\/p>\n\n\n\n<p>Calle de los Huertos 27, local 5 &#8211; 28370 Chinch\u00f3n (Madrid) &#8211; Espa\u00f1a<\/p>\n\n\n\n<p>Tel: Jes\u00fas +34 676 918 607<\/p>\n\n\n\n<p> <a href=\"mailto:tiendaonline@perihelio.com\">tiendaonline@perihelio.com<\/a>  y <a href=\"larutanatural@perihelio.com\">larutanatural@perihelio.com<\/a><\/p>\n\n\n\n<p><a href=\"http:\/\/www.perihelio.com\/tienda\">www.perihelio.com\/tienda <\/a> (tienda online)<\/p>\n\n\n\n<p><a href=\"http:\/\/www.perihelio.com\">www.perihelio.com<\/a> (web bioconstrucci\u00f3n, energia solar, salud en el hogar y oficina)<\/p>\n<\/div><\/div>\n\n\n\n<p>M\u00e1s que una tienda es un <strong>camino hacia una vida m\u00e1s en sinton\u00eda con la naturaleza, tanto en tu hogar como en tu espacio de trabajo. Su filosof\u00eda es duraci\u00f3n, calidad y salud. <\/strong>El nombre se eleg\u00edo porque es un <strong>pal\u00edndromo<\/strong> (se lee igual de izquierda a derecha que de derecha a izquierda: larutanatural).<\/p>\n\n\n\n<p>La tienda se alimenta por energ\u00eda solar. Se rehabilit\u00f3 con criterios de bioconstrucci\u00f3n: se eliminaron los barnices t\u00f3xicos, se aplicaron aceites naturales y las letras del cartel las elaboramos a partir de los recortes de los aislamientos de corcho natural que hemos empleado en rehabilitaciones de casas, otra de nuestras actividades. El interior est\u00e1 realizado con tierra de la zona y tiene diferentes acabados.<\/p>\n\n\n\n<p>Por otra parte, <strong>la web toma el nombre del perihelio, <\/strong>que es el momento en el que el sol est\u00e1 m\u00e1s cerca de la tierra. Porque tambien nos dedicamos a la energ\u00eda solar haciendo instalaciones, vendiendo cocinas solares y articulos solares que puedes encontrar en <strong>nuestra tienda online<\/strong> <a href=\"http:\/\/www.perihelio.com\/tienda\">www.perihelio.com\/tienda.<\/a> Nuestra tienda f\u00edsica est\u00e1 desconectada de la red el\u00e9ctrica, pues se alimenta por las placas solares fotovoltaicas del exterior, aprovechando que la fachada est\u00e1 orientada hacia el sur.<\/p>\n\n\n\n<p>Nuestro verdadero motor es la<strong> bioconstrucci\u00f3n<\/strong>, puedes encontrar en nuestra web <a href=\"http:\/\/www.perihelio.com\">www.perihelio.com<\/a> m\u00e1s informaci\u00f3n sobre nuestros proyectos: aislamientos t\u00e9rmicos, estufas de inercia, instalaciones solares, filtros de agua, etc.<\/p>\n\n\n\n<p><\/p>\n","protected":false},"excerpt":{"rendered":"<p>LARUTANATURAL de Chinch\u00f3n (tienda f\u00edsica y online) Calle de los Huertos 27, local 5 &#8211; 28370 Chinch\u00f3n (Madrid) &#8211; Espa\u00f1a Tel: Jes\u00fas +34 676 918 607 tiendaonline@perihelio.com y larutanatural@perihelio.com www.perihelio.com\/tienda (tienda online) www.perihelio.com (web bioconstrucci\u00f3n, energia solar, salud en el hogar y oficina) M\u00e1s que una tienda es un camino hacia una vida m\u00e1s en [&hellip;]<\/p>\n","protected":false},"author":2,"featured_media":3380,"parent":0,"menu_order":0,"comment_status":"closed","ping_status":"closed","template":"","meta":{"iawp_total_views":52,"footnotes":""},"class_list":["post-3366","page","type-page","status-publish","has-post-thumbnail","hentry"],"acf":[],"_links":{"self":[{"href":"https:\/\/www.perihelio.com\/tienda\/wp-json\/wp\/v2\/pages\/3366","targetHints":{"allow":["GET"]}}],"collection":[{"href":"https:\/\/www.perihelio.com\/tienda\/wp-json\/wp\/v2\/pages"}],"about":[{"href":"https:\/\/www.perihelio.com\/tienda\/wp-json\/wp\/v2\/types\/page"}],"author":[{"embeddable":true,"href":"https:\/\/www.perihelio.com\/tienda\/wp-json\/wp\/v2\/users\/2"}],"replies":[{"embeddable":true,"href":"https:\/\/www.perihelio.com\/tienda\/wp-json\/wp\/v2\/comments?post=3366"}],"version-history":[{"count":6,"href":"https:\/\/www.perihelio.com\/tienda\/wp-json\/wp\/v2\/pages\/3366\/revisions"}],"predecessor-version":[{"id":3647,"href":"https:\/\/www.perihelio.com\/tienda\/wp-json\/wp\/v2\/pages\/3366\/revisions\/3647"}],"wp:featuredmedia":[{"embeddable":true,"href":"https:\/\/www.perihelio.com\/tienda\/wp-json\/wp\/v2\/media\/3380"}],"wp:attachment":[{"href":"https:\/\/www.perihelio.com\/tienda\/wp-json\/wp\/v2\/media?parent=3366"}],"curies":[{"name":"wp","href":"https:\/\/api.w.org\/{rel}","templated":true}]}}