{"id":1465,"date":"2021-11-06T11:00:26","date_gmt":"2021-11-06T11:00:26","guid":{"rendered":"https:\/\/www.perihelio.com\/tienda\/?page_id=1465"},"modified":"2021-11-20T12:37:36","modified_gmt":"2021-11-20T12:37:36","slug":"envio-y-devoluciones","status":"publish","type":"page","link":"https:\/\/www.perihelio.com\/tienda\/envio-y-devoluciones\/","title":{"rendered":"Env\u00edo y devoluciones"},"content":{"rendered":"\n<h2 class=\"wp-block-heading\"><span style=\"color:#dd9933\" class=\"has-inline-color\">Env\u00edos<\/span><\/h2>\n\n\n\n<p>En&nbsp;La Tienda Natural<strong> <\/strong>online realizamos entregas solamente en la&nbsp;<strong>Pen\u00ednsula<\/strong>. <br>Para otros destinos, como <strong>Bal\u00e9ares<\/strong>, <strong>Islas Canarias<\/strong>, <strong>Ceuta<\/strong>, <strong>Melilla<\/strong> o <strong>Portugal<\/strong>, por favor cont\u00e1ctanos por correo en&nbsp;<a href=\"larutanatural@perihelio.com\" data-type=\"URL\" data-id=\"larutanatural@perihelio.com\"><span style=\"color:#dd9933\" class=\"has-inline-color\">larutanatural@perihelio.com<\/span><\/a><span style=\"color:#dd9933\" class=\"has-inline-color\">&nbsp;<\/span>o<span style=\"color:#dd9933\" class=\"has-inline-color\"> <\/span><a href=\"mailto:tiendaonline@perihelio.com\"><span style=\"color:#dd9933\" class=\"has-inline-color\">tiendaonline@perihelio.com<\/span><\/a><span style=\"color:#dd9933\" class=\"has-inline-color\"> <\/span>y encontraremos la mejor soluci\u00f3n para ambos.<br><br>Cuando realices tu pedido, te enviaremos mediante un e-mail la confirmaci\u00f3n de la compra, por lo que podr\u00e1s comprobar que los datos de env\u00edo sean correctos.<br>No se realizar\u00e1n entregas en apartados de correos, &nbsp;ya que es necesario firmar la recogida.<br>Si realizas el pago mediante PayPal (cuando la opci\u00f3n existe), es importante verificar que&nbsp;la direcci\u00f3n de entrega que indica PayPal es la correcta.<\/p>\n\n\n\n<h2 class=\"wp-block-heading\"><span style=\"color:#dd9933\" class=\"has-inline-color\">Tarifas de env\u00edo y manipulaci\u00f3n<\/span><\/h2>\n\n\n\n<p>Para los env\u00edos aplicamos diferentes importes <strong>en funci\u00f3n del tiempo de manipulaci\u00f3n, del peso, del volumen y\/o del lugar de salida de los pedidos. <\/strong>Tenemos una parte en stock en nuestros almacenes pero en general todos los productos personalizados salen de fabrica, salvo que tengamos exactamente el mismo modelo en tienda.<\/p>\n\n\n\n<p>Ofrecemos dentro de lo posible, tres opciones:  <strong>recogida en tienda, <\/strong>con la paqueter\u00eda nacional Correos:<strong> el Paq Est\u00e1ndar y el Paq Premium. <\/strong>El precio y opciones se calcularan una vez indicado la direcci\u00f3n de env\u00edo en \u00abfinalizar pedido\u00bb. Si vives cerca de Madrid y quieres pasar a recoger t\u00fa pedido, marca la casilla \u00abrecogida en tienda\u00bb y nos pondremos en contacto contigo para concertar la recogida.<\/p>\n\n\n\n<p>No existen estas opciones para los art\u00edculos fabricados seg\u00fan las opciones elegidas por el cliente (personalizados), los env\u00edos se har\u00e1n desde fabrica a trav\u00e9s de una mensajer\u00eda una vez terminado su fabricaci\u00f3n. En general indicamos en nuestra web un plazo de entrega aproximado en la misma p\u00e1gina del art\u00edculo, que os estar\u00e1 confirmado una vez tengamos la confirmaci\u00f3n de entrega desde f\u00e1brica. Nos podremos en contacto con el cliente para facilitarle el numero de seguimiento una vez nos lo comunique la mensajeria.<\/p>\n\n\n\n<h2 class=\"wp-block-heading\"><span style=\"color:#dd9933\" class=\"has-inline-color\">Plazos de entrega<\/span><\/h2>\n\n\n\n<p>Los env\u00edos ser\u00e1n entregados en un plazo de 1-3 d\u00edas laborables en la Pen\u00ednsula dependiendo de la opci\u00f3n elegida (Paq Est\u00e1ndar entre 48h a 72h &#8211; Paq Premium 24h a 48h). <br>Se entiende como plazo de entrega, desde el momento que el env\u00edo sale de nuestros almacenes hasta que llega a tu direcci\u00f3n de entrega. Normalmente tardamos 2 a 5 d\u00edas h\u00e1biles en procesar su pedido. Sin embargo, tenga en cuenta que el tiempo de procesamiento tambi\u00e9n puede verse afectado por el estado del stock de art\u00edculos individuales, la \u00e9poca del a\u00f1o, los feriados nacionales, etc. <\/p>\n\n\n\n<p>No se enviar\u00e1 ning\u00fan pedido hasta tener la confirmaci\u00f3n de pago. Para pedidos comprados mediante transferencia bancaria, esta confirmaci\u00f3n puede demorarse varios d\u00edas. Para acelerar el proceso, puedes enviarnos el comprobante de la transferencia a <a href=\"mailto:tiendaonline@perihelio.com\"><span style=\"color:#dd9933\" class=\"has-inline-color\">tiendaonline@perihelio.com<\/span><\/a>, y as\u00ed podremos avanzar preparando el pedido. <\/p>\n\n\n\n<p>Los  pedidos que salen de nuestra tienda son enviados a trav\u00e9s de Correos o Correos Express. Ambas empresas de transportes se comprometen a realizar dos intentos de entrega.<br>Si la compa\u00f1\u00eda, debido a un error en la direcci\u00f3n facilitada por el cliente o tras realizar los dos intentos de entrega, devuelve el paquete a nuestras oficinas, el cliente correr\u00e1 con los gastos de devoluci\u00f3n y el nuevo env\u00edo.<\/p>\n\n\n\n<h2 class=\"wp-block-heading\"><span style=\"color:#dd9933\" class=\"has-inline-color\">Seguimiento de pedidos<\/span><\/h2>\n\n\n\n<p>Si eres usuario registrado, en el apartado \u00abPedidos\u00bb de&nbsp;tu cuenta de cliente tendr\u00e1s acceso al estado en que se encuentra tu pedido en cada momento.<\/p>\n\n\n\n<ul class=\"wp-block-list\"><li><strong>En espera<\/strong>: El pedido se ha recibido, pero todav\u00eda no tenemos confirmado el pago.<\/li><li><strong>Procesando<\/strong>: El pago ya se ha completado y estamos preparando el paquete para ser enviado.<\/li><li><strong>Completado<\/strong>: El pedido ya se ha enviado. Lo recibir\u00e1s en tu domicilio seg\u00fan la opci\u00f3n de env\u00edo elegida. <\/li><\/ul>\n\n\n\n<h2 class=\"wp-block-heading\"><span style=\"color:#dd9933\" class=\"has-inline-color\">Regalo<\/span><\/h2>\n\n\n\n<p>Si tu pedido es un regalo y se lo quieres mandar directamente a otra persona, puedes pedirnos en las observaciones que adjuntemos una nota escrita de felicitaci\u00f3n&nbsp;de forma gratuita.<\/p>\n\n\n\n<h2 class=\"wp-block-heading\"><span style=\"color:#dd9933\" class=\"has-inline-color\">Devoluciones<\/span><\/h2>\n\n\n\n<p>En&nbsp;La Ruta Natural (www.perihelio.com\/tienda) concedemos&nbsp;el derecho de desistimiento de cualquier producto&nbsp;comprado en nuestra tienda en el plazo de&nbsp;<strong>14&nbsp;d\u00edas&nbsp;<\/strong>naturales desde la fecha de recepci\u00f3n.<\/p>\n\n\n\n<h2 class=\"wp-block-heading\"><span style=\"color:#dd9933\" class=\"has-inline-color\">Procedimiento<\/span><\/h2>\n\n\n\n<ul class=\"wp-block-list\"><li>Comun\u00edcanos tu deseo de realizar la devoluci\u00f3n mediante correo electr\u00f3nico a&nbsp;<a href=\"mailto:tiendaonline@perihelio.com\" data-type=\"mailto\" data-id=\"mailto:tiendaonline@perihelio.com\"><span style=\"color:#dd9933\" class=\"has-inline-color\">tiendaonline<\/span><\/a><a href=\"mailto:tiendaonline@perihelio.com\"><span style=\"color:#dd9933\" class=\"has-inline-color\">@perihelio.com<\/span><\/a><\/li><li>Te responderemos, indic\u00e1ndote la direcci\u00f3n donde debes hacernos llegar el producto&nbsp;que quieres devolver.<\/li><li>La devoluci\u00f3n correr\u00e1 a cargo del cliente y la podr\u00e1 hacer con la empresa de transportes de su elecci\u00f3n.*<\/li><li>Una vez recibido en nuestras oficinas, si todo es correcto, procederemos al reembolso en el plazo m\u00e1ximo de 14 d\u00edas. Se har\u00e1 con el&nbsp;mismo m\u00e9todo de pago con&nbsp;que fue comprado el producto (tarjeta, paypal o transferencia).<\/li><\/ul>\n\n\n\n<p>Nota: A las devoluciones por motivos personales, se descontar\u00e1 el coste del env\u00edo de ida a la cantidad reembolsada.<\/p>\n\n\n\n<p>Si en el env\u00edo original se benefici\u00f3 de portes pagados por reunir las condiciones para ello (importe de compra superior al marcado para ello), y al hacer la devoluci\u00f3n estas condiciones ya no se dieran, al importe del reembolso se deber\u00e1 descontar el importe de la tarifa de env\u00edo vigente en ese momento.<\/p>\n\n\n\n<p>*si la devoluci\u00f3n es por un producto roto o defectuoso, la haremos con la empresa de transportes que trabajamos y nosotras correremos con los gastos de devoluci\u00f3n.<\/p>\n\n\n\n<h2 class=\"wp-block-heading\"><span style=\"color:#dd9933\" class=\"has-inline-color\">Condiciones<\/span><a href=\"mailto:hola@mimook.com\"><\/a><\/h2>\n\n\n\n<p>Para que la devoluci\u00f3n sea aceptada por parte de La Ruta Natural (www.perihelio.com\/tienda)<\/p>\n\n\n\n<ul class=\"wp-block-list\"><li>Los productos deben ser devueltos en un plazo de 14 d\u00edas h\u00e1biles &nbsp;desde la fecha de comunicaci\u00f3n de la devoluci\u00f3n&nbsp;por parte del Cliente.<\/li><li>Los productos deben ser devueltos en su caja\/embalaje original. En el caso de que el producto est\u00e9 envuelto en papel transparente, dicho papel no puede haber sido abierto.<\/li><li>Los productos no pueden haber sido usados.<\/li><li>Los productos no pueden haber sufrido ning\u00fan da\u00f1o, por lo que deber\u00e1 ser cuidadoso con ellos&nbsp;mientras est\u00e9n en su posesi\u00f3n.<\/li><\/ul>\n\n\n\n<p>Nota: Sobre los embalajes originales, no se debe poner celo, pegatinas o cualquier cosa que los da\u00f1e impidiendo que se puedan poner otra vez a la venta.<\/p>\n\n\n\n<h2 class=\"wp-block-heading\"><span style=\"color:#dd9933\" class=\"has-inline-color\">Productos que no admiten devoluci\u00f3n<\/span><\/h2>\n\n\n\n<p>Hay productos que por su naturaleza no admiten devoluciones, salvo que sea por error nuestro o&nbsp;no sea lo que has pedido:<\/p>\n\n\n\n<ul class=\"wp-block-list\"><li>Productos&nbsp;personalizados (camas, sillas y otros productos fabricados seg\u00fan las opciones elegidas por el cliente). <\/li><li>Productos&nbsp;realizados bajo encargo.<\/li><li>Productos que se deterioren o caduquen con rapidez.<\/li><li>Productos en formato electr\u00f3nico: Ebooks, Dvds, \u2026<\/li><li>Productos&nbsp;precintados por razones de salud o higiene que hayan sido desprecintados.<\/li><li>Productos comprados&nbsp;en una venta flash.<\/li><\/ul>\n\n\n\n<h2 class=\"wp-block-heading\"><span style=\"color:#dd9933\" class=\"has-inline-color\">M\u00e1s informaci\u00f3n en:<\/span><\/h2>\n\n\n\n<p>Para m\u00e1s informaci\u00f3n visite nuestras paginas de <a href=\"https:\/\/www.perihelio.com\/tienda\/condicions-generales-de-venta\/\"><span style=\"color:#dd9933\" class=\"has-inline-color\">Condiciones generales de Venta<\/span><\/a>, <a href=\"https:\/\/www.perihelio.com\/tienda\/aviso-legal-y-condiciones-generales-de-uso\/\"><span style=\"color:#dd9933\" class=\"has-inline-color\">Aviso Legal<\/span><\/a>, y <a href=\"https:\/\/www.perihelio.com\/tienda\/politica-de-privacidad\/\"><span style=\"color:#dd9933\" class=\"has-inline-color\">Pol\u00edtica de privacidad<\/span><\/a><span class=\"has-inline-color has-black-color\">.<\/span><\/p>\n","protected":false},"excerpt":{"rendered":"<p>Env\u00edos En&nbsp;La Tienda Natural online realizamos entregas solamente en la&nbsp;Pen\u00ednsula. Para otros destinos, como Bal\u00e9ares, Islas Canarias, Ceuta, Melilla o Portugal, por favor cont\u00e1ctanos por correo en&nbsp;larutanatural@perihelio.com&nbsp;o tiendaonline@perihelio.com y encontraremos la mejor soluci\u00f3n para ambos. Cuando realices tu pedido, te enviaremos mediante un e-mail la confirmaci\u00f3n de la compra, por lo que podr\u00e1s comprobar que [&hellip;]<\/p>\n","protected":false},"author":2,"featured_media":0,"parent":0,"menu_order":0,"comment_status":"closed","ping_status":"closed","template":"","meta":{"iawp_total_views":31,"footnotes":""},"class_list":["post-1465","page","type-page","status-publish","hentry"],"acf":[],"_links":{"self":[{"href":"https:\/\/www.perihelio.com\/tienda\/wp-json\/wp\/v2\/pages\/1465","targetHints":{"allow":["GET"]}}],"collection":[{"href":"https:\/\/www.perihelio.com\/tienda\/wp-json\/wp\/v2\/pages"}],"about":[{"href":"https:\/\/www.perihelio.com\/tienda\/wp-json\/wp\/v2\/types\/page"}],"author":[{"embeddable":true,"href":"https:\/\/www.perihelio.com\/tienda\/wp-json\/wp\/v2\/users\/2"}],"replies":[{"embeddable":true,"href":"https:\/\/www.perihelio.com\/tienda\/wp-json\/wp\/v2\/comments?post=1465"}],"version-history":[{"count":7,"href":"https:\/\/www.perihelio.com\/tienda\/wp-json\/wp\/v2\/pages\/1465\/revisions"}],"predecessor-version":[{"id":1676,"href":"https:\/\/www.perihelio.com\/tienda\/wp-json\/wp\/v2\/pages\/1465\/revisions\/1676"}],"wp:attachment":[{"href":"https:\/\/www.perihelio.com\/tienda\/wp-json\/wp\/v2\/media?parent=1465"}],"curies":[{"name":"wp","href":"https:\/\/api.w.org\/{rel}","templated":true}]}}