{"id":756,"date":"2017-04-11T17:01:39","date_gmt":"2017-04-11T17:01:39","guid":{"rendered":"http:\/\/www.perihelio.com\/?page_id=756"},"modified":"2024-02-25T22:44:16","modified_gmt":"2024-02-25T22:44:16","slug":"dormo-novo-freisitz","status":"publish","type":"page","link":"https:\/\/www.perihelio.com\/index.php\/dormo-novo-freisitz\/","title":{"rendered":"Dormo Novo"},"content":{"rendered":"<p>[et_pb_section fb_built=\u00bb1&#8243; admin_label=\u00bbsection\u00bb _builder_version=\u00bb3.22&#8243;][et_pb_row admin_label=\u00bbrow\u00bb _builder_version=\u00bb3.25&#8243; background_size=\u00bbinitial\u00bb background_position=\u00bbtop_left\u00bb background_repeat=\u00bbrepeat\u00bb][et_pb_column type=\u00bb4_4&#8243; _builder_version=\u00bb3.25&#8243; custom_padding=\u00bb|||\u00bb custom_padding__hover=\u00bb|||\u00bb][et_pb_image src=\u00bbhttps:\/\/www.perihelio.com\/wp-content\/uploads\/2018\/07\/portada-DORMONOVO-1.png\u00bb align=\u00bbcenter\u00bb align_tablet=\u00bbcenter\u00bb align_last_edited=\u00bbon|desktop\u00bb admin_label=\u00bbImagen\u00bb _builder_version=\u00bb3.23&#8243; animation=\u00bboff\u00bb sticky=\u00bboff\u00bb use_border_color=\u00bboff\u00bb border_color=\u00bb#ffffff\u00bb border_style=\u00bbsolid\u00bb always_center_on_mobile=\u00bbon\u00bb]&nbsp;<br \/>\n[\/et_pb_image][\/et_pb_column][\/et_pb_row][et_pb_row admin_label=\u00bbrow\u00bb _builder_version=\u00bb3.25&#8243; background_size=\u00bbinitial\u00bb background_position=\u00bbtop_left\u00bb background_repeat=\u00bbrepeat\u00bb][et_pb_column type=\u00bb4_4&#8243; _builder_version=\u00bb3.25&#8243; custom_padding=\u00bb|||\u00bb custom_padding__hover=\u00bb|||\u00bb][et_pb_text admin_label=\u00bbTexto\u00bb _builder_version=\u00bb3.27.4&#8243; background_size=\u00bbinitial\u00bb background_position=\u00bbtop_left\u00bb background_repeat=\u00bbrepeat\u00bb hover_enabled=\u00bb0&#8243; use_border_color=\u00bboff\u00bb border_color=\u00bb#ffffff\u00bb border_style=\u00bbsolid\u00bb sticky_enabled=\u00bb0&#8243;]<\/p>\n<h4><span style=\"color: #ff9900;\"><b>El sue\u00f1o reparador<\/b><\/span><\/h4>\n<p><span style=\"font-weight: 400;\">Dormo Novo es una cama diferente a las habituales de gruesos y densos colchones. Gracias a su sofisticado sistema de amortiguaci\u00f3n y ventilaci\u00f3n, cumple con los requisitos de los estudios m\u00e9dicos m\u00e1s recientes sobre el sue\u00f1o. El \u00f3ptimo reparto del peso, la posibilidad de adaptarse individualmente y el conjunto de materiales ligeros y transpirables, son claves en el resultado. Como tambi\u00e9n lo es el uso de materiales naturales, para crear un entorno de sue\u00f1o y medio ambiente sanos.<\/span><\/p>\n<p style=\"text-align: justify;\"><span lang=\"it-IT\">La ventilaci\u00f3n fluye por el interior del Dormo Novo, <strong>eliminando la humedad<\/strong> que se genera mientras dormimos. \u00a1Podemos llegar a sudar hasta medio litro en una noche!<\/span><\/p>\n<p style=\"text-align: justify;\">El \u00fanico material perecedero de este sistema es el l\u00e1tex, el cual <strong>se renueva<\/strong> al final de su vida \u00fatil, para as\u00ed poder disfrutar siempre de todo el confort. Gracias a que todos sus materiales son biodegradables, evitamos un residuo tan importante como son los colchones usados.<\/p>\n<p>Como distribuidores oficiales en Espa\u00f1a y Portugal, ofrecemos los servicios de asesoramiento, venta y renovaci\u00f3n del sistema Dormo Novo y todos su complementos.<br \/>\n[\/et_pb_text][\/et_pb_column][\/et_pb_row][et_pb_row admin_label=\u00bbrow\u00bb _builder_version=\u00bb3.25&#8243; background_size=\u00bbinitial\u00bb background_position=\u00bbtop_left\u00bb background_repeat=\u00bbrepeat\u00bb][et_pb_column type=\u00bb4_4&#8243; _builder_version=\u00bb3.25&#8243; custom_padding=\u00bb|||\u00bb custom_padding__hover=\u00bb|||\u00bb][et_pb_image src=\u00bbhttps:\/\/www.perihelio.com\/wp-content\/uploads\/2017\/04\/sistema-de-frente.jpg\u00bb align_tablet=\u00bbcenter\u00bb align_last_edited=\u00bbon|desktop\u00bb admin_label=\u00bbImagen\u00bb _builder_version=\u00bb3.23&#8243; animation=\u00bboff\u00bb sticky=\u00bboff\u00bb use_border_color=\u00bboff\u00bb border_color=\u00bb#ffffff\u00bb border_style=\u00bbsolid\u00bb always_center_on_mobile=\u00bbon\u00bb]&nbsp;<br \/>\n[\/et_pb_image][et_pb_text admin_label=\u00bbTexto\u00bb _builder_version=\u00bb3.27.4&#8243; background_size=\u00bbinitial\u00bb background_position=\u00bbtop_left\u00bb background_repeat=\u00bbrepeat\u00bb hover_enabled=\u00bb0&#8243; use_border_color=\u00bboff\u00bb border_color=\u00bb#ffffff\u00bb border_style=\u00bbsolid\u00bb sticky_enabled=\u00bb0&#8243;]<\/p>\n<h4><span style=\"color: #ff9900;\">Personal<\/span><\/h4>\n<p>&nbsp;<\/p>\n<p><span style=\"color: #333333;\"><span lang=\"it-IT\">Al igual que unas manos atentas y cuidadosas, los listones el\u00e1sticos de madera de fresno se adaptan al cuerpo, lo soportan y lo alivian; lo sujetan sin aferrarse independientemente del modo de estar acostado. <\/span><span lang=\"it-IT\">El sensible <strong><a href=\"https:\/\/www.perihelio.com\/index.php\/dormo-novo\/\">sistema din\u00e1mico<\/a><\/strong>, y ajustable individualmente, registra y devuelve los micro movimientos del cuerpo, permitiendo as\u00ed el libre desarrollo y regeneraci\u00f3n de los \u00f3rganos.<\/span><\/span><\/p>\n<p><span style=\"color: #333333;\">Cuando se necesita una cama para dos personas, cada una tiene su propio sistema de amortiguaci\u00f3n. De esta manera, no influyen las diferencias en el f\u00edsico, ni tampoco los movimientos en la otra persona. La colchoneta de l\u00e1tex superior s\u00ed ser\u00e1 de una sola pieza com\u00fan para evitar que exista una discontinuidad en la cama.<\/span><\/p>\n<p><span style=\"color: #333333;\">Se puede completar la cama con los <strong><a href=\"https:\/\/www.perihelio.com\/index.php\/camas-de-madera\/\">muebles de madera<\/a><\/strong> maciza que os proponemos. Dise\u00f1os elegantes y sencillos, para el que no se usan pegamentos ni elementos met\u00e1licos. La madera se protege con aceites naturales.\u00a0Consultar tambi\u00e9n las diferentes\u00a0opciones para los <strong><a href=\"https:\/\/www.perihelio.com\/index.php\/edredones-naturales-dormo-novo\/\">edredones<\/a><\/strong>, <strong><a href=\"https:\/\/www.perihelio.com\/index.php\/almohadas\/\">almohadas<\/a> <\/strong>y<strong> <a href=\"https:\/\/www.perihelio.com\/index.php\/edredones-naturales-dormo-novo\/\">fundas<\/a><\/strong>; de algod\u00f3n org\u00e1nico, lana virgen, pelo de camello o lino.<\/span><span style=\"font-size: 17px;\">\u00a0<\/span><\/p>\n<p><span color=\"#333333\" style=\"color: #333333;\">Puedes consultar los precios y descargar los <span style=\"caret-color: #333333;\">cat\u00e1logos<\/span>\u00a0en nuestra<a href=\"https:\/\/www.perihelio.com\/tienda\/categoria-producto\/camas-dormo-novo\/\"> <strong>tienda online<\/strong><\/a>. Si tienes m\u00e1s preguntas no dudes en contactar con nosotros.<\/span><\/p>\n<p>&nbsp;<\/p>\n<p>[\/et_pb_text][\/et_pb_column][\/et_pb_row][et_pb_row admin_label=\u00bbrow\u00bb _builder_version=\u00bb3.25&#8243; background_size=\u00bbinitial\u00bb background_position=\u00bbtop_left\u00bb background_repeat=\u00bbrepeat\u00bb column_structure=\u00bb1_2,1_2&#8243;][et_pb_column type=\u00bb1_2&#8243; _builder_version=\u00bb3.25&#8243; custom_padding=\u00bb|||\u00bb custom_padding__hover=\u00bb|||\u00bb][et_pb_image src=\u00bbhttps:\/\/www.perihelio.com\/wp-content\/uploads\/2017\/04\/boton-sistema-DN-web-1.png\u00bb url=\u00bbhttps:\/\/www.perihelio.com\/index.php\/dormo-novo\/\u00bb use_overlay=\u00bbon\u00bb force_fullwidth=\u00bbon\u00bb align_tablet=\u00bbcenter\u00bb align_last_edited=\u00bbon|desktop\u00bb admin_label=\u00bbImagen\u00bb _builder_version=\u00bb3.23&#8243; animation=\u00bboff\u00bb sticky=\u00bboff\u00bb use_border_color=\u00bboff\u00bb border_color=\u00bb#ffffff\u00bb border_style=\u00bbsolid\u00bb always_center_on_mobile=\u00bbon\u00bb]&nbsp;<br \/>\n[\/et_pb_image][et_pb_image src=\u00bbhttps:\/\/www.perihelio.com\/wp-content\/uploads\/2017\/04\/boton-ALMOHADAS-DN-web.png\u00bb url=\u00bbhttps:\/\/www.perihelio.com\/index.php\/almohadas\/\u00bb use_overlay=\u00bbon\u00bb force_fullwidth=\u00bbon\u00bb align_tablet=\u00bbcenter\u00bb align_last_edited=\u00bbon|desktop\u00bb admin_label=\u00bbImagen\u00bb _builder_version=\u00bb3.23&#8243; animation=\u00bboff\u00bb sticky=\u00bboff\u00bb use_border_color=\u00bboff\u00bb border_color=\u00bb#ffffff\u00bb border_style=\u00bbsolid\u00bb always_center_on_mobile=\u00bbon\u00bb]&nbsp;<br \/>\n[\/et_pb_image][et_pb_image src=\u00bbhttps:\/\/www.perihelio.com\/wp-content\/uploads\/2018\/06\/boton-camas-DN-cerezo-web.png\u00bb url=\u00bbhttps:\/\/www.perihelio.com\/index.php\/camas-de-madera\/\u00bb use_overlay=\u00bbon\u00bb force_fullwidth=\u00bbon\u00bb align_tablet=\u00bbcenter\u00bb align_last_edited=\u00bbon|desktop\u00bb admin_label=\u00bbImagen\u00bb _builder_version=\u00bb3.23&#8243; animation=\u00bboff\u00bb sticky=\u00bboff\u00bb use_border_color=\u00bboff\u00bb border_color=\u00bb#ffffff\u00bb border_style=\u00bbsolid\u00bb always_center_on_mobile=\u00bbon\u00bb]&nbsp;<br \/>\n[\/et_pb_image][\/et_pb_column][et_pb_column type=\u00bb1_2&#8243; _builder_version=\u00bb3.25&#8243; custom_padding=\u00bb|||\u00bb custom_padding__hover=\u00bb|||\u00bb][et_pb_image src=\u00bbhttps:\/\/www.perihelio.com\/wp-content\/uploads\/2017\/04\/boton-fundas-y-edredones-DN-web.png\u00bb url=\u00bbhttps:\/\/www.perihelio.com\/index.php\/edredones-naturales-dormo-novo\/\u00bb use_overlay=\u00bbon\u00bb force_fullwidth=\u00bbon\u00bb align_tablet=\u00bbcenter\u00bb align_last_edited=\u00bbon|desktop\u00bb admin_label=\u00bbImagen\u00bb _builder_version=\u00bb3.23&#8243; animation=\u00bboff\u00bb sticky=\u00bboff\u00bb use_border_color=\u00bboff\u00bb border_color=\u00bb#ffffff\u00bb border_style=\u00bbsolid\u00bb always_center_on_mobile=\u00bbon\u00bb]&nbsp;<br \/>\n[\/et_pb_image][et_pb_image src=\u00bbhttps:\/\/www.perihelio.com\/wp-content\/uploads\/2019\/07\/boton-FREI-web.png\u00bb url=\u00bbhttps:\/\/www.perihelio.com\/index.php\/freisitz\/\u00bb use_overlay=\u00bbon\u00bb force_fullwidth=\u00bbon\u00bb align_tablet=\u00bbcenter\u00bb align_last_edited=\u00bbon|desktop\u00bb admin_label=\u00bbImagen\u00bb _builder_version=\u00bb3.23&#8243; animation=\u00bboff\u00bb sticky=\u00bboff\u00bb use_border_color=\u00bboff\u00bb border_color=\u00bb#ffffff\u00bb border_style=\u00bbsolid\u00bb always_center_on_mobile=\u00bbon\u00bb]&nbsp;<br \/>\n[\/et_pb_image][\/et_pb_column][\/et_pb_row][et_pb_row admin_label=\u00bbrow\u00bb _builder_version=\u00bb3.25&#8243; background_size=\u00bbinitial\u00bb background_position=\u00bbtop_left\u00bb background_repeat=\u00bbrepeat\u00bb][et_pb_column type=\u00bb4_4&#8243; _builder_version=\u00bb3.25&#8243; custom_padding=\u00bb|||\u00bb custom_padding__hover=\u00bb|||\u00bb][et_pb_divider show_divider=\u00bboff\u00bb disabled_on=\u00bbon|on|off\u00bb admin_label=\u00bbSeparador\u00bb _builder_version=\u00bb3.23.4&#8243; height=\u00bb10px\u00bb hide_on_mobile=\u00bbon\u00bb]&nbsp;<br \/>\n[\/et_pb_divider][et_pb_text admin_label=\u00bbTexto\u00bb _builder_version=\u00bb3.27.4&#8243; background_size=\u00bbinitial\u00bb background_position=\u00bbtop_left\u00bb background_repeat=\u00bbrepeat\u00bb hover_enabled=\u00bb0&#8243; use_border_color=\u00bboff\u00bb border_color=\u00bb#ffffff\u00bb border_style=\u00bbsolid\u00bb sticky_enabled=\u00bb0&#8243;]<\/p>\n<h4><span style=\"color: #ff9900;\">Hoteles<\/span><\/h4>\n<p>Son muchos los hoteles en centro Europa que han confiado en Dormo Novo para ofrecer la mejor experiencia a sus clientes. Estos son algunos de los <a href=\"https:\/\/www.dormo-novo.at\/referenzen-dormo-novo.html\">ejemplos.<\/a><\/p>\n<p>Consulta las condiciones particulares de este tipo de proyecto.<br \/>\n[\/et_pb_text][et_pb_divider show_divider=\u00bboff\u00bb disabled_on=\u00bbon|on|off\u00bb admin_label=\u00bbSeparador\u00bb _builder_version=\u00bb3.23.4&#8243; height=\u00bb10px\u00bb hide_on_mobile=\u00bbon\u00bb]&nbsp;<br \/>\n[\/et_pb_divider][et_pb_text admin_label=\u00bbTexto\u00bb _builder_version=\u00bb3.27.4&#8243; background_size=\u00bbinitial\u00bb background_position=\u00bbtop_left\u00bb background_repeat=\u00bbrepeat\u00bb background_layout=\u00bbdark\u00bb use_border_color=\u00bboff\u00bb border_color=\u00bb#ffffff\u00bb border_style=\u00bbsolid\u00bb]<\/p>\n<h4><span style=\"color: #ff9900;\">V\u00eddeos<\/span><\/h4>\n<p>[\/et_pb_text][et_pb_video src=\u00bbhttps:\/\/vimeo.com\/39440315&#8243; admin_label=\u00bbV\u00eddeo\u00bb _builder_version=\u00bb3.0.47&#8243;]&nbsp;<br \/>\n[\/et_pb_video][et_pb_video src=\u00bbhttps:\/\/vimeo.com\/39434596&#8243; admin_label=\u00bbV\u00eddeo\u00bb _builder_version=\u00bb3.0.47&#8243;]&nbsp;<br \/>\n[\/et_pb_video][et_pb_text admin_label=\u00bbTexto\u00bb _builder_version=\u00bb3.27.4&#8243; background_size=\u00bbinitial\u00bb background_position=\u00bbtop_left\u00bb background_repeat=\u00bbrepeat\u00bb background_layout=\u00bbdark\u00bb use_border_color=\u00bboff\u00bb border_color=\u00bb#ffffff\u00bb border_style=\u00bbsolid\u00bb]<\/p>\n<h4><span style=\"color: #ff9900;\">Galer\u00eda<\/span><\/h4>\n<p>[\/et_pb_text][et_pb_gallery gallery_ids=\u00bb764,763,2342,762,1674,1649,2098,2071&#8243; show_title_and_caption=\u00bboff\u00bb admin_label=\u00bbGaler\u00eda\u00bb _builder_version=\u00bb3.0.87&#8243; use_border_color=\u00bboff\u00bb border_color=\u00bb#ffffff\u00bb border_style=\u00bbsolid\u00bb]&nbsp;<br \/>\n[\/et_pb_gallery][\/et_pb_column][\/et_pb_row][\/et_pb_section]<\/p>\n","protected":false},"excerpt":{"rendered":"<p>[et_pb_section fb_built=\u00bb1&#8243; admin_label=\u00bbsection\u00bb _builder_version=\u00bb3.22&#8243;][et_pb_row admin_label=\u00bbrow\u00bb _builder_version=\u00bb3.25&#8243; background_size=\u00bbinitial\u00bb background_position=\u00bbtop_left\u00bb background_repeat=\u00bbrepeat\u00bb][et_pb_column type=\u00bb4_4&#8243; _builder_version=\u00bb3.25&#8243; custom_padding=\u00bb|||\u00bb custom_padding__hover=\u00bb|||\u00bb][et_pb_image src=\u00bbhttps:\/\/www.perihelio.com\/wp-content\/uploads\/2018\/07\/portada-DORMONOVO-1.png\u00bb align=\u00bbcenter\u00bb align_tablet=\u00bbcenter\u00bb align_last_edited=\u00bbon|desktop\u00bb admin_label=\u00bbImagen\u00bb _builder_version=\u00bb3.23&#8243; animation=\u00bboff\u00bb sticky=\u00bboff\u00bb use_border_color=\u00bboff\u00bb border_color=\u00bb#ffffff\u00bb border_style=\u00bbsolid\u00bb always_center_on_mobile=\u00bbon\u00bb]&nbsp; [\/et_pb_image][\/et_pb_column][\/et_pb_row][et_pb_row admin_label=\u00bbrow\u00bb _builder_version=\u00bb3.25&#8243; background_size=\u00bbinitial\u00bb background_position=\u00bbtop_left\u00bb background_repeat=\u00bbrepeat\u00bb][et_pb_column type=\u00bb4_4&#8243; _builder_version=\u00bb3.25&#8243; custom_padding=\u00bb|||\u00bb custom_padding__hover=\u00bb|||\u00bb][et_pb_text admin_label=\u00bbTexto\u00bb _builder_version=\u00bb3.27.4&#8243; background_size=\u00bbinitial\u00bb background_position=\u00bbtop_left\u00bb background_repeat=\u00bbrepeat\u00bb hover_enabled=\u00bb0&#8243; use_border_color=\u00bboff\u00bb border_color=\u00bb#ffffff\u00bb border_style=\u00bbsolid\u00bb sticky_enabled=\u00bb0&#8243;] El sue\u00f1o reparador Dormo Novo es una cama diferente a [&hellip;]<\/p>\n","protected":false},"author":2,"featured_media":0,"parent":0,"menu_order":0,"comment_status":"closed","ping_status":"closed","template":"","meta":{"_et_pb_use_builder":"on","_et_pb_old_content":"","_et_gb_content_width":"","_joinchat":[],"footnotes":""},"class_list":["post-756","page","type-page","status-publish","hentry"],"yoast_head":"<!-- This site is optimized with the Yoast SEO plugin v26.8 - https:\/\/yoast.com\/product\/yoast-seo-wordpress\/ -->\n<title>Dormo Novo - Perihelio - La Ruta Natural<\/title>\n<meta name=\"description\" content=\"Venta y renovaci\u00f3n de la cama natural Dormo Novo en Espa\u00f1a y la pen\u00ednsula. Almohadas, edredones, fundas naturales y camas de madera maciza.\" \/>\n<meta name=\"robots\" content=\"index, follow, max-snippet:-1, max-image-preview:large, max-video-preview:-1\" \/>\n<link rel=\"canonical\" href=\"https:\/\/www.perihelio.com\/index.php\/dormo-novo-freisitz\/\" \/>\n<meta property=\"og:locale\" content=\"es_ES\" \/>\n<meta property=\"og:type\" content=\"article\" \/>\n<meta property=\"og:title\" content=\"Dormo Novo - Perihelio - La Ruta Natural\" \/>\n<meta property=\"og:description\" content=\"Venta y renovaci\u00f3n de la cama natural Dormo Novo en Espa\u00f1a y la pen\u00ednsula. Almohadas, edredones, fundas naturales y camas de madera maciza.\" \/>\n<meta property=\"og:url\" content=\"https:\/\/www.perihelio.com\/index.php\/dormo-novo-freisitz\/\" \/>\n<meta property=\"og:site_name\" content=\"Perihelio - La Ruta Natural\" \/>\n<meta property=\"article:publisher\" content=\"https:\/\/www.facebook.com\/La-ruta-natural-de-Chinch%c3%b3n-847250628644535\/\" \/>\n<meta property=\"article:modified_time\" content=\"2024-02-25T22:44:16+00:00\" \/>\n<meta property=\"og:image\" content=\"https:\/\/www.perihelio.com\/wp-content\/uploads\/2025\/03\/Logo-ruta_web_white-SEO.jpg\" \/>\n\t<meta property=\"og:image:width\" content=\"1200\" \/>\n\t<meta property=\"og:image:height\" content=\"675\" \/>\n\t<meta property=\"og:image:type\" content=\"image\/jpeg\" \/>\n<meta name=\"twitter:card\" content=\"summary_large_image\" \/>\n<meta name=\"twitter:site\" content=\"@perihelio_com\" \/>\n<meta name=\"twitter:label1\" content=\"Tiempo de lectura\" \/>\n\t<meta name=\"twitter:data1\" content=\"7 minutos\" \/>\n<script type=\"application\/ld+json\" class=\"yoast-schema-graph\">{\"@context\":\"https:\/\/schema.org\",\"@graph\":[{\"@type\":\"WebPage\",\"@id\":\"https:\/\/www.perihelio.com\/index.php\/dormo-novo-freisitz\/\",\"url\":\"https:\/\/www.perihelio.com\/index.php\/dormo-novo-freisitz\/\",\"name\":\"Dormo Novo - Perihelio - La Ruta Natural\",\"isPartOf\":{\"@id\":\"https:\/\/www.perihelio.com\/#website\"},\"datePublished\":\"2017-04-11T17:01:39+00:00\",\"dateModified\":\"2024-02-25T22:44:16+00:00\",\"description\":\"Venta y renovaci\u00f3n de la cama natural Dormo Novo en Espa\u00f1a y la pen\u00ednsula. Almohadas, edredones, fundas naturales y camas de madera maciza.\",\"breadcrumb\":{\"@id\":\"https:\/\/www.perihelio.com\/index.php\/dormo-novo-freisitz\/#breadcrumb\"},\"inLanguage\":\"es\",\"potentialAction\":[{\"@type\":\"ReadAction\",\"target\":[\"https:\/\/www.perihelio.com\/index.php\/dormo-novo-freisitz\/\"]}]},{\"@type\":\"BreadcrumbList\",\"@id\":\"https:\/\/www.perihelio.com\/index.php\/dormo-novo-freisitz\/#breadcrumb\",\"itemListElement\":[{\"@type\":\"ListItem\",\"position\":1,\"name\":\"Portada\",\"item\":\"https:\/\/www.perihelio.com\/\"},{\"@type\":\"ListItem\",\"position\":2,\"name\":\"Dormo Novo\"}]},{\"@type\":\"WebSite\",\"@id\":\"https:\/\/www.perihelio.com\/#website\",\"url\":\"https:\/\/www.perihelio.com\/\",\"name\":\"Perihelio - La Ruta Natural\",\"description\":\"Hogar sano: rehabilitaci\u00f3n energ\u00e9tica, ergonom\u00eda en sillas oficina y camas naturales, bioconstrucci\u00f3n\",\"publisher\":{\"@id\":\"https:\/\/www.perihelio.com\/#organization\"},\"alternateName\":\"Ruta Natural de Chinch\u00f3n\",\"potentialAction\":[{\"@type\":\"SearchAction\",\"target\":{\"@type\":\"EntryPoint\",\"urlTemplate\":\"https:\/\/www.perihelio.com\/?s={search_term_string}\"},\"query-input\":{\"@type\":\"PropertyValueSpecification\",\"valueRequired\":true,\"valueName\":\"search_term_string\"}}],\"inLanguage\":\"es\"},{\"@type\":\"Organization\",\"@id\":\"https:\/\/www.perihelio.com\/#organization\",\"name\":\"Perihelio\",\"alternateName\":\"La Ruta Natural\",\"url\":\"https:\/\/www.perihelio.com\/\",\"logo\":{\"@type\":\"ImageObject\",\"inLanguage\":\"es\",\"@id\":\"https:\/\/www.perihelio.com\/#\/schema\/logo\/image\/\",\"url\":\"https:\/\/www.perihelio.com\/wp-content\/uploads\/2017\/08\/perihelio_com-scaled.jpg\",\"contentUrl\":\"https:\/\/www.perihelio.com\/wp-content\/uploads\/2017\/08\/perihelio_com-scaled.jpg\",\"width\":2560,\"height\":624,\"caption\":\"Perihelio\"},\"image\":{\"@id\":\"https:\/\/www.perihelio.com\/#\/schema\/logo\/image\/\"},\"sameAs\":[\"https:\/\/www.facebook.com\/La-ruta-natural-de-Chinch\u00f3n-847250628644535\/\",\"https:\/\/x.com\/perihelio_com\",\"https:\/\/www.instagram.com\/larutanaturaldechinchon\/?hl=es\",\"https:\/\/www.linkedin.com\/company\/11035942\",\"https:\/\/www.youtube.com\/channel\/UC4_wAeDXx-_AHif9alVX9vA?view_as=subscriber\",\"http:\/\/www.youtube.com\/@larutanaturaldechinchon2084\",\"https:\/\/youtube.com\/@larutanaturaldechinchon2084?si=AHdElw-J_22vIDBK\"]}]}<\/script>\n<!-- \/ Yoast SEO plugin. -->","yoast_head_json":{"title":"Dormo Novo - Perihelio - La Ruta Natural","description":"Venta y renovaci\u00f3n de la cama natural Dormo Novo en Espa\u00f1a y la pen\u00ednsula. Almohadas, edredones, fundas naturales y camas de madera maciza.","robots":{"index":"index","follow":"follow","max-snippet":"max-snippet:-1","max-image-preview":"max-image-preview:large","max-video-preview":"max-video-preview:-1"},"canonical":"https:\/\/www.perihelio.com\/index.php\/dormo-novo-freisitz\/","og_locale":"es_ES","og_type":"article","og_title":"Dormo Novo - Perihelio - La Ruta Natural","og_description":"Venta y renovaci\u00f3n de la cama natural Dormo Novo en Espa\u00f1a y la pen\u00ednsula. Almohadas, edredones, fundas naturales y camas de madera maciza.","og_url":"https:\/\/www.perihelio.com\/index.php\/dormo-novo-freisitz\/","og_site_name":"Perihelio - La Ruta Natural","article_publisher":"https:\/\/www.facebook.com\/La-ruta-natural-de-Chinch%c3%b3n-847250628644535\/","article_modified_time":"2024-02-25T22:44:16+00:00","og_image":[{"width":1200,"height":675,"url":"https:\/\/www.perihelio.com\/wp-content\/uploads\/2025\/03\/Logo-ruta_web_white-SEO.jpg","type":"image\/jpeg"}],"twitter_card":"summary_large_image","twitter_site":"@perihelio_com","twitter_misc":{"Tiempo de lectura":"7 minutos"},"schema":{"@context":"https:\/\/schema.org","@graph":[{"@type":"WebPage","@id":"https:\/\/www.perihelio.com\/index.php\/dormo-novo-freisitz\/","url":"https:\/\/www.perihelio.com\/index.php\/dormo-novo-freisitz\/","name":"Dormo Novo - Perihelio - La Ruta Natural","isPartOf":{"@id":"https:\/\/www.perihelio.com\/#website"},"datePublished":"2017-04-11T17:01:39+00:00","dateModified":"2024-02-25T22:44:16+00:00","description":"Venta y renovaci\u00f3n de la cama natural Dormo Novo en Espa\u00f1a y la pen\u00ednsula. Almohadas, edredones, fundas naturales y camas de madera maciza.","breadcrumb":{"@id":"https:\/\/www.perihelio.com\/index.php\/dormo-novo-freisitz\/#breadcrumb"},"inLanguage":"es","potentialAction":[{"@type":"ReadAction","target":["https:\/\/www.perihelio.com\/index.php\/dormo-novo-freisitz\/"]}]},{"@type":"BreadcrumbList","@id":"https:\/\/www.perihelio.com\/index.php\/dormo-novo-freisitz\/#breadcrumb","itemListElement":[{"@type":"ListItem","position":1,"name":"Portada","item":"https:\/\/www.perihelio.com\/"},{"@type":"ListItem","position":2,"name":"Dormo Novo"}]},{"@type":"WebSite","@id":"https:\/\/www.perihelio.com\/#website","url":"https:\/\/www.perihelio.com\/","name":"Perihelio - La Ruta Natural","description":"Hogar sano: rehabilitaci\u00f3n energ\u00e9tica, ergonom\u00eda en sillas oficina y camas naturales, bioconstrucci\u00f3n","publisher":{"@id":"https:\/\/www.perihelio.com\/#organization"},"alternateName":"Ruta Natural de Chinch\u00f3n","potentialAction":[{"@type":"SearchAction","target":{"@type":"EntryPoint","urlTemplate":"https:\/\/www.perihelio.com\/?s={search_term_string}"},"query-input":{"@type":"PropertyValueSpecification","valueRequired":true,"valueName":"search_term_string"}}],"inLanguage":"es"},{"@type":"Organization","@id":"https:\/\/www.perihelio.com\/#organization","name":"Perihelio","alternateName":"La Ruta Natural","url":"https:\/\/www.perihelio.com\/","logo":{"@type":"ImageObject","inLanguage":"es","@id":"https:\/\/www.perihelio.com\/#\/schema\/logo\/image\/","url":"https:\/\/www.perihelio.com\/wp-content\/uploads\/2017\/08\/perihelio_com-scaled.jpg","contentUrl":"https:\/\/www.perihelio.com\/wp-content\/uploads\/2017\/08\/perihelio_com-scaled.jpg","width":2560,"height":624,"caption":"Perihelio"},"image":{"@id":"https:\/\/www.perihelio.com\/#\/schema\/logo\/image\/"},"sameAs":["https:\/\/www.facebook.com\/La-ruta-natural-de-Chinch\u00f3n-847250628644535\/","https:\/\/x.com\/perihelio_com","https:\/\/www.instagram.com\/larutanaturaldechinchon\/?hl=es","https:\/\/www.linkedin.com\/company\/11035942","https:\/\/www.youtube.com\/channel\/UC4_wAeDXx-_AHif9alVX9vA?view_as=subscriber","http:\/\/www.youtube.com\/@larutanaturaldechinchon2084","https:\/\/youtube.com\/@larutanaturaldechinchon2084?si=AHdElw-J_22vIDBK"]}]}},"jetpack_sharing_enabled":true,"_links":{"self":[{"href":"https:\/\/www.perihelio.com\/index.php\/wp-json\/wp\/v2\/pages\/756","targetHints":{"allow":["GET"]}}],"collection":[{"href":"https:\/\/www.perihelio.com\/index.php\/wp-json\/wp\/v2\/pages"}],"about":[{"href":"https:\/\/www.perihelio.com\/index.php\/wp-json\/wp\/v2\/types\/page"}],"author":[{"embeddable":true,"href":"https:\/\/www.perihelio.com\/index.php\/wp-json\/wp\/v2\/users\/2"}],"replies":[{"embeddable":true,"href":"https:\/\/www.perihelio.com\/index.php\/wp-json\/wp\/v2\/comments?post=756"}],"version-history":[{"count":91,"href":"https:\/\/www.perihelio.com\/index.php\/wp-json\/wp\/v2\/pages\/756\/revisions"}],"predecessor-version":[{"id":3940,"href":"https:\/\/www.perihelio.com\/index.php\/wp-json\/wp\/v2\/pages\/756\/revisions\/3940"}],"wp:attachment":[{"href":"https:\/\/www.perihelio.com\/index.php\/wp-json\/wp\/v2\/media?parent=756"}],"curies":[{"name":"wp","href":"https:\/\/api.w.org\/{rel}","templated":true}]}}