{"id":452,"date":"2017-01-02T15:07:23","date_gmt":"2017-01-02T15:07:23","guid":{"rendered":"http:\/\/www.perihelio.com\/?page_id=452"},"modified":"2020-06-01T07:52:33","modified_gmt":"2020-06-01T07:52:33","slug":"rehabilitacion-energetica","status":"publish","type":"page","link":"https:\/\/www.perihelio.com\/index.php\/rehabilitacion-energetica\/","title":{"rendered":"Rehabilitaci\u00f3n energ\u00e9tica y renovables"},"content":{"rendered":"<p>[et_pb_section admin_label=\u00bbsection\u00bb background_color=\u00bb#ffffff\u00bb inner_shadow=\u00bboff\u00bb parallax=\u00bbon\u00bb transparent_background=\u00bboff\u00bb allow_player_pause=\u00bboff\u00bb parallax_method=\u00bboff\u00bb padding_mobile=\u00bboff\u00bb make_fullwidth=\u00bboff\u00bb use_custom_width=\u00bboff\u00bb width_unit=\u00bbon\u00bb make_equal=\u00bboff\u00bb use_custom_gutter=\u00bboff\u00bb][et_pb_row admin_label=\u00bbrow\u00bb make_fullwidth=\u00bboff\u00bb use_custom_width=\u00bboff\u00bb width_unit=\u00bbon\u00bb use_custom_gutter=\u00bboff\u00bb padding_mobile=\u00bboff\u00bb allow_player_pause=\u00bboff\u00bb parallax=\u00bboff\u00bb parallax_method=\u00bboff\u00bb make_equal=\u00bboff\u00bb parallax_1=\u00bboff\u00bb parallax_method_1=\u00bboff\u00bb column_padding_mobile=\u00bbon\u00bb][et_pb_column type=\u00bb4_4&#8243;][et_pb_text admin_label=\u00bbTexto\u00bb background_layout=\u00bblight\u00bb text_orientation=\u00bbleft\u00bb use_border_color=\u00bboff\u00bb border_color=\u00bb#ffffff\u00bb border_style=\u00bbsolid\u00bb]<\/p>\n<p>Una rehabilitaci\u00f3n energ\u00e9tica es una actuaci\u00f3n sobre una vivienda para disminuir su consumo energ\u00e9tico y por ende el impacto ambiental. Para ello trabajamos en el dise\u00f1o del proyecto con diferentes lineas de actuaci\u00f3n: aislamiento t\u00e9rmico, consumos energ\u00e9ticos y equipos de producci\u00f3n (agua caliente, calefacci\u00f3n, electricidad, refrigeraci\u00f3n)<\/p>\n<p>Incorporamos energ\u00edas renovables, soluciones bioclim\u00e1ticas y materiales naturales.<\/p>\n<p>[\/et_pb_text][et_pb_gallery admin_label=\u00bbGaler\u00eda\u00bb gallery_ids=\u00bb1468,292,484,487,492,486,2626,2627&#8243; fullwidth=\u00bboff\u00bb show_title_and_caption=\u00bboff\u00bb show_pagination=\u00bboff\u00bb background_layout=\u00bblight\u00bb auto=\u00bbon\u00bb auto_speed=\u00bb4000&#8243; hover_overlay_color=\u00bbrgba(255,255,255,0.9)\u00bb caption_all_caps=\u00bboff\u00bb use_border_color=\u00bboff\u00bb border_color=\u00bb#ffffff\u00bb border_style=\u00bbsolid\u00bb title_text_color=\u00bb#26a88e\u00bb posts_number=\u00bb8&#8243;]<\/p>\n<p>&nbsp;<\/p>\n<p>[\/et_pb_gallery][\/et_pb_column][\/et_pb_row][\/et_pb_section]<\/p>\n","protected":false},"excerpt":{"rendered":"<p>[et_pb_section admin_label=\u00bbsection\u00bb background_color=\u00bb#ffffff\u00bb inner_shadow=\u00bboff\u00bb parallax=\u00bbon\u00bb transparent_background=\u00bboff\u00bb allow_player_pause=\u00bboff\u00bb parallax_method=\u00bboff\u00bb padding_mobile=\u00bboff\u00bb make_fullwidth=\u00bboff\u00bb use_custom_width=\u00bboff\u00bb width_unit=\u00bbon\u00bb make_equal=\u00bboff\u00bb use_custom_gutter=\u00bboff\u00bb][et_pb_row admin_label=\u00bbrow\u00bb make_fullwidth=\u00bboff\u00bb use_custom_width=\u00bboff\u00bb width_unit=\u00bbon\u00bb use_custom_gutter=\u00bboff\u00bb padding_mobile=\u00bboff\u00bb allow_player_pause=\u00bboff\u00bb parallax=\u00bboff\u00bb parallax_method=\u00bboff\u00bb make_equal=\u00bboff\u00bb parallax_1=\u00bboff\u00bb parallax_method_1=\u00bboff\u00bb column_padding_mobile=\u00bbon\u00bb][et_pb_column type=\u00bb4_4&#8243;][et_pb_text admin_label=\u00bbTexto\u00bb background_layout=\u00bblight\u00bb text_orientation=\u00bbleft\u00bb use_border_color=\u00bboff\u00bb border_color=\u00bb#ffffff\u00bb border_style=\u00bbsolid\u00bb] Una rehabilitaci\u00f3n energ\u00e9tica es una actuaci\u00f3n sobre una vivienda para disminuir su consumo energ\u00e9tico y por ende el impacto ambiental. Para [&hellip;]<\/p>\n","protected":false},"author":2,"featured_media":0,"parent":0,"menu_order":0,"comment_status":"closed","ping_status":"closed","template":"","meta":{"_et_pb_use_builder":"on","_et_pb_old_content":"","_et_gb_content_width":"","_joinchat":[],"footnotes":""},"class_list":["post-452","page","type-page","status-publish","hentry"],"yoast_head":"<!-- This site is optimized with the Yoast SEO plugin v26.8 - https:\/\/yoast.com\/product\/yoast-seo-wordpress\/ -->\n<title>Rehabilitaci\u00f3n energ\u00e9tica y renovables - Perihelio - La Ruta Natural<\/title>\n<meta name=\"robots\" content=\"index, follow, max-snippet:-1, max-image-preview:large, max-video-preview:-1\" \/>\n<link rel=\"canonical\" href=\"https:\/\/www.perihelio.com\/index.php\/rehabilitacion-energetica\/\" \/>\n<meta property=\"og:locale\" content=\"es_ES\" \/>\n<meta property=\"og:type\" content=\"article\" \/>\n<meta property=\"og:title\" content=\"Rehabilitaci\u00f3n energ\u00e9tica y renovables - Perihelio - La Ruta Natural\" \/>\n<meta property=\"og:description\" content=\"[et_pb_section admin_label=\u00bbsection\u00bb background_color=\u00bb#ffffff\u00bb inner_shadow=\u00bboff\u00bb parallax=\u00bbon\u00bb transparent_background=\u00bboff\u00bb allow_player_pause=\u00bboff\u00bb parallax_method=\u00bboff\u00bb padding_mobile=\u00bboff\u00bb make_fullwidth=\u00bboff\u00bb use_custom_width=\u00bboff\u00bb width_unit=\u00bbon\u00bb make_equal=\u00bboff\u00bb use_custom_gutter=\u00bboff\u00bb][et_pb_row admin_label=\u00bbrow\u00bb make_fullwidth=\u00bboff\u00bb use_custom_width=\u00bboff\u00bb width_unit=\u00bbon\u00bb use_custom_gutter=\u00bboff\u00bb padding_mobile=\u00bboff\u00bb allow_player_pause=\u00bboff\u00bb parallax=\u00bboff\u00bb parallax_method=\u00bboff\u00bb make_equal=\u00bboff\u00bb parallax_1=\u00bboff\u00bb parallax_method_1=\u00bboff\u00bb column_padding_mobile=\u00bbon\u00bb][et_pb_column type=\u00bb4_4&#8243;][et_pb_text admin_label=\u00bbTexto\u00bb background_layout=\u00bblight\u00bb text_orientation=\u00bbleft\u00bb use_border_color=\u00bboff\u00bb border_color=\u00bb#ffffff\u00bb border_style=\u00bbsolid\u00bb] Una rehabilitaci\u00f3n energ\u00e9tica es una actuaci\u00f3n sobre una vivienda para disminuir su consumo energ\u00e9tico y por ende el impacto ambiental. Para [&hellip;]\" \/>\n<meta property=\"og:url\" content=\"https:\/\/www.perihelio.com\/index.php\/rehabilitacion-energetica\/\" \/>\n<meta property=\"og:site_name\" content=\"Perihelio - La Ruta Natural\" \/>\n<meta property=\"article:publisher\" content=\"https:\/\/www.facebook.com\/La-ruta-natural-de-Chinch%c3%b3n-847250628644535\/\" \/>\n<meta property=\"article:modified_time\" content=\"2020-06-01T07:52:33+00:00\" \/>\n<meta property=\"og:image\" content=\"https:\/\/www.perihelio.com\/wp-content\/uploads\/2025\/03\/Logo-ruta_web_white-SEO.jpg\" \/>\n\t<meta property=\"og:image:width\" content=\"1200\" \/>\n\t<meta property=\"og:image:height\" content=\"675\" \/>\n\t<meta property=\"og:image:type\" content=\"image\/jpeg\" \/>\n<meta name=\"twitter:card\" content=\"summary_large_image\" \/>\n<meta name=\"twitter:site\" content=\"@perihelio_com\" \/>\n<meta name=\"twitter:label1\" content=\"Tiempo de lectura\" \/>\n\t<meta name=\"twitter:data1\" content=\"1 minuto\" \/>\n<script type=\"application\/ld+json\" class=\"yoast-schema-graph\">{\"@context\":\"https:\/\/schema.org\",\"@graph\":[{\"@type\":\"WebPage\",\"@id\":\"https:\/\/www.perihelio.com\/index.php\/rehabilitacion-energetica\/\",\"url\":\"https:\/\/www.perihelio.com\/index.php\/rehabilitacion-energetica\/\",\"name\":\"Rehabilitaci\u00f3n energ\u00e9tica y renovables - Perihelio - La Ruta Natural\",\"isPartOf\":{\"@id\":\"https:\/\/www.perihelio.com\/#website\"},\"datePublished\":\"2017-01-02T15:07:23+00:00\",\"dateModified\":\"2020-06-01T07:52:33+00:00\",\"breadcrumb\":{\"@id\":\"https:\/\/www.perihelio.com\/index.php\/rehabilitacion-energetica\/#breadcrumb\"},\"inLanguage\":\"es\",\"potentialAction\":[{\"@type\":\"ReadAction\",\"target\":[\"https:\/\/www.perihelio.com\/index.php\/rehabilitacion-energetica\/\"]}]},{\"@type\":\"BreadcrumbList\",\"@id\":\"https:\/\/www.perihelio.com\/index.php\/rehabilitacion-energetica\/#breadcrumb\",\"itemListElement\":[{\"@type\":\"ListItem\",\"position\":1,\"name\":\"Portada\",\"item\":\"https:\/\/www.perihelio.com\/\"},{\"@type\":\"ListItem\",\"position\":2,\"name\":\"Rehabilitaci\u00f3n energ\u00e9tica y renovables\"}]},{\"@type\":\"WebSite\",\"@id\":\"https:\/\/www.perihelio.com\/#website\",\"url\":\"https:\/\/www.perihelio.com\/\",\"name\":\"Perihelio - La Ruta Natural\",\"description\":\"Hogar sano: rehabilitaci\u00f3n energ\u00e9tica, ergonom\u00eda en sillas oficina y camas naturales, bioconstrucci\u00f3n\",\"publisher\":{\"@id\":\"https:\/\/www.perihelio.com\/#organization\"},\"alternateName\":\"Ruta Natural de Chinch\u00f3n\",\"potentialAction\":[{\"@type\":\"SearchAction\",\"target\":{\"@type\":\"EntryPoint\",\"urlTemplate\":\"https:\/\/www.perihelio.com\/?s={search_term_string}\"},\"query-input\":{\"@type\":\"PropertyValueSpecification\",\"valueRequired\":true,\"valueName\":\"search_term_string\"}}],\"inLanguage\":\"es\"},{\"@type\":\"Organization\",\"@id\":\"https:\/\/www.perihelio.com\/#organization\",\"name\":\"Perihelio\",\"alternateName\":\"La Ruta Natural\",\"url\":\"https:\/\/www.perihelio.com\/\",\"logo\":{\"@type\":\"ImageObject\",\"inLanguage\":\"es\",\"@id\":\"https:\/\/www.perihelio.com\/#\/schema\/logo\/image\/\",\"url\":\"https:\/\/www.perihelio.com\/wp-content\/uploads\/2017\/08\/perihelio_com-scaled.jpg\",\"contentUrl\":\"https:\/\/www.perihelio.com\/wp-content\/uploads\/2017\/08\/perihelio_com-scaled.jpg\",\"width\":2560,\"height\":624,\"caption\":\"Perihelio\"},\"image\":{\"@id\":\"https:\/\/www.perihelio.com\/#\/schema\/logo\/image\/\"},\"sameAs\":[\"https:\/\/www.facebook.com\/La-ruta-natural-de-Chinch\u00f3n-847250628644535\/\",\"https:\/\/x.com\/perihelio_com\",\"https:\/\/www.instagram.com\/larutanaturaldechinchon\/?hl=es\",\"https:\/\/www.linkedin.com\/company\/11035942\",\"https:\/\/www.youtube.com\/channel\/UC4_wAeDXx-_AHif9alVX9vA?view_as=subscriber\",\"http:\/\/www.youtube.com\/@larutanaturaldechinchon2084\",\"https:\/\/youtube.com\/@larutanaturaldechinchon2084?si=AHdElw-J_22vIDBK\"]}]}<\/script>\n<!-- \/ Yoast SEO plugin. -->","yoast_head_json":{"title":"Rehabilitaci\u00f3n energ\u00e9tica y renovables - Perihelio - La Ruta Natural","robots":{"index":"index","follow":"follow","max-snippet":"max-snippet:-1","max-image-preview":"max-image-preview:large","max-video-preview":"max-video-preview:-1"},"canonical":"https:\/\/www.perihelio.com\/index.php\/rehabilitacion-energetica\/","og_locale":"es_ES","og_type":"article","og_title":"Rehabilitaci\u00f3n energ\u00e9tica y renovables - Perihelio - La Ruta Natural","og_description":"[et_pb_section admin_label=\u00bbsection\u00bb background_color=\u00bb#ffffff\u00bb inner_shadow=\u00bboff\u00bb parallax=\u00bbon\u00bb transparent_background=\u00bboff\u00bb allow_player_pause=\u00bboff\u00bb parallax_method=\u00bboff\u00bb padding_mobile=\u00bboff\u00bb make_fullwidth=\u00bboff\u00bb use_custom_width=\u00bboff\u00bb width_unit=\u00bbon\u00bb make_equal=\u00bboff\u00bb use_custom_gutter=\u00bboff\u00bb][et_pb_row admin_label=\u00bbrow\u00bb make_fullwidth=\u00bboff\u00bb use_custom_width=\u00bboff\u00bb width_unit=\u00bbon\u00bb use_custom_gutter=\u00bboff\u00bb padding_mobile=\u00bboff\u00bb allow_player_pause=\u00bboff\u00bb parallax=\u00bboff\u00bb parallax_method=\u00bboff\u00bb make_equal=\u00bboff\u00bb parallax_1=\u00bboff\u00bb parallax_method_1=\u00bboff\u00bb column_padding_mobile=\u00bbon\u00bb][et_pb_column type=\u00bb4_4&#8243;][et_pb_text admin_label=\u00bbTexto\u00bb background_layout=\u00bblight\u00bb text_orientation=\u00bbleft\u00bb use_border_color=\u00bboff\u00bb border_color=\u00bb#ffffff\u00bb border_style=\u00bbsolid\u00bb] Una rehabilitaci\u00f3n energ\u00e9tica es una actuaci\u00f3n sobre una vivienda para disminuir su consumo energ\u00e9tico y por ende el impacto ambiental. Para [&hellip;]","og_url":"https:\/\/www.perihelio.com\/index.php\/rehabilitacion-energetica\/","og_site_name":"Perihelio - La Ruta Natural","article_publisher":"https:\/\/www.facebook.com\/La-ruta-natural-de-Chinch%c3%b3n-847250628644535\/","article_modified_time":"2020-06-01T07:52:33+00:00","og_image":[{"width":1200,"height":675,"url":"https:\/\/www.perihelio.com\/wp-content\/uploads\/2025\/03\/Logo-ruta_web_white-SEO.jpg","type":"image\/jpeg"}],"twitter_card":"summary_large_image","twitter_site":"@perihelio_com","twitter_misc":{"Tiempo de lectura":"1 minuto"},"schema":{"@context":"https:\/\/schema.org","@graph":[{"@type":"WebPage","@id":"https:\/\/www.perihelio.com\/index.php\/rehabilitacion-energetica\/","url":"https:\/\/www.perihelio.com\/index.php\/rehabilitacion-energetica\/","name":"Rehabilitaci\u00f3n energ\u00e9tica y renovables - Perihelio - La Ruta Natural","isPartOf":{"@id":"https:\/\/www.perihelio.com\/#website"},"datePublished":"2017-01-02T15:07:23+00:00","dateModified":"2020-06-01T07:52:33+00:00","breadcrumb":{"@id":"https:\/\/www.perihelio.com\/index.php\/rehabilitacion-energetica\/#breadcrumb"},"inLanguage":"es","potentialAction":[{"@type":"ReadAction","target":["https:\/\/www.perihelio.com\/index.php\/rehabilitacion-energetica\/"]}]},{"@type":"BreadcrumbList","@id":"https:\/\/www.perihelio.com\/index.php\/rehabilitacion-energetica\/#breadcrumb","itemListElement":[{"@type":"ListItem","position":1,"name":"Portada","item":"https:\/\/www.perihelio.com\/"},{"@type":"ListItem","position":2,"name":"Rehabilitaci\u00f3n energ\u00e9tica y renovables"}]},{"@type":"WebSite","@id":"https:\/\/www.perihelio.com\/#website","url":"https:\/\/www.perihelio.com\/","name":"Perihelio - La Ruta Natural","description":"Hogar sano: rehabilitaci\u00f3n energ\u00e9tica, ergonom\u00eda en sillas oficina y camas naturales, bioconstrucci\u00f3n","publisher":{"@id":"https:\/\/www.perihelio.com\/#organization"},"alternateName":"Ruta Natural de Chinch\u00f3n","potentialAction":[{"@type":"SearchAction","target":{"@type":"EntryPoint","urlTemplate":"https:\/\/www.perihelio.com\/?s={search_term_string}"},"query-input":{"@type":"PropertyValueSpecification","valueRequired":true,"valueName":"search_term_string"}}],"inLanguage":"es"},{"@type":"Organization","@id":"https:\/\/www.perihelio.com\/#organization","name":"Perihelio","alternateName":"La Ruta Natural","url":"https:\/\/www.perihelio.com\/","logo":{"@type":"ImageObject","inLanguage":"es","@id":"https:\/\/www.perihelio.com\/#\/schema\/logo\/image\/","url":"https:\/\/www.perihelio.com\/wp-content\/uploads\/2017\/08\/perihelio_com-scaled.jpg","contentUrl":"https:\/\/www.perihelio.com\/wp-content\/uploads\/2017\/08\/perihelio_com-scaled.jpg","width":2560,"height":624,"caption":"Perihelio"},"image":{"@id":"https:\/\/www.perihelio.com\/#\/schema\/logo\/image\/"},"sameAs":["https:\/\/www.facebook.com\/La-ruta-natural-de-Chinch\u00f3n-847250628644535\/","https:\/\/x.com\/perihelio_com","https:\/\/www.instagram.com\/larutanaturaldechinchon\/?hl=es","https:\/\/www.linkedin.com\/company\/11035942","https:\/\/www.youtube.com\/channel\/UC4_wAeDXx-_AHif9alVX9vA?view_as=subscriber","http:\/\/www.youtube.com\/@larutanaturaldechinchon2084","https:\/\/youtube.com\/@larutanaturaldechinchon2084?si=AHdElw-J_22vIDBK"]}]}},"jetpack_sharing_enabled":true,"_links":{"self":[{"href":"https:\/\/www.perihelio.com\/index.php\/wp-json\/wp\/v2\/pages\/452","targetHints":{"allow":["GET"]}}],"collection":[{"href":"https:\/\/www.perihelio.com\/index.php\/wp-json\/wp\/v2\/pages"}],"about":[{"href":"https:\/\/www.perihelio.com\/index.php\/wp-json\/wp\/v2\/types\/page"}],"author":[{"embeddable":true,"href":"https:\/\/www.perihelio.com\/index.php\/wp-json\/wp\/v2\/users\/2"}],"replies":[{"embeddable":true,"href":"https:\/\/www.perihelio.com\/index.php\/wp-json\/wp\/v2\/comments?post=452"}],"version-history":[{"count":22,"href":"https:\/\/www.perihelio.com\/index.php\/wp-json\/wp\/v2\/pages\/452\/revisions"}],"predecessor-version":[{"id":2625,"href":"https:\/\/www.perihelio.com\/index.php\/wp-json\/wp\/v2\/pages\/452\/revisions\/2625"}],"wp:attachment":[{"href":"https:\/\/www.perihelio.com\/index.php\/wp-json\/wp\/v2\/media?parent=452"}],"curies":[{"name":"wp","href":"https:\/\/api.w.org\/{rel}","templated":true}]}}