{"id":374,"date":"2016-11-28T17:56:52","date_gmt":"2016-11-28T17:56:52","guid":{"rendered":"http:\/\/www.perihelio.com\/?page_id=374"},"modified":"2022-11-22T21:09:26","modified_gmt":"2022-11-22T21:09:26","slug":"aeris-swopper-espana","status":"publish","type":"page","link":"https:\/\/www.perihelio.com\/index.php\/aeris-swopper-espana\/","title":{"rendered":"Aeris Swopper"},"content":{"rendered":"<p>[et_pb_section fb_built=\u00bb1&#8243; admin_label=\u00bbsection\u00bb _builder_version=\u00bb3.22&#8243;][et_pb_row column_structure=\u00bb1_2,1_2&#8243; padding_mobile=\u00bboff\u00bb make_equal=\u00bbon\u00bb column_padding_mobile=\u00bbon\u00bb admin_label=\u00bbFila\u00bb _builder_version=\u00bb3.25&#8243; background_size=\u00bbinitial\u00bb background_position=\u00bbtop_left\u00bb background_repeat=\u00bbrepeat\u00bb make_fullwidth=\u00bboff\u00bb use_custom_width=\u00bboff\u00bb width_unit=\u00bbon\u00bb][et_pb_column type=\u00bb1_2&#8243; _builder_version=\u00bb3.25&#8243; custom_padding=\u00bb|||\u00bb custom_padding__hover=\u00bb|||\u00bb][et_pb_text admin_label=\u00bbTexto\u00bb _builder_version=\u00bb3.27.4&#8243; background_size=\u00bbinitial\u00bb background_position=\u00bbtop_left\u00bb background_repeat=\u00bbrepeat\u00bb use_border_color=\u00bboff\u00bb border_color=\u00bb#ffffff\u00bb border_style=\u00bbsolid\u00bb]<\/p>\n<h4><span style=\"color: #ff9900;\"><strong>Su genialidad es su prop\u00f3sito<\/strong><\/span><\/h4>\n<p>Incluso a primera vista puedes ver la diferencia entre la <strong>Aeris Swopper<\/strong> y una silla convencional. Su dise\u00f1o \u00fanico acaba con todos los complementos habituales, como apoyabrazos o reposacabezas, los cuales limitan el movimiento perjudic\u00e1ndote a largo plazo. En contraste,<strong>\u00a0Aeris Swopper<\/strong> estimula el movimiento y los frecuentes cambios de postura mientras se est\u00e1 sentado.<\/p>\n<p>Los beneficios son obvios para el usuario: adi\u00f3s al dolor de espalda, cansancio y tensi\u00f3n; hola a una mejor forma f\u00edsica, a sentirse bien y aumentar el rendimiento.<br \/>\n[\/et_pb_text][et_pb_video src=\u00bbhttps:\/\/www.perihelio.com\/wp-content\/uploads\/2020\/05\/Aeris-Swopper-\u2013-Noch-aktiver-und-es-w\u00e4re-kein-Sitzen-mehr..mp4&#8243; admin_label=\u00bbV\u00eddeo\u00bb _builder_version=\u00bb3.0.47&#8243; hover_enabled=\u00bb0&#8243; sticky_enabled=\u00bb0&#8243;]&nbsp;<br \/>\n[\/et_pb_video][et_pb_button button_url=\u00bbhttps:\/\/www.perihelio.com\/wp-content\/uploads\/2021\/07\/EN_Aeris-Flyer-Swopper.pdf\u00bb url_new_window=\u00bbon\u00bb button_text=\u00bbFlyer\u00bb _builder_version=\u00bb4.7.4&#8243; _module_preset=\u00bbdefault\u00bb custom_margin=\u00bb46px|||||\u00bb hover_enabled=\u00bb0&#8243; sticky_enabled=\u00bb0&#8243;][\/et_pb_button][\/et_pb_column][et_pb_column type=\u00bb1_2&#8243; _builder_version=\u00bb3.25&#8243; custom_padding=\u00bb|||\u00bb custom_padding__hover=\u00bb|||\u00bb][et_pb_image src=\u00bbhttps:\/\/www.perihelio.com\/wp-content\/uploads\/2020\/05\/swopper-swoppster-living-08.jpg\u00bb align_tablet=\u00bbcenter\u00bb align_phone=\u00bb\u00bb align_last_edited=\u00bbon|desktop\u00bb admin_label=\u00bbImagen\u00bb _builder_version=\u00bb3.23&#8243; max_width=\u00bb600px\u00bb use_border_color=\u00bboff\u00bb border_color=\u00bb#ffffff\u00bb border_style=\u00bbsolid\u00bb animation=\u00bboff\u00bb sticky=\u00bboff\u00bb always_center_on_mobile=\u00bbon\u00bb]&nbsp;<br \/>\n[\/et_pb_image][\/et_pb_column][\/et_pb_row][et_pb_row admin_label=\u00bbFila\u00bb _builder_version=\u00bb3.25&#8243; background_size=\u00bbinitial\u00bb background_position=\u00bbtop_left\u00bb background_repeat=\u00bbrepeat\u00bb][et_pb_column type=\u00bb4_4&#8243; _builder_version=\u00bb3.25&#8243; custom_padding=\u00bb|||\u00bb custom_padding__hover=\u00bb|||\u00bb][et_pb_divider show_divider=\u00bboff\u00bb disabled_on=\u00bbon|on|off\u00bb admin_label=\u00bbSeparador\u00bb _builder_version=\u00bb3.23.4&#8243; height=\u00bb60px\u00bb hide_on_mobile=\u00bbon\u00bb]&nbsp;<br \/>\n[\/et_pb_divider][et_pb_text admin_label=\u00bbTexto\u00bb _builder_version=\u00bb3.27.4&#8243; background_size=\u00bbinitial\u00bb background_position=\u00bbtop_left\u00bb background_repeat=\u00bbrepeat\u00bb use_border_color=\u00bboff\u00bb border_color=\u00bb#ffffff\u00bb border_style=\u00bbsolid\u00bb]<\/p>\n<h4><span style=\"color: #ff9900;\"><strong>Movimiento en cada detalle<\/strong><\/span><\/h4>\n<p>Aeris Swopper ya est\u00e1 fortaleciendo la espalda de miles de personas en todo el mundo. Manteniendo en forma los m\u00fasculos mientras trabajan delante del ordenador. El movimiento vertical, que garantiza su muelle, y el movimiento flexible hacia los lados, que ofrece el elemento de movimiento 3D incorporado, mantienen liberados los discos intervertebrales y las articulaciones. El asiento convexo favorece una postura libre y erguida evitando puntos de presi\u00f3n en sus bordes. Al mismo tiempo, estimula el consumo de calor\u00edas, favorece el sistema muscular, la circulaci\u00f3n sangu\u00ednea, el aporte de ox\u00edgeno al cuerpo, concentraci\u00f3n y, en general, te hace sentir bien.<\/p>\n<p>&nbsp;<br \/>\n[\/et_pb_text][et_pb_image src=\u00bbhttps:\/\/www.perihelio.com\/wp-content\/uploads\/2020\/05\/Swopper-colours-white-studio_01-scaled.jpg\u00bb align_tablet=\u00bbcenter\u00bb align_phone=\u00bb\u00bb align_last_edited=\u00bbon|desktop\u00bb admin_label=\u00bbImagen\u00bb _builder_version=\u00bb3.23&#8243; use_border_color=\u00bboff\u00bb border_color=\u00bb#ffffff\u00bb border_style=\u00bbsolid\u00bb animation=\u00bboff\u00bb sticky=\u00bboff\u00bb always_center_on_mobile=\u00bbon\u00bb]&nbsp;<br \/>\n[\/et_pb_image][\/et_pb_column][\/et_pb_row][et_pb_row column_structure=\u00bb1_4,3_4&#8243; admin_label=\u00bbrow\u00bb _builder_version=\u00bb3.25&#8243; background_size=\u00bbinitial\u00bb background_position=\u00bbtop_left\u00bb background_repeat=\u00bbrepeat\u00bb][et_pb_column type=\u00bb1_4&#8243; _builder_version=\u00bb3.25&#8243; custom_padding=\u00bb|||\u00bb custom_padding__hover=\u00bb|||\u00bb][et_pb_divider show_divider=\u00bboff\u00bb disabled_on=\u00bbon|on|off\u00bb admin_label=\u00bbSeparador\u00bb _builder_version=\u00bb3.23.4&#8243; height=\u00bb60px\u00bb hide_on_mobile=\u00bbon\u00bb]&nbsp;<br \/>\n[\/et_pb_divider][\/et_pb_column][et_pb_column type=\u00bb3_4&#8243; _builder_version=\u00bb3.25&#8243; custom_padding=\u00bb|||\u00bb custom_padding__hover=\u00bb|||\u00bb][et_pb_text admin_label=\u00bbTexto\u00bb _builder_version=\u00bb3.27.4&#8243; background_size=\u00bbinitial\u00bb background_position=\u00bbtop_left\u00bb background_repeat=\u00bbrepeat\u00bb use_border_color=\u00bboff\u00bb border_color=\u00bb#ffffff\u00bb border_style=\u00bbsolid\u00bb]Los nuevos modelos ya est\u00e1n disponibles. Actualmente se puede configurar tu Aeris Swopper con <strong>tres colores diferentes para la base<\/strong>: <em>antracita<\/em> (el color oscuro ya conocido),<em> gris claro<\/em> y <em>blanco<\/em>. Adem\u00e1s, se puede elegir el color del muelle, \u00e9ste puede ser del mismo color que la base o del color del tejido del asiento, siempre y cuando \u00e9ste sea de uno de los 5 colores b\u00e1sicos disponibles.<\/p>\n<p>Otra de las novedades m\u00e1s interesantes es la gran apuesta de Aeris por los tejidos de <strong>lana<\/strong> del fabricante <a href=\"https:\/\/www.gabriel.dk\/en\/?frontpage\"><strong>Gabriel<\/strong><\/a>. Existen 3 modelos diferentes CAPTUR, SELECT y LUNA de buen\u00edsimas cualidades y con gran variedad de colores adicionales. Consulta los detalles t\u00e9cnicos de todos los tejidos en el cat\u00e1logo.<br \/>\n[\/et_pb_text][\/et_pb_column][\/et_pb_row][et_pb_row admin_label=\u00bbFila\u00bb _builder_version=\u00bb3.25&#8243; background_size=\u00bbinitial\u00bb background_position=\u00bbtop_left\u00bb background_repeat=\u00bbrepeat\u00bb][et_pb_column type=\u00bb4_4&#8243; _builder_version=\u00bb3.25&#8243; custom_padding=\u00bb|||\u00bb custom_padding__hover=\u00bb|||\u00bb][et_pb_text admin_label=\u00bbTexto\u00bb _builder_version=\u00bb3.27.4&#8243; background_size=\u00bbinitial\u00bb background_position=\u00bbtop_left\u00bb background_repeat=\u00bbrepeat\u00bb use_border_color=\u00bboff\u00bb border_color=\u00bb#ffffff\u00bb border_style=\u00bbsolid\u00bb]<\/p>\n<h4><span style=\"color: #ff9900;\"><b>Im\u00e1genes y v\u00eddeos<\/b><\/span><\/h4>\n<p>[\/et_pb_text][et_pb_gallery gallery_ids=\u00bb3197,3061,3062,3030,3031,3034,3198,3196&#8243; show_title_and_caption=\u00bboff\u00bb show_pagination=\u00bboff\u00bb admin_label=\u00bbGaler\u00eda\u00bb _builder_version=\u00bb3.0.87&#8243; use_border_color=\u00bboff\u00bb border_color=\u00bb#ffffff\u00bb border_style=\u00bbsolid\u00bb]&nbsp;<br \/>\n[\/et_pb_gallery][\/et_pb_column][\/et_pb_row][et_pb_row column_structure=\u00bb2_3,1_3&#8243; admin_label=\u00bbFila\u00bb _builder_version=\u00bb3.25&#8243; background_size=\u00bbinitial\u00bb background_position=\u00bbtop_left\u00bb background_repeat=\u00bbrepeat\u00bb][et_pb_column type=\u00bb2_3&#8243; _builder_version=\u00bb3.25&#8243; custom_padding=\u00bb|||\u00bb custom_padding__hover=\u00bb|||\u00bb][et_pb_video_slider controls_color=\u00bblight\u00bb admin_label=\u00bbControl deslizante de v\u00eddeo\u00bb _builder_version=\u00bb3.0.74&#8243;][et_pb_video_slider_item admin_title=\u00bbSwopper nuevo\u00bb src=\u00bbhttps:\/\/www.perihelio.com\/wp-content\/uploads\/2020\/04\/Aeris-Swopper-Bild-EN-16-9.mp4&#8243; _builder_version=\u00bb3.0.47&#8243; show_image_overlay=\u00bboff\u00bb] [\/et_pb_video_slider_item][et_pb_video_slider_item admin_title=\u00bbSwopper 1&#8243; src=\u00bbhttps:\/\/www.perihelio.com\/wp-content\/uploads\/2016\/09\/swopper_1.mp4&#8243; _builder_version=\u00bb3.0.47&#8243; show_image_overlay=\u00bboff\u00bb] [\/et_pb_video_slider_item][et_pb_video_slider_item admin_title=\u00bbSwopper 2&#8243; src=\u00bbhttps:\/\/www.perihelio.com\/wp-content\/uploads\/2016\/08\/swopper_2.mp4&#8243; _builder_version=\u00bb3.0.47&#8243; show_image_overlay=\u00bboff\u00bb] [\/et_pb_video_slider_item][et_pb_video_slider_item admin_title=\u00bbSwopper nuevo 2&#8243; src=\u00bbhttps:\/\/www.perihelio.com\/wp-content\/uploads\/2020\/05\/Aeris-Swopper-\u2013-Noch-aktiver-und-es-w\u00e4re-kein-Sitzen-mehr..mp4&#8243; _builder_version=\u00bb3.0.47&#8243; show_image_overlay=\u00bboff\u00bb] [\/et_pb_video_slider_item][et_pb_video_slider_item admin_title=\u00bbyoutube LRN\u00bb src=\u00bbhttps:\/\/www.youtube.com\/watch?v=iKwaloHU5cM\u00bb _builder_version=\u00bb3.0.47&#8243; show_image_overlay=\u00bboff\u00bb] [\/et_pb_video_slider_item][\/et_pb_video_slider][\/et_pb_column][et_pb_column type=\u00bb1_3&#8243; _builder_version=\u00bb3.25&#8243; custom_padding=\u00bb|||\u00bb custom_padding__hover=\u00bb|||\u00bb][et_pb_text admin_label=\u00bbTexto\u00bb _builder_version=\u00bb3.27.4&#8243; background_size=\u00bbinitial\u00bb background_position=\u00bbtop_left\u00bb background_repeat=\u00bbrepeat\u00bb use_border_color=\u00bboff\u00bb border_color=\u00bb#ffffff\u00bb border_style=\u00bbsolid\u00bb]<\/p>\n<h4 style=\"text-align: right;\"><span style=\"color: #ff9900;\"><strong>Montaje Aeris Swopper<\/strong><\/span><\/h4>\n<p>[\/et_pb_text][et_pb_video src=\u00bbhttps:\/\/youtu.be\/5s2LUIP6m2E\u00bb admin_label=\u00bbV\u00eddeo\u00bb _builder_version=\u00bb3.0.47&#8243;]&nbsp;<br \/>\n[\/et_pb_video][et_pb_text admin_label=\u00bbTexto\u00bb _builder_version=\u00bb3.27.4&#8243; background_size=\u00bbinitial\u00bb background_position=\u00bbtop_left\u00bb background_repeat=\u00bbrepeat\u00bb use_border_color=\u00bboff\u00bb border_color=\u00bb#ffffff\u00bb border_style=\u00bbsolid\u00bb]<\/p>\n<p style=\"text-align: left;\"><a href=\"https:\/\/www.perihelio.com\/index.php\/contacto\/\">Contacta<\/a> con nosotros para asesorarte en la elecci\u00f3n del modelo m\u00e1s adecuado para tu f\u00edsico, actividad y puesto de trabajo.<\/p>\n<p style=\"text-align: left;\">Consulta tambi\u00e9n las posibilidades para ver y probar los modelos.<\/p>\n<p>[\/et_pb_text][\/et_pb_column][\/et_pb_row][\/et_pb_section]<\/p>\n","protected":false},"excerpt":{"rendered":"<p>[et_pb_section fb_built=\u00bb1&#8243; admin_label=\u00bbsection\u00bb _builder_version=\u00bb3.22&#8243;][et_pb_row column_structure=\u00bb1_2,1_2&#8243; padding_mobile=\u00bboff\u00bb make_equal=\u00bbon\u00bb column_padding_mobile=\u00bbon\u00bb admin_label=\u00bbFila\u00bb _builder_version=\u00bb3.25&#8243; background_size=\u00bbinitial\u00bb background_position=\u00bbtop_left\u00bb background_repeat=\u00bbrepeat\u00bb make_fullwidth=\u00bboff\u00bb use_custom_width=\u00bboff\u00bb width_unit=\u00bbon\u00bb][et_pb_column type=\u00bb1_2&#8243; _builder_version=\u00bb3.25&#8243; custom_padding=\u00bb|||\u00bb custom_padding__hover=\u00bb|||\u00bb][et_pb_text admin_label=\u00bbTexto\u00bb _builder_version=\u00bb3.27.4&#8243; background_size=\u00bbinitial\u00bb background_position=\u00bbtop_left\u00bb background_repeat=\u00bbrepeat\u00bb use_border_color=\u00bboff\u00bb border_color=\u00bb#ffffff\u00bb border_style=\u00bbsolid\u00bb] Su genialidad es su prop\u00f3sito Incluso a primera vista puedes ver la diferencia entre la Aeris Swopper y una silla convencional. Su dise\u00f1o \u00fanico acaba con todos [&hellip;]<\/p>\n","protected":false},"author":2,"featured_media":0,"parent":0,"menu_order":0,"comment_status":"closed","ping_status":"closed","template":"","meta":{"_et_pb_use_builder":"on","_et_pb_old_content":"","_et_gb_content_width":"","_joinchat":[],"footnotes":""},"class_list":["post-374","page","type-page","status-publish","hentry"],"yoast_head":"<!-- This site is optimized with the Yoast SEO plugin v26.8 - https:\/\/yoast.com\/product\/yoast-seo-wordpress\/ -->\n<title>Aeris Swopper - Perihelio - La Ruta Natural<\/title>\n<meta name=\"description\" content=\"La silla activa Aeris Swopper permite el libre movimiento que necesitamos. Los modelos son personalizables para el f\u00edsico de cada persona.\" \/>\n<meta name=\"robots\" content=\"index, follow, max-snippet:-1, max-image-preview:large, max-video-preview:-1\" \/>\n<link rel=\"canonical\" href=\"https:\/\/www.perihelio.com\/index.php\/aeris-swopper-espana\/\" \/>\n<meta property=\"og:locale\" content=\"es_ES\" \/>\n<meta property=\"og:type\" content=\"article\" \/>\n<meta property=\"og:title\" content=\"Aeris Swopper - Perihelio - La Ruta Natural\" \/>\n<meta property=\"og:description\" content=\"La silla activa Aeris Swopper permite el libre movimiento que necesitamos. Los modelos son personalizables para el f\u00edsico de cada persona.\" \/>\n<meta property=\"og:url\" content=\"https:\/\/www.perihelio.com\/index.php\/aeris-swopper-espana\/\" \/>\n<meta property=\"og:site_name\" content=\"Perihelio - La Ruta Natural\" \/>\n<meta property=\"article:publisher\" content=\"https:\/\/www.facebook.com\/La-ruta-natural-de-Chinch%c3%b3n-847250628644535\/\" \/>\n<meta property=\"article:modified_time\" content=\"2022-11-22T21:09:26+00:00\" \/>\n<meta property=\"og:image\" content=\"https:\/\/www.perihelio.com\/wp-content\/uploads\/2025\/03\/Logo-ruta_web_white-SEO.jpg\" \/>\n\t<meta property=\"og:image:width\" content=\"1200\" \/>\n\t<meta property=\"og:image:height\" content=\"675\" \/>\n\t<meta property=\"og:image:type\" content=\"image\/jpeg\" \/>\n<meta name=\"twitter:card\" content=\"summary_large_image\" \/>\n<meta name=\"twitter:site\" content=\"@perihelio_com\" \/>\n<meta name=\"twitter:label1\" content=\"Tiempo de lectura\" \/>\n\t<meta name=\"twitter:data1\" content=\"6 minutos\" \/>\n<script type=\"application\/ld+json\" class=\"yoast-schema-graph\">{\"@context\":\"https:\/\/schema.org\",\"@graph\":[{\"@type\":\"WebPage\",\"@id\":\"https:\/\/www.perihelio.com\/index.php\/aeris-swopper-espana\/\",\"url\":\"https:\/\/www.perihelio.com\/index.php\/aeris-swopper-espana\/\",\"name\":\"Aeris Swopper - Perihelio - La Ruta Natural\",\"isPartOf\":{\"@id\":\"https:\/\/www.perihelio.com\/#website\"},\"datePublished\":\"2016-11-28T17:56:52+00:00\",\"dateModified\":\"2022-11-22T21:09:26+00:00\",\"description\":\"La silla activa Aeris Swopper permite el libre movimiento que necesitamos. Los modelos son personalizables para el f\u00edsico de cada persona.\",\"breadcrumb\":{\"@id\":\"https:\/\/www.perihelio.com\/index.php\/aeris-swopper-espana\/#breadcrumb\"},\"inLanguage\":\"es\",\"potentialAction\":[{\"@type\":\"ReadAction\",\"target\":[\"https:\/\/www.perihelio.com\/index.php\/aeris-swopper-espana\/\"]}]},{\"@type\":\"BreadcrumbList\",\"@id\":\"https:\/\/www.perihelio.com\/index.php\/aeris-swopper-espana\/#breadcrumb\",\"itemListElement\":[{\"@type\":\"ListItem\",\"position\":1,\"name\":\"Portada\",\"item\":\"https:\/\/www.perihelio.com\/\"},{\"@type\":\"ListItem\",\"position\":2,\"name\":\"Aeris Swopper\"}]},{\"@type\":\"WebSite\",\"@id\":\"https:\/\/www.perihelio.com\/#website\",\"url\":\"https:\/\/www.perihelio.com\/\",\"name\":\"Perihelio - La Ruta Natural\",\"description\":\"Hogar sano: rehabilitaci\u00f3n energ\u00e9tica, ergonom\u00eda en sillas oficina y camas naturales, bioconstrucci\u00f3n\",\"publisher\":{\"@id\":\"https:\/\/www.perihelio.com\/#organization\"},\"alternateName\":\"Ruta Natural de Chinch\u00f3n\",\"potentialAction\":[{\"@type\":\"SearchAction\",\"target\":{\"@type\":\"EntryPoint\",\"urlTemplate\":\"https:\/\/www.perihelio.com\/?s={search_term_string}\"},\"query-input\":{\"@type\":\"PropertyValueSpecification\",\"valueRequired\":true,\"valueName\":\"search_term_string\"}}],\"inLanguage\":\"es\"},{\"@type\":\"Organization\",\"@id\":\"https:\/\/www.perihelio.com\/#organization\",\"name\":\"Perihelio\",\"alternateName\":\"La Ruta Natural\",\"url\":\"https:\/\/www.perihelio.com\/\",\"logo\":{\"@type\":\"ImageObject\",\"inLanguage\":\"es\",\"@id\":\"https:\/\/www.perihelio.com\/#\/schema\/logo\/image\/\",\"url\":\"https:\/\/www.perihelio.com\/wp-content\/uploads\/2017\/08\/perihelio_com-scaled.jpg\",\"contentUrl\":\"https:\/\/www.perihelio.com\/wp-content\/uploads\/2017\/08\/perihelio_com-scaled.jpg\",\"width\":2560,\"height\":624,\"caption\":\"Perihelio\"},\"image\":{\"@id\":\"https:\/\/www.perihelio.com\/#\/schema\/logo\/image\/\"},\"sameAs\":[\"https:\/\/www.facebook.com\/La-ruta-natural-de-Chinch\u00f3n-847250628644535\/\",\"https:\/\/x.com\/perihelio_com\",\"https:\/\/www.instagram.com\/larutanaturaldechinchon\/?hl=es\",\"https:\/\/www.linkedin.com\/company\/11035942\",\"https:\/\/www.youtube.com\/channel\/UC4_wAeDXx-_AHif9alVX9vA?view_as=subscriber\",\"http:\/\/www.youtube.com\/@larutanaturaldechinchon2084\",\"https:\/\/youtube.com\/@larutanaturaldechinchon2084?si=AHdElw-J_22vIDBK\"]}]}<\/script>\n<!-- \/ Yoast SEO plugin. -->","yoast_head_json":{"title":"Aeris Swopper - Perihelio - La Ruta Natural","description":"La silla activa Aeris Swopper permite el libre movimiento que necesitamos. Los modelos son personalizables para el f\u00edsico de cada persona.","robots":{"index":"index","follow":"follow","max-snippet":"max-snippet:-1","max-image-preview":"max-image-preview:large","max-video-preview":"max-video-preview:-1"},"canonical":"https:\/\/www.perihelio.com\/index.php\/aeris-swopper-espana\/","og_locale":"es_ES","og_type":"article","og_title":"Aeris Swopper - Perihelio - La Ruta Natural","og_description":"La silla activa Aeris Swopper permite el libre movimiento que necesitamos. Los modelos son personalizables para el f\u00edsico de cada persona.","og_url":"https:\/\/www.perihelio.com\/index.php\/aeris-swopper-espana\/","og_site_name":"Perihelio - La Ruta Natural","article_publisher":"https:\/\/www.facebook.com\/La-ruta-natural-de-Chinch%c3%b3n-847250628644535\/","article_modified_time":"2022-11-22T21:09:26+00:00","og_image":[{"width":1200,"height":675,"url":"https:\/\/www.perihelio.com\/wp-content\/uploads\/2025\/03\/Logo-ruta_web_white-SEO.jpg","type":"image\/jpeg"}],"twitter_card":"summary_large_image","twitter_site":"@perihelio_com","twitter_misc":{"Tiempo de lectura":"6 minutos"},"schema":{"@context":"https:\/\/schema.org","@graph":[{"@type":"WebPage","@id":"https:\/\/www.perihelio.com\/index.php\/aeris-swopper-espana\/","url":"https:\/\/www.perihelio.com\/index.php\/aeris-swopper-espana\/","name":"Aeris Swopper - Perihelio - La Ruta Natural","isPartOf":{"@id":"https:\/\/www.perihelio.com\/#website"},"datePublished":"2016-11-28T17:56:52+00:00","dateModified":"2022-11-22T21:09:26+00:00","description":"La silla activa Aeris Swopper permite el libre movimiento que necesitamos. Los modelos son personalizables para el f\u00edsico de cada persona.","breadcrumb":{"@id":"https:\/\/www.perihelio.com\/index.php\/aeris-swopper-espana\/#breadcrumb"},"inLanguage":"es","potentialAction":[{"@type":"ReadAction","target":["https:\/\/www.perihelio.com\/index.php\/aeris-swopper-espana\/"]}]},{"@type":"BreadcrumbList","@id":"https:\/\/www.perihelio.com\/index.php\/aeris-swopper-espana\/#breadcrumb","itemListElement":[{"@type":"ListItem","position":1,"name":"Portada","item":"https:\/\/www.perihelio.com\/"},{"@type":"ListItem","position":2,"name":"Aeris Swopper"}]},{"@type":"WebSite","@id":"https:\/\/www.perihelio.com\/#website","url":"https:\/\/www.perihelio.com\/","name":"Perihelio - La Ruta Natural","description":"Hogar sano: rehabilitaci\u00f3n energ\u00e9tica, ergonom\u00eda en sillas oficina y camas naturales, bioconstrucci\u00f3n","publisher":{"@id":"https:\/\/www.perihelio.com\/#organization"},"alternateName":"Ruta Natural de Chinch\u00f3n","potentialAction":[{"@type":"SearchAction","target":{"@type":"EntryPoint","urlTemplate":"https:\/\/www.perihelio.com\/?s={search_term_string}"},"query-input":{"@type":"PropertyValueSpecification","valueRequired":true,"valueName":"search_term_string"}}],"inLanguage":"es"},{"@type":"Organization","@id":"https:\/\/www.perihelio.com\/#organization","name":"Perihelio","alternateName":"La Ruta Natural","url":"https:\/\/www.perihelio.com\/","logo":{"@type":"ImageObject","inLanguage":"es","@id":"https:\/\/www.perihelio.com\/#\/schema\/logo\/image\/","url":"https:\/\/www.perihelio.com\/wp-content\/uploads\/2017\/08\/perihelio_com-scaled.jpg","contentUrl":"https:\/\/www.perihelio.com\/wp-content\/uploads\/2017\/08\/perihelio_com-scaled.jpg","width":2560,"height":624,"caption":"Perihelio"},"image":{"@id":"https:\/\/www.perihelio.com\/#\/schema\/logo\/image\/"},"sameAs":["https:\/\/www.facebook.com\/La-ruta-natural-de-Chinch\u00f3n-847250628644535\/","https:\/\/x.com\/perihelio_com","https:\/\/www.instagram.com\/larutanaturaldechinchon\/?hl=es","https:\/\/www.linkedin.com\/company\/11035942","https:\/\/www.youtube.com\/channel\/UC4_wAeDXx-_AHif9alVX9vA?view_as=subscriber","http:\/\/www.youtube.com\/@larutanaturaldechinchon2084","https:\/\/youtube.com\/@larutanaturaldechinchon2084?si=AHdElw-J_22vIDBK"]}]}},"jetpack_sharing_enabled":true,"_links":{"self":[{"href":"https:\/\/www.perihelio.com\/index.php\/wp-json\/wp\/v2\/pages\/374","targetHints":{"allow":["GET"]}}],"collection":[{"href":"https:\/\/www.perihelio.com\/index.php\/wp-json\/wp\/v2\/pages"}],"about":[{"href":"https:\/\/www.perihelio.com\/index.php\/wp-json\/wp\/v2\/types\/page"}],"author":[{"embeddable":true,"href":"https:\/\/www.perihelio.com\/index.php\/wp-json\/wp\/v2\/users\/2"}],"replies":[{"embeddable":true,"href":"https:\/\/www.perihelio.com\/index.php\/wp-json\/wp\/v2\/comments?post=374"}],"version-history":[{"count":89,"href":"https:\/\/www.perihelio.com\/index.php\/wp-json\/wp\/v2\/pages\/374\/revisions"}],"predecessor-version":[{"id":3879,"href":"https:\/\/www.perihelio.com\/index.php\/wp-json\/wp\/v2\/pages\/374\/revisions\/3879"}],"wp:attachment":[{"href":"https:\/\/www.perihelio.com\/index.php\/wp-json\/wp\/v2\/media?parent=374"}],"curies":[{"name":"wp","href":"https:\/\/api.w.org\/{rel}","templated":true}]}}