{"id":2919,"date":"2020-04-14T14:57:44","date_gmt":"2020-04-14T14:57:44","guid":{"rendered":"https:\/\/www.perihelio.com\/?page_id=2919"},"modified":"2020-04-14T16:05:53","modified_gmt":"2020-04-14T16:05:53","slug":"pinturas-naturales-tratamientos-madera","status":"publish","type":"page","link":"https:\/\/www.perihelio.com\/index.php\/pinturas-naturales-tratamientos-madera\/","title":{"rendered":"Pinturas naturales y tratamientos para madera"},"content":{"rendered":"<p>[et_pb_section admin_label=\u00bbsection\u00bb][et_pb_row admin_label=\u00bbrow\u00bb][et_pb_column type=\u00bb4_4&#8243;][et_pb_text admin_label=\u00bbTexto\u00bb background_layout=\u00bblight\u00bb text_orientation=\u00bbleft\u00bb use_border_color=\u00bboff\u00bb border_color=\u00bb#ffffff\u00bb border_style=\u00bbsolid\u00bb]<\/p>\n<h4><strong>Pinturas naturales<\/strong><\/h4>\n<blockquote><p>La pintura de la vivienda es la capa m\u00e1s cercana, y por tanto, en contacto con las personas. Por este motivo, elegir los materiales a utilizar debe hacerse con atenci\u00f3n. Adem\u00e1s de conocer la declaraci\u00f3n completa de materiales, es importante saber su modo de empleo. Nosotros te podemos ayudar en estas decisiones y guiarte en la compra, llevamos varios a\u00f1os usando los materiales que os proponemos a continuaci\u00f3n.<\/p><\/blockquote>\n<p style=\"text-align: left;\"><strong>Pintura mineral para interior. <\/strong>Disponible en blanco y gama de colores NCS y RAL<\/p>\n<p style=\"text-align: left;\"><strong>Pintura al silicato para exterior<\/strong>. Disponible en blanco y gama de colores NCS y RAL<\/p>\n<p style=\"text-align: left;\"><strong>Diluyente e imprimaci\u00f3n<\/strong>. Incoloro. Utilizado para consolidar soportes o diluir las pinturas en base a silicato.<\/p>\n<p>[\/et_pb_text][et_pb_image admin_label=\u00bbImagen\u00bb src=\u00bbhttps:\/\/www.perihelio.com\/wp-content\/uploads\/2018\/05\/2F5CDFE9-3780-46AD-A22F-7B81F5BBBA48.jpeg\u00bb show_in_lightbox=\u00bboff\u00bb url_new_window=\u00bboff\u00bb use_overlay=\u00bboff\u00bb animation=\u00bboff\u00bb sticky=\u00bboff\u00bb align=\u00bbleft\u00bb force_fullwidth=\u00bboff\u00bb always_center_on_mobile=\u00bbon\u00bb use_border_color=\u00bboff\u00bb border_color=\u00bb#ffffff\u00bb border_style=\u00bbsolid\u00bb]<\/p>\n<p>&nbsp;<\/p>\n<p>[\/et_pb_image][et_pb_divider admin_label=\u00bbSeparador\u00bb color=\u00bb#ffffff\u00bb show_divider=\u00bboff\u00bb height=\u00bb4&#8243; divider_style=\u00bbsolid\u00bb divider_position=\u00bbtop\u00bb hide_on_mobile=\u00bbon\u00bb]<\/p>\n<p>&nbsp;<\/p>\n<p>[\/et_pb_divider][et_pb_text admin_label=\u00bbTexto\u00bb background_layout=\u00bblight\u00bb text_orientation=\u00bbleft\u00bb use_border_color=\u00bboff\u00bb border_color=\u00bb#ffffff\u00bb border_style=\u00bbsolid\u00bb]<\/p>\n<h4><strong>Tratamientos para la madera<\/strong><\/h4>\n<blockquote><p>La madera es un elemento \u00abvivo\u00bb el cual se ve alterado por las condiciones exteriores. Por ejemplo, es lo que ocurre con la humedad, que es expulsada y absorbida seg\u00fan su necesidad. O tambi\u00e9n con la temperatura, la cual provoca dilataciones o contracciones en la madera. Estas cualidades requieren que los materiales aplicados sobre la madera permitan sus funciones reguladoras normales. Por este motivo, los productos que ofrecemos se componen de <strong>aceites y resinas vegetales<\/strong>, los cuales son el\u00e1sticos e hidr\u00f3fugos (a diferencia de los sint\u00e9ticos), para adaptarse a los cambios de la madera sin provocar grietas y sin necesitar nunca decapado o lijado para su mantenimiento.<\/p><\/blockquote>\n<p><b>Imprimaci\u00f3n.\u00a0<\/b>Nutrici\u00f3n y regulaci\u00f3n del intercambio h\u00eddrico.<\/p>\n<p><strong>Lasure para exterior<\/strong>. Protecci\u00f3n y mantenimiento de madera para exterior. Incoloro o gama mostrada en la imagen inferior.<\/p>\n<p><strong>Lasure para interior<\/strong>. Protecci\u00f3n y mantenimiento de madera para interior. Incoloro o gama mostrada en la imagen inferior.<\/p>\n<p><strong>Fondo protector<\/strong>. Nutrici\u00f3n, regulaci\u00f3n del intercambio h\u00eddrico y protecci\u00f3n frente xil\u00f3fagos, avisperos y otros nidos de insectos.<\/p>\n<p><strong>Aceite endurecedor<\/strong>. Protecci\u00f3n de gran dureza para interior o exterior, adecuado para uso en suelos. Incoloro y gama en la imagen inferior.<\/p>\n<p><strong>Esmalte<\/strong>. Protecci\u00f3n de muebles y otras maderas de interior y exterior. Tonalidades rojo, azul, verde, amarillo y blanco (consultar otros).<\/p>\n<p><strong>Aceite de Teca<\/strong>. Protecci\u00f3n de madera de Teca y otras maderas de origen tropical. Incoloro.<\/p>\n<p><strong>Diluyente-Disolvente<\/strong>.<\/p>\n<p>&nbsp;<\/p>\n<p>*Disponemos de las fichas t\u00e9cnicas para completar la informaci\u00f3n<\/p>\n<p>[\/et_pb_text][et_pb_divider admin_label=\u00bbSeparador\u00bb color=\u00bb#ffffff\u00bb show_divider=\u00bboff\u00bb height=\u00bb4&#8243; divider_style=\u00bbsolid\u00bb divider_position=\u00bbtop\u00bb hide_on_mobile=\u00bbon\u00bb]<\/p>\n<p>&nbsp;<\/p>\n<p>[\/et_pb_divider][et_pb_image admin_label=\u00bbImagen\u00bb src=\u00bbhttps:\/\/www.perihelio.com\/wp-content\/uploads\/2020\/04\/colores-tratamientos-madera.png\u00bb show_in_lightbox=\u00bboff\u00bb url_new_window=\u00bboff\u00bb use_overlay=\u00bboff\u00bb animation=\u00bboff\u00bb sticky=\u00bboff\u00bb align=\u00bbleft\u00bb force_fullwidth=\u00bboff\u00bb always_center_on_mobile=\u00bbon\u00bb use_border_color=\u00bboff\u00bb border_color=\u00bb#ffffff\u00bb border_style=\u00bbsolid\u00bb]<\/p>\n<p>&nbsp;<\/p>\n<p>[\/et_pb_image][\/et_pb_column][\/et_pb_row][\/et_pb_section]<\/p>\n","protected":false},"excerpt":{"rendered":"<p>[et_pb_section admin_label=\u00bbsection\u00bb][et_pb_row admin_label=\u00bbrow\u00bb][et_pb_column type=\u00bb4_4&#8243;][et_pb_text admin_label=\u00bbTexto\u00bb background_layout=\u00bblight\u00bb text_orientation=\u00bbleft\u00bb use_border_color=\u00bboff\u00bb border_color=\u00bb#ffffff\u00bb border_style=\u00bbsolid\u00bb] Pinturas naturales La pintura de la vivienda es la capa m\u00e1s cercana, y por tanto, en contacto con las personas. Por este motivo, elegir los materiales a utilizar debe hacerse con atenci\u00f3n. Adem\u00e1s de conocer la declaraci\u00f3n completa de materiales, es importante saber su modo [&hellip;]<\/p>\n","protected":false},"author":2,"featured_media":0,"parent":0,"menu_order":0,"comment_status":"closed","ping_status":"closed","template":"","meta":{"_et_pb_use_builder":"on","_et_pb_old_content":"","_et_gb_content_width":"","_joinchat":[],"footnotes":""},"class_list":["post-2919","page","type-page","status-publish","hentry"],"yoast_head":"<!-- This site is optimized with the Yoast SEO plugin v26.8 - https:\/\/yoast.com\/product\/yoast-seo-wordpress\/ -->\n<title>Pinturas naturales y tratamientos para madera - Perihelio - La Ruta Natural<\/title>\n<meta name=\"robots\" content=\"index, follow, max-snippet:-1, max-image-preview:large, max-video-preview:-1\" \/>\n<link rel=\"canonical\" href=\"https:\/\/www.perihelio.com\/index.php\/pinturas-naturales-tratamientos-madera\/\" \/>\n<meta property=\"og:locale\" content=\"es_ES\" \/>\n<meta property=\"og:type\" content=\"article\" \/>\n<meta property=\"og:title\" content=\"Pinturas naturales y tratamientos para madera - Perihelio - La Ruta Natural\" \/>\n<meta property=\"og:description\" content=\"[et_pb_section admin_label=\u00bbsection\u00bb][et_pb_row admin_label=\u00bbrow\u00bb][et_pb_column type=\u00bb4_4&#8243;][et_pb_text admin_label=\u00bbTexto\u00bb background_layout=\u00bblight\u00bb text_orientation=\u00bbleft\u00bb use_border_color=\u00bboff\u00bb border_color=\u00bb#ffffff\u00bb border_style=\u00bbsolid\u00bb] Pinturas naturales La pintura de la vivienda es la capa m\u00e1s cercana, y por tanto, en contacto con las personas. Por este motivo, elegir los materiales a utilizar debe hacerse con atenci\u00f3n. Adem\u00e1s de conocer la declaraci\u00f3n completa de materiales, es importante saber su modo [&hellip;]\" \/>\n<meta property=\"og:url\" content=\"https:\/\/www.perihelio.com\/index.php\/pinturas-naturales-tratamientos-madera\/\" \/>\n<meta property=\"og:site_name\" content=\"Perihelio - La Ruta Natural\" \/>\n<meta property=\"article:publisher\" content=\"https:\/\/www.facebook.com\/La-ruta-natural-de-Chinch%c3%b3n-847250628644535\/\" \/>\n<meta property=\"article:modified_time\" content=\"2020-04-14T16:05:53+00:00\" \/>\n<meta property=\"og:image\" content=\"https:\/\/www.perihelio.com\/wp-content\/uploads\/2025\/03\/Logo-ruta_web_white-SEO.jpg\" \/>\n\t<meta property=\"og:image:width\" content=\"1200\" \/>\n\t<meta property=\"og:image:height\" content=\"675\" \/>\n\t<meta property=\"og:image:type\" content=\"image\/jpeg\" \/>\n<meta name=\"twitter:card\" content=\"summary_large_image\" \/>\n<meta name=\"twitter:site\" content=\"@perihelio_com\" \/>\n<meta name=\"twitter:label1\" content=\"Tiempo de lectura\" \/>\n\t<meta name=\"twitter:data1\" content=\"3 minutos\" \/>\n<script type=\"application\/ld+json\" class=\"yoast-schema-graph\">{\"@context\":\"https:\/\/schema.org\",\"@graph\":[{\"@type\":\"WebPage\",\"@id\":\"https:\/\/www.perihelio.com\/index.php\/pinturas-naturales-tratamientos-madera\/\",\"url\":\"https:\/\/www.perihelio.com\/index.php\/pinturas-naturales-tratamientos-madera\/\",\"name\":\"Pinturas naturales y tratamientos para madera - Perihelio - La Ruta Natural\",\"isPartOf\":{\"@id\":\"https:\/\/www.perihelio.com\/#website\"},\"datePublished\":\"2020-04-14T14:57:44+00:00\",\"dateModified\":\"2020-04-14T16:05:53+00:00\",\"breadcrumb\":{\"@id\":\"https:\/\/www.perihelio.com\/index.php\/pinturas-naturales-tratamientos-madera\/#breadcrumb\"},\"inLanguage\":\"es\",\"potentialAction\":[{\"@type\":\"ReadAction\",\"target\":[\"https:\/\/www.perihelio.com\/index.php\/pinturas-naturales-tratamientos-madera\/\"]}]},{\"@type\":\"BreadcrumbList\",\"@id\":\"https:\/\/www.perihelio.com\/index.php\/pinturas-naturales-tratamientos-madera\/#breadcrumb\",\"itemListElement\":[{\"@type\":\"ListItem\",\"position\":1,\"name\":\"Portada\",\"item\":\"https:\/\/www.perihelio.com\/\"},{\"@type\":\"ListItem\",\"position\":2,\"name\":\"Pinturas naturales y tratamientos para madera\"}]},{\"@type\":\"WebSite\",\"@id\":\"https:\/\/www.perihelio.com\/#website\",\"url\":\"https:\/\/www.perihelio.com\/\",\"name\":\"Perihelio - La Ruta Natural\",\"description\":\"Hogar sano: rehabilitaci\u00f3n energ\u00e9tica, ergonom\u00eda en sillas oficina y camas naturales, bioconstrucci\u00f3n\",\"publisher\":{\"@id\":\"https:\/\/www.perihelio.com\/#organization\"},\"alternateName\":\"Ruta Natural de Chinch\u00f3n\",\"potentialAction\":[{\"@type\":\"SearchAction\",\"target\":{\"@type\":\"EntryPoint\",\"urlTemplate\":\"https:\/\/www.perihelio.com\/?s={search_term_string}\"},\"query-input\":{\"@type\":\"PropertyValueSpecification\",\"valueRequired\":true,\"valueName\":\"search_term_string\"}}],\"inLanguage\":\"es\"},{\"@type\":\"Organization\",\"@id\":\"https:\/\/www.perihelio.com\/#organization\",\"name\":\"Perihelio\",\"alternateName\":\"La Ruta Natural\",\"url\":\"https:\/\/www.perihelio.com\/\",\"logo\":{\"@type\":\"ImageObject\",\"inLanguage\":\"es\",\"@id\":\"https:\/\/www.perihelio.com\/#\/schema\/logo\/image\/\",\"url\":\"https:\/\/www.perihelio.com\/wp-content\/uploads\/2017\/08\/perihelio_com-scaled.jpg\",\"contentUrl\":\"https:\/\/www.perihelio.com\/wp-content\/uploads\/2017\/08\/perihelio_com-scaled.jpg\",\"width\":2560,\"height\":624,\"caption\":\"Perihelio\"},\"image\":{\"@id\":\"https:\/\/www.perihelio.com\/#\/schema\/logo\/image\/\"},\"sameAs\":[\"https:\/\/www.facebook.com\/La-ruta-natural-de-Chinch\u00f3n-847250628644535\/\",\"https:\/\/x.com\/perihelio_com\",\"https:\/\/www.instagram.com\/larutanaturaldechinchon\/?hl=es\",\"https:\/\/www.linkedin.com\/company\/11035942\",\"https:\/\/www.youtube.com\/channel\/UC4_wAeDXx-_AHif9alVX9vA?view_as=subscriber\",\"http:\/\/www.youtube.com\/@larutanaturaldechinchon2084\",\"https:\/\/youtube.com\/@larutanaturaldechinchon2084?si=AHdElw-J_22vIDBK\"]}]}<\/script>\n<!-- \/ Yoast SEO plugin. -->","yoast_head_json":{"title":"Pinturas naturales y tratamientos para madera - Perihelio - La Ruta Natural","robots":{"index":"index","follow":"follow","max-snippet":"max-snippet:-1","max-image-preview":"max-image-preview:large","max-video-preview":"max-video-preview:-1"},"canonical":"https:\/\/www.perihelio.com\/index.php\/pinturas-naturales-tratamientos-madera\/","og_locale":"es_ES","og_type":"article","og_title":"Pinturas naturales y tratamientos para madera - Perihelio - La Ruta Natural","og_description":"[et_pb_section admin_label=\u00bbsection\u00bb][et_pb_row admin_label=\u00bbrow\u00bb][et_pb_column type=\u00bb4_4&#8243;][et_pb_text admin_label=\u00bbTexto\u00bb background_layout=\u00bblight\u00bb text_orientation=\u00bbleft\u00bb use_border_color=\u00bboff\u00bb border_color=\u00bb#ffffff\u00bb border_style=\u00bbsolid\u00bb] Pinturas naturales La pintura de la vivienda es la capa m\u00e1s cercana, y por tanto, en contacto con las personas. Por este motivo, elegir los materiales a utilizar debe hacerse con atenci\u00f3n. Adem\u00e1s de conocer la declaraci\u00f3n completa de materiales, es importante saber su modo [&hellip;]","og_url":"https:\/\/www.perihelio.com\/index.php\/pinturas-naturales-tratamientos-madera\/","og_site_name":"Perihelio - La Ruta Natural","article_publisher":"https:\/\/www.facebook.com\/La-ruta-natural-de-Chinch%c3%b3n-847250628644535\/","article_modified_time":"2020-04-14T16:05:53+00:00","og_image":[{"width":1200,"height":675,"url":"https:\/\/www.perihelio.com\/wp-content\/uploads\/2025\/03\/Logo-ruta_web_white-SEO.jpg","type":"image\/jpeg"}],"twitter_card":"summary_large_image","twitter_site":"@perihelio_com","twitter_misc":{"Tiempo de lectura":"3 minutos"},"schema":{"@context":"https:\/\/schema.org","@graph":[{"@type":"WebPage","@id":"https:\/\/www.perihelio.com\/index.php\/pinturas-naturales-tratamientos-madera\/","url":"https:\/\/www.perihelio.com\/index.php\/pinturas-naturales-tratamientos-madera\/","name":"Pinturas naturales y tratamientos para madera - Perihelio - La Ruta Natural","isPartOf":{"@id":"https:\/\/www.perihelio.com\/#website"},"datePublished":"2020-04-14T14:57:44+00:00","dateModified":"2020-04-14T16:05:53+00:00","breadcrumb":{"@id":"https:\/\/www.perihelio.com\/index.php\/pinturas-naturales-tratamientos-madera\/#breadcrumb"},"inLanguage":"es","potentialAction":[{"@type":"ReadAction","target":["https:\/\/www.perihelio.com\/index.php\/pinturas-naturales-tratamientos-madera\/"]}]},{"@type":"BreadcrumbList","@id":"https:\/\/www.perihelio.com\/index.php\/pinturas-naturales-tratamientos-madera\/#breadcrumb","itemListElement":[{"@type":"ListItem","position":1,"name":"Portada","item":"https:\/\/www.perihelio.com\/"},{"@type":"ListItem","position":2,"name":"Pinturas naturales y tratamientos para madera"}]},{"@type":"WebSite","@id":"https:\/\/www.perihelio.com\/#website","url":"https:\/\/www.perihelio.com\/","name":"Perihelio - La Ruta Natural","description":"Hogar sano: rehabilitaci\u00f3n energ\u00e9tica, ergonom\u00eda en sillas oficina y camas naturales, bioconstrucci\u00f3n","publisher":{"@id":"https:\/\/www.perihelio.com\/#organization"},"alternateName":"Ruta Natural de Chinch\u00f3n","potentialAction":[{"@type":"SearchAction","target":{"@type":"EntryPoint","urlTemplate":"https:\/\/www.perihelio.com\/?s={search_term_string}"},"query-input":{"@type":"PropertyValueSpecification","valueRequired":true,"valueName":"search_term_string"}}],"inLanguage":"es"},{"@type":"Organization","@id":"https:\/\/www.perihelio.com\/#organization","name":"Perihelio","alternateName":"La Ruta Natural","url":"https:\/\/www.perihelio.com\/","logo":{"@type":"ImageObject","inLanguage":"es","@id":"https:\/\/www.perihelio.com\/#\/schema\/logo\/image\/","url":"https:\/\/www.perihelio.com\/wp-content\/uploads\/2017\/08\/perihelio_com-scaled.jpg","contentUrl":"https:\/\/www.perihelio.com\/wp-content\/uploads\/2017\/08\/perihelio_com-scaled.jpg","width":2560,"height":624,"caption":"Perihelio"},"image":{"@id":"https:\/\/www.perihelio.com\/#\/schema\/logo\/image\/"},"sameAs":["https:\/\/www.facebook.com\/La-ruta-natural-de-Chinch\u00f3n-847250628644535\/","https:\/\/x.com\/perihelio_com","https:\/\/www.instagram.com\/larutanaturaldechinchon\/?hl=es","https:\/\/www.linkedin.com\/company\/11035942","https:\/\/www.youtube.com\/channel\/UC4_wAeDXx-_AHif9alVX9vA?view_as=subscriber","http:\/\/www.youtube.com\/@larutanaturaldechinchon2084","https:\/\/youtube.com\/@larutanaturaldechinchon2084?si=AHdElw-J_22vIDBK"]}]}},"jetpack_sharing_enabled":true,"_links":{"self":[{"href":"https:\/\/www.perihelio.com\/index.php\/wp-json\/wp\/v2\/pages\/2919","targetHints":{"allow":["GET"]}}],"collection":[{"href":"https:\/\/www.perihelio.com\/index.php\/wp-json\/wp\/v2\/pages"}],"about":[{"href":"https:\/\/www.perihelio.com\/index.php\/wp-json\/wp\/v2\/types\/page"}],"author":[{"embeddable":true,"href":"https:\/\/www.perihelio.com\/index.php\/wp-json\/wp\/v2\/users\/2"}],"replies":[{"embeddable":true,"href":"https:\/\/www.perihelio.com\/index.php\/wp-json\/wp\/v2\/comments?post=2919"}],"version-history":[{"count":9,"href":"https:\/\/www.perihelio.com\/index.php\/wp-json\/wp\/v2\/pages\/2919\/revisions"}],"predecessor-version":[{"id":3935,"href":"https:\/\/www.perihelio.com\/index.php\/wp-json\/wp\/v2\/pages\/2919\/revisions\/3935"}],"wp:attachment":[{"href":"https:\/\/www.perihelio.com\/index.php\/wp-json\/wp\/v2\/media?parent=2919"}],"curies":[{"name":"wp","href":"https:\/\/api.w.org\/{rel}","templated":true}]}}