{"id":2770,"date":"2019-12-06T10:28:59","date_gmt":"2019-12-06T10:28:59","guid":{"rendered":"https:\/\/www.perihelio.com\/?page_id=2770"},"modified":"2025-05-11T16:51:02","modified_gmt":"2025-05-11T16:51:02","slug":"larutanatural","status":"publish","type":"page","link":"https:\/\/www.perihelio.com\/index.php\/larutanatural\/","title":{"rendered":"LARUTANATURAL"},"content":{"rendered":"<p>[et_pb_section fb_built=\u00bb1&#8243; admin_label=\u00bbsection\u00bb _builder_version=\u00bb3.22&#8243;][et_pb_row _builder_version=\u00bb4.6.6&#8243; _module_preset=\u00bbdefault\u00bb][et_pb_column type=\u00bb4_4&#8243; _builder_version=\u00bb4.6.6&#8243; _module_preset=\u00bbdefault\u00bb][et_pb_image src=\u00bbhttps:\/\/www.perihelio.com\/wp-content\/uploads\/2020\/05\/logo-LRN-hogar-sano-encina-1.png\u00bb url=\u00bbhttps:\/\/www.perihelio.com\/index.php\/larutanatural\/\u00bb align=\u00bbcenter\u00bb force_fullwidth=\u00bbon\u00bb align_tablet=\u00bbcenter\u00bb align_phone=\u00bb\u00bb align_last_edited=\u00bbon|desktop\u00bb admin_label=\u00bbImagen\u00bb _builder_version=\u00bb4.7.4&#8243; hover_enabled=\u00bb0&#8243; use_border_color=\u00bboff\u00bb border_color=\u00bb#ffffff\u00bb border_style=\u00bbsolid\u00bb animation=\u00bboff\u00bb sticky=\u00bboff\u00bb always_center_on_mobile=\u00bbon\u00bb custom_margin=\u00bb-77px||-29px||false|false\u00bb sticky_enabled=\u00bb0&#8243; show_bottom_space_last_edited=\u00bbon|phone\u00bb]&nbsp;<br \/>\n[\/et_pb_image][\/et_pb_column][\/et_pb_row][et_pb_row column_structure=\u00bb1_3,2_3&#8243; admin_label=\u00bbrow\u00bb _builder_version=\u00bb3.25&#8243; background_size=\u00bbinitial\u00bb background_position=\u00bbtop_left\u00bb background_repeat=\u00bbrepeat\u00bb][et_pb_column type=\u00bb1_3&#8243; _builder_version=\u00bb3.25&#8243; custom_padding=\u00bb|||\u00bb custom_padding__hover=\u00bb|||\u00bb][et_pb_text admin_label=\u00bbTexto\u00bb _builder_version=\u00bb3.27.4&#8243; background_size=\u00bbinitial\u00bb background_position=\u00bbtop_left\u00bb background_repeat=\u00bbrepeat\u00bb use_border_color=\u00bboff\u00bb border_color=\u00bb#ffffff\u00bb border_style=\u00bbsolid\u00bb]<\/p>\n<h4><span style=\"color: #000000; font-size: large;\">Punto de reuni\u00f3n e informaci\u00f3n<\/span><\/h4>\n<p style=\"text-align: justify;\"><span style=\"font-size: x-large;\">La Ruta Natural es nuestra tienda y exposici\u00f3n situada en Chinch\u00f3n, un pueblo al sureste de Madrid en la comarca de las Vegas. Es muy reconocido por su especial plaza, los ajos y el an\u00eds. Una visita obligada para las personas interesadas en la historia y arquitectura popular.<\/span><\/p>\n<p style=\"text-align: justify;\"><span style=\"font-size: x-large;\">Con estas im\u00e1genes y descripciones puedes hacerte una idea aproximada de qui\u00e9n somos y c\u00f3mo vivimos. <\/span><\/p>\n<p style=\"text-align: justify;\"><span style=\"font-size: x-large;\">Te invitamos a concertar una cita para ver la tienda, <strong><a href=\"https:\/\/www.perihelio.com\/index.php\/contacto\/\">contarnos tu proyecto<\/a><\/strong> y probar las sillas\u00a0<strong><a href=\"https:\/\/www.perihelio.com\/index.php\/sillas-activas-aeris-espana\/\">Aeris<\/a><\/strong>,\u00a0la cama natural <a href=\"https:\/\/www.perihelio.com\/index.php\/dormo-novo-freisitz\/\"><strong>Dormo Novo<\/strong>,<\/a>\u00a0o tambi\u00e9n ver los <strong><a href=\"https:\/\/www.perihelio.com\/index.php\/cocina-solar\/\">artilugios solares<\/a><\/strong>\u00a0en acci\u00f3n y las herramientas para cocinar con el <strong><a href=\"https:\/\/www.perihelio.com\/index.php\/petromax-cocina-exterior\/\">fuego<\/a><\/strong>.<\/span><\/p>\n<p>[\/et_pb_text][\/et_pb_column][et_pb_column type=\u00bb2_3&#8243; _builder_version=\u00bb3.25&#8243; custom_padding=\u00bb|||\u00bb custom_padding__hover=\u00bb|||\u00bb][et_pb_image src=\u00bbhttps:\/\/www.perihelio.com\/wp-content\/uploads\/2018\/05\/6A56A2BF-19A5-4DA4-B27E-C6ED92C74F78.jpeg\u00bb align_tablet=\u00bbcenter\u00bb align_phone=\u00bb\u00bb align_last_edited=\u00bbon|desktop\u00bb admin_label=\u00bbImagen\u00bb _builder_version=\u00bb3.23&#8243; use_border_color=\u00bboff\u00bb border_color=\u00bb#ffffff\u00bb border_style=\u00bbsolid\u00bb animation=\u00bboff\u00bb sticky=\u00bboff\u00bb always_center_on_mobile=\u00bbon\u00bb]&nbsp;<br \/>\n[\/et_pb_image][\/et_pb_column][\/et_pb_row][et_pb_row column_structure=\u00bb1_2,1_2&#8243; admin_label=\u00bbrow\u00bb _builder_version=\u00bb3.25&#8243; background_size=\u00bbinitial\u00bb background_position=\u00bbtop_left\u00bb background_repeat=\u00bbrepeat\u00bb][et_pb_column type=\u00bb1_2&#8243; _builder_version=\u00bb3.25&#8243; custom_padding=\u00bb|||\u00bb custom_padding__hover=\u00bb|||\u00bb][et_pb_image src=\u00bbhttps:\/\/www.perihelio.com\/wp-content\/uploads\/2018\/05\/8DBBDF80-B840-4833-8F71-0006FA9F833C.jpeg\u00bb align_tablet=\u00bbcenter\u00bb align_phone=\u00bb\u00bb align_last_edited=\u00bbon|desktop\u00bb admin_label=\u00bbImagen\u00bb _builder_version=\u00bb3.23&#8243; use_border_color=\u00bboff\u00bb border_color=\u00bb#ffffff\u00bb border_style=\u00bbsolid\u00bb animation=\u00bboff\u00bb sticky=\u00bboff\u00bb always_center_on_mobile=\u00bbon\u00bb]&nbsp;<br \/>\n[\/et_pb_image][\/et_pb_column][et_pb_column type=\u00bb1_2&#8243; _builder_version=\u00bb3.25&#8243; custom_padding=\u00bb|||\u00bb custom_padding__hover=\u00bb|||\u00bb][et_pb_image src=\u00bbhttps:\/\/www.perihelio.com\/wp-content\/uploads\/2017\/08\/IMG_4344.jpg\u00bb align_tablet=\u00bbcenter\u00bb align_phone=\u00bb\u00bb align_last_edited=\u00bbon|desktop\u00bb admin_label=\u00bbImagen\u00bb _builder_version=\u00bb3.23&#8243; use_border_color=\u00bboff\u00bb border_color=\u00bb#ffffff\u00bb border_style=\u00bbsolid\u00bb animation=\u00bboff\u00bb sticky=\u00bboff\u00bb always_center_on_mobile=\u00bbon\u00bb]&nbsp;<br \/>\n[\/et_pb_image][\/et_pb_column][\/et_pb_row][et_pb_row admin_label=\u00bbrow\u00bb _builder_version=\u00bb3.25&#8243; background_size=\u00bbinitial\u00bb background_position=\u00bbtop_left\u00bb background_repeat=\u00bbrepeat\u00bb][et_pb_column type=\u00bb4_4&#8243; _builder_version=\u00bb3.25&#8243; custom_padding=\u00bb|||\u00bb custom_padding__hover=\u00bb|||\u00bb][et_pb_text admin_label=\u00bbTexto\u00bb _builder_version=\u00bb3.27.4&#8243; background_size=\u00bbinitial\u00bb background_position=\u00bbtop_left\u00bb background_repeat=\u00bbrepeat\u00bb use_border_color=\u00bboff\u00bb border_color=\u00bb#ffffff\u00bb border_style=\u00bbsolid\u00bb]<\/p>\n<h4><span style=\"color: #000000; font-size: large;\">\u00a0Bioconstrucci\u00f3n<\/span><\/h4>\n<p style=\"text-align: justify;\"><span style=\"font-size: x-large;\">La <span style=\"color: #000000;\"><a href=\"https:\/\/www.perihelio.com\/index.php\/rehabilitacion-energetica\/\" style=\"color: #000000;\">rehabilitaci\u00f3n energ\u00e9tica<\/a><\/span> de este local la realizamos nosotros mismos usando <span style=\"color: #000000;\"><a href=\"https:\/\/www.perihelio.com\/index.php\/bioconstruccion\/\" style=\"color: #000000;\">materiales locales<\/a><\/span>. Principalmente usamos tierra del \u00abHoyo del Tio Isidro\u00bb (lugar conocido por los aut\u00f3ctonos), tambi\u00e9n utilizamos otros productos naturales y artesanos como la cal, yeso, fibras, ca\u00f1as o <strong><a href=\"https:\/\/www.perihelio.com\/index.php\/pinturas-naturales-tratamientos-madera\/\">pinturas minerales<\/a><\/strong>. En las paredes se pueden contemplar diferentes acabados como estucos de cal y tierra, tambi\u00e9n revestimientos aislantes gruesos. El techo es una gran c\u00fapula irregular de tierra, la cual aporta un peculiar aspecto de cueva y mucha calidez. Adem\u00e1s de los materiales aplicados, disponemos de multitud de muestras de nuestros proveedores de confianza para ver y tocar.<\/span><\/p>\n<p style=\"text-align: left;\"><span style=\"font-size: x-large;\">La tienda es autosuficiente energ\u00e9ticamente, cre\u00edamos importante dar ejemplo e instalamos un sencillo sistema <span style=\"color: #000000;\"><a href=\"https:\/\/www.perihelio.com\/index.php\/energia-solar\/\" style=\"color: #000000;\">fotovoltaico<\/a><\/span> aut\u00f3nomo, el cual nos permite mantenernos desconectados de la red. <\/span><\/p>\n<p style=\"text-align: justify;\"><span style=\"font-size: x-large;\">En esta entrada del<strong> <a href=\"https:\/\/www.perihelio.com\/index.php\/2020\/12\/02\/rehabilitacion-de-la-tienda-la-ruta-natural\/\">blog<\/a><\/strong> os contamos m\u00e1s detalladamente c\u00f3mo fue la rehabilitaci\u00f3n<\/span><\/p>\n<p><span style=\"font-size: x-large;\"><\/span><\/p>\n<p>[\/et_pb_text][\/et_pb_column][\/et_pb_row][et_pb_row column_structure=\u00bb1_2,1_2&#8243; admin_label=\u00bbrow\u00bb _builder_version=\u00bb3.25&#8243; background_size=\u00bbinitial\u00bb background_position=\u00bbtop_left\u00bb background_repeat=\u00bbrepeat\u00bb][et_pb_column type=\u00bb1_2&#8243; _builder_version=\u00bb3.25&#8243; custom_padding=\u00bb|||\u00bb custom_padding__hover=\u00bb|||\u00bb][et_pb_image src=\u00bbhttps:\/\/www.perihelio.com\/wp-content\/uploads\/2019\/07\/NBEI5872.jpg\u00bb align_tablet=\u00bbcenter\u00bb align_phone=\u00bb\u00bb align_last_edited=\u00bbon|desktop\u00bb admin_label=\u00bbImagen\u00bb _builder_version=\u00bb3.23&#8243; use_border_color=\u00bboff\u00bb border_color=\u00bb#ffffff\u00bb border_style=\u00bbsolid\u00bb animation=\u00bboff\u00bb sticky=\u00bboff\u00bb always_center_on_mobile=\u00bbon\u00bb]&nbsp;<br \/>\n[\/et_pb_image][\/et_pb_column][et_pb_column type=\u00bb1_2&#8243; _builder_version=\u00bb3.25&#8243; custom_padding=\u00bb|||\u00bb custom_padding__hover=\u00bb|||\u00bb][et_pb_image src=\u00bbhttps:\/\/www.perihelio.com\/wp-content\/uploads\/2019\/07\/HBXD0240.jpg\u00bb align_tablet=\u00bbcenter\u00bb align_phone=\u00bb\u00bb align_last_edited=\u00bbon|desktop\u00bb admin_label=\u00bbImagen\u00bb _builder_version=\u00bb3.23&#8243; use_border_color=\u00bboff\u00bb border_color=\u00bb#ffffff\u00bb border_style=\u00bbsolid\u00bb animation=\u00bboff\u00bb sticky=\u00bboff\u00bb always_center_on_mobile=\u00bbon\u00bb]&nbsp;<br \/>\n[\/et_pb_image][\/et_pb_column][\/et_pb_row][et_pb_row admin_label=\u00bbrow\u00bb _builder_version=\u00bb3.25&#8243; background_size=\u00bbinitial\u00bb background_position=\u00bbtop_left\u00bb background_repeat=\u00bbrepeat\u00bb][et_pb_column type=\u00bb4_4&#8243; _builder_version=\u00bb3.25&#8243; custom_padding=\u00bb|||\u00bb custom_padding__hover=\u00bb|||\u00bb][et_pb_text admin_label=\u00bbTexto\u00bb _builder_version=\u00bb4.7.4&#8243; background_size=\u00bbinitial\u00bb background_position=\u00bbtop_left\u00bb background_repeat=\u00bbrepeat\u00bb use_border_color=\u00bboff\u00bb border_color=\u00bb#ffffff\u00bb border_style=\u00bbsolid\u00bb]<\/p>\n<h4><span style=\"font-size: large; color: #000000;\"><strong>Cocinar con el sol y el fuego<\/strong><\/span><\/h4>\n<p style=\"text-align: justify;\"><span style=\"font-size: x-large;\">Las cocinas, hornos y <a href=\"https:\/\/www.perihelio.com\/index.php\/cocina-solar\/\"><strong>artilugios solares<\/strong><\/a> son el gran atractivo del jard\u00edn. Cientos de personas se acercan a comprobar incr\u00e9dulos que el agua pueda hervir con el sol, pero s\u00ed. Tambi\u00e9n disponemos de pr\u00e1cticas y seguras herramientas para cocinar al aire libre con <strong><a href=\"https:\/\/www.perihelio.com\/index.php\/petromax-cocina-exterior\/\">fuego<\/a><\/strong>. Incluso ollas y sartenes de alta durabilidad y saludables.<\/span><\/p>\n<h4><span style=\"color: #000000; font-size: large;\">Ergonom\u00eda<\/span><\/h4>\n<p style=\"text-align: justify;\"><span style=\"font-size: x-large;\">Otro motivo m\u00e1s para visitarnos es poder probar las sillas activas <a href=\"https:\/\/www.perihelio.com\/index.php\/sillas-aeris\/\"><strong>Aeris<\/strong><\/a> y la cama <strong><a href=\"https:\/\/www.perihelio.com\/index.php\/dormo-novo-freisitz\/\">Dormo Novo<\/a><\/strong>, all\u00ed podemos tomarnos el tiempo necesario para asesorarte y ajustar los diferentes modelos a tu f\u00edsico y actividad a realizar.<\/span><\/p>\n<h4><span style=\"color: #000000; font-size: large;\">Comederos de aves<\/span><\/h4>\n<p style=\"text-align: justify;\"><span style=\"font-size: x-large;\">Somos distribuidores de Garden Birds y disponemos de diversos modelos de comederos de aves para colocar en el exterior. Con ellos podemos atraer a diferentes especies de aves para observarlas a trav\u00e9s de una ventana y adem\u00e1s ayudarlas con la alimentaci\u00f3n en sus viajes migratorios.<\/span><\/p>\n<h4><span style=\"color: #000000; font-size: large;\">Rutas por la naturaleza<\/span><\/h4>\n<p style=\"text-align: justify;\"><span style=\"font-size: x-large;\">Ponte en contacto con nosotros y ven a visitar Chinch\u00f3n y La Ruta Natural, si sois un grupo podemos ofreceros una de las rutas que preparamos por el pueblo y sobre todo por el entorno natural.<\/span><\/p>\n<p><strong><span style=\"font-size: x-large; color: #ff9900;\">LarutaNatural<\/span><\/strong><br \/><span style=\"font-size: x-large;\">Calle de los Huertos, 28 &#8211; local 5<\/span><br \/><span style=\"font-size: x-large;\">28370 Chinch\u00f3n (Madrid)<\/span><\/p>\n<p>[\/et_pb_text][\/et_pb_column][\/et_pb_row][et_pb_row column_structure=\u00bb1_2,1_2&#8243; admin_label=\u00bbrow\u00bb _builder_version=\u00bb3.25&#8243; background_size=\u00bbinitial\u00bb background_position=\u00bbtop_left\u00bb background_repeat=\u00bbrepeat\u00bb][et_pb_column type=\u00bb1_2&#8243; _builder_version=\u00bb3.25&#8243; custom_padding=\u00bb|||\u00bb custom_padding__hover=\u00bb|||\u00bb][et_pb_image src=\u00bbhttps:\/\/www.perihelio.com\/wp-content\/uploads\/2017\/09\/estante-tienda-LARUTANATURAL.jpg\u00bb align_tablet=\u00bbcenter\u00bb align_phone=\u00bb\u00bb align_last_edited=\u00bbon|desktop\u00bb admin_label=\u00bbImagen\u00bb _builder_version=\u00bb3.23&#8243; use_border_color=\u00bboff\u00bb border_color=\u00bb#ffffff\u00bb border_style=\u00bbsolid\u00bb animation=\u00bboff\u00bb sticky=\u00bboff\u00bb always_center_on_mobile=\u00bbon\u00bb]&nbsp;<br \/>\n[\/et_pb_image][\/et_pb_column][et_pb_column type=\u00bb1_2&#8243; _builder_version=\u00bb3.25&#8243; custom_padding=\u00bb|||\u00bb custom_padding__hover=\u00bb|||\u00bb][et_pb_image src=\u00bbhttps:\/\/www.perihelio.com\/wp-content\/uploads\/2016\/09\/P1130779.jpg\u00bb align_tablet=\u00bbcenter\u00bb align_phone=\u00bb\u00bb align_last_edited=\u00bbon|desktop\u00bb admin_label=\u00bbImagen\u00bb _builder_version=\u00bb3.23&#8243; use_border_color=\u00bboff\u00bb border_color=\u00bb#ffffff\u00bb border_style=\u00bbsolid\u00bb animation=\u00bboff\u00bb sticky=\u00bboff\u00bb always_center_on_mobile=\u00bbon\u00bb]&nbsp;<br \/>\n[\/et_pb_image][\/et_pb_column][\/et_pb_row][\/et_pb_section]<\/p>\n","protected":false},"excerpt":{"rendered":"<p>[et_pb_section fb_built=\u00bb1&#8243; admin_label=\u00bbsection\u00bb _builder_version=\u00bb3.22&#8243;][et_pb_row _builder_version=\u00bb4.6.6&#8243; _module_preset=\u00bbdefault\u00bb][et_pb_column type=\u00bb4_4&#8243; _builder_version=\u00bb4.6.6&#8243; _module_preset=\u00bbdefault\u00bb][et_pb_image src=\u00bbhttps:\/\/www.perihelio.com\/wp-content\/uploads\/2020\/05\/logo-LRN-hogar-sano-encina-1.png\u00bb url=\u00bbhttps:\/\/www.perihelio.com\/index.php\/larutanatural\/\u00bb align=\u00bbcenter\u00bb force_fullwidth=\u00bbon\u00bb align_tablet=\u00bbcenter\u00bb align_phone=\u00bb\u00bb align_last_edited=\u00bbon|desktop\u00bb admin_label=\u00bbImagen\u00bb _builder_version=\u00bb4.7.4&#8243; hover_enabled=\u00bb0&#8243; use_border_color=\u00bboff\u00bb border_color=\u00bb#ffffff\u00bb border_style=\u00bbsolid\u00bb animation=\u00bboff\u00bb sticky=\u00bboff\u00bb always_center_on_mobile=\u00bbon\u00bb custom_margin=\u00bb-77px||-29px||false|false\u00bb sticky_enabled=\u00bb0&#8243; show_bottom_space_last_edited=\u00bbon|phone\u00bb]&nbsp; [\/et_pb_image][\/et_pb_column][\/et_pb_row][et_pb_row column_structure=\u00bb1_3,2_3&#8243; admin_label=\u00bbrow\u00bb _builder_version=\u00bb3.25&#8243; background_size=\u00bbinitial\u00bb background_position=\u00bbtop_left\u00bb background_repeat=\u00bbrepeat\u00bb][et_pb_column type=\u00bb1_3&#8243; _builder_version=\u00bb3.25&#8243; custom_padding=\u00bb|||\u00bb custom_padding__hover=\u00bb|||\u00bb][et_pb_text admin_label=\u00bbTexto\u00bb _builder_version=\u00bb3.27.4&#8243; background_size=\u00bbinitial\u00bb background_position=\u00bbtop_left\u00bb background_repeat=\u00bbrepeat\u00bb use_border_color=\u00bboff\u00bb border_color=\u00bb#ffffff\u00bb border_style=\u00bbsolid\u00bb] Punto de reuni\u00f3n e informaci\u00f3n La Ruta Natural [&hellip;]<\/p>\n","protected":false},"author":2,"featured_media":0,"parent":0,"menu_order":0,"comment_status":"closed","ping_status":"closed","template":"","meta":{"_et_pb_use_builder":"on","_et_pb_old_content":"","_et_gb_content_width":"","_joinchat":[],"footnotes":""},"class_list":["post-2770","page","type-page","status-publish","hentry"],"yoast_head":"<!-- This site is optimized with the Yoast SEO plugin v26.8 - https:\/\/yoast.com\/product\/yoast-seo-wordpress\/ -->\n<title>LARUTANATURAL - Perihelio - La Ruta Natural<\/title>\n<meta name=\"description\" content=\"La Ruta Natural es una tienda y exposici\u00f3n de materiales naturales, energ\u00eda solar, utensilios para cocinar. Sillas Aeris y cama Dormo Novo.\" \/>\n<meta name=\"robots\" content=\"index, follow, max-snippet:-1, max-image-preview:large, max-video-preview:-1\" \/>\n<link rel=\"canonical\" href=\"https:\/\/www.perihelio.com\/index.php\/larutanatural\/\" \/>\n<meta property=\"og:locale\" content=\"es_ES\" \/>\n<meta property=\"og:type\" content=\"article\" \/>\n<meta property=\"og:title\" content=\"LARUTANATURAL - Perihelio - La Ruta Natural\" \/>\n<meta property=\"og:description\" content=\"La Ruta Natural es una tienda y exposici\u00f3n de materiales naturales, energ\u00eda solar, utensilios para cocinar. Sillas Aeris y cama Dormo Novo.\" \/>\n<meta property=\"og:url\" content=\"https:\/\/www.perihelio.com\/index.php\/larutanatural\/\" \/>\n<meta property=\"og:site_name\" content=\"Perihelio - La Ruta Natural\" \/>\n<meta property=\"article:publisher\" content=\"https:\/\/www.facebook.com\/La-ruta-natural-de-Chinch%c3%b3n-847250628644535\/\" \/>\n<meta property=\"article:modified_time\" content=\"2025-05-11T16:51:02+00:00\" \/>\n<meta property=\"og:image\" content=\"https:\/\/www.perihelio.com\/wp-content\/uploads\/2025\/03\/Logo-ruta_web_white-SEO.jpg\" \/>\n\t<meta property=\"og:image:width\" content=\"1200\" \/>\n\t<meta property=\"og:image:height\" content=\"675\" \/>\n\t<meta property=\"og:image:type\" content=\"image\/jpeg\" \/>\n<meta name=\"twitter:card\" content=\"summary_large_image\" \/>\n<meta name=\"twitter:site\" content=\"@perihelio_com\" \/>\n<meta name=\"twitter:label1\" content=\"Tiempo de lectura\" \/>\n\t<meta name=\"twitter:data1\" content=\"7 minutos\" \/>\n<script type=\"application\/ld+json\" class=\"yoast-schema-graph\">{\"@context\":\"https:\/\/schema.org\",\"@graph\":[{\"@type\":\"WebPage\",\"@id\":\"https:\/\/www.perihelio.com\/index.php\/larutanatural\/\",\"url\":\"https:\/\/www.perihelio.com\/index.php\/larutanatural\/\",\"name\":\"LARUTANATURAL - Perihelio - La Ruta Natural\",\"isPartOf\":{\"@id\":\"https:\/\/www.perihelio.com\/#website\"},\"datePublished\":\"2019-12-06T10:28:59+00:00\",\"dateModified\":\"2025-05-11T16:51:02+00:00\",\"description\":\"La Ruta Natural es una tienda y exposici\u00f3n de materiales naturales, energ\u00eda solar, utensilios para cocinar. Sillas Aeris y cama Dormo Novo.\",\"breadcrumb\":{\"@id\":\"https:\/\/www.perihelio.com\/index.php\/larutanatural\/#breadcrumb\"},\"inLanguage\":\"es\",\"potentialAction\":[{\"@type\":\"ReadAction\",\"target\":[\"https:\/\/www.perihelio.com\/index.php\/larutanatural\/\"]}]},{\"@type\":\"BreadcrumbList\",\"@id\":\"https:\/\/www.perihelio.com\/index.php\/larutanatural\/#breadcrumb\",\"itemListElement\":[{\"@type\":\"ListItem\",\"position\":1,\"name\":\"Portada\",\"item\":\"https:\/\/www.perihelio.com\/\"},{\"@type\":\"ListItem\",\"position\":2,\"name\":\"LARUTANATURAL\"}]},{\"@type\":\"WebSite\",\"@id\":\"https:\/\/www.perihelio.com\/#website\",\"url\":\"https:\/\/www.perihelio.com\/\",\"name\":\"Perihelio - La Ruta Natural\",\"description\":\"Hogar sano: rehabilitaci\u00f3n energ\u00e9tica, ergonom\u00eda en sillas oficina y camas naturales, bioconstrucci\u00f3n\",\"publisher\":{\"@id\":\"https:\/\/www.perihelio.com\/#organization\"},\"alternateName\":\"Ruta Natural de Chinch\u00f3n\",\"potentialAction\":[{\"@type\":\"SearchAction\",\"target\":{\"@type\":\"EntryPoint\",\"urlTemplate\":\"https:\/\/www.perihelio.com\/?s={search_term_string}\"},\"query-input\":{\"@type\":\"PropertyValueSpecification\",\"valueRequired\":true,\"valueName\":\"search_term_string\"}}],\"inLanguage\":\"es\"},{\"@type\":\"Organization\",\"@id\":\"https:\/\/www.perihelio.com\/#organization\",\"name\":\"Perihelio\",\"alternateName\":\"La Ruta Natural\",\"url\":\"https:\/\/www.perihelio.com\/\",\"logo\":{\"@type\":\"ImageObject\",\"inLanguage\":\"es\",\"@id\":\"https:\/\/www.perihelio.com\/#\/schema\/logo\/image\/\",\"url\":\"https:\/\/www.perihelio.com\/wp-content\/uploads\/2017\/08\/perihelio_com-scaled.jpg\",\"contentUrl\":\"https:\/\/www.perihelio.com\/wp-content\/uploads\/2017\/08\/perihelio_com-scaled.jpg\",\"width\":2560,\"height\":624,\"caption\":\"Perihelio\"},\"image\":{\"@id\":\"https:\/\/www.perihelio.com\/#\/schema\/logo\/image\/\"},\"sameAs\":[\"https:\/\/www.facebook.com\/La-ruta-natural-de-Chinch\u00f3n-847250628644535\/\",\"https:\/\/x.com\/perihelio_com\",\"https:\/\/www.instagram.com\/larutanaturaldechinchon\/?hl=es\",\"https:\/\/www.linkedin.com\/company\/11035942\",\"https:\/\/www.youtube.com\/channel\/UC4_wAeDXx-_AHif9alVX9vA?view_as=subscriber\",\"http:\/\/www.youtube.com\/@larutanaturaldechinchon2084\",\"https:\/\/youtube.com\/@larutanaturaldechinchon2084?si=AHdElw-J_22vIDBK\"]}]}<\/script>\n<!-- \/ Yoast SEO plugin. -->","yoast_head_json":{"title":"LARUTANATURAL - Perihelio - La Ruta Natural","description":"La Ruta Natural es una tienda y exposici\u00f3n de materiales naturales, energ\u00eda solar, utensilios para cocinar. Sillas Aeris y cama Dormo Novo.","robots":{"index":"index","follow":"follow","max-snippet":"max-snippet:-1","max-image-preview":"max-image-preview:large","max-video-preview":"max-video-preview:-1"},"canonical":"https:\/\/www.perihelio.com\/index.php\/larutanatural\/","og_locale":"es_ES","og_type":"article","og_title":"LARUTANATURAL - Perihelio - La Ruta Natural","og_description":"La Ruta Natural es una tienda y exposici\u00f3n de materiales naturales, energ\u00eda solar, utensilios para cocinar. Sillas Aeris y cama Dormo Novo.","og_url":"https:\/\/www.perihelio.com\/index.php\/larutanatural\/","og_site_name":"Perihelio - La Ruta Natural","article_publisher":"https:\/\/www.facebook.com\/La-ruta-natural-de-Chinch%c3%b3n-847250628644535\/","article_modified_time":"2025-05-11T16:51:02+00:00","og_image":[{"width":1200,"height":675,"url":"https:\/\/www.perihelio.com\/wp-content\/uploads\/2025\/03\/Logo-ruta_web_white-SEO.jpg","type":"image\/jpeg"}],"twitter_card":"summary_large_image","twitter_site":"@perihelio_com","twitter_misc":{"Tiempo de lectura":"7 minutos"},"schema":{"@context":"https:\/\/schema.org","@graph":[{"@type":"WebPage","@id":"https:\/\/www.perihelio.com\/index.php\/larutanatural\/","url":"https:\/\/www.perihelio.com\/index.php\/larutanatural\/","name":"LARUTANATURAL - Perihelio - La Ruta Natural","isPartOf":{"@id":"https:\/\/www.perihelio.com\/#website"},"datePublished":"2019-12-06T10:28:59+00:00","dateModified":"2025-05-11T16:51:02+00:00","description":"La Ruta Natural es una tienda y exposici\u00f3n de materiales naturales, energ\u00eda solar, utensilios para cocinar. Sillas Aeris y cama Dormo Novo.","breadcrumb":{"@id":"https:\/\/www.perihelio.com\/index.php\/larutanatural\/#breadcrumb"},"inLanguage":"es","potentialAction":[{"@type":"ReadAction","target":["https:\/\/www.perihelio.com\/index.php\/larutanatural\/"]}]},{"@type":"BreadcrumbList","@id":"https:\/\/www.perihelio.com\/index.php\/larutanatural\/#breadcrumb","itemListElement":[{"@type":"ListItem","position":1,"name":"Portada","item":"https:\/\/www.perihelio.com\/"},{"@type":"ListItem","position":2,"name":"LARUTANATURAL"}]},{"@type":"WebSite","@id":"https:\/\/www.perihelio.com\/#website","url":"https:\/\/www.perihelio.com\/","name":"Perihelio - La Ruta Natural","description":"Hogar sano: rehabilitaci\u00f3n energ\u00e9tica, ergonom\u00eda en sillas oficina y camas naturales, bioconstrucci\u00f3n","publisher":{"@id":"https:\/\/www.perihelio.com\/#organization"},"alternateName":"Ruta Natural de Chinch\u00f3n","potentialAction":[{"@type":"SearchAction","target":{"@type":"EntryPoint","urlTemplate":"https:\/\/www.perihelio.com\/?s={search_term_string}"},"query-input":{"@type":"PropertyValueSpecification","valueRequired":true,"valueName":"search_term_string"}}],"inLanguage":"es"},{"@type":"Organization","@id":"https:\/\/www.perihelio.com\/#organization","name":"Perihelio","alternateName":"La Ruta Natural","url":"https:\/\/www.perihelio.com\/","logo":{"@type":"ImageObject","inLanguage":"es","@id":"https:\/\/www.perihelio.com\/#\/schema\/logo\/image\/","url":"https:\/\/www.perihelio.com\/wp-content\/uploads\/2017\/08\/perihelio_com-scaled.jpg","contentUrl":"https:\/\/www.perihelio.com\/wp-content\/uploads\/2017\/08\/perihelio_com-scaled.jpg","width":2560,"height":624,"caption":"Perihelio"},"image":{"@id":"https:\/\/www.perihelio.com\/#\/schema\/logo\/image\/"},"sameAs":["https:\/\/www.facebook.com\/La-ruta-natural-de-Chinch\u00f3n-847250628644535\/","https:\/\/x.com\/perihelio_com","https:\/\/www.instagram.com\/larutanaturaldechinchon\/?hl=es","https:\/\/www.linkedin.com\/company\/11035942","https:\/\/www.youtube.com\/channel\/UC4_wAeDXx-_AHif9alVX9vA?view_as=subscriber","http:\/\/www.youtube.com\/@larutanaturaldechinchon2084","https:\/\/youtube.com\/@larutanaturaldechinchon2084?si=AHdElw-J_22vIDBK"]}]}},"jetpack_sharing_enabled":true,"_links":{"self":[{"href":"https:\/\/www.perihelio.com\/index.php\/wp-json\/wp\/v2\/pages\/2770","targetHints":{"allow":["GET"]}}],"collection":[{"href":"https:\/\/www.perihelio.com\/index.php\/wp-json\/wp\/v2\/pages"}],"about":[{"href":"https:\/\/www.perihelio.com\/index.php\/wp-json\/wp\/v2\/types\/page"}],"author":[{"embeddable":true,"href":"https:\/\/www.perihelio.com\/index.php\/wp-json\/wp\/v2\/users\/2"}],"replies":[{"embeddable":true,"href":"https:\/\/www.perihelio.com\/index.php\/wp-json\/wp\/v2\/comments?post=2770"}],"version-history":[{"count":30,"href":"https:\/\/www.perihelio.com\/index.php\/wp-json\/wp\/v2\/pages\/2770\/revisions"}],"predecessor-version":[{"id":4208,"href":"https:\/\/www.perihelio.com\/index.php\/wp-json\/wp\/v2\/pages\/2770\/revisions\/4208"}],"wp:attachment":[{"href":"https:\/\/www.perihelio.com\/index.php\/wp-json\/wp\/v2\/media?parent=2770"}],"curies":[{"name":"wp","href":"https:\/\/api.w.org\/{rel}","templated":true}]}}