{"id":2087,"date":"2018-06-26T11:57:08","date_gmt":"2018-06-26T11:57:08","guid":{"rendered":"http:\/\/www.perihelio.com\/?page_id=2087"},"modified":"2020-06-16T09:50:51","modified_gmt":"2020-06-16T09:50:51","slug":"pino-suizo","status":"publish","type":"page","link":"https:\/\/www.perihelio.com\/index.php\/pino-suizo\/","title":{"rendered":"Pino Suizo"},"content":{"rendered":"<p>[et_pb_section admin_label=\u00bbsection\u00bb][et_pb_row admin_label=\u00bbrow\u00bb][et_pb_column type=\u00bb1_2&#8243;][et_pb_text admin_label=\u00bbTexto\u00bb background_layout=\u00bblight\u00bb text_orientation=\u00bbleft\u00bb use_border_color=\u00bboff\u00bb border_color=\u00bb#ffffff\u00bb border_style=\u00bbsolid\u00bb]<\/p>\n<p align=\"JUSTIFY\"><strong><span lang=\"es-ES\">En la cama de madera de Pino Suizo, el coraz\u00f3n late suavemente.<\/span><\/strong><\/p>\n<p align=\"JUSTIFY\"><span lang=\"es-ES\">El <em>Pino Cembra o Pino Suizo<\/em> es el \u00e1rbol que parece m\u00e1s digno de protecci\u00f3n para los austr\u00edacos. Eso result\u00f3 en una encuesta de la Universidad de Recursos Naturales y Ciencias de la Vida de Austria. Los investigadores, con la encuesta, quer\u00edan aumentar la conciencia en la poblaci\u00f3n de las plantas silvestres protegidas y se sorprendieron cuando el discreto pino suizo, y no las magn\u00edficas plantas con flores, se hizo en la carrera con el primer lugar<!-- Lugar se refiere tb a los puestos en una carrera? Primero, segundo, tercero? -->. De hecho, el pino suizo es un \u00e1rbol digno de protecci\u00f3n, y en Austria ya se encuentran pocos de su especie. La econom\u00eda de pastoreo centenaria lo ha ido expulsando paulatinamente .<\/span><\/p>\n<p><span lang=\"es-ES\">La con\u00edfera, que crece en altitudes de hasta 3000 metros, es saludable para nosotros los humanos. Dormir en una cama de madera de cembra es m\u00e1s relajante que en cualquier otra cama. El coraz\u00f3n late m\u00e1s suave. <\/span><strong><span lang=\"es-ES\">El ahorro<\/span><\/strong><span lang=\"es-ES\"><strong> promedio es de 3500 latidos card\u00edacos, o el equivalente a una hora de trabajo del coraz\u00f3n al d\u00eda<\/strong>. Los investigadores de la compa\u00f1\u00eda de investigaci\u00f3n Joanneum Research en Graz lo descubrieron.<\/span><\/p>\n<p align=\"JUSTIFY\"><span lang=\"es-ES\">Pero no solo el sue\u00f1o es extremadamente pac\u00edfico cuando uno se acuesta <!-- Seguro? Quizas mejor recostar --> en la madera de pino. Otra prueba realizada con una habitaci\u00f3n construida completamente de pino suizo y una sala id\u00e9ntica realizada con otra madera, mostr\u00f3 que la de pino produce una frecuencia card\u00edaca m\u00e1s baja, incluso durante el estr\u00e9s f\u00edsico y mental. El proceso de <\/span><span lang=\"es-ES\">recuperaci\u00f3n del sistema nervioso vegetativo<\/span><span lang=\"es-ES\"> se acelera y las personas que <\/span><span lang=\"es-ES\">antes eran sensibles al ambiente, ya no lo son cuando se encuentran en una sala de madera de pino suizo.<\/span><\/p>\n<p align=\"JUSTIFY\"><span lang=\"es-ES\">Adem\u00e1s, tambi\u00e9n estar\u00edamos<!-- Estar\u00edamos? --> a prueba de polillas con una caja de <\/span><span lang=\"es-ES\">madera de Cembra<\/span><span lang=\"es-ES\"> porque los insectos no pueden soportarlo.\u00a0<\/span><span lang=\"es-ES\">El Instituto de Gen\u00e9tica de la Universidad de Salzburgo descubri\u00f3 que la madera de pino tiene un efecto bactericida en entornos h\u00famedos significativamente mayor que cualquier otro tipo de madera.<\/span><\/p>\n<p align=\"JUSTIFY\"><span lang=\"es-ES\">Pero porqu\u00e9 el pino suizo puede hacer todo eso no est\u00e1 completamente claro. Lo que es cierto, sin embargo, es que el agradable aroma de la madera producido por varios aceites esenciales. Tal vez estos aceites son propicios para un sue\u00f1o agradable.<\/span><\/p>\n<p align=\"JUSTIFY\"><em>Fuente: <\/em>Peri\u00f3dico\u00a0<em>Salzburger Nachrichten\u00a0<\/em><\/p>\n<p>[\/et_pb_text][\/et_pb_column][et_pb_column type=\u00bb1_2&#8243;][et_pb_image admin_label=\u00bbImagen\u00bb src=\u00bbhttp:\/\/www.perihelio.com\/wp-content\/uploads\/2018\/06\/Pinus_cembra.png\u00bb show_in_lightbox=\u00bboff\u00bb url_new_window=\u00bboff\u00bb use_overlay=\u00bboff\u00bb animation=\u00bboff\u00bb sticky=\u00bboff\u00bb align=\u00bbleft\u00bb force_fullwidth=\u00bboff\u00bb always_center_on_mobile=\u00bbon\u00bb use_border_color=\u00bboff\u00bb border_color=\u00bb#ffffff\u00bb border_style=\u00bbsolid\u00bb]<\/p>\n<p>&nbsp;<\/p>\n<p>[\/et_pb_image][\/et_pb_column][\/et_pb_row][\/et_pb_section]<\/p>\n","protected":false},"excerpt":{"rendered":"<p>[et_pb_section admin_label=\u00bbsection\u00bb][et_pb_row admin_label=\u00bbrow\u00bb][et_pb_column type=\u00bb1_2&#8243;][et_pb_text admin_label=\u00bbTexto\u00bb background_layout=\u00bblight\u00bb text_orientation=\u00bbleft\u00bb use_border_color=\u00bboff\u00bb border_color=\u00bb#ffffff\u00bb border_style=\u00bbsolid\u00bb] En la cama de madera de Pino Suizo, el coraz\u00f3n late suavemente. El Pino Cembra o Pino Suizo es el \u00e1rbol que parece m\u00e1s digno de protecci\u00f3n para los austr\u00edacos. Eso result\u00f3 en una encuesta de la Universidad de Recursos Naturales y Ciencias de la [&hellip;]<\/p>\n","protected":false},"author":2,"featured_media":0,"parent":0,"menu_order":0,"comment_status":"closed","ping_status":"closed","template":"","meta":{"_et_pb_use_builder":"on","_et_pb_old_content":"","_et_gb_content_width":"","_joinchat":[],"footnotes":""},"class_list":["post-2087","page","type-page","status-publish","hentry"],"yoast_head":"<!-- This site is optimized with the Yoast SEO plugin v26.8 - https:\/\/yoast.com\/product\/yoast-seo-wordpress\/ -->\n<title>Pino Suizo - Perihelio - La Ruta Natural<\/title>\n<meta name=\"description\" content=\"Investigaci\u00f3n en Graz (Austria) de la madera de Pino Suizo con extraordinarios resultados: relajante, regeneradora, reducci\u00f3n del ritmo card\u00edaco...\" \/>\n<meta name=\"robots\" content=\"index, follow, max-snippet:-1, max-image-preview:large, max-video-preview:-1\" \/>\n<link rel=\"canonical\" href=\"https:\/\/www.perihelio.com\/index.php\/pino-suizo\/\" \/>\n<meta property=\"og:locale\" content=\"es_ES\" \/>\n<meta property=\"og:type\" content=\"article\" \/>\n<meta property=\"og:title\" content=\"Pino Suizo - Perihelio - La Ruta Natural\" \/>\n<meta property=\"og:description\" content=\"Investigaci\u00f3n en Graz (Austria) de la madera de Pino Suizo con extraordinarios resultados: relajante, regeneradora, reducci\u00f3n del ritmo card\u00edaco...\" \/>\n<meta property=\"og:url\" content=\"https:\/\/www.perihelio.com\/index.php\/pino-suizo\/\" \/>\n<meta property=\"og:site_name\" content=\"Perihelio - La Ruta Natural\" \/>\n<meta property=\"article:publisher\" content=\"https:\/\/www.facebook.com\/La-ruta-natural-de-Chinch%c3%b3n-847250628644535\/\" \/>\n<meta property=\"article:modified_time\" content=\"2020-06-16T09:50:51+00:00\" \/>\n<meta property=\"og:image\" content=\"https:\/\/www.perihelio.com\/wp-content\/uploads\/2025\/03\/Logo-ruta_web_white-SEO.jpg\" \/>\n\t<meta property=\"og:image:width\" content=\"1200\" \/>\n\t<meta property=\"og:image:height\" content=\"675\" \/>\n\t<meta property=\"og:image:type\" content=\"image\/jpeg\" \/>\n<meta name=\"twitter:card\" content=\"summary_large_image\" \/>\n<meta name=\"twitter:site\" content=\"@perihelio_com\" \/>\n<meta name=\"twitter:label1\" content=\"Tiempo de lectura\" \/>\n\t<meta name=\"twitter:data1\" content=\"3 minutos\" \/>\n<script type=\"application\/ld+json\" class=\"yoast-schema-graph\">{\"@context\":\"https:\/\/schema.org\",\"@graph\":[{\"@type\":\"WebPage\",\"@id\":\"https:\/\/www.perihelio.com\/index.php\/pino-suizo\/\",\"url\":\"https:\/\/www.perihelio.com\/index.php\/pino-suizo\/\",\"name\":\"Pino Suizo - Perihelio - La Ruta Natural\",\"isPartOf\":{\"@id\":\"https:\/\/www.perihelio.com\/#website\"},\"datePublished\":\"2018-06-26T11:57:08+00:00\",\"dateModified\":\"2020-06-16T09:50:51+00:00\",\"description\":\"Investigaci\u00f3n en Graz (Austria) de la madera de Pino Suizo con extraordinarios resultados: relajante, regeneradora, reducci\u00f3n del ritmo card\u00edaco...\",\"breadcrumb\":{\"@id\":\"https:\/\/www.perihelio.com\/index.php\/pino-suizo\/#breadcrumb\"},\"inLanguage\":\"es\",\"potentialAction\":[{\"@type\":\"ReadAction\",\"target\":[\"https:\/\/www.perihelio.com\/index.php\/pino-suizo\/\"]}]},{\"@type\":\"BreadcrumbList\",\"@id\":\"https:\/\/www.perihelio.com\/index.php\/pino-suizo\/#breadcrumb\",\"itemListElement\":[{\"@type\":\"ListItem\",\"position\":1,\"name\":\"Portada\",\"item\":\"https:\/\/www.perihelio.com\/\"},{\"@type\":\"ListItem\",\"position\":2,\"name\":\"Pino Suizo\"}]},{\"@type\":\"WebSite\",\"@id\":\"https:\/\/www.perihelio.com\/#website\",\"url\":\"https:\/\/www.perihelio.com\/\",\"name\":\"Perihelio - La Ruta Natural\",\"description\":\"Hogar sano: rehabilitaci\u00f3n energ\u00e9tica, ergonom\u00eda en sillas oficina y camas naturales, bioconstrucci\u00f3n\",\"publisher\":{\"@id\":\"https:\/\/www.perihelio.com\/#organization\"},\"alternateName\":\"Ruta Natural de Chinch\u00f3n\",\"potentialAction\":[{\"@type\":\"SearchAction\",\"target\":{\"@type\":\"EntryPoint\",\"urlTemplate\":\"https:\/\/www.perihelio.com\/?s={search_term_string}\"},\"query-input\":{\"@type\":\"PropertyValueSpecification\",\"valueRequired\":true,\"valueName\":\"search_term_string\"}}],\"inLanguage\":\"es\"},{\"@type\":\"Organization\",\"@id\":\"https:\/\/www.perihelio.com\/#organization\",\"name\":\"Perihelio\",\"alternateName\":\"La Ruta Natural\",\"url\":\"https:\/\/www.perihelio.com\/\",\"logo\":{\"@type\":\"ImageObject\",\"inLanguage\":\"es\",\"@id\":\"https:\/\/www.perihelio.com\/#\/schema\/logo\/image\/\",\"url\":\"https:\/\/www.perihelio.com\/wp-content\/uploads\/2017\/08\/perihelio_com-scaled.jpg\",\"contentUrl\":\"https:\/\/www.perihelio.com\/wp-content\/uploads\/2017\/08\/perihelio_com-scaled.jpg\",\"width\":2560,\"height\":624,\"caption\":\"Perihelio\"},\"image\":{\"@id\":\"https:\/\/www.perihelio.com\/#\/schema\/logo\/image\/\"},\"sameAs\":[\"https:\/\/www.facebook.com\/La-ruta-natural-de-Chinch\u00f3n-847250628644535\/\",\"https:\/\/x.com\/perihelio_com\",\"https:\/\/www.instagram.com\/larutanaturaldechinchon\/?hl=es\",\"https:\/\/www.linkedin.com\/company\/11035942\",\"https:\/\/www.youtube.com\/channel\/UC4_wAeDXx-_AHif9alVX9vA?view_as=subscriber\",\"http:\/\/www.youtube.com\/@larutanaturaldechinchon2084\",\"https:\/\/youtube.com\/@larutanaturaldechinchon2084?si=AHdElw-J_22vIDBK\"]}]}<\/script>\n<!-- \/ Yoast SEO plugin. -->","yoast_head_json":{"title":"Pino Suizo - Perihelio - La Ruta Natural","description":"Investigaci\u00f3n en Graz (Austria) de la madera de Pino Suizo con extraordinarios resultados: relajante, regeneradora, reducci\u00f3n del ritmo card\u00edaco...","robots":{"index":"index","follow":"follow","max-snippet":"max-snippet:-1","max-image-preview":"max-image-preview:large","max-video-preview":"max-video-preview:-1"},"canonical":"https:\/\/www.perihelio.com\/index.php\/pino-suizo\/","og_locale":"es_ES","og_type":"article","og_title":"Pino Suizo - Perihelio - La Ruta Natural","og_description":"Investigaci\u00f3n en Graz (Austria) de la madera de Pino Suizo con extraordinarios resultados: relajante, regeneradora, reducci\u00f3n del ritmo card\u00edaco...","og_url":"https:\/\/www.perihelio.com\/index.php\/pino-suizo\/","og_site_name":"Perihelio - La Ruta Natural","article_publisher":"https:\/\/www.facebook.com\/La-ruta-natural-de-Chinch%c3%b3n-847250628644535\/","article_modified_time":"2020-06-16T09:50:51+00:00","og_image":[{"width":1200,"height":675,"url":"https:\/\/www.perihelio.com\/wp-content\/uploads\/2025\/03\/Logo-ruta_web_white-SEO.jpg","type":"image\/jpeg"}],"twitter_card":"summary_large_image","twitter_site":"@perihelio_com","twitter_misc":{"Tiempo de lectura":"3 minutos"},"schema":{"@context":"https:\/\/schema.org","@graph":[{"@type":"WebPage","@id":"https:\/\/www.perihelio.com\/index.php\/pino-suizo\/","url":"https:\/\/www.perihelio.com\/index.php\/pino-suizo\/","name":"Pino Suizo - Perihelio - La Ruta Natural","isPartOf":{"@id":"https:\/\/www.perihelio.com\/#website"},"datePublished":"2018-06-26T11:57:08+00:00","dateModified":"2020-06-16T09:50:51+00:00","description":"Investigaci\u00f3n en Graz (Austria) de la madera de Pino Suizo con extraordinarios resultados: relajante, regeneradora, reducci\u00f3n del ritmo card\u00edaco...","breadcrumb":{"@id":"https:\/\/www.perihelio.com\/index.php\/pino-suizo\/#breadcrumb"},"inLanguage":"es","potentialAction":[{"@type":"ReadAction","target":["https:\/\/www.perihelio.com\/index.php\/pino-suizo\/"]}]},{"@type":"BreadcrumbList","@id":"https:\/\/www.perihelio.com\/index.php\/pino-suizo\/#breadcrumb","itemListElement":[{"@type":"ListItem","position":1,"name":"Portada","item":"https:\/\/www.perihelio.com\/"},{"@type":"ListItem","position":2,"name":"Pino Suizo"}]},{"@type":"WebSite","@id":"https:\/\/www.perihelio.com\/#website","url":"https:\/\/www.perihelio.com\/","name":"Perihelio - La Ruta Natural","description":"Hogar sano: rehabilitaci\u00f3n energ\u00e9tica, ergonom\u00eda en sillas oficina y camas naturales, bioconstrucci\u00f3n","publisher":{"@id":"https:\/\/www.perihelio.com\/#organization"},"alternateName":"Ruta Natural de Chinch\u00f3n","potentialAction":[{"@type":"SearchAction","target":{"@type":"EntryPoint","urlTemplate":"https:\/\/www.perihelio.com\/?s={search_term_string}"},"query-input":{"@type":"PropertyValueSpecification","valueRequired":true,"valueName":"search_term_string"}}],"inLanguage":"es"},{"@type":"Organization","@id":"https:\/\/www.perihelio.com\/#organization","name":"Perihelio","alternateName":"La Ruta Natural","url":"https:\/\/www.perihelio.com\/","logo":{"@type":"ImageObject","inLanguage":"es","@id":"https:\/\/www.perihelio.com\/#\/schema\/logo\/image\/","url":"https:\/\/www.perihelio.com\/wp-content\/uploads\/2017\/08\/perihelio_com-scaled.jpg","contentUrl":"https:\/\/www.perihelio.com\/wp-content\/uploads\/2017\/08\/perihelio_com-scaled.jpg","width":2560,"height":624,"caption":"Perihelio"},"image":{"@id":"https:\/\/www.perihelio.com\/#\/schema\/logo\/image\/"},"sameAs":["https:\/\/www.facebook.com\/La-ruta-natural-de-Chinch\u00f3n-847250628644535\/","https:\/\/x.com\/perihelio_com","https:\/\/www.instagram.com\/larutanaturaldechinchon\/?hl=es","https:\/\/www.linkedin.com\/company\/11035942","https:\/\/www.youtube.com\/channel\/UC4_wAeDXx-_AHif9alVX9vA?view_as=subscriber","http:\/\/www.youtube.com\/@larutanaturaldechinchon2084","https:\/\/youtube.com\/@larutanaturaldechinchon2084?si=AHdElw-J_22vIDBK"]}]}},"jetpack_sharing_enabled":true,"_links":{"self":[{"href":"https:\/\/www.perihelio.com\/index.php\/wp-json\/wp\/v2\/pages\/2087","targetHints":{"allow":["GET"]}}],"collection":[{"href":"https:\/\/www.perihelio.com\/index.php\/wp-json\/wp\/v2\/pages"}],"about":[{"href":"https:\/\/www.perihelio.com\/index.php\/wp-json\/wp\/v2\/types\/page"}],"author":[{"embeddable":true,"href":"https:\/\/www.perihelio.com\/index.php\/wp-json\/wp\/v2\/users\/2"}],"replies":[{"embeddable":true,"href":"https:\/\/www.perihelio.com\/index.php\/wp-json\/wp\/v2\/comments?post=2087"}],"version-history":[{"count":8,"href":"https:\/\/www.perihelio.com\/index.php\/wp-json\/wp\/v2\/pages\/2087\/revisions"}],"predecessor-version":[{"id":3229,"href":"https:\/\/www.perihelio.com\/index.php\/wp-json\/wp\/v2\/pages\/2087\/revisions\/3229"}],"wp:attachment":[{"href":"https:\/\/www.perihelio.com\/index.php\/wp-json\/wp\/v2\/media?parent=2087"}],"curies":[{"name":"wp","href":"https:\/\/api.w.org\/{rel}","templated":true}]}}