{"id":2060,"date":"2018-06-25T17:12:15","date_gmt":"2018-06-25T17:12:15","guid":{"rendered":"http:\/\/www.perihelio.com\/?page_id=2060"},"modified":"2018-06-25T17:19:56","modified_gmt":"2018-06-25T17:19:56","slug":"politica-de-privacidad","status":"publish","type":"page","link":"https:\/\/www.perihelio.com\/index.php\/politica-de-privacidad\/","title":{"rendered":"Pol\u00edtica de privacidad"},"content":{"rendered":"<p>[et_pb_section admin_label=\u00bbsection\u00bb][et_pb_row admin_label=\u00bbrow\u00bb][et_pb_column type=\u00bb4_4&#8243;][et_pb_text admin_label=\u00bbTexto\u00bb background_layout=\u00bblight\u00bb text_orientation=\u00bbleft\u00bb use_border_color=\u00bboff\u00bb border_color=\u00bb#ffffff\u00bb border_style=\u00bbsolid\u00bb]<\/p>\n<h3 id=\"pol\u00edtica-de-privacidad\">Pol\u00edtica de Privacidad<\/h3>\n<h4 id=\"el-titular\">El titular<\/h4>\n<p>El titular y propietario del sitio web <span style=\"color: #222222; font-family: Courier New, monospace;\"><span style=\"background-color: #e9ebec;\">www.perihelio.com<\/span><\/span><\/p>\n<ul>\n<li>Nombre y Apellidos del titular:\u00a0<code>Jes\u00fas Garc\u00eda Delgado<\/code><\/li>\n<li>DNI\/NIF:\u00a0<code>11.809.598-H<\/code><\/li>\n<li>Domicilio:\u00a0<code>Juan Contreras, 14. Chinch\u00f3n (Madrid)<\/code><\/li>\n<li>Correo electr\u00f3nico:\u00a0<code>jesus@perihelio.com<\/code><\/li>\n<\/ul>\n<p>Te informo que este sitio web, cumple con la normativa de protecci\u00f3n de datos: La Ley Org\u00e1nica 15\/1999, de 13 de diciembre, de Protecci\u00f3n de Datos de Car\u00e1cter Personal (LOPD), y al Real Decreto 1720\/2007, de 21 de diciembre, conocido como el Reglamento de desarrollo de la LOPD. Cumple tambi\u00e9n con el Reglamento (UE) 2016\/679\u00a0del Parlamento Europeo y del Consejo de 27 de abril de 2016 relativo a la protecci\u00f3n de las personas f\u00edsicas (RGPD).<\/p>\n<h3 id=\"qu\u00e9-datos-personales-recogemos-y-por-qu\u00e9-los-recogemos\">Qu\u00e9 datos personales recogemos y por qu\u00e9 los recogemos<\/h3>\n<p>Para que puedas navegar por este sitio, no es necesario que me facilites ning\u00fan dato personal. Los casos en los que si me das tus datos son los siguientes:<\/p>\n<ul>\n<li><strong>Cuando me mandas un email.<\/strong> Tus datos podr\u00e1n ser incorporados a un fichero de lista de correo, del cual soy responsable de su gesti\u00f3n y tratamiento. El fin es proporcionar el mejor servicio posible, particularmente para mantener un registro de usuarios, de pedidos en caso que aplique, y mejorar nuestros productos y servicios.<\/li>\n<\/ul>\n<p>Solo usar\u00e9 dichos datos para la finalidad que me los has dado.<\/p>\n<h3 id=\"c\u00f3mo-protegemos-tus-datos\">C\u00f3mo protegemos tus datos<\/h3>\n<p>Este sitio web se encuentra alojado en <code>www.arsis.es<\/code>\u00a0(Ver pol\u00edtica de privacidad de\u00a0<code><a href=\"https:\/\/www.arsys.es\/legal\">arsys<\/a><\/code>). La seguridad de tus datos est\u00e1 garantizada, ya que toman todas las medidas de seguridad necesarias para ello. Para proteger tu informaci\u00f3n personal, tomamos precauciones razonables y seguimos las mejores pr\u00e1cticas de la industria para asegurarnos de que no haya p\u00e9rdida de manera inapropiada, mal uso, acceso, divulgaci\u00f3n, alteraci\u00f3n o destrucci\u00f3n de la misma. El titular no vender\u00e1, ceder\u00e1 ni distribuir\u00e1 la informaci\u00f3n personal que es recopilada sin su consentimiento, salvo obligaci\u00f3n legal.<\/p>\n<h3 id=\"contenido-de-otros-sitios-web\">Contenido de otros sitios web<\/h3>\n<p>Los art\u00edculos de este sitio pueden incluir contenido incrustado (por ejemplo, v\u00eddeos, im\u00e1genes, art\u00edculos, etc.). El contenido incrustado de otras web se comporta exactamente de la misma manera que si el visitante hubiera visitado la otra web. Estas web pueden recopilar datos sobre ti, utilizar cookies, incrustar un seguimiento adicional de terceros, y supervisar tu interacci\u00f3n con ese contenido incrustado, incluido el seguimiento de su interacci\u00f3n con el contenido incrustado si tienes una cuenta y est\u00e1s conectado a esa web.<\/p>\n<h3 id=\"cookies\">Cookies<\/h3>\n<p>Te informo que para que el sitio funcione correctamente necesita utilizar cookies, que es informaci\u00f3n que se almacena en tu navegador para facilitar la navegaci\u00f3n. En este enlace puedes consultar mi pol\u00edtica de cookies: <a href=\"http:\/\/www.perihelio.com\/index.php\/politica-de-cookies\/\"><code>Pol\u00edtica de cookies<\/code><\/a><\/p>\n<h3 id=\"derechos-sobre-los-datos\">Derechos sobre los datos<\/h3>\n<p>En todo momento, los usuarios que quieran acceder a sus datos, rectificarlos o cancelarlos me pueden mandar un email a <span style=\"color: #222222; font-family: Courier New, monospace;\"><span style=\"background-color: #e9ebec;\">larutanatural@perihelio.com<\/span><\/span>\u00a0y les explicar\u00e9 como ejercer sus derechos de oposici\u00f3n, acceso e informaci\u00f3n, rectificaci\u00f3n, cancelaci\u00f3n de sus datos y revocaci\u00f3n de su autorizaci\u00f3n. Esto no incluye ning\u00fan dato que estemos obligados a conservar con fines administrativos, legales o de seguridad.<\/p>\n<div><\/div>\n<p>Nos reservamos el derecho de modificar esta pol\u00edtica de privacidad en cualquier momento. Los cambios entrar\u00e1n en vigencia inmediatamente despu\u00e9s de su publicaci\u00f3n en el sitio web.<\/p>\n<p>[\/et_pb_text][\/et_pb_column][\/et_pb_row][\/et_pb_section]<\/p>\n","protected":false},"excerpt":{"rendered":"<p>[et_pb_section admin_label=\u00bbsection\u00bb][et_pb_row admin_label=\u00bbrow\u00bb][et_pb_column type=\u00bb4_4&#8243;][et_pb_text admin_label=\u00bbTexto\u00bb background_layout=\u00bblight\u00bb text_orientation=\u00bbleft\u00bb use_border_color=\u00bboff\u00bb border_color=\u00bb#ffffff\u00bb border_style=\u00bbsolid\u00bb] Pol\u00edtica de Privacidad El titular El titular y propietario del sitio web www.perihelio.com Nombre y Apellidos del titular:\u00a0Jes\u00fas Garc\u00eda Delgado DNI\/NIF:\u00a011.809.598-H Domicilio:\u00a0Juan Contreras, 14. Chinch\u00f3n (Madrid) Correo electr\u00f3nico:\u00a0jesus@perihelio.com Te informo que este sitio web, cumple con la normativa de protecci\u00f3n de datos: La Ley Org\u00e1nica [&hellip;]<\/p>\n","protected":false},"author":2,"featured_media":0,"parent":0,"menu_order":0,"comment_status":"closed","ping_status":"closed","template":"","meta":{"_et_pb_use_builder":"on","_et_pb_old_content":"","_et_gb_content_width":"","_joinchat":[],"footnotes":""},"class_list":["post-2060","page","type-page","status-publish","hentry"],"yoast_head":"<!-- This site is optimized with the Yoast SEO plugin v26.8 - https:\/\/yoast.com\/product\/yoast-seo-wordpress\/ -->\n<title>Pol\u00edtica de privacidad - Perihelio - La Ruta Natural<\/title>\n<meta name=\"robots\" content=\"index, follow, max-snippet:-1, max-image-preview:large, max-video-preview:-1\" \/>\n<link rel=\"canonical\" href=\"https:\/\/www.perihelio.com\/index.php\/politica-de-privacidad\/\" \/>\n<meta property=\"og:locale\" content=\"es_ES\" \/>\n<meta property=\"og:type\" content=\"article\" \/>\n<meta property=\"og:title\" content=\"Pol\u00edtica de privacidad - Perihelio - La Ruta Natural\" \/>\n<meta property=\"og:description\" content=\"[et_pb_section admin_label=\u00bbsection\u00bb][et_pb_row admin_label=\u00bbrow\u00bb][et_pb_column type=\u00bb4_4&#8243;][et_pb_text admin_label=\u00bbTexto\u00bb background_layout=\u00bblight\u00bb text_orientation=\u00bbleft\u00bb use_border_color=\u00bboff\u00bb border_color=\u00bb#ffffff\u00bb border_style=\u00bbsolid\u00bb] Pol\u00edtica de Privacidad El titular El titular y propietario del sitio web www.perihelio.com Nombre y Apellidos del titular:\u00a0Jes\u00fas Garc\u00eda Delgado DNI\/NIF:\u00a011.809.598-H Domicilio:\u00a0Juan Contreras, 14. Chinch\u00f3n (Madrid) Correo electr\u00f3nico:\u00a0jesus@perihelio.com Te informo que este sitio web, cumple con la normativa de protecci\u00f3n de datos: La Ley Org\u00e1nica [&hellip;]\" \/>\n<meta property=\"og:url\" content=\"https:\/\/www.perihelio.com\/index.php\/politica-de-privacidad\/\" \/>\n<meta property=\"og:site_name\" content=\"Perihelio - La Ruta Natural\" \/>\n<meta property=\"article:publisher\" content=\"https:\/\/www.facebook.com\/La-ruta-natural-de-Chinch%c3%b3n-847250628644535\/\" \/>\n<meta property=\"article:modified_time\" content=\"2018-06-25T17:19:56+00:00\" \/>\n<meta property=\"og:image\" content=\"https:\/\/www.perihelio.com\/wp-content\/uploads\/2025\/03\/Logo-ruta_web_white-SEO.jpg\" \/>\n\t<meta property=\"og:image:width\" content=\"1200\" \/>\n\t<meta property=\"og:image:height\" content=\"675\" \/>\n\t<meta property=\"og:image:type\" content=\"image\/jpeg\" \/>\n<meta name=\"twitter:card\" content=\"summary_large_image\" \/>\n<meta name=\"twitter:site\" content=\"@perihelio_com\" \/>\n<meta name=\"twitter:label1\" content=\"Tiempo de lectura\" \/>\n\t<meta name=\"twitter:data1\" content=\"3 minutos\" \/>\n<script type=\"application\/ld+json\" class=\"yoast-schema-graph\">{\"@context\":\"https:\/\/schema.org\",\"@graph\":[{\"@type\":\"WebPage\",\"@id\":\"https:\/\/www.perihelio.com\/index.php\/politica-de-privacidad\/\",\"url\":\"https:\/\/www.perihelio.com\/index.php\/politica-de-privacidad\/\",\"name\":\"Pol\u00edtica de privacidad - Perihelio - La Ruta Natural\",\"isPartOf\":{\"@id\":\"https:\/\/www.perihelio.com\/#website\"},\"datePublished\":\"2018-06-25T17:12:15+00:00\",\"dateModified\":\"2018-06-25T17:19:56+00:00\",\"breadcrumb\":{\"@id\":\"https:\/\/www.perihelio.com\/index.php\/politica-de-privacidad\/#breadcrumb\"},\"inLanguage\":\"es\",\"potentialAction\":[{\"@type\":\"ReadAction\",\"target\":[\"https:\/\/www.perihelio.com\/index.php\/politica-de-privacidad\/\"]}]},{\"@type\":\"BreadcrumbList\",\"@id\":\"https:\/\/www.perihelio.com\/index.php\/politica-de-privacidad\/#breadcrumb\",\"itemListElement\":[{\"@type\":\"ListItem\",\"position\":1,\"name\":\"Portada\",\"item\":\"https:\/\/www.perihelio.com\/\"},{\"@type\":\"ListItem\",\"position\":2,\"name\":\"Pol\u00edtica de privacidad\"}]},{\"@type\":\"WebSite\",\"@id\":\"https:\/\/www.perihelio.com\/#website\",\"url\":\"https:\/\/www.perihelio.com\/\",\"name\":\"Perihelio - La Ruta Natural\",\"description\":\"Hogar sano: rehabilitaci\u00f3n energ\u00e9tica, ergonom\u00eda en sillas oficina y camas naturales, bioconstrucci\u00f3n\",\"publisher\":{\"@id\":\"https:\/\/www.perihelio.com\/#organization\"},\"alternateName\":\"Ruta Natural de Chinch\u00f3n\",\"potentialAction\":[{\"@type\":\"SearchAction\",\"target\":{\"@type\":\"EntryPoint\",\"urlTemplate\":\"https:\/\/www.perihelio.com\/?s={search_term_string}\"},\"query-input\":{\"@type\":\"PropertyValueSpecification\",\"valueRequired\":true,\"valueName\":\"search_term_string\"}}],\"inLanguage\":\"es\"},{\"@type\":\"Organization\",\"@id\":\"https:\/\/www.perihelio.com\/#organization\",\"name\":\"Perihelio\",\"alternateName\":\"La Ruta Natural\",\"url\":\"https:\/\/www.perihelio.com\/\",\"logo\":{\"@type\":\"ImageObject\",\"inLanguage\":\"es\",\"@id\":\"https:\/\/www.perihelio.com\/#\/schema\/logo\/image\/\",\"url\":\"https:\/\/www.perihelio.com\/wp-content\/uploads\/2017\/08\/perihelio_com-scaled.jpg\",\"contentUrl\":\"https:\/\/www.perihelio.com\/wp-content\/uploads\/2017\/08\/perihelio_com-scaled.jpg\",\"width\":2560,\"height\":624,\"caption\":\"Perihelio\"},\"image\":{\"@id\":\"https:\/\/www.perihelio.com\/#\/schema\/logo\/image\/\"},\"sameAs\":[\"https:\/\/www.facebook.com\/La-ruta-natural-de-Chinch\u00f3n-847250628644535\/\",\"https:\/\/x.com\/perihelio_com\",\"https:\/\/www.instagram.com\/larutanaturaldechinchon\/?hl=es\",\"https:\/\/www.linkedin.com\/company\/11035942\",\"https:\/\/www.youtube.com\/channel\/UC4_wAeDXx-_AHif9alVX9vA?view_as=subscriber\",\"http:\/\/www.youtube.com\/@larutanaturaldechinchon2084\",\"https:\/\/youtube.com\/@larutanaturaldechinchon2084?si=AHdElw-J_22vIDBK\"]}]}<\/script>\n<!-- \/ Yoast SEO plugin. -->","yoast_head_json":{"title":"Pol\u00edtica de privacidad - Perihelio - La Ruta Natural","robots":{"index":"index","follow":"follow","max-snippet":"max-snippet:-1","max-image-preview":"max-image-preview:large","max-video-preview":"max-video-preview:-1"},"canonical":"https:\/\/www.perihelio.com\/index.php\/politica-de-privacidad\/","og_locale":"es_ES","og_type":"article","og_title":"Pol\u00edtica de privacidad - Perihelio - La Ruta Natural","og_description":"[et_pb_section admin_label=\u00bbsection\u00bb][et_pb_row admin_label=\u00bbrow\u00bb][et_pb_column type=\u00bb4_4&#8243;][et_pb_text admin_label=\u00bbTexto\u00bb background_layout=\u00bblight\u00bb text_orientation=\u00bbleft\u00bb use_border_color=\u00bboff\u00bb border_color=\u00bb#ffffff\u00bb border_style=\u00bbsolid\u00bb] Pol\u00edtica de Privacidad El titular El titular y propietario del sitio web www.perihelio.com Nombre y Apellidos del titular:\u00a0Jes\u00fas Garc\u00eda Delgado DNI\/NIF:\u00a011.809.598-H Domicilio:\u00a0Juan Contreras, 14. Chinch\u00f3n (Madrid) Correo electr\u00f3nico:\u00a0jesus@perihelio.com Te informo que este sitio web, cumple con la normativa de protecci\u00f3n de datos: La Ley Org\u00e1nica [&hellip;]","og_url":"https:\/\/www.perihelio.com\/index.php\/politica-de-privacidad\/","og_site_name":"Perihelio - La Ruta Natural","article_publisher":"https:\/\/www.facebook.com\/La-ruta-natural-de-Chinch%c3%b3n-847250628644535\/","article_modified_time":"2018-06-25T17:19:56+00:00","og_image":[{"width":1200,"height":675,"url":"https:\/\/www.perihelio.com\/wp-content\/uploads\/2025\/03\/Logo-ruta_web_white-SEO.jpg","type":"image\/jpeg"}],"twitter_card":"summary_large_image","twitter_site":"@perihelio_com","twitter_misc":{"Tiempo de lectura":"3 minutos"},"schema":{"@context":"https:\/\/schema.org","@graph":[{"@type":"WebPage","@id":"https:\/\/www.perihelio.com\/index.php\/politica-de-privacidad\/","url":"https:\/\/www.perihelio.com\/index.php\/politica-de-privacidad\/","name":"Pol\u00edtica de privacidad - Perihelio - La Ruta Natural","isPartOf":{"@id":"https:\/\/www.perihelio.com\/#website"},"datePublished":"2018-06-25T17:12:15+00:00","dateModified":"2018-06-25T17:19:56+00:00","breadcrumb":{"@id":"https:\/\/www.perihelio.com\/index.php\/politica-de-privacidad\/#breadcrumb"},"inLanguage":"es","potentialAction":[{"@type":"ReadAction","target":["https:\/\/www.perihelio.com\/index.php\/politica-de-privacidad\/"]}]},{"@type":"BreadcrumbList","@id":"https:\/\/www.perihelio.com\/index.php\/politica-de-privacidad\/#breadcrumb","itemListElement":[{"@type":"ListItem","position":1,"name":"Portada","item":"https:\/\/www.perihelio.com\/"},{"@type":"ListItem","position":2,"name":"Pol\u00edtica de privacidad"}]},{"@type":"WebSite","@id":"https:\/\/www.perihelio.com\/#website","url":"https:\/\/www.perihelio.com\/","name":"Perihelio - La Ruta Natural","description":"Hogar sano: rehabilitaci\u00f3n energ\u00e9tica, ergonom\u00eda en sillas oficina y camas naturales, bioconstrucci\u00f3n","publisher":{"@id":"https:\/\/www.perihelio.com\/#organization"},"alternateName":"Ruta Natural de Chinch\u00f3n","potentialAction":[{"@type":"SearchAction","target":{"@type":"EntryPoint","urlTemplate":"https:\/\/www.perihelio.com\/?s={search_term_string}"},"query-input":{"@type":"PropertyValueSpecification","valueRequired":true,"valueName":"search_term_string"}}],"inLanguage":"es"},{"@type":"Organization","@id":"https:\/\/www.perihelio.com\/#organization","name":"Perihelio","alternateName":"La Ruta Natural","url":"https:\/\/www.perihelio.com\/","logo":{"@type":"ImageObject","inLanguage":"es","@id":"https:\/\/www.perihelio.com\/#\/schema\/logo\/image\/","url":"https:\/\/www.perihelio.com\/wp-content\/uploads\/2017\/08\/perihelio_com-scaled.jpg","contentUrl":"https:\/\/www.perihelio.com\/wp-content\/uploads\/2017\/08\/perihelio_com-scaled.jpg","width":2560,"height":624,"caption":"Perihelio"},"image":{"@id":"https:\/\/www.perihelio.com\/#\/schema\/logo\/image\/"},"sameAs":["https:\/\/www.facebook.com\/La-ruta-natural-de-Chinch\u00f3n-847250628644535\/","https:\/\/x.com\/perihelio_com","https:\/\/www.instagram.com\/larutanaturaldechinchon\/?hl=es","https:\/\/www.linkedin.com\/company\/11035942","https:\/\/www.youtube.com\/channel\/UC4_wAeDXx-_AHif9alVX9vA?view_as=subscriber","http:\/\/www.youtube.com\/@larutanaturaldechinchon2084","https:\/\/youtube.com\/@larutanaturaldechinchon2084?si=AHdElw-J_22vIDBK"]}]}},"jetpack_sharing_enabled":true,"_links":{"self":[{"href":"https:\/\/www.perihelio.com\/index.php\/wp-json\/wp\/v2\/pages\/2060","targetHints":{"allow":["GET"]}}],"collection":[{"href":"https:\/\/www.perihelio.com\/index.php\/wp-json\/wp\/v2\/pages"}],"about":[{"href":"https:\/\/www.perihelio.com\/index.php\/wp-json\/wp\/v2\/types\/page"}],"author":[{"embeddable":true,"href":"https:\/\/www.perihelio.com\/index.php\/wp-json\/wp\/v2\/users\/2"}],"replies":[{"embeddable":true,"href":"https:\/\/www.perihelio.com\/index.php\/wp-json\/wp\/v2\/comments?post=2060"}],"version-history":[{"count":4,"href":"https:\/\/www.perihelio.com\/index.php\/wp-json\/wp\/v2\/pages\/2060\/revisions"}],"predecessor-version":[{"id":2064,"href":"https:\/\/www.perihelio.com\/index.php\/wp-json\/wp\/v2\/pages\/2060\/revisions\/2064"}],"wp:attachment":[{"href":"https:\/\/www.perihelio.com\/index.php\/wp-json\/wp\/v2\/media?parent=2060"}],"curies":[{"name":"wp","href":"https:\/\/api.w.org\/{rel}","templated":true}]}}